{"id":6,"date":"2024-02-18T20:48:45","date_gmt":"2024-02-18T20:48:45","guid":{"rendered":"https:\/\/tipsforcricketbetting.com\/?page_id=6"},"modified":"2024-02-28T15:20:54","modified_gmt":"2024-02-28T15:20:54","slug":"what-is-cricket-crash","status":"publish","type":"page","link":"https:\/\/tipsforcricketbetting.com\/ro\/","title":{"rendered":"\u0427\u0442\u043e \u0442\u0430\u043a\u043e\u0435 Cricket Crash?"},"content":{"rendered":"<p>Cricket Crash este un joc de tip turneu de cricket. Este un joc multiplayer. \u00cen acest joc, coeficientul de multiplicare cre\u0219te constant de la \u00eenceputul sesiunii de joc p\u00e2n\u0103 c\u00e2nd bila de cricket explodeaz\u0103 (Crash).<\/p>\n<p>Scopul Cricket Crash este s\u0103 ob\u021bine\u021bi c\u00e2\u0219tigurile cu cel mai mare coeficient de multiplicare posibil \u00eenainte de Crash. C\u00e2\u0219tigurile sunt reprezentate de op\u021biunea de pariere a juc\u0103torului multiplicat\u0103 cu coeficientul de multiplicare \u00een momentul \u00een care juc\u0103torul apas\u0103 butonul CLAIM (coeficientul de multiplicare este indicat pe ecran).<\/p>\n<h2><strong>Cum s\u0103 \u00eencepe\u021bi o rund\u0103 de joc?<\/strong><\/h2>\n<p>Cricket Crash este un joc multiplayer \u00een care mai mul\u021bi juc\u0103tori joac\u0103 simultan.<\/p>\n<p>Sesiunea de joc \u00eencepe indiferent dac\u0103 a\u021bi \u00eenceput o rund\u0103 de joc sau nu. Sesiunea de joc continu\u0103 indiferent de ac\u021biunile dvs. (\u00eenceperea \u0219i terminarea unei runde de joc). Acest lucru \u00eenseamn\u0103 c\u0103 pute\u021bi vedea bila de cricket zbur\u00e2nd, precum \u0219i alte anima\u021bii ale jocului \u0219i rezultatele altor juc\u0103tori, f\u0103r\u0103 a \u00eencepe o rund\u0103 de joc sau deja terminat\u0103.<\/p>\n<p>Sesiunea de joc \u00eencepe de la momentul apari\u021biei primului coeficient de multiplicare pe ecran \u0219i dureaz\u0103 p\u00e2n\u0103 la Crash. O rund\u0103 de joc este o sesiune de joc \u00een raport cu care a\u021bi plasat o pariu (una sau mai multe pariuri au fost plasate pe aceast\u0103 rund\u0103 de joc \u00eenainte de \u00eenceperea acesteia).<\/p>\n<p>\u00cencepe\u021bi o rund\u0103 de joc numai dup\u0103 ce a\u021bi plasat un pariu \u00eenainte de \u00eenceperea acesteia, adic\u0103 \u00eenainte de \u00eenceperea unei noi sesiuni de joc. Runda de joc \u00eencepe odat\u0103 cu \u00eenceperea sesiunii de joc. Runda de joc dureaz\u0103 de la momentul apari\u021biei primului coeficient de multiplicare pe ecran p\u00e2n\u0103 la momentul Crash sau p\u00e2n\u0103 c\u00e2nd ap\u0103sa\u021bi butonul CLAIM (ultimul dvs. ap\u0103sare a butonului CLAIM &#8211; \u00een cazul \u00een care au fost plasate 2 pariuri pe runda de joc), \u00een func\u021bie de ceea ce se \u00eent\u00e2mpl\u0103 primul.<\/p>\n<p>Pentru a \u00eencepe o rund\u0103 de joc (\u00een modul de joc standard), trebuie s\u0103 ap\u0103sa\u021bi butonul PLACE BET.<\/p>\n<h2><strong>Cum s\u0103 plasa\u021bi un pariu<\/strong><\/h2>\n<p>Un pariu poate fi plasat numai \u00eenainte de \u00eenceperea unei runde de joc, anume \u00een timpul set\u0103rii timpului pentru plasarea pariurilor sau dup\u0103 \u00eencheierea unei runde de joc &#8211; doar pentru urm\u0103toarea rund\u0103 de joc.<\/p>\n<h2><strong>Timpul setat pentru plasarea pariurilor<\/strong><\/h2>\n<p>Fiecare rund\u0103 de joc este supus\u0103 unui pariu. Dimensiunea pariului dvs. este indicat\u0103 \u00een c\u00e2mpul &#8222;PARIU&#8221;. Dimensiunea pariului poate fi setat\u0103 cu butoanele corespunz\u0103toare &#8222;+&#8221; \u0219i &#8222;-&#8222;, sau select\u00e2nd un buton cu o dimensiune predeterminat\u0103 a pariului. Dimensiunea pariului este specificat\u0103 \u00een moneda \u00een care juca\u021bi pe platform\u0103. Fiecare rund\u0103 de joc cost\u0103 pariul specificat \u00een c\u00e2mpul &#8222;PARIU&#8221;.<\/p>\n<p>\u00cen modul de joc standard, plasa\u021bi un pariu ap\u0103s\u00e2nd butonul PLACE BET, iar suma pariului este dedus\u0103 din soldul dvs. simultan cu \u00eenceperea rundei de joc. Pe unele dispozitive, ap\u0103sarea tastei spa\u021biu de pe tastatur\u0103 este echivalent\u0103 cu ap\u0103sarea butonului PLACE BET \u0219i \u00eencepe runda de joc, implic\u00e2nd plasarea unui pariu specificat \u00een c\u00e2mpul &#8222;PARIU&#8221;.<\/p>\n<p>\u00cen modul de joc automat, runda de joc \u00eencepe automat f\u0103r\u0103 ap\u0103sarea butonului PLACE BET, iar suma pariului este dedus\u0103 din soldul dvs<\/p>\n<p>. simultan cu \u00eenceperea rundei de joc.<\/p>\n<h2><strong>Mai mult de un pariu<\/strong><\/h2>\n<p>\u00cen Cricket Crash, exist\u0103 o caracteristic\u0103 care v\u0103 permite s\u0103 plasa\u021bi 2 pariuri simultan pe o rund\u0103 de joc. Pentru a activa aceast\u0103 caracteristic\u0103, trebuie s\u0103 ap\u0103sa\u021bi butonul PLACE BET \u00eentr-un alt c\u00e2mp &#8222;PARIU&#8221;.<\/p>\n<p>Pentru a plasa un al doilea pariu, trebuie s\u0103 efectua\u021bi toate ac\u021biunile, ca \u0219i pentru primul pariu \u00een c\u00e2mpul de pariere secund, adic\u0103 s\u0103 seta\u021bi dimensiunea pariului \u0219i s\u0103 ap\u0103sa\u021bi butonul PLACE BET corespunz\u0103tor celui de-al doilea pariu.<\/p>\n<p>C\u00e2mpurile de pariu nu sunt legate \u00eentre ele, pute\u021bi seta pariuri diferite \u0219i pute\u021bi plasa \u0219i un singur pariu.<\/p>\n","protected":false},"excerpt":{"rendered":"<p>Cricket Crash este un joc de tip turneu de cricket. Este un joc multiplayer. \u00cen acest joc, coeficientul de multiplicare cre\u0219te constant de la \u00eenceputul sesiunii de joc p\u00e2n\u0103 c\u00e2nd bila de cricket explodeaz\u0103 (Crash). Scopul Cricket Crash este s\u0103 ob\u021bine\u021bi c\u00e2\u0219tigurile cu cel mai mare coeficient de multiplicare posibil \u00eenainte de Crash. C\u00e2\u0219tigurile sunt [&hellip;]<\/p>\n","protected":false},"author":1,"featured_media":0,"parent":0,"menu_order":0,"comment_status":"closed","ping_status":"closed","template":"","meta":{"footnotes":""},"class_list":["post-6","page","type-page","status-publish","hentry"],"yoast_head":"<!-- This site is optimized with the Yoast SEO plugin v27.2 - https:\/\/yoast.com\/product\/yoast-seo-wordpress\/ -->\n<title>\u0418\u0433\u0440\u0430\u0442\u044c \u0432 \u043e\u043d\u043b\u0430\u0439\u043d \u0438\u0433\u0440\u0443 Cricket Crash<\/title>\n<meta name=\"description\" content=\"Cum s\u0103 joci Cricket Crash. Cum s\u0103 \u00eencepi o rund\u0103 de joc \u0219i cum s\u0103 plasezi o miz\u0103 \u00eentr-o rund\u0103 de Cricket Crash. Paria automat \u0219i pariuri noi.\" \/>\n<meta name=\"robots\" content=\"index, follow, max-snippet:-1, max-image-preview:large, max-video-preview:-1\" \/>\n<link rel=\"canonical\" href=\"https:\/\/tipsforcricketbetting.com\/ro\/\" \/>\n<meta property=\"og:locale\" content=\"ro_RO\" \/>\n<meta property=\"og:locale:alternate\" content=\"ru_RU\" \/>\n<meta property=\"og:locale:alternate\" content=\"en_US\" \/>\n<meta property=\"og:locale:alternate\" content=\"pt_PT\" \/>\n<meta property=\"og:locale:alternate\" content=\"es_ES\" \/>\n<meta property=\"og:locale:alternate\" content=\"sr_RS\" \/>\n<meta property=\"og:locale:alternate\" content=\"bg_BG\" \/>\n<meta property=\"og:locale:alternate\" content=\"pl_PL\" \/>\n<meta property=\"og:locale:alternate\" content=\"it_IT\" \/>\n<meta property=\"og:locale:alternate\" content=\"fr_FR\" \/>\n<meta property=\"og:type\" content=\"article\" \/>\n<meta property=\"og:title\" content=\"\u0418\u0433\u0440\u0430\u0442\u044c \u0432 \u043e\u043d\u043b\u0430\u0439\u043d \u0438\u0433\u0440\u0443 Cricket Crash\" \/>\n<meta property=\"og:description\" content=\"\u041a\u0430\u043a \u0438\u0433\u0440\u0430\u0442\u044c \u0432 Cricket Crash. \u041a\u0430\u043a \u043d\u0430\u0447\u0430\u0442\u044c \u0438\u0433\u0440\u043e\u0432\u043e\u0439 \u0440\u0430\u0443\u043d\u0434 \u0438 \u043a\u0430\u043a \u0441\u0434\u0435\u043b\u0430\u0442\u044c \u0441\u0442\u0430\u0432\u043a\u0443 \u0432 \u0440\u0430\u0443\u043d\u0434\u0435 Cricket Crash. \u0410\u0432\u0442\u043e\u043c\u0430\u0442\u0438\u0447\u0435\u0441\u043a\u0430\u044f \u0441\u0442\u0430\u0432\u043a\u0430 \u0438 \u043d\u043e\u0432\u044b\u0435 \u0441\u0442\u0430\u0432\u043a\u0438\" \/>\n<meta property=\"og:url\" content=\"https:\/\/tipsforcricketbetting.com\/ro\/\" \/>\n<meta property=\"og:site_name\" content=\"Cricket\" \/>\n<meta property=\"article:modified_time\" content=\"2024-02-28T15:20:54+00:00\" \/>\n<meta name=\"twitter:card\" content=\"summary_large_image\" \/>\n<meta name=\"twitter:label1\" content=\"Timp estimat pentru citire\" \/>\n\t<meta name=\"twitter:data1\" content=\"23 de minute\" \/>\n<script type=\"application\/ld+json\" class=\"yoast-schema-graph\">{\"@context\":\"https:\/\/schema.org\",\"@graph\":[{\"@type\":\"WebPage\",\"@id\":\"https:\/\/tipsforcricketbetting.com\/\",\"url\":\"https:\/\/tipsforcricketbetting.com\/\",\"name\":\"\u0418\u0433\u0440\u0430\u0442\u044c \u0432 \u043e\u043d\u043b\u0430\u0439\u043d \u0438\u0433\u0440\u0443 Cricket Crash\",\"isPartOf\":{\"@id\":\"https:\/\/tipsforcricketbetting.com\/#website\"},\"datePublished\":\"2024-02-18T20:48:45+00:00\",\"dateModified\":\"2024-02-28T15:20:54+00:00\",\"description\":\"\u041a\u0430\u043a \u0438\u0433\u0440\u0430\u0442\u044c \u0432 Cricket Crash. \u041a\u0430\u043a \u043d\u0430\u0447\u0430\u0442\u044c \u0438\u0433\u0440\u043e\u0432\u043e\u0439 \u0440\u0430\u0443\u043d\u0434 \u0438 \u043a\u0430\u043a \u0441\u0434\u0435\u043b\u0430\u0442\u044c \u0441\u0442\u0430\u0432\u043a\u0443 \u0432 \u0440\u0430\u0443\u043d\u0434\u0435 Cricket Crash. \u0410\u0432\u0442\u043e\u043c\u0430\u0442\u0438\u0447\u0435\u0441\u043a\u0430\u044f \u0441\u0442\u0430\u0432\u043a\u0430 \u0438 \u043d\u043e\u0432\u044b\u0435 \u0441\u0442\u0430\u0432\u043a\u0438\",\"breadcrumb\":{\"@id\":\"https:\/\/tipsforcricketbetting.com\/#breadcrumb\"},\"inLanguage\":\"ro-RO\",\"potentialAction\":[{\"@type\":\"ReadAction\",\"target\":[\"https:\/\/tipsforcricketbetting.com\/\"]}]},{\"@type\":\"BreadcrumbList\",\"@id\":\"https:\/\/tipsforcricketbetting.com\/#breadcrumb\",\"itemListElement\":[{\"@type\":\"ListItem\",\"position\":1,\"name\":\"Home\",\"item\":\"https:\/\/tipsforcricketbetting.com\/\"},{\"@type\":\"ListItem\",\"position\":2,\"name\":\"\u0427\u0442\u043e \u0442\u0430\u043a\u043e\u0435 Cricket Crash?\"}]},{\"@type\":\"WebSite\",\"@id\":\"https:\/\/tipsforcricketbetting.com\/#website\",\"url\":\"https:\/\/tipsforcricketbetting.com\/\",\"name\":\"Cricket\",\"description\":\"Just another WordPress site\",\"potentialAction\":[{\"@type\":\"SearchAction\",\"target\":{\"@type\":\"EntryPoint\",\"urlTemplate\":\"https:\/\/tipsforcricketbetting.com\/?s={search_term_string}\"},\"query-input\":{\"@type\":\"PropertyValueSpecification\",\"valueRequired\":true,\"valueName\":\"search_term_string\"}}],\"inLanguage\":\"ro-RO\"}]}<\/script>\n<!-- \/ Yoast SEO plugin. -->","yoast_head_json":{"title":"\u0418\u0433\u0440\u0430\u0442\u044c \u0432 \u043e\u043d\u043b\u0430\u0439\u043d \u0438\u0433\u0440\u0443 Cricket Crash","description":"Cum s\u0103 joci Cricket Crash. Cum s\u0103 \u00eencepi o rund\u0103 de joc \u0219i cum s\u0103 plasezi o miz\u0103 \u00eentr-o rund\u0103 de Cricket Crash. Paria automat \u0219i pariuri noi.","robots":{"index":"index","follow":"follow","max-snippet":"max-snippet:-1","max-image-preview":"max-image-preview:large","max-video-preview":"max-video-preview:-1"},"canonical":"https:\/\/tipsforcricketbetting.com\/ro\/","og_locale":"ro_RO","og_type":"article","og_title":"\u0418\u0433\u0440\u0430\u0442\u044c \u0432 \u043e\u043d\u043b\u0430\u0439\u043d \u0438\u0433\u0440\u0443 Cricket Crash","og_description":"\u041a\u0430\u043a \u0438\u0433\u0440\u0430\u0442\u044c \u0432 Cricket Crash. \u041a\u0430\u043a \u043d\u0430\u0447\u0430\u0442\u044c \u0438\u0433\u0440\u043e\u0432\u043e\u0439 \u0440\u0430\u0443\u043d\u0434 \u0438 \u043a\u0430\u043a \u0441\u0434\u0435\u043b\u0430\u0442\u044c \u0441\u0442\u0430\u0432\u043a\u0443 \u0432 \u0440\u0430\u0443\u043d\u0434\u0435 Cricket Crash. \u0410\u0432\u0442\u043e\u043c\u0430\u0442\u0438\u0447\u0435\u0441\u043a\u0430\u044f \u0441\u0442\u0430\u0432\u043a\u0430 \u0438 \u043d\u043e\u0432\u044b\u0435 \u0441\u0442\u0430\u0432\u043a\u0438","og_url":"https:\/\/tipsforcricketbetting.com\/ro\/","og_site_name":"Cricket","article_modified_time":"2024-02-28T15:20:54+00:00","twitter_card":"summary_large_image","twitter_misc":{"Timp estimat pentru citire":"23 de minute"},"schema":{"@context":"https:\/\/schema.org","@graph":[{"@type":"WebPage","@id":"https:\/\/tipsforcricketbetting.com\/","url":"https:\/\/tipsforcricketbetting.com\/","name":"\u0418\u0433\u0440\u0430\u0442\u044c \u0432 \u043e\u043d\u043b\u0430\u0439\u043d \u0438\u0433\u0440\u0443 Cricket Crash","isPartOf":{"@id":"https:\/\/tipsforcricketbetting.com\/#website"},"datePublished":"2024-02-18T20:48:45+00:00","dateModified":"2024-02-28T15:20:54+00:00","description":"\u041a\u0430\u043a \u0438\u0433\u0440\u0430\u0442\u044c \u0432 Cricket Crash. \u041a\u0430\u043a \u043d\u0430\u0447\u0430\u0442\u044c \u0438\u0433\u0440\u043e\u0432\u043e\u0439 \u0440\u0430\u0443\u043d\u0434 \u0438 \u043a\u0430\u043a \u0441\u0434\u0435\u043b\u0430\u0442\u044c \u0441\u0442\u0430\u0432\u043a\u0443 \u0432 \u0440\u0430\u0443\u043d\u0434\u0435 Cricket Crash. \u0410\u0432\u0442\u043e\u043c\u0430\u0442\u0438\u0447\u0435\u0441\u043a\u0430\u044f \u0441\u0442\u0430\u0432\u043a\u0430 \u0438 \u043d\u043e\u0432\u044b\u0435 \u0441\u0442\u0430\u0432\u043a\u0438","breadcrumb":{"@id":"https:\/\/tipsforcricketbetting.com\/#breadcrumb"},"inLanguage":"ro-RO","potentialAction":[{"@type":"ReadAction","target":["https:\/\/tipsforcricketbetting.com\/"]}]},{"@type":"BreadcrumbList","@id":"https:\/\/tipsforcricketbetting.com\/#breadcrumb","itemListElement":[{"@type":"ListItem","position":1,"name":"Home","item":"https:\/\/tipsforcricketbetting.com\/"},{"@type":"ListItem","position":2,"name":"\u0427\u0442\u043e \u0442\u0430\u043a\u043e\u0435 Cricket Crash?"}]},{"@type":"WebSite","@id":"https:\/\/tipsforcricketbetting.com\/#website","url":"https:\/\/tipsforcricketbetting.com\/","name":"Cricket","description":"Just another WordPress site","potentialAction":[{"@type":"SearchAction","target":{"@type":"EntryPoint","urlTemplate":"https:\/\/tipsforcricketbetting.com\/?s={search_term_string}"},"query-input":{"@type":"PropertyValueSpecification","valueRequired":true,"valueName":"search_term_string"}}],"inLanguage":"ro-RO"}]}},"_links":{"self":[{"href":"https:\/\/tipsforcricketbetting.com\/ro\/wp-json\/wp\/v2\/pages\/6","targetHints":{"allow":["GET"]}}],"collection":[{"href":"https:\/\/tipsforcricketbetting.com\/ro\/wp-json\/wp\/v2\/pages"}],"about":[{"href":"https:\/\/tipsforcricketbetting.com\/ro\/wp-json\/wp\/v2\/types\/page"}],"author":[{"embeddable":true,"href":"https:\/\/tipsforcricketbetting.com\/ro\/wp-json\/wp\/v2\/users\/1"}],"replies":[{"embeddable":true,"href":"https:\/\/tipsforcricketbetting.com\/ro\/wp-json\/wp\/v2\/comments?post=6"}],"version-history":[{"count":18,"href":"https:\/\/tipsforcricketbetting.com\/ro\/wp-json\/wp\/v2\/pages\/6\/revisions"}],"predecessor-version":[{"id":118,"href":"https:\/\/tipsforcricketbetting.com\/ro\/wp-json\/wp\/v2\/pages\/6\/revisions\/118"}],"wp:attachment":[{"href":"https:\/\/tipsforcricketbetting.com\/ro\/wp-json\/wp\/v2\/media?parent=6"}],"curies":[{"name":"wp","href":"https:\/\/api.w.org\/{rel}","templated":true}]}}