{"id":16,"date":"2024-02-18T20:56:24","date_gmt":"2024-02-18T20:56:24","guid":{"rendered":"https:\/\/tipsforcricketbetting.com\/?page_id=16"},"modified":"2024-02-28T15:15:48","modified_gmt":"2024-02-28T15:15:48","slug":"automatic-mode-autoplay","status":"publish","type":"page","link":"https:\/\/tipsforcricketbetting.com\/ro\/automatic-mode-autoplay\/","title":{"rendered":"\u0410\u0432\u0442\u043e\u043c\u0430\u0442\u0438\u0447\u0435\u0441\u043a\u0438\u0438\u0306 \u0440\u0435\u0436\u0438\u043c (\u0430\u0432\u0442\u043e\u043f\u043b\u0435\u0438\u0306)"},"content":{"rendered":"<p>\u00cen acest joc, pute\u021bi plasa pariuri pentru fiecare rund\u0103 de joc ulterioar\u0103 \u0219i, de asemenea, s\u0103 primi\u021bi c\u00e2\u0219tiguri \u00een fiecare rund\u0103 de joc automat, f\u0103r\u0103 a ap\u0103sa butoanele corespunz\u0103toare, datorit\u0103 modului automat activat.<\/p>\n<h2><strong>AUTO BET &#8211; Pariu automat<\/strong><\/h2>\n<p>Pentru a activa parierea automat\u0103, adic\u0103 pentru a face pariul automat pentru fiecare rund\u0103 de joc (Auto Bet), trebuie s\u0103 seta\u021bi m\u0103rimea pariului \u0219i s\u0103 comuta\u021bi cursorul Auto Bet \u00een c\u00e2mpul corespunz\u0103tor \u00een mod activ, adic\u0103 s\u0103-l face\u021bi albastru (butoanele active sunt albastre). Sesiunea de pariere automat\u0103 va \u00eencepe automat. Modul automat \u00eencepe odat\u0103 cu \u00eenceputul unei noi sesiuni \u0219i este valabil pentru fiecare sesiune ulterioar\u0103 p\u00e2n\u0103 c\u00e2nd modul de pariere automat\u0103 (Auto Bet) este oprit.<\/p>\n<p>Pentru fiecare sector \u0219i pariul corespunz\u0103tor, un astfel de mod automat este activat separat.<\/p>\n<p>Comut\u00e2nd cursorul Auto Bet \u00een mod activ, \u00eencepe\u021bi modul de pariere automat\u0103 cu op\u021biunile setate pe ecran, adic\u0103 cu m\u0103rimea pariului indicat\u0103 \u00een c\u00e2mpul corespunz\u0103tor. M\u0103rimea pariului nu poate fi modificat\u0103 \u00een timpul modului activ de pariere automat\u0103.<\/p>\n<p>\u00cen timpul modului activ de pariere automat\u0103 (Auto Bet), pariurile sunt f\u0103cute automat imediat dup\u0103 \u00eencheierea rundei de joc anterioare. Modul automat de pariere va fi activ \u0219i va dura p\u00e2n\u0103 c\u00e2nd comuta\u021bi cursorul Auto Bet \u00een c\u00e2mpul corespunz\u0103tor \u00een mod inactiv, adic\u0103 s\u0103-l face\u021bi gri (butoanele inactive sunt gri). Modul automat se opre\u0219te atunci c\u00e2nd m\u0103rimea pariului setat\u0103 de juc\u0103tor dep\u0103\u0219e\u0219te soldul juc\u0103torului.<\/p>\n<h2><strong>AUTO TAKE &#8211; Revendicare automat\u0103<\/strong><\/h2>\n<p>Pentru a activa func\u021bia \u00een care c\u00e2\u0219tigurile dvs. sunt revendicate automat atunci c\u00e2nd coeficientul multiplicator specificat de dvs. apare pe ecran &#8211; modul Auto Take, trebuie s\u0103 seta\u021bi coeficientul multiplicator \u0219i s\u0103 comuta\u021bi cursorul Auto Take \u00een c\u00e2mpul corespunz\u0103tor \u00een mod activ, adic\u0103 s\u0103-l face\u021bi albastru (butoanele active sunt albastre). Pute\u021bi seta un astfel de coeficient multiplicator folosind butoanele corespunz\u0103toare &#8222;+&#8221; \u0219i &#8222;-&#8222;.<\/p>\n<p>Pentru fiecare sector \u0219i pariul corespunz\u0103tor, un astfel de mod automat este activat separat.<\/p>\n<p>Comut\u00e2nd cursorul Auto Take \u00een mod activ, \u00eencepe\u021bi modul de pariere automat\u0103 cu op\u021biunile setate pe ecran, adic\u0103 cu coeficientul multiplicator indicat \u00een c\u00e2mpul corespunz\u0103tor. Dimensiunea coeficientului multiplicator nu poate fi modificat\u0103 \u00een timpul modului activ Auto Take.<\/p>\n<p>\u00cen timpul modului activ Auto Take, pute\u021bi revendica c\u00e2\u0219tigurile dvs. \u00eenainte ca coeficientul multiplicator specificat pentru Auto Take s\u0103 apar\u0103 ap\u0103s\u00e2nd butonul CLAIM corespunz\u0103tor. Ap\u0103sarea butonului CLAIM nu opre\u0219te modul Auto Take. Modul Auto Take va fi activ \u0219i va dura p\u00e2n\u0103 c\u00e2nd comuta\u021bi cursorul Auto Take \u00een c\u00e2mpul corespunz\u0103tor \u00een mod inactiv, adic\u0103 s\u0103-l face\u021bi gri (butoanele inactive sunt gri). Modul automat se opre\u0219te atunci c\u00e2nd m\u0103rimea pariului setat\u0103 de juc\u0103tor dep\u0103\u0219e\u0219te soldul juc\u0103torului.<\/p>\n<p>V\u0103 rug\u0103m s\u0103 re\u021bine\u021bi c\u0103 \u00een caz de \u00eentrerupere a conexiunii la internet, modurile automate sunt oprite automat.<\/p>\n<p>V\u0103 rug\u0103m s\u0103 re\u021bine\u021bi c\u0103 c\u00e2\u0219tigurile dvs. \u00een modul Auto Take pot fi revendicate (considerate revendicate) numai dup\u0103 ce zborul mingii de cricket prin portalul bonus este completat. De exemplu, dac\u0103 pariul dvs. este FUN 1, iar coeficientul multiplicator Auto Take este de 7,00, iar zborul mingii de cricket prin portalul bonus (cu un bonus de 30%) a \u00eenceput la un coeficient de 6,90 \u0219i a sf\u00e2r\u0219it la un coeficient de 8,97, c\u00e2\u0219tigurile dvs. &#8211; FUN 7 (pariul \u00eenmul\u021bit cu coeficientul dvs. Auto Take) vor fi revendicate automat dup\u0103 finalizarea cu succes a zborului mingii de cricket prin portalul bonus. iar \u00een cazul \u00een care zborul mingii de cricket prin portalul bonus se \u00eencheie cu o pr\u0103bu\u0219ire &#8211; runda de joc este considerat\u0103 completat\u0103 cu un coeficient de 6,90, iar \u00een acest caz, pierde\u021bi pariul \u0219i c\u00e2\u0219tigurile nu v\u0103 vor fi creditate.<\/p>\n","protected":false},"excerpt":{"rendered":"<p>\u00cen acest joc, pute\u021bi plasa pariuri pentru fiecare rund\u0103 de joc ulterioar\u0103 \u0219i, de asemenea, s\u0103 primi\u021bi c\u00e2\u0219tiguri \u00een fiecare rund\u0103 de joc automat, f\u0103r\u0103 a ap\u0103sa butoanele corespunz\u0103toare, datorit\u0103 modului automat activat. AUTO BET &#8211; Pariu automat Pentru a activa parierea automat\u0103, adic\u0103 pentru a face pariul automat pentru fiecare rund\u0103 de joc (Auto [&hellip;]<\/p>\n","protected":false},"author":1,"featured_media":0,"parent":0,"menu_order":0,"comment_status":"closed","ping_status":"closed","template":"","meta":{"footnotes":""},"class_list":["post-16","page","type-page","status-publish","hentry"],"yoast_head":"<!-- This site is optimized with the Yoast SEO plugin v27.2 - https:\/\/yoast.com\/product\/yoast-seo-wordpress\/ -->\n<title>\u0410\u0443\u0442\u043e\u043c\u0430\u0442\u0441\u043a\u0438 \u0440\u0435\u0436\u0438\u043c \u0443 Cricket Crash<\/title>\n<meta name=\"description\" content=\"Pariaz\u0103 automat \u0219i revendic\u0103 c\u00e2\u0219tigurile automat \u00een Cricket Crash\" \/>\n<meta name=\"robots\" content=\"index, follow, max-snippet:-1, max-image-preview:large, max-video-preview:-1\" \/>\n<link rel=\"canonical\" href=\"https:\/\/tipsforcricketbetting.com\/ro\/automatic-mode-autoplay\/\" \/>\n<meta property=\"og:locale\" content=\"ro_RO\" \/>\n<meta property=\"og:locale:alternate\" content=\"ru_RU\" \/>\n<meta property=\"og:locale:alternate\" content=\"en_US\" \/>\n<meta property=\"og:locale:alternate\" content=\"pt_PT\" \/>\n<meta property=\"og:locale:alternate\" content=\"es_ES\" \/>\n<meta property=\"og:locale:alternate\" content=\"sr_RS\" \/>\n<meta property=\"og:locale:alternate\" content=\"bg_BG\" \/>\n<meta property=\"og:locale:alternate\" content=\"pl_PL\" \/>\n<meta property=\"og:locale:alternate\" content=\"it_IT\" \/>\n<meta property=\"og:locale:alternate\" content=\"fr_FR\" \/>\n<meta property=\"og:type\" content=\"article\" \/>\n<meta property=\"og:title\" content=\"\u0410\u0443\u0442\u043e\u043c\u0430\u0442\u0441\u043a\u0438 \u0440\u0435\u0436\u0438\u043c \u0443 Cricket Crash\" \/>\n<meta property=\"og:description\" content=\"\u0410\u0443\u0442\u043e\u043c\u0430\u0442\u0441\u043a\u043e \u043a\u043b\u0430\u0452\u0435\u045a\u0435 \u0438 \u0430\u0443\u0442\u043e\u043c\u0430\u0442\u0441\u043a\u043e \u0437\u0430\u0445\u0442\u0435\u0432\u0430\u045a\u0435 \u0434\u043e\u0431\u0438\u0442\u0430\u043a\u0430 \u0443 Cricket Crash\" \/>\n<meta property=\"og:url\" content=\"https:\/\/tipsforcricketbetting.com\/ro\/automatic-mode-autoplay\/\" \/>\n<meta property=\"og:site_name\" content=\"Cricket\" \/>\n<meta property=\"article:modified_time\" content=\"2024-02-28T15:15:48+00:00\" \/>\n<meta name=\"twitter:card\" content=\"summary_large_image\" \/>\n<meta name=\"twitter:label1\" content=\"Timp estimat pentru citire\" \/>\n\t<meta name=\"twitter:data1\" content=\"24 de minute\" \/>\n<script type=\"application\/ld+json\" class=\"yoast-schema-graph\">{\"@context\":\"https:\/\/schema.org\",\"@graph\":[{\"@type\":\"WebPage\",\"@id\":\"https:\/\/tipsforcricketbetting.com\/sr\/automatic-mode-autoplay\/\",\"url\":\"https:\/\/tipsforcricketbetting.com\/sr\/automatic-mode-autoplay\/\",\"name\":\"\u0410\u0443\u0442\u043e\u043c\u0430\u0442\u0441\u043a\u0438 \u0440\u0435\u0436\u0438\u043c \u0443 Cricket Crash\",\"isPartOf\":{\"@id\":\"https:\/\/tipsforcricketbetting.com\/#website\"},\"datePublished\":\"2024-02-18T20:56:24+00:00\",\"dateModified\":\"2024-02-28T15:15:48+00:00\",\"description\":\"\u0410\u0443\u0442\u043e\u043c\u0430\u0442\u0441\u043a\u043e \u043a\u043b\u0430\u0452\u0435\u045a\u0435 \u0438 \u0430\u0443\u0442\u043e\u043c\u0430\u0442\u0441\u043a\u043e \u0437\u0430\u0445\u0442\u0435\u0432\u0430\u045a\u0435 \u0434\u043e\u0431\u0438\u0442\u0430\u043a\u0430 \u0443 Cricket Crash\",\"breadcrumb\":{\"@id\":\"https:\/\/tipsforcricketbetting.com\/sr\/automatic-mode-autoplay\/#breadcrumb\"},\"inLanguage\":\"ro-RO\",\"potentialAction\":[{\"@type\":\"ReadAction\",\"target\":[\"https:\/\/tipsforcricketbetting.com\/sr\/automatic-mode-autoplay\/\"]}]},{\"@type\":\"BreadcrumbList\",\"@id\":\"https:\/\/tipsforcricketbetting.com\/sr\/automatic-mode-autoplay\/#breadcrumb\",\"itemListElement\":[{\"@type\":\"ListItem\",\"position\":1,\"name\":\"Home\",\"item\":\"https:\/\/tipsforcricketbetting.com\/\"},{\"@type\":\"ListItem\",\"position\":2,\"name\":\"\u0410\u0432\u0442\u043e\u043c\u0430\u0442\u0438\u0447\u0435\u0441\u043a\u0438\u0438\u0306 \u0440\u0435\u0436\u0438\u043c (\u0430\u0432\u0442\u043e\u043f\u043b\u0435\u0438\u0306)\"}]},{\"@type\":\"WebSite\",\"@id\":\"https:\/\/tipsforcricketbetting.com\/#website\",\"url\":\"https:\/\/tipsforcricketbetting.com\/\",\"name\":\"Cricket\",\"description\":\"Just another WordPress site\",\"potentialAction\":[{\"@type\":\"SearchAction\",\"target\":{\"@type\":\"EntryPoint\",\"urlTemplate\":\"https:\/\/tipsforcricketbetting.com\/?s={search_term_string}\"},\"query-input\":{\"@type\":\"PropertyValueSpecification\",\"valueRequired\":true,\"valueName\":\"search_term_string\"}}],\"inLanguage\":\"ro-RO\"}]}<\/script>\n<!-- \/ Yoast SEO plugin. -->","yoast_head_json":{"title":"\u0410\u0443\u0442\u043e\u043c\u0430\u0442\u0441\u043a\u0438 \u0440\u0435\u0436\u0438\u043c \u0443 Cricket Crash","description":"Pariaz\u0103 automat \u0219i revendic\u0103 c\u00e2\u0219tigurile automat \u00een Cricket Crash","robots":{"index":"index","follow":"follow","max-snippet":"max-snippet:-1","max-image-preview":"max-image-preview:large","max-video-preview":"max-video-preview:-1"},"canonical":"https:\/\/tipsforcricketbetting.com\/ro\/automatic-mode-autoplay\/","og_locale":"ro_RO","og_type":"article","og_title":"\u0410\u0443\u0442\u043e\u043c\u0430\u0442\u0441\u043a\u0438 \u0440\u0435\u0436\u0438\u043c \u0443 Cricket Crash","og_description":"\u0410\u0443\u0442\u043e\u043c\u0430\u0442\u0441\u043a\u043e \u043a\u043b\u0430\u0452\u0435\u045a\u0435 \u0438 \u0430\u0443\u0442\u043e\u043c\u0430\u0442\u0441\u043a\u043e \u0437\u0430\u0445\u0442\u0435\u0432\u0430\u045a\u0435 \u0434\u043e\u0431\u0438\u0442\u0430\u043a\u0430 \u0443 Cricket Crash","og_url":"https:\/\/tipsforcricketbetting.com\/ro\/automatic-mode-autoplay\/","og_site_name":"Cricket","article_modified_time":"2024-02-28T15:15:48+00:00","twitter_card":"summary_large_image","twitter_misc":{"Timp estimat pentru citire":"24 de minute"},"schema":{"@context":"https:\/\/schema.org","@graph":[{"@type":"WebPage","@id":"https:\/\/tipsforcricketbetting.com\/sr\/automatic-mode-autoplay\/","url":"https:\/\/tipsforcricketbetting.com\/sr\/automatic-mode-autoplay\/","name":"\u0410\u0443\u0442\u043e\u043c\u0430\u0442\u0441\u043a\u0438 \u0440\u0435\u0436\u0438\u043c \u0443 Cricket Crash","isPartOf":{"@id":"https:\/\/tipsforcricketbetting.com\/#website"},"datePublished":"2024-02-18T20:56:24+00:00","dateModified":"2024-02-28T15:15:48+00:00","description":"\u0410\u0443\u0442\u043e\u043c\u0430\u0442\u0441\u043a\u043e \u043a\u043b\u0430\u0452\u0435\u045a\u0435 \u0438 \u0430\u0443\u0442\u043e\u043c\u0430\u0442\u0441\u043a\u043e \u0437\u0430\u0445\u0442\u0435\u0432\u0430\u045a\u0435 \u0434\u043e\u0431\u0438\u0442\u0430\u043a\u0430 \u0443 Cricket Crash","breadcrumb":{"@id":"https:\/\/tipsforcricketbetting.com\/sr\/automatic-mode-autoplay\/#breadcrumb"},"inLanguage":"ro-RO","potentialAction":[{"@type":"ReadAction","target":["https:\/\/tipsforcricketbetting.com\/sr\/automatic-mode-autoplay\/"]}]},{"@type":"BreadcrumbList","@id":"https:\/\/tipsforcricketbetting.com\/sr\/automatic-mode-autoplay\/#breadcrumb","itemListElement":[{"@type":"ListItem","position":1,"name":"Home","item":"https:\/\/tipsforcricketbetting.com\/"},{"@type":"ListItem","position":2,"name":"\u0410\u0432\u0442\u043e\u043c\u0430\u0442\u0438\u0447\u0435\u0441\u043a\u0438\u0438\u0306 \u0440\u0435\u0436\u0438\u043c (\u0430\u0432\u0442\u043e\u043f\u043b\u0435\u0438\u0306)"}]},{"@type":"WebSite","@id":"https:\/\/tipsforcricketbetting.com\/#website","url":"https:\/\/tipsforcricketbetting.com\/","name":"Cricket","description":"Just another WordPress site","potentialAction":[{"@type":"SearchAction","target":{"@type":"EntryPoint","urlTemplate":"https:\/\/tipsforcricketbetting.com\/?s={search_term_string}"},"query-input":{"@type":"PropertyValueSpecification","valueRequired":true,"valueName":"search_term_string"}}],"inLanguage":"ro-RO"}]}},"_links":{"self":[{"href":"https:\/\/tipsforcricketbetting.com\/ro\/wp-json\/wp\/v2\/pages\/16","targetHints":{"allow":["GET"]}}],"collection":[{"href":"https:\/\/tipsforcricketbetting.com\/ro\/wp-json\/wp\/v2\/pages"}],"about":[{"href":"https:\/\/tipsforcricketbetting.com\/ro\/wp-json\/wp\/v2\/types\/page"}],"author":[{"embeddable":true,"href":"https:\/\/tipsforcricketbetting.com\/ro\/wp-json\/wp\/v2\/users\/1"}],"replies":[{"embeddable":true,"href":"https:\/\/tipsforcricketbetting.com\/ro\/wp-json\/wp\/v2\/comments?post=16"}],"version-history":[{"count":16,"href":"https:\/\/tipsforcricketbetting.com\/ro\/wp-json\/wp\/v2\/pages\/16\/revisions"}],"predecessor-version":[{"id":114,"href":"https:\/\/tipsforcricketbetting.com\/ro\/wp-json\/wp\/v2\/pages\/16\/revisions\/114"}],"wp:attachment":[{"href":"https:\/\/tipsforcricketbetting.com\/ro\/wp-json\/wp\/v2\/media?parent=16"}],"curies":[{"name":"wp","href":"https:\/\/api.w.org\/{rel}","templated":true}]}}