{"id":14,"date":"2024-02-18T20:54:43","date_gmt":"2024-02-18T20:54:43","guid":{"rendered":"https:\/\/tipsforcricketbetting.com\/?page_id=14"},"modified":"2024-02-28T15:16:51","modified_gmt":"2024-02-28T15:16:51","slug":"bonus-in-the-game-cricket-crash","status":"publish","type":"page","link":"https:\/\/tipsforcricketbetting.com\/ro\/bonus-in-the-game-cricket-crash\/","title":{"rendered":"\u0411\u043e\u043d\u0443\u0441 \u0432 \u0438\u0433\u0440\u0435 Cricket Crash"},"content":{"rendered":"<p>\u00cen Cricket Crash, zborul mingii de cricket prin portalul bonus cre\u0219te coeficientul multiplicator. Dup\u0103 ce mingea de cricket trece cu succes prin portalul bonus, coeficientul multiplicator, care era \u00eenainte de acest zbor, cre\u0219te cu procentajul alocat pentru un astfel de portal bonus (10%, 30% sau 50%).<\/p>\n<p>De exemplu, dac\u0103 coeficientul multiplicator de pe ecran era 7,77 \u00eenainte de zborul mingii de cricket prin portalul bonus, dup\u0103 ce mingea de cricket trece cu succes prin portalul bonus cu un bonus de 30%, coeficientul multiplicator va fi 10,10.<\/p>\n<p>V\u0103 rug\u0103m s\u0103 re\u021bine\u021bi c\u0103 bonusul este creditat doar dup\u0103 finalizarea cu succes a zborului mingii de cricket prin portalul bonus, adic\u0103 atunci c\u00e2nd mingea trece f\u0103r\u0103 s\u0103 explodeze. \u00cen cazul \u00een care zborul mingii de cricket prin portalul bonus se termin\u0103 cu un Crash, bonusul nu va fi creditat.<\/p>\n<h2><strong>Recompensa Maharaja:<\/strong><\/h2>\n<p>\u00cen Cricket Crash, este disponibil\u0103 recompensa Maharaja. Aceast\u0103 recompens\u0103 este disponibil\u0103 doar \u00een acest joc \u0219i nu are leg\u0103tur\u0103 cu alte jocuri. M\u0103rimea recompensei Maharaja este format\u0103 prin contribu\u021bia a 2% din fiecare pariu. M\u0103rimea curent\u0103 a recompensei Maharaja este afi\u0219at\u0103 pe ecranul jocului. C\u00e2nd se c\u00e2\u0219tig\u0103 recompensa Maharaja, to\u021bi c\u00e2\u0219tig\u0103torii primesc o notificare, iar m\u0103rimea recompensei Maharaja este resetat\u0103 la valoarea ini\u021bial\u0103.<\/p>\n<p>Sesiunea exact\u0103 a jocului \u0219i momentul c\u00e2\u0219tig\u0103rii recompensei Maharaja sunt determinate de generatorul de numere aleatorii. Cricket Crash este un joc multiplayer, astfel c\u0103 recompensa Maharaja poate fi c\u00e2\u0219tigat\u0103 de to\u021bi juc\u0103torii care, \u00een timpul sesiunii de joc corespunz\u0103toare, nu \u00ee\u0219i termin\u0103 runda de joc, adic\u0103 nu \u00ee\u0219i revendic\u0103 c\u00e2\u0219tigurile p\u00e2n\u0103 \u00een momentul c\u00e2nd se c\u00e2\u0219tig\u0103 recompensa Maharaja.<\/p>\n<p>Recompensa Maharaja va fi distribuit\u0103 \u0219i pl\u0103tit\u0103 \u00een conformitate cu urm\u0103toarea formul\u0103:<\/p>\n<ul>\n<li>m\u0103rimea recompensei Maharaja este \u00eemp\u0103r\u021bit\u0103 \u00een p\u0103r\u021bi \u00eentre c\u00e2\u0219tig\u0103tori \u00een conformitate cu cota de pariu\/pariuri a unui astfel de c\u00e2\u0219tig\u0103tor la suma pariurilor tuturor c\u00e2\u0219tig\u0103torilor. De exemplu, dac\u0103 a\u021bi plasat un pariu egal cu 5 FUN, iar suma pariurilor tuturor c\u00e2\u0219tig\u0103torilor (inclusiv dvs.) este egal\u0103 cu 100 FUN, ve\u021bi primi 5% din recompensa Maharaja;<\/li>\n<li>\u00een cazul \u00een care exist\u0103 doar un c\u00e2\u0219tig\u0103tor, acel c\u00e2\u0219tig\u0103tor ia toat\u0103 recompensa Maharaja.<\/li>\n<\/ul>\n<p>Distribu\u021bia recompensei Maharaja se face pe baza m\u0103rimii recompensei Maharaja conform informa\u021biilor din servere. Dac\u0103 conexiunea \u00eentre platform\u0103 \u0219i serverele care stocheaz\u0103 informa\u021biile despre recompensa Maharaja este pierdut\u0103, jocul devine indisponibil, iar m\u0103rimea recompensei Maharaja r\u0103m\u00e2ne neschimbat\u0103 p\u00e2n\u0103 c\u00e2nd conexiunea este restabilit\u0103. \u00cenainte ca conexiunea necesar\u0103 s\u0103 fie restabilit\u0103, tragerea recompensei Maharaja, precum \u0219i contribu\u021biile, nu sunt efectuate. C\u00e2\u0219tigurile \u0219i distribu\u021bia recompensei Maharaja sunt supuse verific\u0103rii de c\u0103tre platform\u0103 \u0219i furnizorul jocului.<\/p>\n","protected":false},"excerpt":{"rendered":"<p>\u00cen Cricket Crash, zborul mingii de cricket prin portalul bonus cre\u0219te coeficientul multiplicator. Dup\u0103 ce mingea de cricket trece cu succes prin portalul bonus, coeficientul multiplicator, care era \u00eenainte de acest zbor, cre\u0219te cu procentajul alocat pentru un astfel de portal bonus (10%, 30% sau 50%). De exemplu, dac\u0103 coeficientul multiplicator de pe ecran era [&hellip;]<\/p>\n","protected":false},"author":1,"featured_media":0,"parent":0,"menu_order":0,"comment_status":"closed","ping_status":"closed","template":"","meta":{"footnotes":""},"class_list":["post-14","page","type-page","status-publish","hentry"],"yoast_head":"<!-- This site is optimized with the Yoast SEO plugin v27.2 - https:\/\/yoast.com\/product\/yoast-seo-wordpress\/ -->\n<title>\u0411\u043e\u043d\u0443\u0441\u0438 \u0438 \u043d\u0430\u0433\u0440\u0430\u0434\u0430 \u041c\u0430\u0445\u0430\u0440\u0430\u0434\u0436\u0430 \u0443 \u043e\u043d\u043b\u0438\u043d\u0435 \u0438\u0433\u0440\u0438 Cricket Crash<\/title>\n<meta name=\"description\" content=\"Bonusuri \u0219i Recompensa Maharaja \u00een jocul de pr\u0103bu\u0219ire Cricket Crash la cazinoul online. Joac\u0103 gratuit \u00een jocul online Cricket Crash.\" \/>\n<meta name=\"robots\" content=\"index, follow, max-snippet:-1, max-image-preview:large, max-video-preview:-1\" \/>\n<link rel=\"canonical\" href=\"https:\/\/tipsforcricketbetting.com\/ro\/bonus-in-the-game-cricket-crash\/\" \/>\n<meta property=\"og:locale\" content=\"ro_RO\" \/>\n<meta property=\"og:locale:alternate\" content=\"ru_RU\" \/>\n<meta property=\"og:locale:alternate\" content=\"en_US\" \/>\n<meta property=\"og:locale:alternate\" content=\"pt_PT\" \/>\n<meta property=\"og:locale:alternate\" content=\"es_ES\" \/>\n<meta property=\"og:locale:alternate\" content=\"sr_RS\" \/>\n<meta property=\"og:locale:alternate\" content=\"bg_BG\" \/>\n<meta property=\"og:locale:alternate\" content=\"pl_PL\" \/>\n<meta property=\"og:locale:alternate\" content=\"it_IT\" \/>\n<meta property=\"og:locale:alternate\" content=\"fr_FR\" \/>\n<meta property=\"og:type\" content=\"article\" \/>\n<meta property=\"og:title\" content=\"\u0411\u043e\u043d\u0443\u0441\u0438 \u0438 \u043d\u0430\u0433\u0440\u0430\u0434\u0430 \u041c\u0430\u0445\u0430\u0440\u0430\u0434\u0436\u0430 \u0443 \u043e\u043d\u043b\u0438\u043d\u0435 \u0438\u0433\u0440\u0438 Cricket Crash\" \/>\n<meta property=\"og:description\" content=\"\u0411\u043e\u043d\u0443\u0441\u0438 \u0438 \u043d\u0430\u0433\u0440\u0430\u0434\u0430 \u041c\u0430\u0445\u0430\u0440\u0430\u0434\u0436\u0430 \u0443 \u0438\u0433\u0440\u0438 Cricket Crash \u0443 \u043e\u043d\u043b\u0430\u0458\u043d \u043a\u0430\u0437\u0438\u043d\u0443. \u0418\u0433\u0440\u0430\u0458\u0442\u0435 \u0431\u0435\u0441\u043f\u043b\u0430\u0442\u043d\u043e \u0443 \u043e\u043d\u043b\u0430\u0458\u043d \u0438\u0433\u0440\u0438 Cricket Crash.\" \/>\n<meta property=\"og:url\" content=\"https:\/\/tipsforcricketbetting.com\/ro\/bonus-in-the-game-cricket-crash\/\" \/>\n<meta property=\"og:site_name\" content=\"Cricket\" \/>\n<meta property=\"article:modified_time\" content=\"2024-02-28T15:16:51+00:00\" \/>\n<meta name=\"twitter:card\" content=\"summary_large_image\" \/>\n<meta name=\"twitter:label1\" content=\"Timp estimat pentru citire\" \/>\n\t<meta name=\"twitter:data1\" content=\"18 minute\" \/>\n<script type=\"application\/ld+json\" class=\"yoast-schema-graph\">{\"@context\":\"https:\/\/schema.org\",\"@graph\":[{\"@type\":\"WebPage\",\"@id\":\"https:\/\/tipsforcricketbetting.com\/sr\/bonus-in-the-game-cricket-crash\/\",\"url\":\"https:\/\/tipsforcricketbetting.com\/sr\/bonus-in-the-game-cricket-crash\/\",\"name\":\"\u0411\u043e\u043d\u0443\u0441\u0438 \u0438 \u043d\u0430\u0433\u0440\u0430\u0434\u0430 \u041c\u0430\u0445\u0430\u0440\u0430\u0434\u0436\u0430 \u0443 \u043e\u043d\u043b\u0438\u043d\u0435 \u0438\u0433\u0440\u0438 Cricket Crash\",\"isPartOf\":{\"@id\":\"https:\/\/tipsforcricketbetting.com\/#website\"},\"datePublished\":\"2024-02-18T20:54:43+00:00\",\"dateModified\":\"2024-02-28T15:16:51+00:00\",\"description\":\"\u0411\u043e\u043d\u0443\u0441\u0438 \u0438 \u043d\u0430\u0433\u0440\u0430\u0434\u0430 \u041c\u0430\u0445\u0430\u0440\u0430\u0434\u0436\u0430 \u0443 \u0438\u0433\u0440\u0438 Cricket Crash \u0443 \u043e\u043d\u043b\u0430\u0458\u043d \u043a\u0430\u0437\u0438\u043d\u0443. \u0418\u0433\u0440\u0430\u0458\u0442\u0435 \u0431\u0435\u0441\u043f\u043b\u0430\u0442\u043d\u043e \u0443 \u043e\u043d\u043b\u0430\u0458\u043d \u0438\u0433\u0440\u0438 Cricket Crash.\",\"breadcrumb\":{\"@id\":\"https:\/\/tipsforcricketbetting.com\/sr\/bonus-in-the-game-cricket-crash\/#breadcrumb\"},\"inLanguage\":\"ro-RO\",\"potentialAction\":[{\"@type\":\"ReadAction\",\"target\":[\"https:\/\/tipsforcricketbetting.com\/sr\/bonus-in-the-game-cricket-crash\/\"]}]},{\"@type\":\"BreadcrumbList\",\"@id\":\"https:\/\/tipsforcricketbetting.com\/sr\/bonus-in-the-game-cricket-crash\/#breadcrumb\",\"itemListElement\":[{\"@type\":\"ListItem\",\"position\":1,\"name\":\"Home\",\"item\":\"https:\/\/tipsforcricketbetting.com\/\"},{\"@type\":\"ListItem\",\"position\":2,\"name\":\"\u0411\u043e\u043d\u0443\u0441 \u0432 \u0438\u0433\u0440\u0435 Cricket Crash\"}]},{\"@type\":\"WebSite\",\"@id\":\"https:\/\/tipsforcricketbetting.com\/#website\",\"url\":\"https:\/\/tipsforcricketbetting.com\/\",\"name\":\"Cricket\",\"description\":\"Just another WordPress site\",\"potentialAction\":[{\"@type\":\"SearchAction\",\"target\":{\"@type\":\"EntryPoint\",\"urlTemplate\":\"https:\/\/tipsforcricketbetting.com\/?s={search_term_string}\"},\"query-input\":{\"@type\":\"PropertyValueSpecification\",\"valueRequired\":true,\"valueName\":\"search_term_string\"}}],\"inLanguage\":\"ro-RO\"}]}<\/script>\n<!-- \/ Yoast SEO plugin. -->","yoast_head_json":{"title":"\u0411\u043e\u043d\u0443\u0441\u0438 \u0438 \u043d\u0430\u0433\u0440\u0430\u0434\u0430 \u041c\u0430\u0445\u0430\u0440\u0430\u0434\u0436\u0430 \u0443 \u043e\u043d\u043b\u0438\u043d\u0435 \u0438\u0433\u0440\u0438 Cricket Crash","description":"Bonusuri \u0219i Recompensa Maharaja \u00een jocul de pr\u0103bu\u0219ire Cricket Crash la cazinoul online. Joac\u0103 gratuit \u00een jocul online Cricket Crash.","robots":{"index":"index","follow":"follow","max-snippet":"max-snippet:-1","max-image-preview":"max-image-preview:large","max-video-preview":"max-video-preview:-1"},"canonical":"https:\/\/tipsforcricketbetting.com\/ro\/bonus-in-the-game-cricket-crash\/","og_locale":"ro_RO","og_type":"article","og_title":"\u0411\u043e\u043d\u0443\u0441\u0438 \u0438 \u043d\u0430\u0433\u0440\u0430\u0434\u0430 \u041c\u0430\u0445\u0430\u0440\u0430\u0434\u0436\u0430 \u0443 \u043e\u043d\u043b\u0438\u043d\u0435 \u0438\u0433\u0440\u0438 Cricket Crash","og_description":"\u0411\u043e\u043d\u0443\u0441\u0438 \u0438 \u043d\u0430\u0433\u0440\u0430\u0434\u0430 \u041c\u0430\u0445\u0430\u0440\u0430\u0434\u0436\u0430 \u0443 \u0438\u0433\u0440\u0438 Cricket Crash \u0443 \u043e\u043d\u043b\u0430\u0458\u043d \u043a\u0430\u0437\u0438\u043d\u0443. \u0418\u0433\u0440\u0430\u0458\u0442\u0435 \u0431\u0435\u0441\u043f\u043b\u0430\u0442\u043d\u043e \u0443 \u043e\u043d\u043b\u0430\u0458\u043d \u0438\u0433\u0440\u0438 Cricket Crash.","og_url":"https:\/\/tipsforcricketbetting.com\/ro\/bonus-in-the-game-cricket-crash\/","og_site_name":"Cricket","article_modified_time":"2024-02-28T15:16:51+00:00","twitter_card":"summary_large_image","twitter_misc":{"Timp estimat pentru citire":"18 minute"},"schema":{"@context":"https:\/\/schema.org","@graph":[{"@type":"WebPage","@id":"https:\/\/tipsforcricketbetting.com\/sr\/bonus-in-the-game-cricket-crash\/","url":"https:\/\/tipsforcricketbetting.com\/sr\/bonus-in-the-game-cricket-crash\/","name":"\u0411\u043e\u043d\u0443\u0441\u0438 \u0438 \u043d\u0430\u0433\u0440\u0430\u0434\u0430 \u041c\u0430\u0445\u0430\u0440\u0430\u0434\u0436\u0430 \u0443 \u043e\u043d\u043b\u0438\u043d\u0435 \u0438\u0433\u0440\u0438 Cricket Crash","isPartOf":{"@id":"https:\/\/tipsforcricketbetting.com\/#website"},"datePublished":"2024-02-18T20:54:43+00:00","dateModified":"2024-02-28T15:16:51+00:00","description":"\u0411\u043e\u043d\u0443\u0441\u0438 \u0438 \u043d\u0430\u0433\u0440\u0430\u0434\u0430 \u041c\u0430\u0445\u0430\u0440\u0430\u0434\u0436\u0430 \u0443 \u0438\u0433\u0440\u0438 Cricket Crash \u0443 \u043e\u043d\u043b\u0430\u0458\u043d \u043a\u0430\u0437\u0438\u043d\u0443. \u0418\u0433\u0440\u0430\u0458\u0442\u0435 \u0431\u0435\u0441\u043f\u043b\u0430\u0442\u043d\u043e \u0443 \u043e\u043d\u043b\u0430\u0458\u043d \u0438\u0433\u0440\u0438 Cricket Crash.","breadcrumb":{"@id":"https:\/\/tipsforcricketbetting.com\/sr\/bonus-in-the-game-cricket-crash\/#breadcrumb"},"inLanguage":"ro-RO","potentialAction":[{"@type":"ReadAction","target":["https:\/\/tipsforcricketbetting.com\/sr\/bonus-in-the-game-cricket-crash\/"]}]},{"@type":"BreadcrumbList","@id":"https:\/\/tipsforcricketbetting.com\/sr\/bonus-in-the-game-cricket-crash\/#breadcrumb","itemListElement":[{"@type":"ListItem","position":1,"name":"Home","item":"https:\/\/tipsforcricketbetting.com\/"},{"@type":"ListItem","position":2,"name":"\u0411\u043e\u043d\u0443\u0441 \u0432 \u0438\u0433\u0440\u0435 Cricket Crash"}]},{"@type":"WebSite","@id":"https:\/\/tipsforcricketbetting.com\/#website","url":"https:\/\/tipsforcricketbetting.com\/","name":"Cricket","description":"Just another WordPress site","potentialAction":[{"@type":"SearchAction","target":{"@type":"EntryPoint","urlTemplate":"https:\/\/tipsforcricketbetting.com\/?s={search_term_string}"},"query-input":{"@type":"PropertyValueSpecification","valueRequired":true,"valueName":"search_term_string"}}],"inLanguage":"ro-RO"}]}},"_links":{"self":[{"href":"https:\/\/tipsforcricketbetting.com\/ro\/wp-json\/wp\/v2\/pages\/14","targetHints":{"allow":["GET"]}}],"collection":[{"href":"https:\/\/tipsforcricketbetting.com\/ro\/wp-json\/wp\/v2\/pages"}],"about":[{"href":"https:\/\/tipsforcricketbetting.com\/ro\/wp-json\/wp\/v2\/types\/page"}],"author":[{"embeddable":true,"href":"https:\/\/tipsforcricketbetting.com\/ro\/wp-json\/wp\/v2\/users\/1"}],"replies":[{"embeddable":true,"href":"https:\/\/tipsforcricketbetting.com\/ro\/wp-json\/wp\/v2\/comments?post=14"}],"version-history":[{"count":18,"href":"https:\/\/tipsforcricketbetting.com\/ro\/wp-json\/wp\/v2\/pages\/14\/revisions"}],"predecessor-version":[{"id":115,"href":"https:\/\/tipsforcricketbetting.com\/ro\/wp-json\/wp\/v2\/pages\/14\/revisions\/115"}],"wp:attachment":[{"href":"https:\/\/tipsforcricketbetting.com\/ro\/wp-json\/wp\/v2\/media?parent=14"}],"curies":[{"name":"wp","href":"https:\/\/api.w.org\/{rel}","templated":true}]}}