{"id":12,"date":"2024-02-18T20:52:50","date_gmt":"2024-02-18T20:52:50","guid":{"rendered":"https:\/\/tipsforcricketbetting.com\/?page_id=12"},"modified":"2024-02-28T15:19:51","modified_gmt":"2024-02-28T15:19:51","slug":"how-to-claim-winnings","status":"publish","type":"page","link":"https:\/\/tipsforcricketbetting.com\/ro\/how-to-claim-winnings\/","title":{"rendered":"\u041a\u0430\u043a \u043f\u043e\u043b\u0443\u0447\u0438\u0442\u044c \u0432\u044b\u0438\u0433\u0440\u044b\u0448?"},"content":{"rendered":"<p>C\u00e2\u0219tigurile sunt valoarea pariului t\u0103u \u00eenmul\u021bit\u0103 cu coeficientul de multiplicare \u00een momentul \u00een care ape\u0219i butonul RECLAM\u0102 (coeficientul de multiplicare este indicat pe ecran). C\u00e2\u0219tigurile sunt indicate pe butonul RECLAM\u0102.<\/p>\n<p>Pentru a-\u021bi revendica c\u00e2\u0219tigurile, trebuie s\u0103 ape\u0219i butonul RECLAM\u0102 \u00een c\u00e2mpul corespunz\u0103tor \u00eenainte de a se produce un Crash. Dac\u0103 ai f\u0103cut 2 pariuri pentru runda de joc, ai ocazia s\u0103 revendici 2 c\u00e2\u0219tiguri.<\/p>\n<p>Runda de joc se \u00eencheie automat dup\u0103 ce ape\u0219i butonul RECLAM\u0102 (ultimul buton RECLAM\u0102 activ &#8211; \u00een cazul \u00een care au fost plasate 2 pariuri) sau ca rezultat al unui Crash, \u00een func\u021bie de ceea ce se \u00eent\u00e2mpl\u0103 mai \u00eent\u00e2i. Aceasta \u00eenseamn\u0103:<\/p>\n<ul>\n<li>Dac\u0103 ai plasat un singur pariu, runda de joc se va \u00eencheia automat dup\u0103 ce ape\u0219i butonul RECLAM\u0102.<\/li>\n<li>\u00cen cazul a 2 pariuri plasate pentru runda de joc, ap\u0103sarea butonului RECLAM\u0102 \u00een orice c\u00e2mp de pariu duce la plata c\u00e2\u0219tigurilor indicate pe butonul RECLAM\u0102 ap\u0103sat, iar tu ai \u00eenc\u0103 oportunitatea de a revendica al doilea c\u00e2\u0219tig \u00eenainte de un Crash, ap\u0103s\u00e2nd al doilea buton RECLAM\u0102.<\/li>\n<\/ul>\n<p>Dac\u0103 apare un Crash \u00eenainte s\u0103 ape\u0219i butonul (sau butoanele) RECLAM\u0102, pierzi pariul (sau pariurile &#8211; \u00een cazul \u00een care erau 2 butoane RECLAM\u0102 active \u00een momentul Crash-ului).<\/p>\n<h2><strong>Reguli de plat\u0103:<\/strong><\/h2>\n<p>\u00cen aceast\u0103 joc, nu exist\u0103 linii de c\u00e2\u0219tig. Plata c\u00e2\u0219tigurilor se face automat dup\u0103 ce ape\u0219i butonul RECLAM\u0102.<\/p>\n<p>Te rog s\u0103 re\u021bii c\u0103 suma c\u00e2\u0219tigurilor ob\u021binute ca rezultat al unui singur pariu este limitat\u0103 la suma maxim\u0103 c\u00e2\u0219tigat\u0103 pentru un singur pariu, dac\u0103 exist\u0103, \u00een scopuri de plat\u0103. Plata va fi limitat\u0103 conform sumei maxime c\u00e2\u0219tigate pentru un singur pariu. Suma maxim\u0103 c\u00e2\u0219tigat\u0103 pentru un singur pariu este specificat\u0103 \u00een sec\u021biunea Limitele jocului.<\/p>\n","protected":false},"excerpt":{"rendered":"<p>C\u00e2\u0219tigurile sunt valoarea pariului t\u0103u \u00eenmul\u021bit\u0103 cu coeficientul de multiplicare \u00een momentul \u00een care ape\u0219i butonul RECLAM\u0102 (coeficientul de multiplicare este indicat pe ecran). C\u00e2\u0219tigurile sunt indicate pe butonul RECLAM\u0102. Pentru a-\u021bi revendica c\u00e2\u0219tigurile, trebuie s\u0103 ape\u0219i butonul RECLAM\u0102 \u00een c\u00e2mpul corespunz\u0103tor \u00eenainte de a se produce un Crash. Dac\u0103 ai f\u0103cut 2 pariuri pentru [&hellip;]<\/p>\n","protected":false},"author":1,"featured_media":0,"parent":0,"menu_order":0,"comment_status":"closed","ping_status":"closed","template":"","meta":{"footnotes":""},"class_list":["post-12","page","type-page","status-publish","hentry"],"yoast_head":"<!-- This site is optimized with the Yoast SEO plugin v27.2 - https:\/\/yoast.com\/product\/yoast-seo-wordpress\/ -->\n<title>\u041a\u0430\u043a \u043f\u043e\u043b\u0443\u0447\u0438\u0442\u044c \u0432\u044b\u0438\u0433\u0440\u044b\u0448 \u0432 \u0438\u0433\u0440\u0435 Cricket Crash<\/title>\n<meta name=\"description\" content=\"Cum s\u0103 revendica\u021bi c\u00e2\u0219tigurile \u0219i regulile de plat\u0103 \u00een jocul online Cricket Crash.\" \/>\n<meta name=\"robots\" content=\"index, follow, max-snippet:-1, max-image-preview:large, max-video-preview:-1\" \/>\n<link rel=\"canonical\" href=\"https:\/\/tipsforcricketbetting.com\/ro\/how-to-claim-winnings\/\" \/>\n<meta property=\"og:locale\" content=\"ro_RO\" \/>\n<meta property=\"og:locale:alternate\" content=\"ru_RU\" \/>\n<meta property=\"og:locale:alternate\" content=\"en_US\" \/>\n<meta property=\"og:locale:alternate\" content=\"pt_PT\" \/>\n<meta property=\"og:locale:alternate\" content=\"es_ES\" \/>\n<meta property=\"og:locale:alternate\" content=\"sr_RS\" \/>\n<meta property=\"og:locale:alternate\" content=\"bg_BG\" \/>\n<meta property=\"og:locale:alternate\" content=\"pl_PL\" \/>\n<meta property=\"og:locale:alternate\" content=\"it_IT\" \/>\n<meta property=\"og:locale:alternate\" content=\"fr_FR\" \/>\n<meta property=\"og:type\" content=\"article\" \/>\n<meta property=\"og:title\" content=\"\u041a\u0430\u043a \u043f\u043e\u043b\u0443\u0447\u0438\u0442\u044c \u0432\u044b\u0438\u0433\u0440\u044b\u0448 \u0432 \u0438\u0433\u0440\u0435 Cricket Crash\" \/>\n<meta property=\"og:description\" content=\"\u041a\u0430\u043a \u043f\u043e\u043b\u0443\u0447\u0438\u0442\u044c \u0432\u044b\u0438\u0433\u0440\u044b\u0448 \u0438 \u043f\u0440\u0430\u0432\u0438\u043b\u0430 \u0432\u044b\u043f\u043b\u0430\u0442 \u0432 \u043e\u043d\u043b\u0430\u0439\u043d \u0438\u0433\u0440\u0435 Cricket Crash\" \/>\n<meta property=\"og:url\" content=\"https:\/\/tipsforcricketbetting.com\/ro\/how-to-claim-winnings\/\" \/>\n<meta property=\"og:site_name\" content=\"Cricket\" \/>\n<meta property=\"article:modified_time\" content=\"2024-02-28T15:19:51+00:00\" \/>\n<meta name=\"twitter:card\" content=\"summary_large_image\" \/>\n<meta name=\"twitter:label1\" content=\"Timp estimat pentru citire\" \/>\n\t<meta name=\"twitter:data1\" content=\"11 minute\" \/>\n<script type=\"application\/ld+json\" class=\"yoast-schema-graph\">{\"@context\":\"https:\/\/schema.org\",\"@graph\":[{\"@type\":\"WebPage\",\"@id\":\"https:\/\/tipsforcricketbetting.com\/how-to-claim-winnings\/\",\"url\":\"https:\/\/tipsforcricketbetting.com\/how-to-claim-winnings\/\",\"name\":\"\u041a\u0430\u043a \u043f\u043e\u043b\u0443\u0447\u0438\u0442\u044c \u0432\u044b\u0438\u0433\u0440\u044b\u0448 \u0432 \u0438\u0433\u0440\u0435 Cricket Crash\",\"isPartOf\":{\"@id\":\"https:\/\/tipsforcricketbetting.com\/#website\"},\"datePublished\":\"2024-02-18T20:52:50+00:00\",\"dateModified\":\"2024-02-28T15:19:51+00:00\",\"description\":\"\u041a\u0430\u043a \u043f\u043e\u043b\u0443\u0447\u0438\u0442\u044c \u0432\u044b\u0438\u0433\u0440\u044b\u0448 \u0438 \u043f\u0440\u0430\u0432\u0438\u043b\u0430 \u0432\u044b\u043f\u043b\u0430\u0442 \u0432 \u043e\u043d\u043b\u0430\u0439\u043d \u0438\u0433\u0440\u0435 Cricket Crash\",\"breadcrumb\":{\"@id\":\"https:\/\/tipsforcricketbetting.com\/how-to-claim-winnings\/#breadcrumb\"},\"inLanguage\":\"ro-RO\",\"potentialAction\":[{\"@type\":\"ReadAction\",\"target\":[\"https:\/\/tipsforcricketbetting.com\/how-to-claim-winnings\/\"]}]},{\"@type\":\"BreadcrumbList\",\"@id\":\"https:\/\/tipsforcricketbetting.com\/how-to-claim-winnings\/#breadcrumb\",\"itemListElement\":[{\"@type\":\"ListItem\",\"position\":1,\"name\":\"Home\",\"item\":\"https:\/\/tipsforcricketbetting.com\/\"},{\"@type\":\"ListItem\",\"position\":2,\"name\":\"\u041a\u0430\u043a \u043f\u043e\u043b\u0443\u0447\u0438\u0442\u044c \u0432\u044b\u0438\u0433\u0440\u044b\u0448?\"}]},{\"@type\":\"WebSite\",\"@id\":\"https:\/\/tipsforcricketbetting.com\/#website\",\"url\":\"https:\/\/tipsforcricketbetting.com\/\",\"name\":\"Cricket\",\"description\":\"Just another WordPress site\",\"potentialAction\":[{\"@type\":\"SearchAction\",\"target\":{\"@type\":\"EntryPoint\",\"urlTemplate\":\"https:\/\/tipsforcricketbetting.com\/?s={search_term_string}\"},\"query-input\":{\"@type\":\"PropertyValueSpecification\",\"valueRequired\":true,\"valueName\":\"search_term_string\"}}],\"inLanguage\":\"ro-RO\"}]}<\/script>\n<!-- \/ Yoast SEO plugin. -->","yoast_head_json":{"title":"\u041a\u0430\u043a \u043f\u043e\u043b\u0443\u0447\u0438\u0442\u044c \u0432\u044b\u0438\u0433\u0440\u044b\u0448 \u0432 \u0438\u0433\u0440\u0435 Cricket Crash","description":"Cum s\u0103 revendica\u021bi c\u00e2\u0219tigurile \u0219i regulile de plat\u0103 \u00een jocul online Cricket Crash.","robots":{"index":"index","follow":"follow","max-snippet":"max-snippet:-1","max-image-preview":"max-image-preview:large","max-video-preview":"max-video-preview:-1"},"canonical":"https:\/\/tipsforcricketbetting.com\/ro\/how-to-claim-winnings\/","og_locale":"ro_RO","og_type":"article","og_title":"\u041a\u0430\u043a \u043f\u043e\u043b\u0443\u0447\u0438\u0442\u044c \u0432\u044b\u0438\u0433\u0440\u044b\u0448 \u0432 \u0438\u0433\u0440\u0435 Cricket Crash","og_description":"\u041a\u0430\u043a \u043f\u043e\u043b\u0443\u0447\u0438\u0442\u044c \u0432\u044b\u0438\u0433\u0440\u044b\u0448 \u0438 \u043f\u0440\u0430\u0432\u0438\u043b\u0430 \u0432\u044b\u043f\u043b\u0430\u0442 \u0432 \u043e\u043d\u043b\u0430\u0439\u043d \u0438\u0433\u0440\u0435 Cricket Crash","og_url":"https:\/\/tipsforcricketbetting.com\/ro\/how-to-claim-winnings\/","og_site_name":"Cricket","article_modified_time":"2024-02-28T15:19:51+00:00","twitter_card":"summary_large_image","twitter_misc":{"Timp estimat pentru citire":"11 minute"},"schema":{"@context":"https:\/\/schema.org","@graph":[{"@type":"WebPage","@id":"https:\/\/tipsforcricketbetting.com\/how-to-claim-winnings\/","url":"https:\/\/tipsforcricketbetting.com\/how-to-claim-winnings\/","name":"\u041a\u0430\u043a \u043f\u043e\u043b\u0443\u0447\u0438\u0442\u044c \u0432\u044b\u0438\u0433\u0440\u044b\u0448 \u0432 \u0438\u0433\u0440\u0435 Cricket Crash","isPartOf":{"@id":"https:\/\/tipsforcricketbetting.com\/#website"},"datePublished":"2024-02-18T20:52:50+00:00","dateModified":"2024-02-28T15:19:51+00:00","description":"\u041a\u0430\u043a \u043f\u043e\u043b\u0443\u0447\u0438\u0442\u044c \u0432\u044b\u0438\u0433\u0440\u044b\u0448 \u0438 \u043f\u0440\u0430\u0432\u0438\u043b\u0430 \u0432\u044b\u043f\u043b\u0430\u0442 \u0432 \u043e\u043d\u043b\u0430\u0439\u043d \u0438\u0433\u0440\u0435 Cricket Crash","breadcrumb":{"@id":"https:\/\/tipsforcricketbetting.com\/how-to-claim-winnings\/#breadcrumb"},"inLanguage":"ro-RO","potentialAction":[{"@type":"ReadAction","target":["https:\/\/tipsforcricketbetting.com\/how-to-claim-winnings\/"]}]},{"@type":"BreadcrumbList","@id":"https:\/\/tipsforcricketbetting.com\/how-to-claim-winnings\/#breadcrumb","itemListElement":[{"@type":"ListItem","position":1,"name":"Home","item":"https:\/\/tipsforcricketbetting.com\/"},{"@type":"ListItem","position":2,"name":"\u041a\u0430\u043a \u043f\u043e\u043b\u0443\u0447\u0438\u0442\u044c \u0432\u044b\u0438\u0433\u0440\u044b\u0448?"}]},{"@type":"WebSite","@id":"https:\/\/tipsforcricketbetting.com\/#website","url":"https:\/\/tipsforcricketbetting.com\/","name":"Cricket","description":"Just another WordPress site","potentialAction":[{"@type":"SearchAction","target":{"@type":"EntryPoint","urlTemplate":"https:\/\/tipsforcricketbetting.com\/?s={search_term_string}"},"query-input":{"@type":"PropertyValueSpecification","valueRequired":true,"valueName":"search_term_string"}}],"inLanguage":"ro-RO"}]}},"_links":{"self":[{"href":"https:\/\/tipsforcricketbetting.com\/ro\/wp-json\/wp\/v2\/pages\/12","targetHints":{"allow":["GET"]}}],"collection":[{"href":"https:\/\/tipsforcricketbetting.com\/ro\/wp-json\/wp\/v2\/pages"}],"about":[{"href":"https:\/\/tipsforcricketbetting.com\/ro\/wp-json\/wp\/v2\/types\/page"}],"author":[{"embeddable":true,"href":"https:\/\/tipsforcricketbetting.com\/ro\/wp-json\/wp\/v2\/users\/1"}],"replies":[{"embeddable":true,"href":"https:\/\/tipsforcricketbetting.com\/ro\/wp-json\/wp\/v2\/comments?post=12"}],"version-history":[{"count":17,"href":"https:\/\/tipsforcricketbetting.com\/ro\/wp-json\/wp\/v2\/pages\/12\/revisions"}],"predecessor-version":[{"id":117,"href":"https:\/\/tipsforcricketbetting.com\/ro\/wp-json\/wp\/v2\/pages\/12\/revisions\/117"}],"wp:attachment":[{"href":"https:\/\/tipsforcricketbetting.com\/ro\/wp-json\/wp\/v2\/media?parent=12"}],"curies":[{"name":"wp","href":"https:\/\/api.w.org\/{rel}","templated":true}]}}