{"id":10,"date":"2024-02-18T20:51:21","date_gmt":"2024-02-18T20:51:21","guid":{"rendered":"https:\/\/tipsforcricketbetting.com\/?page_id=10"},"modified":"2024-02-28T15:18:10","modified_gmt":"2024-02-28T15:18:10","slug":"additional-features","status":"publish","type":"page","link":"https:\/\/tipsforcricketbetting.com\/ro\/additional-features\/","title":{"rendered":"\u0414\u043e\u043f\u043e\u043b\u043d\u0438\u0442\u0435\u043b\u044c\u043d\u044b\u0435 \u0432\u043e\u0437\u043c\u043e\u0436\u043d\u043e\u0441\u0442\u0438"},"content":{"rendered":"<p>\u00cen acest joc, pute\u021bi vizualiza rezultatele pentru cele mai recente runde de joc ap\u0103s\u00e2nd butonul MY BETS, precum \u0219i rezultatele altor juc\u0103tori ap\u0103s\u00e2nd butonul PLAYERS. V\u0103 rug\u0103m s\u0103 re\u021bine\u021bi c\u0103 prin jocul acesta, sunte\u021bi de acord \u0219i v\u0103 da\u021bi consim\u021b\u0103m\u00e2ntul direct \u0219i clar pentru afi\u0219area numelui dvs. de utilizator, c\u00e2\u0219tigurilor, precum \u0219i a mizei \u0219i multiplicatorului la care a\u021bi revendicat c\u00e2\u0219tigurile.<\/p>\n<p>De asemenea, pute\u021bi exprima sentimentele \u0219i emo\u021biile despre sesiunea de joc ap\u0103s\u00e2nd pe oricare dintre emoji-uri. Emoji-urile selectate sunt vizibile tuturor juc\u0103torilor, deci v\u0103 rug\u0103m s\u0103 fi\u021bi politicos \u0219i respectuos.<\/p>\n<h2><strong>Informa\u021bii suplimentare:<\/strong><\/h2>\n<p>Urm\u0103toarele aspecte \u0219i set\u0103ri pot fi reglementate de termenii platformei pe care juca\u021bi:<\/p>\n<ul>\n<li>Procedurile utilizate pentru gestionarea jocurilor neterminate;<\/li>\n<li>Timpul dup\u0103 care sesiunile de joc inactive sunt terminate automat.<\/li>\n<\/ul>\n<p>Pentru informa\u021bii suplimentare, vizita\u021bi site-ul platformei pe care juca\u021bi.<\/p>\n<p>V\u0103 rug\u0103m s\u0103 re\u021bine\u021bi c\u0103 pe unele dispozitive, faptul c\u0103 face\u021bi clic \u00een apropierea oric\u0103rui simbol, element sau buton este echivalent cu faptul c\u0103 face\u021bi clic pe butonul corespunz\u0103tor.<\/p>\n<p>\u00cen cazul \u00een care apare o defec\u021biune a software-ului de jocuri, toate pariurile afectate sunt anulate \u0219i rambursate. Anularea pariurilor \u00eenseamn\u0103 c\u0103 orice c\u00e2\u0219tiguri, inclusiv distribu\u021biile de jackpot, precum \u0219i orice alte bonusuri formate sau creditate din, c\u0103tre sau pe baza pariului anulat, devin invalide \u0219i trebuie anulate.<\/p>\n<p>V\u0103 rug\u0103m s\u0103 re\u021bine\u021bi c\u0103 viteza conexiunii la internet poate afecta procesul de joc.<\/p>\n<h2><strong>RTP (Return to Player):<\/strong><\/h2>\n<p>RTP-ul este de 95%.<\/p>\n<p>RTP-ul reprezint\u0103 procentul statistic teoretic al sumei totale a pariurilor din joc care este pl\u0103tit ca c\u00e2\u0219tiguri pe o anumit\u0103 perioad\u0103.<\/p>\n","protected":false},"excerpt":{"rendered":"<p>\u00cen acest joc, pute\u021bi vizualiza rezultatele pentru cele mai recente runde de joc ap\u0103s\u00e2nd butonul MY BETS, precum \u0219i rezultatele altor juc\u0103tori ap\u0103s\u00e2nd butonul PLAYERS. V\u0103 rug\u0103m s\u0103 re\u021bine\u021bi c\u0103 prin jocul acesta, sunte\u021bi de acord \u0219i v\u0103 da\u021bi consim\u021b\u0103m\u00e2ntul direct \u0219i clar pentru afi\u0219area numelui dvs. de utilizator, c\u00e2\u0219tigurilor, precum \u0219i a mizei \u0219i [&hellip;]<\/p>\n","protected":false},"author":1,"featured_media":0,"parent":0,"menu_order":0,"comment_status":"closed","ping_status":"closed","template":"","meta":{"footnotes":""},"class_list":["post-10","page","type-page","status-publish","hentry"],"yoast_head":"<!-- This site is optimized with the Yoast SEO plugin v27.2 - https:\/\/yoast.com\/product\/yoast-seo-wordpress\/ -->\n<title>\u0414\u043e\u0434\u0430\u0442\u043d\u0435 \u0438\u043d\u0444\u043e\u0440\u043c\u0430\u0446\u0438\u0458\u0435 \u043e \u0438\u0433\u0440\u0438 Cricket Crash<\/title>\n<meta name=\"description\" content=\"Caracteristici suplimentare despre jocul Cricket Crash \u00een cazinoul online.\" \/>\n<meta name=\"robots\" content=\"index, follow, max-snippet:-1, max-image-preview:large, max-video-preview:-1\" \/>\n<link rel=\"canonical\" href=\"https:\/\/tipsforcricketbetting.com\/ro\/additional-features\/\" \/>\n<meta property=\"og:locale\" content=\"ro_RO\" \/>\n<meta property=\"og:locale:alternate\" content=\"ru_RU\" \/>\n<meta property=\"og:locale:alternate\" content=\"en_US\" \/>\n<meta property=\"og:locale:alternate\" content=\"pt_PT\" \/>\n<meta property=\"og:locale:alternate\" content=\"es_ES\" \/>\n<meta property=\"og:locale:alternate\" content=\"sr_RS\" \/>\n<meta property=\"og:locale:alternate\" content=\"bg_BG\" \/>\n<meta property=\"og:locale:alternate\" content=\"pl_PL\" \/>\n<meta property=\"og:locale:alternate\" content=\"it_IT\" \/>\n<meta property=\"og:locale:alternate\" content=\"fr_FR\" \/>\n<meta property=\"og:type\" content=\"article\" \/>\n<meta property=\"og:title\" content=\"\u0414\u043e\u0434\u0430\u0442\u043d\u0435 \u0438\u043d\u0444\u043e\u0440\u043c\u0430\u0446\u0438\u0458\u0435 \u043e \u0438\u0433\u0440\u0438 Cricket Crash\" \/>\n<meta property=\"og:description\" content=\"\u0414\u043e\u0434\u0430\u0442\u043d\u0435 \u0444\u0443\u043d\u043a\u0446\u0438\u0458\u0435 \u043e \u0438\u0433\u0440\u0438 Cricket Crash \u0443 \u043e\u043d\u043b\u0430\u0458\u043d \u043a\u0430\u0437\u0438\u043d\u0443.\" \/>\n<meta property=\"og:url\" content=\"https:\/\/tipsforcricketbetting.com\/ro\/additional-features\/\" \/>\n<meta property=\"og:site_name\" content=\"Cricket\" \/>\n<meta property=\"article:modified_time\" content=\"2024-02-28T15:18:10+00:00\" \/>\n<meta name=\"twitter:card\" content=\"summary_large_image\" \/>\n<meta name=\"twitter:label1\" content=\"Timp estimat pentru citire\" \/>\n\t<meta name=\"twitter:data1\" content=\"10 minute\" \/>\n<script type=\"application\/ld+json\" class=\"yoast-schema-graph\">{\"@context\":\"https:\/\/schema.org\",\"@graph\":[{\"@type\":\"WebPage\",\"@id\":\"https:\/\/tipsforcricketbetting.com\/sr\/additional-features\/\",\"url\":\"https:\/\/tipsforcricketbetting.com\/sr\/additional-features\/\",\"name\":\"\u0414\u043e\u0434\u0430\u0442\u043d\u0435 \u0438\u043d\u0444\u043e\u0440\u043c\u0430\u0446\u0438\u0458\u0435 \u043e \u0438\u0433\u0440\u0438 Cricket Crash\",\"isPartOf\":{\"@id\":\"https:\/\/tipsforcricketbetting.com\/#website\"},\"datePublished\":\"2024-02-18T20:51:21+00:00\",\"dateModified\":\"2024-02-28T15:18:10+00:00\",\"description\":\"\u0414\u043e\u0434\u0430\u0442\u043d\u0435 \u0444\u0443\u043d\u043a\u0446\u0438\u0458\u0435 \u043e \u0438\u0433\u0440\u0438 Cricket Crash \u0443 \u043e\u043d\u043b\u0430\u0458\u043d \u043a\u0430\u0437\u0438\u043d\u0443.\",\"breadcrumb\":{\"@id\":\"https:\/\/tipsforcricketbetting.com\/sr\/additional-features\/#breadcrumb\"},\"inLanguage\":\"ro-RO\",\"potentialAction\":[{\"@type\":\"ReadAction\",\"target\":[\"https:\/\/tipsforcricketbetting.com\/sr\/additional-features\/\"]}]},{\"@type\":\"BreadcrumbList\",\"@id\":\"https:\/\/tipsforcricketbetting.com\/sr\/additional-features\/#breadcrumb\",\"itemListElement\":[{\"@type\":\"ListItem\",\"position\":1,\"name\":\"Home\",\"item\":\"https:\/\/tipsforcricketbetting.com\/\"},{\"@type\":\"ListItem\",\"position\":2,\"name\":\"\u0414\u043e\u043f\u043e\u043b\u043d\u0438\u0442\u0435\u043b\u044c\u043d\u044b\u0435 \u0432\u043e\u0437\u043c\u043e\u0436\u043d\u043e\u0441\u0442\u0438\"}]},{\"@type\":\"WebSite\",\"@id\":\"https:\/\/tipsforcricketbetting.com\/#website\",\"url\":\"https:\/\/tipsforcricketbetting.com\/\",\"name\":\"Cricket\",\"description\":\"Just another WordPress site\",\"potentialAction\":[{\"@type\":\"SearchAction\",\"target\":{\"@type\":\"EntryPoint\",\"urlTemplate\":\"https:\/\/tipsforcricketbetting.com\/?s={search_term_string}\"},\"query-input\":{\"@type\":\"PropertyValueSpecification\",\"valueRequired\":true,\"valueName\":\"search_term_string\"}}],\"inLanguage\":\"ro-RO\"}]}<\/script>\n<!-- \/ Yoast SEO plugin. -->","yoast_head_json":{"title":"\u0414\u043e\u0434\u0430\u0442\u043d\u0435 \u0438\u043d\u0444\u043e\u0440\u043c\u0430\u0446\u0438\u0458\u0435 \u043e \u0438\u0433\u0440\u0438 Cricket Crash","description":"Caracteristici suplimentare despre jocul Cricket Crash \u00een cazinoul online.","robots":{"index":"index","follow":"follow","max-snippet":"max-snippet:-1","max-image-preview":"max-image-preview:large","max-video-preview":"max-video-preview:-1"},"canonical":"https:\/\/tipsforcricketbetting.com\/ro\/additional-features\/","og_locale":"ro_RO","og_type":"article","og_title":"\u0414\u043e\u0434\u0430\u0442\u043d\u0435 \u0438\u043d\u0444\u043e\u0440\u043c\u0430\u0446\u0438\u0458\u0435 \u043e \u0438\u0433\u0440\u0438 Cricket Crash","og_description":"\u0414\u043e\u0434\u0430\u0442\u043d\u0435 \u0444\u0443\u043d\u043a\u0446\u0438\u0458\u0435 \u043e \u0438\u0433\u0440\u0438 Cricket Crash \u0443 \u043e\u043d\u043b\u0430\u0458\u043d \u043a\u0430\u0437\u0438\u043d\u0443.","og_url":"https:\/\/tipsforcricketbetting.com\/ro\/additional-features\/","og_site_name":"Cricket","article_modified_time":"2024-02-28T15:18:10+00:00","twitter_card":"summary_large_image","twitter_misc":{"Timp estimat pentru citire":"10 minute"},"schema":{"@context":"https:\/\/schema.org","@graph":[{"@type":"WebPage","@id":"https:\/\/tipsforcricketbetting.com\/sr\/additional-features\/","url":"https:\/\/tipsforcricketbetting.com\/sr\/additional-features\/","name":"\u0414\u043e\u0434\u0430\u0442\u043d\u0435 \u0438\u043d\u0444\u043e\u0440\u043c\u0430\u0446\u0438\u0458\u0435 \u043e \u0438\u0433\u0440\u0438 Cricket Crash","isPartOf":{"@id":"https:\/\/tipsforcricketbetting.com\/#website"},"datePublished":"2024-02-18T20:51:21+00:00","dateModified":"2024-02-28T15:18:10+00:00","description":"\u0414\u043e\u0434\u0430\u0442\u043d\u0435 \u0444\u0443\u043d\u043a\u0446\u0438\u0458\u0435 \u043e \u0438\u0433\u0440\u0438 Cricket Crash \u0443 \u043e\u043d\u043b\u0430\u0458\u043d \u043a\u0430\u0437\u0438\u043d\u0443.","breadcrumb":{"@id":"https:\/\/tipsforcricketbetting.com\/sr\/additional-features\/#breadcrumb"},"inLanguage":"ro-RO","potentialAction":[{"@type":"ReadAction","target":["https:\/\/tipsforcricketbetting.com\/sr\/additional-features\/"]}]},{"@type":"BreadcrumbList","@id":"https:\/\/tipsforcricketbetting.com\/sr\/additional-features\/#breadcrumb","itemListElement":[{"@type":"ListItem","position":1,"name":"Home","item":"https:\/\/tipsforcricketbetting.com\/"},{"@type":"ListItem","position":2,"name":"\u0414\u043e\u043f\u043e\u043b\u043d\u0438\u0442\u0435\u043b\u044c\u043d\u044b\u0435 \u0432\u043e\u0437\u043c\u043e\u0436\u043d\u043e\u0441\u0442\u0438"}]},{"@type":"WebSite","@id":"https:\/\/tipsforcricketbetting.com\/#website","url":"https:\/\/tipsforcricketbetting.com\/","name":"Cricket","description":"Just another WordPress site","potentialAction":[{"@type":"SearchAction","target":{"@type":"EntryPoint","urlTemplate":"https:\/\/tipsforcricketbetting.com\/?s={search_term_string}"},"query-input":{"@type":"PropertyValueSpecification","valueRequired":true,"valueName":"search_term_string"}}],"inLanguage":"ro-RO"}]}},"_links":{"self":[{"href":"https:\/\/tipsforcricketbetting.com\/ro\/wp-json\/wp\/v2\/pages\/10","targetHints":{"allow":["GET"]}}],"collection":[{"href":"https:\/\/tipsforcricketbetting.com\/ro\/wp-json\/wp\/v2\/pages"}],"about":[{"href":"https:\/\/tipsforcricketbetting.com\/ro\/wp-json\/wp\/v2\/types\/page"}],"author":[{"embeddable":true,"href":"https:\/\/tipsforcricketbetting.com\/ro\/wp-json\/wp\/v2\/users\/1"}],"replies":[{"embeddable":true,"href":"https:\/\/tipsforcricketbetting.com\/ro\/wp-json\/wp\/v2\/comments?post=10"}],"version-history":[{"count":20,"href":"https:\/\/tipsforcricketbetting.com\/ro\/wp-json\/wp\/v2\/pages\/10\/revisions"}],"predecessor-version":[{"id":116,"href":"https:\/\/tipsforcricketbetting.com\/ro\/wp-json\/wp\/v2\/pages\/10\/revisions\/116"}],"wp:attachment":[{"href":"https:\/\/tipsforcricketbetting.com\/ro\/wp-json\/wp\/v2\/media?parent=10"}],"curies":[{"name":"wp","href":"https:\/\/api.w.org\/{rel}","templated":true}]}}