{"id":6,"date":"2024-02-18T20:48:45","date_gmt":"2024-02-18T20:48:45","guid":{"rendered":"https:\/\/tipsforcricketbetting.com\/?page_id=6"},"modified":"2024-02-28T15:20:54","modified_gmt":"2024-02-28T15:20:54","slug":"what-is-cricket-crash","status":"publish","type":"page","link":"https:\/\/tipsforcricketbetting.com\/pt\/","title":{"rendered":"O que \u00e9 Cricket Crash?"},"content":{"rendered":"<p>Cricket Crash \u00e9 um jogo de colapso no estilo de um torneio de cr\u00edquete. \u00c9 um jogo multijogador. Neste jogo, o coeficiente multiplicador aumenta constantemente desde o in\u00edcio da sess\u00e3o de jogo at\u00e9 que a bola de cr\u00edquete exploda (Crash).<\/p>\n<p>O objetivo do Cricket Crash \u00e9 reivindicar ganhos com o coeficiente multiplicador mais alto poss\u00edvel antes do Crash. Os ganhos s\u00e3o a aposta do jogador multiplicada pelo coeficiente multiplicador no momento em que o jogador pressiona o bot\u00e3o REIVINDICAR (o coeficiente multiplicador \u00e9 indicado na tela).<\/p>\n<h2><strong>Como come\u00e7ar uma rodada de jogo?<\/strong><\/h2>\n<p>Cricket Crash \u00e9 um jogo multijogador no qual v\u00e1rios jogadores jogam simultaneamente.<\/p>\n<p>A sess\u00e3o de jogo come\u00e7a independentemente de voc\u00ea ter come\u00e7ado uma rodada de jogo. A sess\u00e3o de jogo continua independentemente de suas a\u00e7\u00f5es (come\u00e7ando e terminando uma rodada de jogo). Isso significa que voc\u00ea pode ver a bola de cr\u00edquete voando, assim como outras anima\u00e7\u00f5es do jogo e os resultados de outros jogadores, sem iniciar uma rodada de jogo ou j\u00e1 t\u00ea-la conclu\u00eddo.<\/p>\n<p>A sess\u00e3o de jogo come\u00e7a a partir do momento em que o primeiro coeficiente multiplicador aparece na tela e dura at\u00e9 o Crash. Uma rodada de jogo \u00e9 uma sess\u00e3o de jogo em rela\u00e7\u00e3o \u00e0 qual voc\u00ea fez uma aposta (uma ou mais apostas foram feitas nesta rodada de jogo antes de come\u00e7ar).<\/p>\n<p>Voc\u00ea come\u00e7a uma rodada de jogo apenas depois de fazer uma aposta antes de come\u00e7ar, ou seja, antes do in\u00edcio de uma nova sess\u00e3o de jogo. A rodada de jogo come\u00e7a com o in\u00edcio da sess\u00e3o de jogo. A rodada de jogo dura desde o momento em que o primeiro coeficiente multiplicador aparece na tela at\u00e9 o momento do Crash ou at\u00e9 voc\u00ea pressionar o bot\u00e3o REIVINDICAR (sua \u00faltima press\u00e3o do bot\u00e3o REIVINDICAR &#8211; caso tenham sido feitas 2 apostas na rodada de jogo), dependendo do que acontecer primeiro.<\/p>\n<p>Para come\u00e7ar uma rodada de jogo (no modo de jogo padr\u00e3o), voc\u00ea precisa pressionar o bot\u00e3o FAZER APOSTA.<\/p>\n<h2><strong>Como fazer uma aposta<\/strong><\/h2>\n<p>Uma aposta s\u00f3 pode ser feita antes do in\u00edcio de uma rodada de jogo, ou seja, durante o tempo definido para fazer apostas ou ap\u00f3s o t\u00e9rmino de uma rodada de jogo &#8211; apenas para a pr\u00f3xima rodada de jogo.<\/p>\n<h2><strong>Tempo definido para fazer apostas<\/strong><\/h2>\n<p>Cada rodada de jogo est\u00e1 sujeita a uma aposta. O tamanho da sua aposta \u00e9 indicado no campo &#8220;APOSTA&#8221;. O tamanho da aposta pode ser definido com os bot\u00f5es &#8220;+&#8221; e &#8220;-&#8221; correspondentes ou selecionando um bot\u00e3o com um tamanho de aposta pr\u00e9-determinado. O tamanho da aposta \u00e9 especificado na moeda em que voc\u00ea joga na plataforma. Cada rodada de jogo custa a aposta especificada no campo &#8220;APOSTA&#8221;.<\/p>\n<p>No modo de jogo padr\u00e3o, voc\u00ea faz uma aposta pressionando o bot\u00e3o FAZER APOSTA, e o valor da aposta \u00e9 deduzido do seu saldo simultaneamente com o in\u00edcio da rodada de jogo. Em alguns dispositivos, pressionar a barra de espa\u00e7o no teclado \u00e9 equivalente a pressionar o bot\u00e3o FAZER APOSTA e inicia a rodada de jogo, implicando em fazer uma aposta especificada no campo &#8220;APOSTA&#8221;.<\/p>\n<p>No modo de reprodu\u00e7\u00e3o autom\u00e1tica, a rodada de jogo come\u00e7a automaticamente sem pressionar o bot\u00e3o FAZER APOSTA, e o valor da aposta \u00e9 deduzido do seu saldo simultaneamente com o in\u00edcio da rodada de jogo.<\/p>\n<h2><strong>Mais de uma aposta<\/strong><\/h2>\n<p>No Cricket Crash, h\u00e1 uma fun\u00e7\u00e3o que permite fazer 2 apostas simultaneamente em uma rodada de jogo. Para ativar essa fun\u00e7\u00e3o, voc\u00ea precisa pressionar o bot\u00e3o FAZER APOSTA em outro campo &#8220;APOSTA&#8221;.<\/p>\n<p>Para fazer uma segunda aposta, voc\u00ea precisa realizar todas as a\u00e7\u00f5es, como para a primeira aposta no segundo campo de aposta, ou seja, definir o tamanho da aposta e pressionar o bot\u00e3o FAZER APOSTA correspondente \u00e0 segunda aposta.<\/p>\n<p>Os campos de aposta n\u00e3o est\u00e3o vinculados, voc\u00ea pode definir apostas diferentes e tamb\u00e9m fazer apenas uma aposta.<\/p>\n","protected":false},"excerpt":{"rendered":"<p>Cricket Crash \u00e9 um jogo de colapso no estilo de um torneio de cr\u00edquete. \u00c9 um jogo multijogador. Neste jogo, o coeficiente multiplicador aumenta constantemente desde o in\u00edcio da sess\u00e3o de jogo at\u00e9 que a bola de cr\u00edquete exploda (Crash). O objetivo do Cricket Crash \u00e9 reivindicar ganhos com o coeficiente multiplicador mais alto poss\u00edvel [&hellip;]<\/p>\n","protected":false},"author":1,"featured_media":0,"parent":0,"menu_order":0,"comment_status":"closed","ping_status":"closed","template":"","meta":{"footnotes":""},"class_list":["post-6","page","type-page","status-publish","hentry"],"yoast_head":"<!-- This site is optimized with the Yoast SEO plugin v27.2 - https:\/\/yoast.com\/product\/yoast-seo-wordpress\/ -->\n<title>\u0418\u0433\u0440\u0430\u0442\u044c \u0432 \u043e\u043d\u043b\u0430\u0439\u043d \u0438\u0433\u0440\u0443 Cricket Crash<\/title>\n<meta name=\"description\" content=\"Como jogar Cricket Crash. Como come\u00e7ar um round de jogo e como fazer uma aposta no Cricket Crash. Aposta autom\u00e1tica e novas apostas\" \/>\n<meta name=\"robots\" content=\"index, follow, max-snippet:-1, max-image-preview:large, max-video-preview:-1\" \/>\n<link rel=\"canonical\" href=\"https:\/\/tipsforcricketbetting.com\/pt\/\" \/>\n<meta property=\"og:locale\" content=\"pt_PT\" \/>\n<meta property=\"og:locale:alternate\" content=\"ru_RU\" \/>\n<meta property=\"og:locale:alternate\" content=\"en_US\" \/>\n<meta property=\"og:locale:alternate\" content=\"es_ES\" \/>\n<meta property=\"og:locale:alternate\" content=\"ro_RO\" \/>\n<meta property=\"og:locale:alternate\" content=\"sr_RS\" \/>\n<meta property=\"og:locale:alternate\" content=\"bg_BG\" \/>\n<meta property=\"og:locale:alternate\" content=\"pl_PL\" \/>\n<meta property=\"og:locale:alternate\" content=\"it_IT\" \/>\n<meta property=\"og:locale:alternate\" content=\"fr_FR\" \/>\n<meta property=\"og:type\" content=\"article\" \/>\n<meta property=\"og:title\" content=\"\u0418\u0433\u0440\u0430\u0442\u044c \u0432 \u043e\u043d\u043b\u0430\u0439\u043d \u0438\u0433\u0440\u0443 Cricket Crash\" \/>\n<meta property=\"og:description\" content=\"\u041a\u0430\u043a \u0438\u0433\u0440\u0430\u0442\u044c \u0432 Cricket Crash. \u041a\u0430\u043a \u043d\u0430\u0447\u0430\u0442\u044c \u0438\u0433\u0440\u043e\u0432\u043e\u0439 \u0440\u0430\u0443\u043d\u0434 \u0438 \u043a\u0430\u043a \u0441\u0434\u0435\u043b\u0430\u0442\u044c \u0441\u0442\u0430\u0432\u043a\u0443 \u0432 \u0440\u0430\u0443\u043d\u0434\u0435 Cricket Crash. \u0410\u0432\u0442\u043e\u043c\u0430\u0442\u0438\u0447\u0435\u0441\u043a\u0430\u044f \u0441\u0442\u0430\u0432\u043a\u0430 \u0438 \u043d\u043e\u0432\u044b\u0435 \u0441\u0442\u0430\u0432\u043a\u0438\" \/>\n<meta property=\"og:url\" content=\"https:\/\/tipsforcricketbetting.com\/pt\/\" \/>\n<meta property=\"og:site_name\" content=\"Cricket\" \/>\n<meta property=\"article:modified_time\" content=\"2024-02-28T15:20:54+00:00\" \/>\n<meta name=\"twitter:card\" content=\"summary_large_image\" \/>\n<meta name=\"twitter:label1\" content=\"Tempo estimado de leitura\" \/>\n\t<meta name=\"twitter:data1\" content=\"23 minutos\" \/>\n<script type=\"application\/ld+json\" class=\"yoast-schema-graph\">{\"@context\":\"https:\/\/schema.org\",\"@graph\":[{\"@type\":\"WebPage\",\"@id\":\"https:\/\/tipsforcricketbetting.com\/\",\"url\":\"https:\/\/tipsforcricketbetting.com\/\",\"name\":\"\u0418\u0433\u0440\u0430\u0442\u044c \u0432 \u043e\u043d\u043b\u0430\u0439\u043d \u0438\u0433\u0440\u0443 Cricket Crash\",\"isPartOf\":{\"@id\":\"https:\/\/tipsforcricketbetting.com\/#website\"},\"datePublished\":\"2024-02-18T20:48:45+00:00\",\"dateModified\":\"2024-02-28T15:20:54+00:00\",\"description\":\"\u041a\u0430\u043a \u0438\u0433\u0440\u0430\u0442\u044c \u0432 Cricket Crash. \u041a\u0430\u043a \u043d\u0430\u0447\u0430\u0442\u044c \u0438\u0433\u0440\u043e\u0432\u043e\u0439 \u0440\u0430\u0443\u043d\u0434 \u0438 \u043a\u0430\u043a \u0441\u0434\u0435\u043b\u0430\u0442\u044c \u0441\u0442\u0430\u0432\u043a\u0443 \u0432 \u0440\u0430\u0443\u043d\u0434\u0435 Cricket Crash. \u0410\u0432\u0442\u043e\u043c\u0430\u0442\u0438\u0447\u0435\u0441\u043a\u0430\u044f \u0441\u0442\u0430\u0432\u043a\u0430 \u0438 \u043d\u043e\u0432\u044b\u0435 \u0441\u0442\u0430\u0432\u043a\u0438\",\"breadcrumb\":{\"@id\":\"https:\/\/tipsforcricketbetting.com\/#breadcrumb\"},\"inLanguage\":\"pt-PT\",\"potentialAction\":[{\"@type\":\"ReadAction\",\"target\":[\"https:\/\/tipsforcricketbetting.com\/\"]}]},{\"@type\":\"BreadcrumbList\",\"@id\":\"https:\/\/tipsforcricketbetting.com\/#breadcrumb\",\"itemListElement\":[{\"@type\":\"ListItem\",\"position\":1,\"name\":\"Home\",\"item\":\"https:\/\/tipsforcricketbetting.com\/\"},{\"@type\":\"ListItem\",\"position\":2,\"name\":\"\u0427\u0442\u043e \u0442\u0430\u043a\u043e\u0435 Cricket Crash?\"}]},{\"@type\":\"WebSite\",\"@id\":\"https:\/\/tipsforcricketbetting.com\/#website\",\"url\":\"https:\/\/tipsforcricketbetting.com\/\",\"name\":\"Cricket\",\"description\":\"Just another WordPress site\",\"potentialAction\":[{\"@type\":\"SearchAction\",\"target\":{\"@type\":\"EntryPoint\",\"urlTemplate\":\"https:\/\/tipsforcricketbetting.com\/?s={search_term_string}\"},\"query-input\":{\"@type\":\"PropertyValueSpecification\",\"valueRequired\":true,\"valueName\":\"search_term_string\"}}],\"inLanguage\":\"pt-PT\"}]}<\/script>\n<!-- \/ Yoast SEO plugin. -->","yoast_head_json":{"title":"\u0418\u0433\u0440\u0430\u0442\u044c \u0432 \u043e\u043d\u043b\u0430\u0439\u043d \u0438\u0433\u0440\u0443 Cricket Crash","description":"Como jogar Cricket Crash. Como come\u00e7ar um round de jogo e como fazer uma aposta no Cricket Crash. Aposta autom\u00e1tica e novas apostas","robots":{"index":"index","follow":"follow","max-snippet":"max-snippet:-1","max-image-preview":"max-image-preview:large","max-video-preview":"max-video-preview:-1"},"canonical":"https:\/\/tipsforcricketbetting.com\/pt\/","og_locale":"pt_PT","og_type":"article","og_title":"\u0418\u0433\u0440\u0430\u0442\u044c \u0432 \u043e\u043d\u043b\u0430\u0439\u043d \u0438\u0433\u0440\u0443 Cricket Crash","og_description":"\u041a\u0430\u043a \u0438\u0433\u0440\u0430\u0442\u044c \u0432 Cricket Crash. \u041a\u0430\u043a \u043d\u0430\u0447\u0430\u0442\u044c \u0438\u0433\u0440\u043e\u0432\u043e\u0439 \u0440\u0430\u0443\u043d\u0434 \u0438 \u043a\u0430\u043a \u0441\u0434\u0435\u043b\u0430\u0442\u044c \u0441\u0442\u0430\u0432\u043a\u0443 \u0432 \u0440\u0430\u0443\u043d\u0434\u0435 Cricket Crash. \u0410\u0432\u0442\u043e\u043c\u0430\u0442\u0438\u0447\u0435\u0441\u043a\u0430\u044f \u0441\u0442\u0430\u0432\u043a\u0430 \u0438 \u043d\u043e\u0432\u044b\u0435 \u0441\u0442\u0430\u0432\u043a\u0438","og_url":"https:\/\/tipsforcricketbetting.com\/pt\/","og_site_name":"Cricket","article_modified_time":"2024-02-28T15:20:54+00:00","twitter_card":"summary_large_image","twitter_misc":{"Tempo estimado de leitura":"23 minutos"},"schema":{"@context":"https:\/\/schema.org","@graph":[{"@type":"WebPage","@id":"https:\/\/tipsforcricketbetting.com\/","url":"https:\/\/tipsforcricketbetting.com\/","name":"\u0418\u0433\u0440\u0430\u0442\u044c \u0432 \u043e\u043d\u043b\u0430\u0439\u043d \u0438\u0433\u0440\u0443 Cricket Crash","isPartOf":{"@id":"https:\/\/tipsforcricketbetting.com\/#website"},"datePublished":"2024-02-18T20:48:45+00:00","dateModified":"2024-02-28T15:20:54+00:00","description":"\u041a\u0430\u043a \u0438\u0433\u0440\u0430\u0442\u044c \u0432 Cricket Crash. \u041a\u0430\u043a \u043d\u0430\u0447\u0430\u0442\u044c \u0438\u0433\u0440\u043e\u0432\u043e\u0439 \u0440\u0430\u0443\u043d\u0434 \u0438 \u043a\u0430\u043a \u0441\u0434\u0435\u043b\u0430\u0442\u044c \u0441\u0442\u0430\u0432\u043a\u0443 \u0432 \u0440\u0430\u0443\u043d\u0434\u0435 Cricket Crash. \u0410\u0432\u0442\u043e\u043c\u0430\u0442\u0438\u0447\u0435\u0441\u043a\u0430\u044f \u0441\u0442\u0430\u0432\u043a\u0430 \u0438 \u043d\u043e\u0432\u044b\u0435 \u0441\u0442\u0430\u0432\u043a\u0438","breadcrumb":{"@id":"https:\/\/tipsforcricketbetting.com\/#breadcrumb"},"inLanguage":"pt-PT","potentialAction":[{"@type":"ReadAction","target":["https:\/\/tipsforcricketbetting.com\/"]}]},{"@type":"BreadcrumbList","@id":"https:\/\/tipsforcricketbetting.com\/#breadcrumb","itemListElement":[{"@type":"ListItem","position":1,"name":"Home","item":"https:\/\/tipsforcricketbetting.com\/"},{"@type":"ListItem","position":2,"name":"\u0427\u0442\u043e \u0442\u0430\u043a\u043e\u0435 Cricket Crash?"}]},{"@type":"WebSite","@id":"https:\/\/tipsforcricketbetting.com\/#website","url":"https:\/\/tipsforcricketbetting.com\/","name":"Cricket","description":"Just another WordPress site","potentialAction":[{"@type":"SearchAction","target":{"@type":"EntryPoint","urlTemplate":"https:\/\/tipsforcricketbetting.com\/?s={search_term_string}"},"query-input":{"@type":"PropertyValueSpecification","valueRequired":true,"valueName":"search_term_string"}}],"inLanguage":"pt-PT"}]}},"_links":{"self":[{"href":"https:\/\/tipsforcricketbetting.com\/pt\/wp-json\/wp\/v2\/pages\/6","targetHints":{"allow":["GET"]}}],"collection":[{"href":"https:\/\/tipsforcricketbetting.com\/pt\/wp-json\/wp\/v2\/pages"}],"about":[{"href":"https:\/\/tipsforcricketbetting.com\/pt\/wp-json\/wp\/v2\/types\/page"}],"author":[{"embeddable":true,"href":"https:\/\/tipsforcricketbetting.com\/pt\/wp-json\/wp\/v2\/users\/1"}],"replies":[{"embeddable":true,"href":"https:\/\/tipsforcricketbetting.com\/pt\/wp-json\/wp\/v2\/comments?post=6"}],"version-history":[{"count":18,"href":"https:\/\/tipsforcricketbetting.com\/pt\/wp-json\/wp\/v2\/pages\/6\/revisions"}],"predecessor-version":[{"id":118,"href":"https:\/\/tipsforcricketbetting.com\/pt\/wp-json\/wp\/v2\/pages\/6\/revisions\/118"}],"wp:attachment":[{"href":"https:\/\/tipsforcricketbetting.com\/pt\/wp-json\/wp\/v2\/media?parent=6"}],"curies":[{"name":"wp","href":"https:\/\/api.w.org\/{rel}","templated":true}]}}