{"id":16,"date":"2024-02-18T20:56:24","date_gmt":"2024-02-18T20:56:24","guid":{"rendered":"https:\/\/tipsforcricketbetting.com\/?page_id=16"},"modified":"2024-02-28T15:15:48","modified_gmt":"2024-02-28T15:15:48","slug":"automatic-mode-autoplay","status":"publish","type":"page","link":"https:\/\/tipsforcricketbetting.com\/pt\/automatic-mode-autoplay\/","title":{"rendered":"Modo autom\u00e1tico (autoplay)"},"content":{"rendered":"<p>Neste jogo, voc\u00ea pode fazer apostas para cada rodada de jogo subsequente e tamb\u00e9m receber ganhos em cada rodada de jogo automaticamente, sem precisar pressionar os bot\u00f5es correspondentes, gra\u00e7as ao modo autom\u00e1tico ativado.<\/p>\n<h2><strong>AUTO BET &#8211; Aposta Autom\u00e1tica<\/strong><\/h2>\n<p>Para ativar a aposta autom\u00e1tica, ou seja, fazer a aposta automaticamente para cada rodada de jogo (Auto Bet), voc\u00ea precisa definir o tamanho da aposta e mover o controle deslizante Auto Bet no campo correspondente para o modo ativo, ou seja, para torn\u00e1-lo azul (os bot\u00f5es ativos s\u00e3o azuis). A sess\u00e3o de apostas autom\u00e1ticas come\u00e7ar\u00e1 automaticamente. O modo autom\u00e1tico come\u00e7a com o in\u00edcio de uma nova sess\u00e3o e \u00e9 v\u00e1lido para cada sess\u00e3o subsequente at\u00e9 que o modo de apostas autom\u00e1ticas (Auto Bet) seja interrompido.<\/p>\n<p>Para cada setor e aposta correspondente, esse modo autom\u00e1tico \u00e9 ativado separadamente.<\/p>\n<p>Ao mover o controle deslizante Auto Bet para o modo ativo, voc\u00ea inicia o modo de apostas autom\u00e1ticas com as op\u00e7\u00f5es definidas na tela, ou seja, com o tamanho da aposta indicado no campo correspondente. O tamanho da aposta n\u00e3o pode ser alterado durante o modo de apostas autom\u00e1ticas ativo.<\/p>\n<p>Durante o modo de apostas autom\u00e1ticas ativo (Auto Bet), as apostas s\u00e3o feitas automaticamente imediatamente ap\u00f3s o t\u00e9rmino da rodada de jogo anterior. O modo de apostas autom\u00e1ticas estar\u00e1 ativo e durar\u00e1 at\u00e9 voc\u00ea mover o controle deslizante Auto Bet no campo correspondente para o modo inativo, ou seja, para torn\u00e1-lo cinza (os bot\u00f5es inativos s\u00e3o cinzas). O modo autom\u00e1tico \u00e9 interrompido quando o tamanho da aposta definido pelo jogador excede o saldo do jogador.<\/p>\n<h2><strong>AUTO TAKE &#8211; Reclama\u00e7\u00e3o Autom\u00e1tica<\/strong><\/h2>\n<p>Para ativar a fun\u00e7\u00e3o em que seus ganhos s\u00e3o automaticamente reclamados quando o coeficiente multiplicador que voc\u00ea especificou aparece na tela &#8211; o modo Auto Take, voc\u00ea precisa definir o coeficiente multiplicador e mover o controle deslizante Auto Take no campo correspondente para o modo ativo, ou seja, para torn\u00e1-lo azul (os bot\u00f5es ativos s\u00e3o azuis). Voc\u00ea pode definir tal coeficiente multiplicador usando os bot\u00f5es correspondentes &#8220;+&#8221; e &#8220;-&#8220;.<\/p>\n<p>Para cada setor e aposta correspondente, esse modo autom\u00e1tico \u00e9 ativado separadamente.<\/p>\n<p>Ao mover o controle deslizante Auto Take para o modo ativo, voc\u00ea inicia o modo de apostas autom\u00e1ticas com as op\u00e7\u00f5es definidas na tela, ou seja, com o coeficiente multiplicador indicado no campo correspondente. O tamanho do coeficiente multiplicador n\u00e3o pode ser alterado durante o modo Auto Take ativo.<\/p>\n<p>Durante o modo Auto Take ativo, voc\u00ea pode reclamar seus ganhos antes que o coeficiente multiplicador especificado para o Auto Take apare\u00e7a pressionando o bot\u00e3o CLAIM correspondente. Pressionar o bot\u00e3o CLAIM n\u00e3o interrompe o modo Auto Take. O modo Auto Take estar\u00e1 ativo e durar\u00e1 at\u00e9 voc\u00ea mover o controle deslizante Auto Take no campo correspondente para o modo inativo, ou seja, para torn\u00e1-lo cinza (os bot\u00f5es inativos s\u00e3o cinzas). O modo autom\u00e1tico \u00e9 interrompido quando o tamanho da aposta definido pelo jogador excede o saldo do jogador.<\/p>\n<p>Por favor, note que em caso de interrup\u00e7\u00e3o da conex\u00e3o com a Internet, os modos autom\u00e1ticos s\u00e3o automaticamente interrompidos.<\/p>\n<p>Por favor, note que seus ganhos no modo Auto Take s\u00f3 podem ser reclamados (considerados reclamados) ap\u00f3s o t\u00e9rmino do voo da bola de cr\u00edquete atrav\u00e9s do portal de b\u00f4nus. Por exemplo, se sua aposta for FUN 1, e seu coeficiente multiplicador Auto Take for 7,00, e o voo da bola de cr\u00edquete atrav\u00e9s do portal de b\u00f4nus (com um b\u00f4nus de 30%) come\u00e7ou com um coeficiente de 6,90 e terminou com um coeficiente de 8,97, seus ganhos &#8211; FUN 7 (aposta multiplicada pelo seu coeficiente Auto Take) ser\u00e3o automaticamente reclamados ap\u00f3s a conclus\u00e3o bem-sucedida do voo da bola de cr\u00edquete atrav\u00e9s do portal de b\u00f4nus. E no caso de o voo da bola de cr\u00edquete atrav\u00e9s do portal de b\u00f4nus terminar com um Crash &#8211; a rodada de jogo \u00e9 considerada conclu\u00edda com um coeficiente de 6,90 e, neste caso, voc\u00ea perde a aposta e os ganhos n\u00e3o ser\u00e3o creditados a voc\u00ea.<\/p>\n","protected":false},"excerpt":{"rendered":"<p>Neste jogo, voc\u00ea pode fazer apostas para cada rodada de jogo subsequente e tamb\u00e9m receber ganhos em cada rodada de jogo automaticamente, sem precisar pressionar os bot\u00f5es correspondentes, gra\u00e7as ao modo autom\u00e1tico ativado. AUTO BET &#8211; Aposta Autom\u00e1tica Para ativar a aposta autom\u00e1tica, ou seja, fazer a aposta automaticamente para cada rodada de jogo (Auto [&hellip;]<\/p>\n","protected":false},"author":1,"featured_media":0,"parent":0,"menu_order":0,"comment_status":"closed","ping_status":"closed","template":"","meta":{"footnotes":""},"class_list":["post-16","page","type-page","status-publish","hentry"],"yoast_head":"<!-- This site is optimized with the Yoast SEO plugin v27.2 - https:\/\/yoast.com\/product\/yoast-seo-wordpress\/ -->\n<title>\u0410\u0443\u0442\u043e\u043c\u0430\u0442\u0441\u043a\u0438 \u0440\u0435\u0436\u0438\u043c \u0443 Cricket Crash<\/title>\n<meta name=\"description\" content=\"Aposta autom\u00e1tica e reclamar ganhos automaticamente no Cricket Crash\" \/>\n<meta name=\"robots\" content=\"index, follow, max-snippet:-1, max-image-preview:large, max-video-preview:-1\" \/>\n<link rel=\"canonical\" href=\"https:\/\/tipsforcricketbetting.com\/pt\/automatic-mode-autoplay\/\" \/>\n<meta property=\"og:locale\" content=\"pt_PT\" \/>\n<meta property=\"og:locale:alternate\" content=\"ru_RU\" \/>\n<meta property=\"og:locale:alternate\" content=\"en_US\" \/>\n<meta property=\"og:locale:alternate\" content=\"es_ES\" \/>\n<meta property=\"og:locale:alternate\" content=\"ro_RO\" \/>\n<meta property=\"og:locale:alternate\" content=\"sr_RS\" \/>\n<meta property=\"og:locale:alternate\" content=\"bg_BG\" \/>\n<meta property=\"og:locale:alternate\" content=\"pl_PL\" \/>\n<meta property=\"og:locale:alternate\" content=\"it_IT\" \/>\n<meta property=\"og:locale:alternate\" content=\"fr_FR\" \/>\n<meta property=\"og:type\" content=\"article\" \/>\n<meta property=\"og:title\" content=\"\u0410\u0443\u0442\u043e\u043c\u0430\u0442\u0441\u043a\u0438 \u0440\u0435\u0436\u0438\u043c \u0443 Cricket Crash\" \/>\n<meta property=\"og:description\" content=\"\u0410\u0443\u0442\u043e\u043c\u0430\u0442\u0441\u043a\u043e \u043a\u043b\u0430\u0452\u0435\u045a\u0435 \u0438 \u0430\u0443\u0442\u043e\u043c\u0430\u0442\u0441\u043a\u043e \u0437\u0430\u0445\u0442\u0435\u0432\u0430\u045a\u0435 \u0434\u043e\u0431\u0438\u0442\u0430\u043a\u0430 \u0443 Cricket Crash\" \/>\n<meta property=\"og:url\" content=\"https:\/\/tipsforcricketbetting.com\/pt\/automatic-mode-autoplay\/\" \/>\n<meta property=\"og:site_name\" content=\"Cricket\" \/>\n<meta property=\"article:modified_time\" content=\"2024-02-28T15:15:48+00:00\" \/>\n<meta name=\"twitter:card\" content=\"summary_large_image\" \/>\n<meta name=\"twitter:label1\" content=\"Tempo estimado de leitura\" \/>\n\t<meta name=\"twitter:data1\" content=\"24 minutos\" \/>\n<script type=\"application\/ld+json\" class=\"yoast-schema-graph\">{\"@context\":\"https:\/\/schema.org\",\"@graph\":[{\"@type\":\"WebPage\",\"@id\":\"https:\/\/tipsforcricketbetting.com\/sr\/automatic-mode-autoplay\/\",\"url\":\"https:\/\/tipsforcricketbetting.com\/sr\/automatic-mode-autoplay\/\",\"name\":\"\u0410\u0443\u0442\u043e\u043c\u0430\u0442\u0441\u043a\u0438 \u0440\u0435\u0436\u0438\u043c \u0443 Cricket Crash\",\"isPartOf\":{\"@id\":\"https:\/\/tipsforcricketbetting.com\/#website\"},\"datePublished\":\"2024-02-18T20:56:24+00:00\",\"dateModified\":\"2024-02-28T15:15:48+00:00\",\"description\":\"\u0410\u0443\u0442\u043e\u043c\u0430\u0442\u0441\u043a\u043e \u043a\u043b\u0430\u0452\u0435\u045a\u0435 \u0438 \u0430\u0443\u0442\u043e\u043c\u0430\u0442\u0441\u043a\u043e \u0437\u0430\u0445\u0442\u0435\u0432\u0430\u045a\u0435 \u0434\u043e\u0431\u0438\u0442\u0430\u043a\u0430 \u0443 Cricket Crash\",\"breadcrumb\":{\"@id\":\"https:\/\/tipsforcricketbetting.com\/sr\/automatic-mode-autoplay\/#breadcrumb\"},\"inLanguage\":\"pt-PT\",\"potentialAction\":[{\"@type\":\"ReadAction\",\"target\":[\"https:\/\/tipsforcricketbetting.com\/sr\/automatic-mode-autoplay\/\"]}]},{\"@type\":\"BreadcrumbList\",\"@id\":\"https:\/\/tipsforcricketbetting.com\/sr\/automatic-mode-autoplay\/#breadcrumb\",\"itemListElement\":[{\"@type\":\"ListItem\",\"position\":1,\"name\":\"Home\",\"item\":\"https:\/\/tipsforcricketbetting.com\/\"},{\"@type\":\"ListItem\",\"position\":2,\"name\":\"\u0410\u0432\u0442\u043e\u043c\u0430\u0442\u0438\u0447\u0435\u0441\u043a\u0438\u0438\u0306 \u0440\u0435\u0436\u0438\u043c (\u0430\u0432\u0442\u043e\u043f\u043b\u0435\u0438\u0306)\"}]},{\"@type\":\"WebSite\",\"@id\":\"https:\/\/tipsforcricketbetting.com\/#website\",\"url\":\"https:\/\/tipsforcricketbetting.com\/\",\"name\":\"Cricket\",\"description\":\"Just another WordPress site\",\"potentialAction\":[{\"@type\":\"SearchAction\",\"target\":{\"@type\":\"EntryPoint\",\"urlTemplate\":\"https:\/\/tipsforcricketbetting.com\/?s={search_term_string}\"},\"query-input\":{\"@type\":\"PropertyValueSpecification\",\"valueRequired\":true,\"valueName\":\"search_term_string\"}}],\"inLanguage\":\"pt-PT\"}]}<\/script>\n<!-- \/ Yoast SEO plugin. -->","yoast_head_json":{"title":"\u0410\u0443\u0442\u043e\u043c\u0430\u0442\u0441\u043a\u0438 \u0440\u0435\u0436\u0438\u043c \u0443 Cricket Crash","description":"Aposta autom\u00e1tica e reclamar ganhos automaticamente no Cricket Crash","robots":{"index":"index","follow":"follow","max-snippet":"max-snippet:-1","max-image-preview":"max-image-preview:large","max-video-preview":"max-video-preview:-1"},"canonical":"https:\/\/tipsforcricketbetting.com\/pt\/automatic-mode-autoplay\/","og_locale":"pt_PT","og_type":"article","og_title":"\u0410\u0443\u0442\u043e\u043c\u0430\u0442\u0441\u043a\u0438 \u0440\u0435\u0436\u0438\u043c \u0443 Cricket Crash","og_description":"\u0410\u0443\u0442\u043e\u043c\u0430\u0442\u0441\u043a\u043e \u043a\u043b\u0430\u0452\u0435\u045a\u0435 \u0438 \u0430\u0443\u0442\u043e\u043c\u0430\u0442\u0441\u043a\u043e \u0437\u0430\u0445\u0442\u0435\u0432\u0430\u045a\u0435 \u0434\u043e\u0431\u0438\u0442\u0430\u043a\u0430 \u0443 Cricket Crash","og_url":"https:\/\/tipsforcricketbetting.com\/pt\/automatic-mode-autoplay\/","og_site_name":"Cricket","article_modified_time":"2024-02-28T15:15:48+00:00","twitter_card":"summary_large_image","twitter_misc":{"Tempo estimado de leitura":"24 minutos"},"schema":{"@context":"https:\/\/schema.org","@graph":[{"@type":"WebPage","@id":"https:\/\/tipsforcricketbetting.com\/sr\/automatic-mode-autoplay\/","url":"https:\/\/tipsforcricketbetting.com\/sr\/automatic-mode-autoplay\/","name":"\u0410\u0443\u0442\u043e\u043c\u0430\u0442\u0441\u043a\u0438 \u0440\u0435\u0436\u0438\u043c \u0443 Cricket Crash","isPartOf":{"@id":"https:\/\/tipsforcricketbetting.com\/#website"},"datePublished":"2024-02-18T20:56:24+00:00","dateModified":"2024-02-28T15:15:48+00:00","description":"\u0410\u0443\u0442\u043e\u043c\u0430\u0442\u0441\u043a\u043e \u043a\u043b\u0430\u0452\u0435\u045a\u0435 \u0438 \u0430\u0443\u0442\u043e\u043c\u0430\u0442\u0441\u043a\u043e \u0437\u0430\u0445\u0442\u0435\u0432\u0430\u045a\u0435 \u0434\u043e\u0431\u0438\u0442\u0430\u043a\u0430 \u0443 Cricket Crash","breadcrumb":{"@id":"https:\/\/tipsforcricketbetting.com\/sr\/automatic-mode-autoplay\/#breadcrumb"},"inLanguage":"pt-PT","potentialAction":[{"@type":"ReadAction","target":["https:\/\/tipsforcricketbetting.com\/sr\/automatic-mode-autoplay\/"]}]},{"@type":"BreadcrumbList","@id":"https:\/\/tipsforcricketbetting.com\/sr\/automatic-mode-autoplay\/#breadcrumb","itemListElement":[{"@type":"ListItem","position":1,"name":"Home","item":"https:\/\/tipsforcricketbetting.com\/"},{"@type":"ListItem","position":2,"name":"\u0410\u0432\u0442\u043e\u043c\u0430\u0442\u0438\u0447\u0435\u0441\u043a\u0438\u0438\u0306 \u0440\u0435\u0436\u0438\u043c (\u0430\u0432\u0442\u043e\u043f\u043b\u0435\u0438\u0306)"}]},{"@type":"WebSite","@id":"https:\/\/tipsforcricketbetting.com\/#website","url":"https:\/\/tipsforcricketbetting.com\/","name":"Cricket","description":"Just another WordPress site","potentialAction":[{"@type":"SearchAction","target":{"@type":"EntryPoint","urlTemplate":"https:\/\/tipsforcricketbetting.com\/?s={search_term_string}"},"query-input":{"@type":"PropertyValueSpecification","valueRequired":true,"valueName":"search_term_string"}}],"inLanguage":"pt-PT"}]}},"_links":{"self":[{"href":"https:\/\/tipsforcricketbetting.com\/pt\/wp-json\/wp\/v2\/pages\/16","targetHints":{"allow":["GET"]}}],"collection":[{"href":"https:\/\/tipsforcricketbetting.com\/pt\/wp-json\/wp\/v2\/pages"}],"about":[{"href":"https:\/\/tipsforcricketbetting.com\/pt\/wp-json\/wp\/v2\/types\/page"}],"author":[{"embeddable":true,"href":"https:\/\/tipsforcricketbetting.com\/pt\/wp-json\/wp\/v2\/users\/1"}],"replies":[{"embeddable":true,"href":"https:\/\/tipsforcricketbetting.com\/pt\/wp-json\/wp\/v2\/comments?post=16"}],"version-history":[{"count":16,"href":"https:\/\/tipsforcricketbetting.com\/pt\/wp-json\/wp\/v2\/pages\/16\/revisions"}],"predecessor-version":[{"id":114,"href":"https:\/\/tipsforcricketbetting.com\/pt\/wp-json\/wp\/v2\/pages\/16\/revisions\/114"}],"wp:attachment":[{"href":"https:\/\/tipsforcricketbetting.com\/pt\/wp-json\/wp\/v2\/media?parent=16"}],"curies":[{"name":"wp","href":"https:\/\/api.w.org\/{rel}","templated":true}]}}