{"id":12,"date":"2024-02-18T20:52:50","date_gmt":"2024-02-18T20:52:50","guid":{"rendered":"https:\/\/tipsforcricketbetting.com\/?page_id=12"},"modified":"2024-02-28T15:19:51","modified_gmt":"2024-02-28T15:19:51","slug":"how-to-claim-winnings","status":"publish","type":"page","link":"https:\/\/tipsforcricketbetting.com\/pt\/how-to-claim-winnings\/","title":{"rendered":"Como receber os ganhos?"},"content":{"rendered":"<p>Os ganhos s\u00e3o o seu valor de aposta multiplicado pelo coeficiente multiplicador no momento em que pressiona o bot\u00e3o REIVINDICAR (o coeficiente multiplicador \u00e9 indicado na tela). Os ganhos s\u00e3o indicados no bot\u00e3o REIVINDICAR.<\/p>\n<p>Para reivindicar seus ganhos, voc\u00ea deve pressionar o bot\u00e3o REIVINDICAR no campo correspondente antes do Crash. Se voc\u00ea fez 2 apostas para o round de jogo, voc\u00ea tem a oportunidade de reivindicar 2 ganhos.<\/p>\n<p>O round de jogo termina automaticamente ap\u00f3s pressionar o bot\u00e3o REIVINDICAR (o \u00faltimo bot\u00e3o REIVINDICAR ativo &#8211; no caso de 2 apostas terem sido feitas) ou como resultado do Crash, dependendo do que acontecer primeiro. Isso significa:<\/p>\n<ul>\n<li>Se voc\u00ea fez uma \u00fanica aposta, o round de jogo terminar\u00e1 automaticamente ap\u00f3s voc\u00ea pressionar o bot\u00e3o REIVINDICAR.<\/li>\n<li>No caso de 2 apostas no round de jogo, pressionar o bot\u00e3o REIVINDICAR em qualquer campo de aposta resulta no pagamento dos ganhos indicados no bot\u00e3o REIVINDICAR pressionado, e voc\u00ea ainda tem a oportunidade de reivindicar os segundos ganhos antes do Crash, pressionando o segundo bot\u00e3o REIVINDICAR.<\/li>\n<\/ul>\n<p>Se o Crash ocorrer antes de voc\u00ea pressionar o bot\u00e3o REIVINDICAR (ou bot\u00f5es), voc\u00ea perde sua aposta (ou apostas &#8211; no caso de 2 bot\u00f5es REIVINDICAR ativos no momento do Crash).<\/p>\n<h2><strong>Regras de pagamento:<\/strong><\/h2>\n<p>Neste jogo, n\u00e3o existem linhas vencedoras. O pagamento dos ganhos \u00e9 feito automaticamente ap\u00f3s voc\u00ea pressionar o bot\u00e3o REIVINDICAR.<\/p>\n<p>Por favor, note que o valor dos ganhos obtidos como resultado de uma \u00fanica aposta \u00e9 limitado ao valor m\u00e1ximo de ganho para uma \u00fanica aposta, se houver, para fins de pagamento. O pagamento ser\u00e1 limitado de acordo com o valor m\u00e1ximo de ganho para uma \u00fanica aposta. O valor m\u00e1ximo de ganho para uma \u00fanica aposta \u00e9 especificado na se\u00e7\u00e3o Limites do Jogo.<\/p>\n","protected":false},"excerpt":{"rendered":"<p>Os ganhos s\u00e3o o seu valor de aposta multiplicado pelo coeficiente multiplicador no momento em que pressiona o bot\u00e3o REIVINDICAR (o coeficiente multiplicador \u00e9 indicado na tela). Os ganhos s\u00e3o indicados no bot\u00e3o REIVINDICAR. Para reivindicar seus ganhos, voc\u00ea deve pressionar o bot\u00e3o REIVINDICAR no campo correspondente antes do Crash. Se voc\u00ea fez 2 apostas [&hellip;]<\/p>\n","protected":false},"author":1,"featured_media":0,"parent":0,"menu_order":0,"comment_status":"closed","ping_status":"closed","template":"","meta":{"footnotes":""},"class_list":["post-12","page","type-page","status-publish","hentry"],"yoast_head":"<!-- This site is optimized with the Yoast SEO plugin v27.2 - https:\/\/yoast.com\/product\/yoast-seo-wordpress\/ -->\n<title>\u041a\u0430\u043a \u043f\u043e\u043b\u0443\u0447\u0438\u0442\u044c \u0432\u044b\u0438\u0433\u0440\u044b\u0448 \u0432 \u0438\u0433\u0440\u0435 Cricket Crash<\/title>\n<meta name=\"description\" content=\"Como reivindicar ganhos e regras de pagamento no jogo online Cricket Crash\" \/>\n<meta name=\"robots\" content=\"index, follow, max-snippet:-1, max-image-preview:large, max-video-preview:-1\" \/>\n<link rel=\"canonical\" href=\"https:\/\/tipsforcricketbetting.com\/pt\/how-to-claim-winnings\/\" \/>\n<meta property=\"og:locale\" content=\"pt_PT\" \/>\n<meta property=\"og:locale:alternate\" content=\"ru_RU\" \/>\n<meta property=\"og:locale:alternate\" content=\"en_US\" \/>\n<meta property=\"og:locale:alternate\" content=\"es_ES\" \/>\n<meta property=\"og:locale:alternate\" content=\"ro_RO\" \/>\n<meta property=\"og:locale:alternate\" content=\"sr_RS\" \/>\n<meta property=\"og:locale:alternate\" content=\"bg_BG\" \/>\n<meta property=\"og:locale:alternate\" content=\"pl_PL\" \/>\n<meta property=\"og:locale:alternate\" content=\"it_IT\" \/>\n<meta property=\"og:locale:alternate\" content=\"fr_FR\" \/>\n<meta property=\"og:type\" content=\"article\" \/>\n<meta property=\"og:title\" content=\"\u041a\u0430\u043a \u043f\u043e\u043b\u0443\u0447\u0438\u0442\u044c \u0432\u044b\u0438\u0433\u0440\u044b\u0448 \u0432 \u0438\u0433\u0440\u0435 Cricket Crash\" \/>\n<meta property=\"og:description\" content=\"\u041a\u0430\u043a \u043f\u043e\u043b\u0443\u0447\u0438\u0442\u044c \u0432\u044b\u0438\u0433\u0440\u044b\u0448 \u0438 \u043f\u0440\u0430\u0432\u0438\u043b\u0430 \u0432\u044b\u043f\u043b\u0430\u0442 \u0432 \u043e\u043d\u043b\u0430\u0439\u043d \u0438\u0433\u0440\u0435 Cricket Crash\" \/>\n<meta property=\"og:url\" content=\"https:\/\/tipsforcricketbetting.com\/pt\/how-to-claim-winnings\/\" \/>\n<meta property=\"og:site_name\" content=\"Cricket\" \/>\n<meta property=\"article:modified_time\" content=\"2024-02-28T15:19:51+00:00\" \/>\n<meta name=\"twitter:card\" content=\"summary_large_image\" \/>\n<meta name=\"twitter:label1\" content=\"Tempo estimado de leitura\" \/>\n\t<meta name=\"twitter:data1\" content=\"11 minutos\" \/>\n<script type=\"application\/ld+json\" class=\"yoast-schema-graph\">{\"@context\":\"https:\/\/schema.org\",\"@graph\":[{\"@type\":\"WebPage\",\"@id\":\"https:\/\/tipsforcricketbetting.com\/how-to-claim-winnings\/\",\"url\":\"https:\/\/tipsforcricketbetting.com\/how-to-claim-winnings\/\",\"name\":\"\u041a\u0430\u043a \u043f\u043e\u043b\u0443\u0447\u0438\u0442\u044c \u0432\u044b\u0438\u0433\u0440\u044b\u0448 \u0432 \u0438\u0433\u0440\u0435 Cricket Crash\",\"isPartOf\":{\"@id\":\"https:\/\/tipsforcricketbetting.com\/#website\"},\"datePublished\":\"2024-02-18T20:52:50+00:00\",\"dateModified\":\"2024-02-28T15:19:51+00:00\",\"description\":\"\u041a\u0430\u043a \u043f\u043e\u043b\u0443\u0447\u0438\u0442\u044c \u0432\u044b\u0438\u0433\u0440\u044b\u0448 \u0438 \u043f\u0440\u0430\u0432\u0438\u043b\u0430 \u0432\u044b\u043f\u043b\u0430\u0442 \u0432 \u043e\u043d\u043b\u0430\u0439\u043d \u0438\u0433\u0440\u0435 Cricket Crash\",\"breadcrumb\":{\"@id\":\"https:\/\/tipsforcricketbetting.com\/how-to-claim-winnings\/#breadcrumb\"},\"inLanguage\":\"pt-PT\",\"potentialAction\":[{\"@type\":\"ReadAction\",\"target\":[\"https:\/\/tipsforcricketbetting.com\/how-to-claim-winnings\/\"]}]},{\"@type\":\"BreadcrumbList\",\"@id\":\"https:\/\/tipsforcricketbetting.com\/how-to-claim-winnings\/#breadcrumb\",\"itemListElement\":[{\"@type\":\"ListItem\",\"position\":1,\"name\":\"Home\",\"item\":\"https:\/\/tipsforcricketbetting.com\/\"},{\"@type\":\"ListItem\",\"position\":2,\"name\":\"\u041a\u0430\u043a \u043f\u043e\u043b\u0443\u0447\u0438\u0442\u044c \u0432\u044b\u0438\u0433\u0440\u044b\u0448?\"}]},{\"@type\":\"WebSite\",\"@id\":\"https:\/\/tipsforcricketbetting.com\/#website\",\"url\":\"https:\/\/tipsforcricketbetting.com\/\",\"name\":\"Cricket\",\"description\":\"Just another WordPress site\",\"potentialAction\":[{\"@type\":\"SearchAction\",\"target\":{\"@type\":\"EntryPoint\",\"urlTemplate\":\"https:\/\/tipsforcricketbetting.com\/?s={search_term_string}\"},\"query-input\":{\"@type\":\"PropertyValueSpecification\",\"valueRequired\":true,\"valueName\":\"search_term_string\"}}],\"inLanguage\":\"pt-PT\"}]}<\/script>\n<!-- \/ Yoast SEO plugin. -->","yoast_head_json":{"title":"\u041a\u0430\u043a \u043f\u043e\u043b\u0443\u0447\u0438\u0442\u044c \u0432\u044b\u0438\u0433\u0440\u044b\u0448 \u0432 \u0438\u0433\u0440\u0435 Cricket Crash","description":"Como reivindicar ganhos e regras de pagamento no jogo online Cricket Crash","robots":{"index":"index","follow":"follow","max-snippet":"max-snippet:-1","max-image-preview":"max-image-preview:large","max-video-preview":"max-video-preview:-1"},"canonical":"https:\/\/tipsforcricketbetting.com\/pt\/how-to-claim-winnings\/","og_locale":"pt_PT","og_type":"article","og_title":"\u041a\u0430\u043a \u043f\u043e\u043b\u0443\u0447\u0438\u0442\u044c \u0432\u044b\u0438\u0433\u0440\u044b\u0448 \u0432 \u0438\u0433\u0440\u0435 Cricket Crash","og_description":"\u041a\u0430\u043a \u043f\u043e\u043b\u0443\u0447\u0438\u0442\u044c \u0432\u044b\u0438\u0433\u0440\u044b\u0448 \u0438 \u043f\u0440\u0430\u0432\u0438\u043b\u0430 \u0432\u044b\u043f\u043b\u0430\u0442 \u0432 \u043e\u043d\u043b\u0430\u0439\u043d \u0438\u0433\u0440\u0435 Cricket Crash","og_url":"https:\/\/tipsforcricketbetting.com\/pt\/how-to-claim-winnings\/","og_site_name":"Cricket","article_modified_time":"2024-02-28T15:19:51+00:00","twitter_card":"summary_large_image","twitter_misc":{"Tempo estimado de leitura":"11 minutos"},"schema":{"@context":"https:\/\/schema.org","@graph":[{"@type":"WebPage","@id":"https:\/\/tipsforcricketbetting.com\/how-to-claim-winnings\/","url":"https:\/\/tipsforcricketbetting.com\/how-to-claim-winnings\/","name":"\u041a\u0430\u043a \u043f\u043e\u043b\u0443\u0447\u0438\u0442\u044c \u0432\u044b\u0438\u0433\u0440\u044b\u0448 \u0432 \u0438\u0433\u0440\u0435 Cricket Crash","isPartOf":{"@id":"https:\/\/tipsforcricketbetting.com\/#website"},"datePublished":"2024-02-18T20:52:50+00:00","dateModified":"2024-02-28T15:19:51+00:00","description":"\u041a\u0430\u043a \u043f\u043e\u043b\u0443\u0447\u0438\u0442\u044c \u0432\u044b\u0438\u0433\u0440\u044b\u0448 \u0438 \u043f\u0440\u0430\u0432\u0438\u043b\u0430 \u0432\u044b\u043f\u043b\u0430\u0442 \u0432 \u043e\u043d\u043b\u0430\u0439\u043d \u0438\u0433\u0440\u0435 Cricket Crash","breadcrumb":{"@id":"https:\/\/tipsforcricketbetting.com\/how-to-claim-winnings\/#breadcrumb"},"inLanguage":"pt-PT","potentialAction":[{"@type":"ReadAction","target":["https:\/\/tipsforcricketbetting.com\/how-to-claim-winnings\/"]}]},{"@type":"BreadcrumbList","@id":"https:\/\/tipsforcricketbetting.com\/how-to-claim-winnings\/#breadcrumb","itemListElement":[{"@type":"ListItem","position":1,"name":"Home","item":"https:\/\/tipsforcricketbetting.com\/"},{"@type":"ListItem","position":2,"name":"\u041a\u0430\u043a \u043f\u043e\u043b\u0443\u0447\u0438\u0442\u044c \u0432\u044b\u0438\u0433\u0440\u044b\u0448?"}]},{"@type":"WebSite","@id":"https:\/\/tipsforcricketbetting.com\/#website","url":"https:\/\/tipsforcricketbetting.com\/","name":"Cricket","description":"Just another WordPress site","potentialAction":[{"@type":"SearchAction","target":{"@type":"EntryPoint","urlTemplate":"https:\/\/tipsforcricketbetting.com\/?s={search_term_string}"},"query-input":{"@type":"PropertyValueSpecification","valueRequired":true,"valueName":"search_term_string"}}],"inLanguage":"pt-PT"}]}},"_links":{"self":[{"href":"https:\/\/tipsforcricketbetting.com\/pt\/wp-json\/wp\/v2\/pages\/12","targetHints":{"allow":["GET"]}}],"collection":[{"href":"https:\/\/tipsforcricketbetting.com\/pt\/wp-json\/wp\/v2\/pages"}],"about":[{"href":"https:\/\/tipsforcricketbetting.com\/pt\/wp-json\/wp\/v2\/types\/page"}],"author":[{"embeddable":true,"href":"https:\/\/tipsforcricketbetting.com\/pt\/wp-json\/wp\/v2\/users\/1"}],"replies":[{"embeddable":true,"href":"https:\/\/tipsforcricketbetting.com\/pt\/wp-json\/wp\/v2\/comments?post=12"}],"version-history":[{"count":17,"href":"https:\/\/tipsforcricketbetting.com\/pt\/wp-json\/wp\/v2\/pages\/12\/revisions"}],"predecessor-version":[{"id":117,"href":"https:\/\/tipsforcricketbetting.com\/pt\/wp-json\/wp\/v2\/pages\/12\/revisions\/117"}],"wp:attachment":[{"href":"https:\/\/tipsforcricketbetting.com\/pt\/wp-json\/wp\/v2\/media?parent=12"}],"curies":[{"name":"wp","href":"https:\/\/api.w.org\/{rel}","templated":true}]}}