{"id":10,"date":"2024-02-18T20:51:21","date_gmt":"2024-02-18T20:51:21","guid":{"rendered":"https:\/\/tipsforcricketbetting.com\/?page_id=10"},"modified":"2024-02-28T15:18:10","modified_gmt":"2024-02-28T15:18:10","slug":"additional-features","status":"publish","type":"page","link":"https:\/\/tipsforcricketbetting.com\/pt\/additional-features\/","title":{"rendered":"Recursos adicionais"},"content":{"rendered":"<p>Neste jogo, voc\u00ea pode ver seus resultados para as \u00faltimas rodadas de jogo clicando no bot\u00e3o MINHAS APOSTAS, bem como os resultados de outros jogadores clicando no bot\u00e3o JOGADORES. Por favor, note que ao jogar este jogo, voc\u00ea concorda e d\u00e1 seu consentimento direto e claro para exibir seu apelido, ganhos, bem como o valor da sua aposta e o multiplicador no qual voc\u00ea reivindicou seus ganhos.<\/p>\n<p>Voc\u00ea tamb\u00e9m pode expressar seus sentimentos e emo\u00e7\u00f5es sobre a sess\u00e3o de jogo clicando em qualquer um dos emojis. Os emojis selecionados s\u00e3o vis\u00edveis para todos os jogadores, ent\u00e3o por favor seja educado e cort\u00eas.<\/p>\n<h2><strong>Informa\u00e7\u00f5es adicionais:<\/strong><\/h2>\n<p>Os seguintes aspectos e configura\u00e7\u00f5es podem ser regulados pelos termos da plataforma em que voc\u00ea est\u00e1 jogando:<\/p>\n<ul>\n<li>Procedimentos utilizados para gerenciar jogos inacabados;<\/li>\n<li>Tempo ap\u00f3s o qual as sess\u00f5es de jogo inativas s\u00e3o automaticamente encerradas.<\/li>\n<\/ul>\n<p>Para informa\u00e7\u00f5es adicionais, visite o site da plataforma em que voc\u00ea est\u00e1 jogando.<\/p>\n<p>Por favor, note que em alguns dispositivos, clicar pr\u00f3ximo a qualquer s\u00edmbolo, elemento ou bot\u00e3o \u00e9 equivalente a clicar no bot\u00e3o correspondente.<\/p>\n<p>Em caso de mau funcionamento do software de jogo, todas as apostas afetadas pelo jogo s\u00e3o canceladas e reembolsadas. O cancelamento das apostas significa que quaisquer ganhos, incluindo distribui\u00e7\u00f5es de Jackpot, bem como quaisquer outros b\u00f4nus formados ou creditados a partir, para, ou na aposta cancelada, se tornam inv\u00e1lidos e devem ser cancelados.<\/p>\n<p>Por favor, note que a velocidade da conex\u00e3o com a Internet pode afetar o processo de jogo.<\/p>\n<h2><strong>RTP (Retorno ao Jogador):<\/strong><\/h2>\n<p>O RTP \u00e9 de 95%.<\/p>\n<p>RTP significa a porcentagem estat\u00edstica te\u00f3rica do total de apostas no jogo que \u00e9 pago como ganhos ao longo de um determinado per\u00edodo.<\/p>\n","protected":false},"excerpt":{"rendered":"<p>Neste jogo, voc\u00ea pode ver seus resultados para as \u00faltimas rodadas de jogo clicando no bot\u00e3o MINHAS APOSTAS, bem como os resultados de outros jogadores clicando no bot\u00e3o JOGADORES. Por favor, note que ao jogar este jogo, voc\u00ea concorda e d\u00e1 seu consentimento direto e claro para exibir seu apelido, ganhos, bem como o valor [&hellip;]<\/p>\n","protected":false},"author":1,"featured_media":0,"parent":0,"menu_order":0,"comment_status":"closed","ping_status":"closed","template":"","meta":{"footnotes":""},"class_list":["post-10","page","type-page","status-publish","hentry"],"yoast_head":"<!-- This site is optimized with the Yoast SEO plugin v27.2 - https:\/\/yoast.com\/product\/yoast-seo-wordpress\/ -->\n<title>\u0414\u043e\u0434\u0430\u0442\u043d\u0435 \u0438\u043d\u0444\u043e\u0440\u043c\u0430\u0446\u0438\u0458\u0435 \u043e \u0438\u0433\u0440\u0438 Cricket Crash<\/title>\n<meta name=\"description\" content=\"Recursos adicionais sobre o jogo Cricket Crash no cassino online\" \/>\n<meta name=\"robots\" content=\"index, follow, max-snippet:-1, max-image-preview:large, max-video-preview:-1\" \/>\n<link rel=\"canonical\" href=\"https:\/\/tipsforcricketbetting.com\/pt\/additional-features\/\" \/>\n<meta property=\"og:locale\" content=\"pt_PT\" \/>\n<meta property=\"og:locale:alternate\" content=\"ru_RU\" \/>\n<meta property=\"og:locale:alternate\" content=\"en_US\" \/>\n<meta property=\"og:locale:alternate\" content=\"es_ES\" \/>\n<meta property=\"og:locale:alternate\" content=\"ro_RO\" \/>\n<meta property=\"og:locale:alternate\" content=\"sr_RS\" \/>\n<meta property=\"og:locale:alternate\" content=\"bg_BG\" \/>\n<meta property=\"og:locale:alternate\" content=\"pl_PL\" \/>\n<meta property=\"og:locale:alternate\" content=\"it_IT\" \/>\n<meta property=\"og:locale:alternate\" content=\"fr_FR\" \/>\n<meta property=\"og:type\" content=\"article\" \/>\n<meta property=\"og:title\" content=\"\u0414\u043e\u0434\u0430\u0442\u043d\u0435 \u0438\u043d\u0444\u043e\u0440\u043c\u0430\u0446\u0438\u0458\u0435 \u043e \u0438\u0433\u0440\u0438 Cricket Crash\" \/>\n<meta property=\"og:description\" content=\"\u0414\u043e\u0434\u0430\u0442\u043d\u0435 \u0444\u0443\u043d\u043a\u0446\u0438\u0458\u0435 \u043e \u0438\u0433\u0440\u0438 Cricket Crash \u0443 \u043e\u043d\u043b\u0430\u0458\u043d \u043a\u0430\u0437\u0438\u043d\u0443.\" \/>\n<meta property=\"og:url\" content=\"https:\/\/tipsforcricketbetting.com\/pt\/additional-features\/\" \/>\n<meta property=\"og:site_name\" content=\"Cricket\" \/>\n<meta property=\"article:modified_time\" content=\"2024-02-28T15:18:10+00:00\" \/>\n<meta name=\"twitter:card\" content=\"summary_large_image\" \/>\n<meta name=\"twitter:label1\" content=\"Tempo estimado de leitura\" \/>\n\t<meta name=\"twitter:data1\" content=\"10 minutos\" \/>\n<script type=\"application\/ld+json\" class=\"yoast-schema-graph\">{\"@context\":\"https:\/\/schema.org\",\"@graph\":[{\"@type\":\"WebPage\",\"@id\":\"https:\/\/tipsforcricketbetting.com\/sr\/additional-features\/\",\"url\":\"https:\/\/tipsforcricketbetting.com\/sr\/additional-features\/\",\"name\":\"\u0414\u043e\u0434\u0430\u0442\u043d\u0435 \u0438\u043d\u0444\u043e\u0440\u043c\u0430\u0446\u0438\u0458\u0435 \u043e \u0438\u0433\u0440\u0438 Cricket Crash\",\"isPartOf\":{\"@id\":\"https:\/\/tipsforcricketbetting.com\/#website\"},\"datePublished\":\"2024-02-18T20:51:21+00:00\",\"dateModified\":\"2024-02-28T15:18:10+00:00\",\"description\":\"\u0414\u043e\u0434\u0430\u0442\u043d\u0435 \u0444\u0443\u043d\u043a\u0446\u0438\u0458\u0435 \u043e \u0438\u0433\u0440\u0438 Cricket Crash \u0443 \u043e\u043d\u043b\u0430\u0458\u043d \u043a\u0430\u0437\u0438\u043d\u0443.\",\"breadcrumb\":{\"@id\":\"https:\/\/tipsforcricketbetting.com\/sr\/additional-features\/#breadcrumb\"},\"inLanguage\":\"pt-PT\",\"potentialAction\":[{\"@type\":\"ReadAction\",\"target\":[\"https:\/\/tipsforcricketbetting.com\/sr\/additional-features\/\"]}]},{\"@type\":\"BreadcrumbList\",\"@id\":\"https:\/\/tipsforcricketbetting.com\/sr\/additional-features\/#breadcrumb\",\"itemListElement\":[{\"@type\":\"ListItem\",\"position\":1,\"name\":\"Home\",\"item\":\"https:\/\/tipsforcricketbetting.com\/\"},{\"@type\":\"ListItem\",\"position\":2,\"name\":\"\u0414\u043e\u043f\u043e\u043b\u043d\u0438\u0442\u0435\u043b\u044c\u043d\u044b\u0435 \u0432\u043e\u0437\u043c\u043e\u0436\u043d\u043e\u0441\u0442\u0438\"}]},{\"@type\":\"WebSite\",\"@id\":\"https:\/\/tipsforcricketbetting.com\/#website\",\"url\":\"https:\/\/tipsforcricketbetting.com\/\",\"name\":\"Cricket\",\"description\":\"Just another WordPress site\",\"potentialAction\":[{\"@type\":\"SearchAction\",\"target\":{\"@type\":\"EntryPoint\",\"urlTemplate\":\"https:\/\/tipsforcricketbetting.com\/?s={search_term_string}\"},\"query-input\":{\"@type\":\"PropertyValueSpecification\",\"valueRequired\":true,\"valueName\":\"search_term_string\"}}],\"inLanguage\":\"pt-PT\"}]}<\/script>\n<!-- \/ Yoast SEO plugin. -->","yoast_head_json":{"title":"\u0414\u043e\u0434\u0430\u0442\u043d\u0435 \u0438\u043d\u0444\u043e\u0440\u043c\u0430\u0446\u0438\u0458\u0435 \u043e \u0438\u0433\u0440\u0438 Cricket Crash","description":"Recursos adicionais sobre o jogo Cricket Crash no cassino online","robots":{"index":"index","follow":"follow","max-snippet":"max-snippet:-1","max-image-preview":"max-image-preview:large","max-video-preview":"max-video-preview:-1"},"canonical":"https:\/\/tipsforcricketbetting.com\/pt\/additional-features\/","og_locale":"pt_PT","og_type":"article","og_title":"\u0414\u043e\u0434\u0430\u0442\u043d\u0435 \u0438\u043d\u0444\u043e\u0440\u043c\u0430\u0446\u0438\u0458\u0435 \u043e \u0438\u0433\u0440\u0438 Cricket Crash","og_description":"\u0414\u043e\u0434\u0430\u0442\u043d\u0435 \u0444\u0443\u043d\u043a\u0446\u0438\u0458\u0435 \u043e \u0438\u0433\u0440\u0438 Cricket Crash \u0443 \u043e\u043d\u043b\u0430\u0458\u043d \u043a\u0430\u0437\u0438\u043d\u0443.","og_url":"https:\/\/tipsforcricketbetting.com\/pt\/additional-features\/","og_site_name":"Cricket","article_modified_time":"2024-02-28T15:18:10+00:00","twitter_card":"summary_large_image","twitter_misc":{"Tempo estimado de leitura":"10 minutos"},"schema":{"@context":"https:\/\/schema.org","@graph":[{"@type":"WebPage","@id":"https:\/\/tipsforcricketbetting.com\/sr\/additional-features\/","url":"https:\/\/tipsforcricketbetting.com\/sr\/additional-features\/","name":"\u0414\u043e\u0434\u0430\u0442\u043d\u0435 \u0438\u043d\u0444\u043e\u0440\u043c\u0430\u0446\u0438\u0458\u0435 \u043e \u0438\u0433\u0440\u0438 Cricket Crash","isPartOf":{"@id":"https:\/\/tipsforcricketbetting.com\/#website"},"datePublished":"2024-02-18T20:51:21+00:00","dateModified":"2024-02-28T15:18:10+00:00","description":"\u0414\u043e\u0434\u0430\u0442\u043d\u0435 \u0444\u0443\u043d\u043a\u0446\u0438\u0458\u0435 \u043e \u0438\u0433\u0440\u0438 Cricket Crash \u0443 \u043e\u043d\u043b\u0430\u0458\u043d \u043a\u0430\u0437\u0438\u043d\u0443.","breadcrumb":{"@id":"https:\/\/tipsforcricketbetting.com\/sr\/additional-features\/#breadcrumb"},"inLanguage":"pt-PT","potentialAction":[{"@type":"ReadAction","target":["https:\/\/tipsforcricketbetting.com\/sr\/additional-features\/"]}]},{"@type":"BreadcrumbList","@id":"https:\/\/tipsforcricketbetting.com\/sr\/additional-features\/#breadcrumb","itemListElement":[{"@type":"ListItem","position":1,"name":"Home","item":"https:\/\/tipsforcricketbetting.com\/"},{"@type":"ListItem","position":2,"name":"\u0414\u043e\u043f\u043e\u043b\u043d\u0438\u0442\u0435\u043b\u044c\u043d\u044b\u0435 \u0432\u043e\u0437\u043c\u043e\u0436\u043d\u043e\u0441\u0442\u0438"}]},{"@type":"WebSite","@id":"https:\/\/tipsforcricketbetting.com\/#website","url":"https:\/\/tipsforcricketbetting.com\/","name":"Cricket","description":"Just another WordPress site","potentialAction":[{"@type":"SearchAction","target":{"@type":"EntryPoint","urlTemplate":"https:\/\/tipsforcricketbetting.com\/?s={search_term_string}"},"query-input":{"@type":"PropertyValueSpecification","valueRequired":true,"valueName":"search_term_string"}}],"inLanguage":"pt-PT"}]}},"_links":{"self":[{"href":"https:\/\/tipsforcricketbetting.com\/pt\/wp-json\/wp\/v2\/pages\/10","targetHints":{"allow":["GET"]}}],"collection":[{"href":"https:\/\/tipsforcricketbetting.com\/pt\/wp-json\/wp\/v2\/pages"}],"about":[{"href":"https:\/\/tipsforcricketbetting.com\/pt\/wp-json\/wp\/v2\/types\/page"}],"author":[{"embeddable":true,"href":"https:\/\/tipsforcricketbetting.com\/pt\/wp-json\/wp\/v2\/users\/1"}],"replies":[{"embeddable":true,"href":"https:\/\/tipsforcricketbetting.com\/pt\/wp-json\/wp\/v2\/comments?post=10"}],"version-history":[{"count":20,"href":"https:\/\/tipsforcricketbetting.com\/pt\/wp-json\/wp\/v2\/pages\/10\/revisions"}],"predecessor-version":[{"id":116,"href":"https:\/\/tipsforcricketbetting.com\/pt\/wp-json\/wp\/v2\/pages\/10\/revisions\/116"}],"wp:attachment":[{"href":"https:\/\/tipsforcricketbetting.com\/pt\/wp-json\/wp\/v2\/media?parent=10"}],"curies":[{"name":"wp","href":"https:\/\/api.w.org\/{rel}","templated":true}]}}