{"id":6,"date":"2024-02-18T20:48:45","date_gmt":"2024-02-18T20:48:45","guid":{"rendered":"https:\/\/tipsforcricketbetting.com\/?page_id=6"},"modified":"2024-02-28T15:20:54","modified_gmt":"2024-02-28T15:20:54","slug":"what-is-cricket-crash","status":"publish","type":"page","link":"https:\/\/tipsforcricketbetting.com\/pl\/","title":{"rendered":"\u0427\u0442\u043e \u0442\u0430\u043a\u043e\u0435 Cricket Crash?"},"content":{"rendered":"<p>Cricket Crash to gra w stylu turnieju krykieta. Jest to gra wieloosobowa. W tej grze wsp\u00f3\u0142czynnik mno\u017cnika stale ro\u015bnie od pocz\u0105tku sesji gry a\u017c do momentu wybuchu pi\u0142ki krykieta (Crash).<\/p>\n<p>Celem Cricket Crash jest uzyskanie wygranych z jak najwy\u017cszym wsp\u00f3\u0142czynnikiem mno\u017cnika przed Crashem. Wygrane to zak\u0142ad gracza pomno\u017cony przez wsp\u00f3\u0142czynnik mno\u017cnika w chwili naci\u015bni\u0119cia przez gracza przycisku ZG\u0141O\u015a (wsp\u00f3\u0142czynnik mno\u017cnika jest podany na ekranie).<\/p>\n<h2><strong>Jak rozpocz\u0105\u0107 rund\u0119 gry?<\/strong><\/h2>\n<p>Cricket Crash to gra wieloosobowa, w kt\u00f3rej gra jednocze\u015bnie kilku graczy.<\/p>\n<p>Sesja gry rozpoczyna si\u0119 niezale\u017cnie od tego, czy rozpocz\u0105\u0142e\u015b rund\u0119 gry. Sesja gry trwa niezale\u017cnie od twoich dzia\u0142a\u0144 (rozpocz\u0119cie i zako\u0144czenie rundy gry). Oznacza to, \u017ce mo\u017cesz zobaczy\u0107 lec\u0105c\u0105 pi\u0142k\u0119 krykieta, a tak\u017ce inne animacje gry i wyniki innych graczy, nie rozpoczynaj\u0105c rundy gry lub ju\u017c j\u0105 zako\u0144cz\u0105c.<\/p>\n<p>Sesja gry rozpoczyna si\u0119 od momentu pojawienia si\u0119 pierwszego wsp\u00f3\u0142czynnika mno\u017cnika na ekranie i trwa do Crashu. Runda gry to sesja gry, do kt\u00f3rej postawi\u0142e\u015b zak\u0142ad (przed rozpocz\u0119ciem si\u0119 tej rundy gry postawiono jeden lub wi\u0119cej zak\u0142ad\u00f3w).<\/p>\n<p>Rund\u0119 gry rozpoczynasz dopiero po postawieniu zak\u0142adu przed jej rozpocz\u0119ciem, tj. przed rozpocz\u0119ciem nowej sesji gry. Runda gry rozpoczyna si\u0119 wraz z rozpocz\u0119ciem sesji gry. Runda gry trwa od momentu pojawienia si\u0119 pierwszego wsp\u00f3\u0142czynnika mno\u017cnika na ekranie do momentu Crashu lub naci\u015bni\u0119cia przez ciebie przycisku ZG\u0141O\u015a (twojego ostatniego naci\u015bni\u0119cia przycisku ZG\u0141O\u015a &#8211; w przypadku, gdy na rund\u0119 gry postawiono 2 zak\u0142ady), w zale\u017cno\u015bci od tego, co nast\u0105pi wcze\u015bniej.<\/p>\n<p>Aby rozpocz\u0105\u0107 rund\u0119 gry (w trybie gry standardowej), musisz nacisn\u0105\u0107 przycisk POSTAW ZAK\u0141AD.<\/p>\n<h2><strong>Jak postawi\u0107 zak\u0142ad<\/strong><\/h2>\n<p>Zak\u0142ad mo\u017cna postawi\u0107 tylko przed rozpocz\u0119ciem rundy gry, tj. podczas ustalania czasu na postawienie zak\u0142ad\u00f3w lub po zako\u0144czeniu rundy gry &#8211; tylko na nast\u0119pn\u0105 rund\u0119 gry.<\/p>\n<h2><strong>Ustalanie czasu na postawienie zak\u0142ad\u00f3w<\/strong><\/h2>\n<p>Ka\u017cda runda gry podlega zak\u0142adowi. Wielko\u015b\u0107 twojego zak\u0142adu jest okre\u015blana w polu &#8222;ZAK\u0141AD&#8221;. Wysoko\u015b\u0107 zak\u0142adu mo\u017cna ustawi\u0107 za pomoc\u0105 odpowiednich przycisk\u00f3w &#8222;+&#8221; i &#8222;-&#8222;, lub wybieraj\u0105c przycisk z ustalon\u0105 z g\u00f3ry wielko\u015bci\u0105 zak\u0142adu. Wysoko\u015b\u0107 zak\u0142adu jest podana w walucie, na kt\u00f3rej grasz na platformie. Ka\u017cda runda gry kosztuje zak\u0142ad okre\u015blony w polu &#8222;ZAK\u0141AD&#8221;.<\/p>\n<p>W trybie gry standardowej postawisz zak\u0142ad, naciskaj\u0105c przycisk POSTAW ZAK\u0141AD, a kwota zak\u0142adu zostanie odj\u0119ta z twojego salda jednocze\u015bnie z rozpocz\u0119ciem rundy gry. Na niekt\u00f3rych urz\u0105dzeniach naci\u015bni\u0119cie spacji na klawiaturze jest r\u00f3wnoznaczne z naci\u015bni\u0119ciem przycisku POSTAW ZAK\u0141AD i rozpoczyna rund\u0119 gry, co oznacza postawienie zak\u0142adu okre\u015blonego w polu &#8222;ZAK\u0141AD&#8221;.<\/p>\n<p>W trybie automatycznego odtwarzania runda gry rozpoczyna si\u0119 automatycznie<\/p>\n<p>bez naciskania przycisku POSTAW ZAK\u0141AD, a kwota zak\u0142adu jest odj\u0119ta z twojego salda jednocze\u015bnie z rozpocz\u0119ciem rundy gry.<\/p>\n<h2><strong>Wi\u0119cej ni\u017c jeden zak\u0142ad<\/strong><\/h2>\n<p>W Cricket Crash jest funkcja, kt\u00f3ra umo\u017cliwia postawienie 2 zak\u0142ad\u00f3w jednocze\u015bnie w jednej rundzie gry. Aby w\u0142\u0105czy\u0107 t\u0119 funkcj\u0119, musisz nacisn\u0105\u0107 przycisk POSTAW ZAK\u0141AD w innym polu &#8222;ZAK\u0141AD&#8221;.<\/p>\n<p>Aby postawi\u0107 drugi zak\u0142ad, musisz wykona\u0107 wszystkie czynno\u015bci, takie same jak dla pierwszego zak\u0142adu, w drugim polu na drugi zak\u0142ad, tj. ustawi\u0107 wysoko\u015b\u0107 zak\u0142adu i nacisn\u0105\u0107 przycisk POSTAW ZAK\u0141AD odpowiadaj\u0105cy drugiemu zak\u0142adowi.<\/p>\n<p>Pola zak\u0142ad\u00f3w nie s\u0105 powi\u0105zane, mo\u017cesz ustawi\u0107 r\u00f3\u017cne zak\u0142ady, a tak\u017ce postawi\u0107 tylko jeden zak\u0142ad.<\/p>\n","protected":false},"excerpt":{"rendered":"<p>Cricket Crash to gra w stylu turnieju krykieta. Jest to gra wieloosobowa. W tej grze wsp\u00f3\u0142czynnik mno\u017cnika stale ro\u015bnie od pocz\u0105tku sesji gry a\u017c do momentu wybuchu pi\u0142ki krykieta (Crash). Celem Cricket Crash jest uzyskanie wygranych z jak najwy\u017cszym wsp\u00f3\u0142czynnikiem mno\u017cnika przed Crashem. Wygrane to zak\u0142ad gracza pomno\u017cony przez wsp\u00f3\u0142czynnik mno\u017cnika w chwili naci\u015bni\u0119cia przez [&hellip;]<\/p>\n","protected":false},"author":1,"featured_media":0,"parent":0,"menu_order":0,"comment_status":"closed","ping_status":"closed","template":"","meta":{"footnotes":""},"class_list":["post-6","page","type-page","status-publish","hentry"],"yoast_head":"<!-- This site is optimized with the Yoast SEO plugin v27.2 - https:\/\/yoast.com\/product\/yoast-seo-wordpress\/ -->\n<title>\u0418\u0433\u0440\u0430\u0442\u044c \u0432 \u043e\u043d\u043b\u0430\u0439\u043d \u0438\u0433\u0440\u0443 Cricket Crash<\/title>\n<meta name=\"description\" content=\"Jak gra\u0107 w Cricket Crash. Jak rozpocz\u0105\u0107 rund\u0119 gry i jak postawi\u0107 zak\u0142ad w rundzie Cricket Crash. Automatyczne zak\u0142ady i nowe zak\u0142ady.\" \/>\n<meta name=\"robots\" content=\"index, follow, max-snippet:-1, max-image-preview:large, max-video-preview:-1\" \/>\n<link rel=\"canonical\" href=\"https:\/\/tipsforcricketbetting.com\/pl\/\" \/>\n<meta property=\"og:locale\" content=\"pl_PL\" \/>\n<meta property=\"og:locale:alternate\" content=\"ru_RU\" \/>\n<meta property=\"og:locale:alternate\" content=\"en_US\" \/>\n<meta property=\"og:locale:alternate\" content=\"pt_PT\" \/>\n<meta property=\"og:locale:alternate\" content=\"es_ES\" \/>\n<meta property=\"og:locale:alternate\" content=\"ro_RO\" \/>\n<meta property=\"og:locale:alternate\" content=\"sr_RS\" \/>\n<meta property=\"og:locale:alternate\" content=\"bg_BG\" \/>\n<meta property=\"og:locale:alternate\" content=\"it_IT\" \/>\n<meta property=\"og:locale:alternate\" content=\"fr_FR\" \/>\n<meta property=\"og:type\" content=\"article\" \/>\n<meta property=\"og:title\" content=\"\u0418\u0433\u0440\u0430\u0442\u044c \u0432 \u043e\u043d\u043b\u0430\u0439\u043d \u0438\u0433\u0440\u0443 Cricket Crash\" \/>\n<meta property=\"og:description\" content=\"\u041a\u0430\u043a \u0438\u0433\u0440\u0430\u0442\u044c \u0432 Cricket Crash. \u041a\u0430\u043a \u043d\u0430\u0447\u0430\u0442\u044c \u0438\u0433\u0440\u043e\u0432\u043e\u0439 \u0440\u0430\u0443\u043d\u0434 \u0438 \u043a\u0430\u043a \u0441\u0434\u0435\u043b\u0430\u0442\u044c \u0441\u0442\u0430\u0432\u043a\u0443 \u0432 \u0440\u0430\u0443\u043d\u0434\u0435 Cricket Crash. \u0410\u0432\u0442\u043e\u043c\u0430\u0442\u0438\u0447\u0435\u0441\u043a\u0430\u044f \u0441\u0442\u0430\u0432\u043a\u0430 \u0438 \u043d\u043e\u0432\u044b\u0435 \u0441\u0442\u0430\u0432\u043a\u0438\" \/>\n<meta property=\"og:url\" content=\"https:\/\/tipsforcricketbetting.com\/pl\/\" \/>\n<meta property=\"og:site_name\" content=\"Cricket\" \/>\n<meta property=\"article:modified_time\" content=\"2024-02-28T15:20:54+00:00\" \/>\n<meta name=\"twitter:card\" content=\"summary_large_image\" \/>\n<meta name=\"twitter:label1\" content=\"Szacowany czas czytania\" \/>\n\t<meta name=\"twitter:data1\" content=\"23 minuty\" \/>\n<script type=\"application\/ld+json\" class=\"yoast-schema-graph\">{\"@context\":\"https:\/\/schema.org\",\"@graph\":[{\"@type\":\"WebPage\",\"@id\":\"https:\/\/tipsforcricketbetting.com\/\",\"url\":\"https:\/\/tipsforcricketbetting.com\/\",\"name\":\"\u0418\u0433\u0440\u0430\u0442\u044c \u0432 \u043e\u043d\u043b\u0430\u0439\u043d \u0438\u0433\u0440\u0443 Cricket Crash\",\"isPartOf\":{\"@id\":\"https:\/\/tipsforcricketbetting.com\/#website\"},\"datePublished\":\"2024-02-18T20:48:45+00:00\",\"dateModified\":\"2024-02-28T15:20:54+00:00\",\"description\":\"\u041a\u0430\u043a \u0438\u0433\u0440\u0430\u0442\u044c \u0432 Cricket Crash. \u041a\u0430\u043a \u043d\u0430\u0447\u0430\u0442\u044c \u0438\u0433\u0440\u043e\u0432\u043e\u0439 \u0440\u0430\u0443\u043d\u0434 \u0438 \u043a\u0430\u043a \u0441\u0434\u0435\u043b\u0430\u0442\u044c \u0441\u0442\u0430\u0432\u043a\u0443 \u0432 \u0440\u0430\u0443\u043d\u0434\u0435 Cricket Crash. \u0410\u0432\u0442\u043e\u043c\u0430\u0442\u0438\u0447\u0435\u0441\u043a\u0430\u044f \u0441\u0442\u0430\u0432\u043a\u0430 \u0438 \u043d\u043e\u0432\u044b\u0435 \u0441\u0442\u0430\u0432\u043a\u0438\",\"breadcrumb\":{\"@id\":\"https:\/\/tipsforcricketbetting.com\/#breadcrumb\"},\"inLanguage\":\"pl-PL\",\"potentialAction\":[{\"@type\":\"ReadAction\",\"target\":[\"https:\/\/tipsforcricketbetting.com\/\"]}]},{\"@type\":\"BreadcrumbList\",\"@id\":\"https:\/\/tipsforcricketbetting.com\/#breadcrumb\",\"itemListElement\":[{\"@type\":\"ListItem\",\"position\":1,\"name\":\"Home\",\"item\":\"https:\/\/tipsforcricketbetting.com\/\"},{\"@type\":\"ListItem\",\"position\":2,\"name\":\"\u0427\u0442\u043e \u0442\u0430\u043a\u043e\u0435 Cricket Crash?\"}]},{\"@type\":\"WebSite\",\"@id\":\"https:\/\/tipsforcricketbetting.com\/#website\",\"url\":\"https:\/\/tipsforcricketbetting.com\/\",\"name\":\"Cricket\",\"description\":\"Just another WordPress site\",\"potentialAction\":[{\"@type\":\"SearchAction\",\"target\":{\"@type\":\"EntryPoint\",\"urlTemplate\":\"https:\/\/tipsforcricketbetting.com\/?s={search_term_string}\"},\"query-input\":{\"@type\":\"PropertyValueSpecification\",\"valueRequired\":true,\"valueName\":\"search_term_string\"}}],\"inLanguage\":\"pl-PL\"}]}<\/script>\n<!-- \/ Yoast SEO plugin. -->","yoast_head_json":{"title":"\u0418\u0433\u0440\u0430\u0442\u044c \u0432 \u043e\u043d\u043b\u0430\u0439\u043d \u0438\u0433\u0440\u0443 Cricket Crash","description":"Jak gra\u0107 w Cricket Crash. Jak rozpocz\u0105\u0107 rund\u0119 gry i jak postawi\u0107 zak\u0142ad w rundzie Cricket Crash. Automatyczne zak\u0142ady i nowe zak\u0142ady.","robots":{"index":"index","follow":"follow","max-snippet":"max-snippet:-1","max-image-preview":"max-image-preview:large","max-video-preview":"max-video-preview:-1"},"canonical":"https:\/\/tipsforcricketbetting.com\/pl\/","og_locale":"pl_PL","og_type":"article","og_title":"\u0418\u0433\u0440\u0430\u0442\u044c \u0432 \u043e\u043d\u043b\u0430\u0439\u043d \u0438\u0433\u0440\u0443 Cricket Crash","og_description":"\u041a\u0430\u043a \u0438\u0433\u0440\u0430\u0442\u044c \u0432 Cricket Crash. \u041a\u0430\u043a \u043d\u0430\u0447\u0430\u0442\u044c \u0438\u0433\u0440\u043e\u0432\u043e\u0439 \u0440\u0430\u0443\u043d\u0434 \u0438 \u043a\u0430\u043a \u0441\u0434\u0435\u043b\u0430\u0442\u044c \u0441\u0442\u0430\u0432\u043a\u0443 \u0432 \u0440\u0430\u0443\u043d\u0434\u0435 Cricket Crash. \u0410\u0432\u0442\u043e\u043c\u0430\u0442\u0438\u0447\u0435\u0441\u043a\u0430\u044f \u0441\u0442\u0430\u0432\u043a\u0430 \u0438 \u043d\u043e\u0432\u044b\u0435 \u0441\u0442\u0430\u0432\u043a\u0438","og_url":"https:\/\/tipsforcricketbetting.com\/pl\/","og_site_name":"Cricket","article_modified_time":"2024-02-28T15:20:54+00:00","twitter_card":"summary_large_image","twitter_misc":{"Szacowany czas czytania":"23 minuty"},"schema":{"@context":"https:\/\/schema.org","@graph":[{"@type":"WebPage","@id":"https:\/\/tipsforcricketbetting.com\/","url":"https:\/\/tipsforcricketbetting.com\/","name":"\u0418\u0433\u0440\u0430\u0442\u044c \u0432 \u043e\u043d\u043b\u0430\u0439\u043d \u0438\u0433\u0440\u0443 Cricket Crash","isPartOf":{"@id":"https:\/\/tipsforcricketbetting.com\/#website"},"datePublished":"2024-02-18T20:48:45+00:00","dateModified":"2024-02-28T15:20:54+00:00","description":"\u041a\u0430\u043a \u0438\u0433\u0440\u0430\u0442\u044c \u0432 Cricket Crash. \u041a\u0430\u043a \u043d\u0430\u0447\u0430\u0442\u044c \u0438\u0433\u0440\u043e\u0432\u043e\u0439 \u0440\u0430\u0443\u043d\u0434 \u0438 \u043a\u0430\u043a \u0441\u0434\u0435\u043b\u0430\u0442\u044c \u0441\u0442\u0430\u0432\u043a\u0443 \u0432 \u0440\u0430\u0443\u043d\u0434\u0435 Cricket Crash. \u0410\u0432\u0442\u043e\u043c\u0430\u0442\u0438\u0447\u0435\u0441\u043a\u0430\u044f \u0441\u0442\u0430\u0432\u043a\u0430 \u0438 \u043d\u043e\u0432\u044b\u0435 \u0441\u0442\u0430\u0432\u043a\u0438","breadcrumb":{"@id":"https:\/\/tipsforcricketbetting.com\/#breadcrumb"},"inLanguage":"pl-PL","potentialAction":[{"@type":"ReadAction","target":["https:\/\/tipsforcricketbetting.com\/"]}]},{"@type":"BreadcrumbList","@id":"https:\/\/tipsforcricketbetting.com\/#breadcrumb","itemListElement":[{"@type":"ListItem","position":1,"name":"Home","item":"https:\/\/tipsforcricketbetting.com\/"},{"@type":"ListItem","position":2,"name":"\u0427\u0442\u043e \u0442\u0430\u043a\u043e\u0435 Cricket Crash?"}]},{"@type":"WebSite","@id":"https:\/\/tipsforcricketbetting.com\/#website","url":"https:\/\/tipsforcricketbetting.com\/","name":"Cricket","description":"Just another WordPress site","potentialAction":[{"@type":"SearchAction","target":{"@type":"EntryPoint","urlTemplate":"https:\/\/tipsforcricketbetting.com\/?s={search_term_string}"},"query-input":{"@type":"PropertyValueSpecification","valueRequired":true,"valueName":"search_term_string"}}],"inLanguage":"pl-PL"}]}},"_links":{"self":[{"href":"https:\/\/tipsforcricketbetting.com\/pl\/wp-json\/wp\/v2\/pages\/6","targetHints":{"allow":["GET"]}}],"collection":[{"href":"https:\/\/tipsforcricketbetting.com\/pl\/wp-json\/wp\/v2\/pages"}],"about":[{"href":"https:\/\/tipsforcricketbetting.com\/pl\/wp-json\/wp\/v2\/types\/page"}],"author":[{"embeddable":true,"href":"https:\/\/tipsforcricketbetting.com\/pl\/wp-json\/wp\/v2\/users\/1"}],"replies":[{"embeddable":true,"href":"https:\/\/tipsforcricketbetting.com\/pl\/wp-json\/wp\/v2\/comments?post=6"}],"version-history":[{"count":18,"href":"https:\/\/tipsforcricketbetting.com\/pl\/wp-json\/wp\/v2\/pages\/6\/revisions"}],"predecessor-version":[{"id":118,"href":"https:\/\/tipsforcricketbetting.com\/pl\/wp-json\/wp\/v2\/pages\/6\/revisions\/118"}],"wp:attachment":[{"href":"https:\/\/tipsforcricketbetting.com\/pl\/wp-json\/wp\/v2\/media?parent=6"}],"curies":[{"name":"wp","href":"https:\/\/api.w.org\/{rel}","templated":true}]}}