{"id":16,"date":"2024-02-18T20:56:24","date_gmt":"2024-02-18T20:56:24","guid":{"rendered":"https:\/\/tipsforcricketbetting.com\/?page_id=16"},"modified":"2024-02-28T15:15:48","modified_gmt":"2024-02-28T15:15:48","slug":"automatic-mode-autoplay","status":"publish","type":"page","link":"https:\/\/tipsforcricketbetting.com\/pl\/automatic-mode-autoplay\/","title":{"rendered":"\u0410\u0432\u0442\u043e\u043c\u0430\u0442\u0438\u0447\u0435\u0441\u043a\u0438\u0438\u0306 \u0440\u0435\u0436\u0438\u043c (\u0430\u0432\u0442\u043e\u043f\u043b\u0435\u0438\u0306)"},"content":{"rendered":"<p>W tej grze mo\u017cesz obstawia\u0107 dla ka\u017cdej kolejnej rundy gry i otrzymywa\u0107 wygrane w ka\u017cdej rundzie gry automatycznie, bez konieczno\u015bci naciskania odpowiednich przycisk\u00f3w, dzi\u0119ki w\u0142\u0105czonej automatycznej funkcji.<\/p>\n<h2><strong>AUTO BET &#8211; Automatyczne zak\u0142ady<\/strong><\/h2>\n<p>Aby aktywowa\u0107 automatyczne obstawianie, czyli dokonywanie zak\u0142adu automatycznie dla ka\u017cdej rundy gry (Auto Bet), musisz ustawi\u0107 wielko\u015b\u0107 zak\u0142adu i prze\u0142\u0105czy\u0107 suwak Auto Bet w odpowiednim polu w tryb aktywny, czyli na kolor niebieski (aktywne przyciski s\u0105 niebieskie). Sesja automatycznych zak\u0142ad\u00f3w rozpocznie si\u0119 automatycznie. Tryb automatyczny rozpoczyna si\u0119 od pocz\u0105tku nowej sesji i jest wa\u017cny dla ka\u017cdej kolejnej sesji do momentu zako\u0144czenia trybu automatycznego obstawiania (Auto Bet).<\/p>\n<p>Dla ka\u017cdego sektora i odpowiadaj\u0105cego zak\u0142adu taki automatyczny tryb jest aktywowany osobno.<\/p>\n<p>Prze\u0142\u0105czaj\u0105c suwak Auto Bet w tryb aktywny, uruchamiasz tryb automatycznego obstawiania z opcjami ustawionymi na ekranie, czyli z wielko\u015bci\u0105 zak\u0142adu wskazan\u0105 w odpowiednim polu. Wielko\u015b\u0107 zak\u0142adu nie mo\u017ce by\u0107 zmieniona podczas aktywnego trybu automatycznego obstawiania.<\/p>\n<p>W trakcie aktywnego trybu automatycznego obstawiania (Auto Bet) zak\u0142ady s\u0105 dokonywane automatycznie natychmiast po zako\u0144czeniu poprzedniej rundy gry. Tryb automatycznego obstawiania b\u0119dzie aktywny i b\u0119dzie trwa\u0142 do momentu prze\u0142\u0105czenia suwaka Auto Bet w odpowiednim polu w tryb nieaktywny, czyli na kolor szary (nieaktywne przyciski s\u0105 szare). Tryb automatyczny ko\u0144czy si\u0119, gdy wielko\u015b\u0107 zak\u0142adu ustalona przez gracza przekroczy jego saldo.<\/p>\n<h2><strong>AUTO TAKE &#8211; Automatyczne pobieranie<\/strong><\/h2>\n<p>Aby aktywowa\u0107 funkcj\u0119, w kt\u00f3rej Twoje wygrane s\u0105 automatycznie pobierane, gdy na ekranie pojawi si\u0119 okre\u015blony przez Ciebie wsp\u00f3\u0142czynnik mno\u017cnika &#8211; tryb Auto Take, musisz ustawi\u0107 wsp\u00f3\u0142czynnik mno\u017cnika i prze\u0142\u0105czy\u0107 suwak Auto Take w odpowiednim polu w tryb aktywny, czyli na kolor niebieski (aktywne przyciski s\u0105 niebieskie). Mo\u017cesz ustawi\u0107 taki wsp\u00f3\u0142czynnik mno\u017cnika za pomoc\u0105 odpowiednich przycisk\u00f3w &#8222;+&#8221; i &#8222;-&#8222;.<\/p>\n<p>Dla ka\u017cdego sektora i odpowiadaj\u0105cego zak\u0142adu taki automatyczny tryb jest aktywowany osobno.<\/p>\n<p>Prze\u0142\u0105czaj\u0105c suwak Auto Take w tryb aktywny, uruchamiasz tryb automatycznego obstawiania z opcjami ustawionymi na ekranie, czyli z wielko\u015bci\u0105 wsp\u00f3\u0142czynnika mno\u017cnika wskazan\u0105 w odpowiednim polu. Wielko\u015b\u0107 wsp\u00f3\u0142czynnika mno\u017cnika nie mo\u017ce by\u0107 zmieniona podczas aktywnego trybu Auto Take.<\/p>\n<p>W trakcie aktywnego trybu Auto Take mo\u017cesz odebra\u0107 swoje wygrane przed pojawieniem si\u0119 przez Ciebie okre\u015blonego wsp\u00f3\u0142czynnika mno\u017cnika Auto Take, naciskaj\u0105c odpowiedni przycisk CLAIM. Naci\u015bni\u0119cie przycisku CLAIM nie zatrzymuje trybu Auto Take. Tryb Auto Take b\u0119dzie aktywny i b\u0119dzie trwa\u0142 do momentu prze\u0142\u0105czenia suwaka Auto Take w odpowiednim polu w tryb nieaktywny, czyli na kolor szary (nieaktywne przyciski s\u0105 szare). Tryb automatyczny ko\u0144czy si\u0119, gdy wielko\u015b\u0107 zak\u0142adu ustalona przez gracza przekroczy jego saldo.<\/p>\n<p>Prosimy zauwa\u017cy\u0107, \u017ce w przypadku przerwanej po\u0142\u0105czenia z Internetem, automatyczne tryby s\u0105 automatycznie zatrzymywane.<\/p>\n<p>Prosimy zauwa\u017cy\u0107, \u017ce Twoje wygrane w trybie Auto Take mo\u017cna odebra\u0107 (uzna\u0107 za odebrane) dopiero po zako\u0144czeniu lotu pi\u0142ki do krykieta przez portal bonusowy. Na przyk\u0142ad, je\u015bli Tw\u00f3j zak\u0142ad wynosi FUN 1, a Tw\u00f3j wsp\u00f3\u0142czynnik mno\u017cnika Auto Take wynosi 7,00, a lot pi\u0142ki do krykieta przez portal bonusowy (z bonusem 30%) rozpocz\u0105\u0142 si\u0119 przy wsp\u00f3\u0142czynniku 6,90 i zako\u0144czy\u0142 przy wsp\u00f3\u0142czynniku 8,97, Twoje wygrane &#8211; FUN 7 (zak\u0142ad pomno\u017cony przez Tw\u00f3j wsp\u00f3\u0142czynnik Auto Take) zostan\u0105 automatycznie pobrane po pomy\u015blnym zako\u0144czeniu lotu pi\u0142ki do krykieta przez portal bonusowy. A w przypadku, gdy lot pi\u0142ki do krykieta przez<\/p>\n<p>portal bonusowy ko\u0144czy si\u0119 zderzeniem &#8211; runda gry jest uwa\u017cana za zako\u0144czon\u0105 przy wsp\u00f3\u0142czynniku 6,90, a w tym przypadku tracisz zak\u0142ad, a wygrane nie zostan\u0105 przypisane do Ciebie.<\/p>\n","protected":false},"excerpt":{"rendered":"<p>W tej grze mo\u017cesz obstawia\u0107 dla ka\u017cdej kolejnej rundy gry i otrzymywa\u0107 wygrane w ka\u017cdej rundzie gry automatycznie, bez konieczno\u015bci naciskania odpowiednich przycisk\u00f3w, dzi\u0119ki w\u0142\u0105czonej automatycznej funkcji. AUTO BET &#8211; Automatyczne zak\u0142ady Aby aktywowa\u0107 automatyczne obstawianie, czyli dokonywanie zak\u0142adu automatycznie dla ka\u017cdej rundy gry (Auto Bet), musisz ustawi\u0107 wielko\u015b\u0107 zak\u0142adu i prze\u0142\u0105czy\u0107 suwak Auto Bet [&hellip;]<\/p>\n","protected":false},"author":1,"featured_media":0,"parent":0,"menu_order":0,"comment_status":"closed","ping_status":"closed","template":"","meta":{"footnotes":""},"class_list":["post-16","page","type-page","status-publish","hentry"],"yoast_head":"<!-- This site is optimized with the Yoast SEO plugin v27.2 - https:\/\/yoast.com\/product\/yoast-seo-wordpress\/ -->\n<title>\u0410\u0443\u0442\u043e\u043c\u0430\u0442\u0441\u043a\u0438 \u0440\u0435\u0436\u0438\u043c \u0443 Cricket Crash<\/title>\n<meta name=\"description\" content=\"Automatyczne obstawianie i automatyczne zg\u0142aszanie wygranych w Cricket Crash\" \/>\n<meta name=\"robots\" content=\"index, follow, max-snippet:-1, max-image-preview:large, max-video-preview:-1\" \/>\n<link rel=\"canonical\" href=\"https:\/\/tipsforcricketbetting.com\/pl\/automatic-mode-autoplay\/\" \/>\n<meta property=\"og:locale\" content=\"pl_PL\" \/>\n<meta property=\"og:locale:alternate\" content=\"ru_RU\" \/>\n<meta property=\"og:locale:alternate\" content=\"en_US\" \/>\n<meta property=\"og:locale:alternate\" content=\"pt_PT\" \/>\n<meta property=\"og:locale:alternate\" content=\"es_ES\" \/>\n<meta property=\"og:locale:alternate\" content=\"ro_RO\" \/>\n<meta property=\"og:locale:alternate\" content=\"sr_RS\" \/>\n<meta property=\"og:locale:alternate\" content=\"bg_BG\" \/>\n<meta property=\"og:locale:alternate\" content=\"it_IT\" \/>\n<meta property=\"og:locale:alternate\" content=\"fr_FR\" \/>\n<meta property=\"og:type\" content=\"article\" \/>\n<meta property=\"og:title\" content=\"\u0410\u0443\u0442\u043e\u043c\u0430\u0442\u0441\u043a\u0438 \u0440\u0435\u0436\u0438\u043c \u0443 Cricket Crash\" \/>\n<meta property=\"og:description\" content=\"\u0410\u0443\u0442\u043e\u043c\u0430\u0442\u0441\u043a\u043e \u043a\u043b\u0430\u0452\u0435\u045a\u0435 \u0438 \u0430\u0443\u0442\u043e\u043c\u0430\u0442\u0441\u043a\u043e \u0437\u0430\u0445\u0442\u0435\u0432\u0430\u045a\u0435 \u0434\u043e\u0431\u0438\u0442\u0430\u043a\u0430 \u0443 Cricket Crash\" \/>\n<meta property=\"og:url\" content=\"https:\/\/tipsforcricketbetting.com\/pl\/automatic-mode-autoplay\/\" \/>\n<meta property=\"og:site_name\" content=\"Cricket\" \/>\n<meta property=\"article:modified_time\" content=\"2024-02-28T15:15:48+00:00\" \/>\n<meta name=\"twitter:card\" content=\"summary_large_image\" \/>\n<meta name=\"twitter:label1\" content=\"Szacowany czas czytania\" \/>\n\t<meta name=\"twitter:data1\" content=\"24 minuty\" \/>\n<script type=\"application\/ld+json\" class=\"yoast-schema-graph\">{\"@context\":\"https:\/\/schema.org\",\"@graph\":[{\"@type\":\"WebPage\",\"@id\":\"https:\/\/tipsforcricketbetting.com\/sr\/automatic-mode-autoplay\/\",\"url\":\"https:\/\/tipsforcricketbetting.com\/sr\/automatic-mode-autoplay\/\",\"name\":\"\u0410\u0443\u0442\u043e\u043c\u0430\u0442\u0441\u043a\u0438 \u0440\u0435\u0436\u0438\u043c \u0443 Cricket Crash\",\"isPartOf\":{\"@id\":\"https:\/\/tipsforcricketbetting.com\/#website\"},\"datePublished\":\"2024-02-18T20:56:24+00:00\",\"dateModified\":\"2024-02-28T15:15:48+00:00\",\"description\":\"\u0410\u0443\u0442\u043e\u043c\u0430\u0442\u0441\u043a\u043e \u043a\u043b\u0430\u0452\u0435\u045a\u0435 \u0438 \u0430\u0443\u0442\u043e\u043c\u0430\u0442\u0441\u043a\u043e \u0437\u0430\u0445\u0442\u0435\u0432\u0430\u045a\u0435 \u0434\u043e\u0431\u0438\u0442\u0430\u043a\u0430 \u0443 Cricket Crash\",\"breadcrumb\":{\"@id\":\"https:\/\/tipsforcricketbetting.com\/sr\/automatic-mode-autoplay\/#breadcrumb\"},\"inLanguage\":\"pl-PL\",\"potentialAction\":[{\"@type\":\"ReadAction\",\"target\":[\"https:\/\/tipsforcricketbetting.com\/sr\/automatic-mode-autoplay\/\"]}]},{\"@type\":\"BreadcrumbList\",\"@id\":\"https:\/\/tipsforcricketbetting.com\/sr\/automatic-mode-autoplay\/#breadcrumb\",\"itemListElement\":[{\"@type\":\"ListItem\",\"position\":1,\"name\":\"Home\",\"item\":\"https:\/\/tipsforcricketbetting.com\/\"},{\"@type\":\"ListItem\",\"position\":2,\"name\":\"\u0410\u0432\u0442\u043e\u043c\u0430\u0442\u0438\u0447\u0435\u0441\u043a\u0438\u0438\u0306 \u0440\u0435\u0436\u0438\u043c (\u0430\u0432\u0442\u043e\u043f\u043b\u0435\u0438\u0306)\"}]},{\"@type\":\"WebSite\",\"@id\":\"https:\/\/tipsforcricketbetting.com\/#website\",\"url\":\"https:\/\/tipsforcricketbetting.com\/\",\"name\":\"Cricket\",\"description\":\"Just another WordPress site\",\"potentialAction\":[{\"@type\":\"SearchAction\",\"target\":{\"@type\":\"EntryPoint\",\"urlTemplate\":\"https:\/\/tipsforcricketbetting.com\/?s={search_term_string}\"},\"query-input\":{\"@type\":\"PropertyValueSpecification\",\"valueRequired\":true,\"valueName\":\"search_term_string\"}}],\"inLanguage\":\"pl-PL\"}]}<\/script>\n<!-- \/ Yoast SEO plugin. -->","yoast_head_json":{"title":"\u0410\u0443\u0442\u043e\u043c\u0430\u0442\u0441\u043a\u0438 \u0440\u0435\u0436\u0438\u043c \u0443 Cricket Crash","description":"Automatyczne obstawianie i automatyczne zg\u0142aszanie wygranych w Cricket Crash","robots":{"index":"index","follow":"follow","max-snippet":"max-snippet:-1","max-image-preview":"max-image-preview:large","max-video-preview":"max-video-preview:-1"},"canonical":"https:\/\/tipsforcricketbetting.com\/pl\/automatic-mode-autoplay\/","og_locale":"pl_PL","og_type":"article","og_title":"\u0410\u0443\u0442\u043e\u043c\u0430\u0442\u0441\u043a\u0438 \u0440\u0435\u0436\u0438\u043c \u0443 Cricket Crash","og_description":"\u0410\u0443\u0442\u043e\u043c\u0430\u0442\u0441\u043a\u043e \u043a\u043b\u0430\u0452\u0435\u045a\u0435 \u0438 \u0430\u0443\u0442\u043e\u043c\u0430\u0442\u0441\u043a\u043e \u0437\u0430\u0445\u0442\u0435\u0432\u0430\u045a\u0435 \u0434\u043e\u0431\u0438\u0442\u0430\u043a\u0430 \u0443 Cricket Crash","og_url":"https:\/\/tipsforcricketbetting.com\/pl\/automatic-mode-autoplay\/","og_site_name":"Cricket","article_modified_time":"2024-02-28T15:15:48+00:00","twitter_card":"summary_large_image","twitter_misc":{"Szacowany czas czytania":"24 minuty"},"schema":{"@context":"https:\/\/schema.org","@graph":[{"@type":"WebPage","@id":"https:\/\/tipsforcricketbetting.com\/sr\/automatic-mode-autoplay\/","url":"https:\/\/tipsforcricketbetting.com\/sr\/automatic-mode-autoplay\/","name":"\u0410\u0443\u0442\u043e\u043c\u0430\u0442\u0441\u043a\u0438 \u0440\u0435\u0436\u0438\u043c \u0443 Cricket Crash","isPartOf":{"@id":"https:\/\/tipsforcricketbetting.com\/#website"},"datePublished":"2024-02-18T20:56:24+00:00","dateModified":"2024-02-28T15:15:48+00:00","description":"\u0410\u0443\u0442\u043e\u043c\u0430\u0442\u0441\u043a\u043e \u043a\u043b\u0430\u0452\u0435\u045a\u0435 \u0438 \u0430\u0443\u0442\u043e\u043c\u0430\u0442\u0441\u043a\u043e \u0437\u0430\u0445\u0442\u0435\u0432\u0430\u045a\u0435 \u0434\u043e\u0431\u0438\u0442\u0430\u043a\u0430 \u0443 Cricket Crash","breadcrumb":{"@id":"https:\/\/tipsforcricketbetting.com\/sr\/automatic-mode-autoplay\/#breadcrumb"},"inLanguage":"pl-PL","potentialAction":[{"@type":"ReadAction","target":["https:\/\/tipsforcricketbetting.com\/sr\/automatic-mode-autoplay\/"]}]},{"@type":"BreadcrumbList","@id":"https:\/\/tipsforcricketbetting.com\/sr\/automatic-mode-autoplay\/#breadcrumb","itemListElement":[{"@type":"ListItem","position":1,"name":"Home","item":"https:\/\/tipsforcricketbetting.com\/"},{"@type":"ListItem","position":2,"name":"\u0410\u0432\u0442\u043e\u043c\u0430\u0442\u0438\u0447\u0435\u0441\u043a\u0438\u0438\u0306 \u0440\u0435\u0436\u0438\u043c (\u0430\u0432\u0442\u043e\u043f\u043b\u0435\u0438\u0306)"}]},{"@type":"WebSite","@id":"https:\/\/tipsforcricketbetting.com\/#website","url":"https:\/\/tipsforcricketbetting.com\/","name":"Cricket","description":"Just another WordPress site","potentialAction":[{"@type":"SearchAction","target":{"@type":"EntryPoint","urlTemplate":"https:\/\/tipsforcricketbetting.com\/?s={search_term_string}"},"query-input":{"@type":"PropertyValueSpecification","valueRequired":true,"valueName":"search_term_string"}}],"inLanguage":"pl-PL"}]}},"_links":{"self":[{"href":"https:\/\/tipsforcricketbetting.com\/pl\/wp-json\/wp\/v2\/pages\/16","targetHints":{"allow":["GET"]}}],"collection":[{"href":"https:\/\/tipsforcricketbetting.com\/pl\/wp-json\/wp\/v2\/pages"}],"about":[{"href":"https:\/\/tipsforcricketbetting.com\/pl\/wp-json\/wp\/v2\/types\/page"}],"author":[{"embeddable":true,"href":"https:\/\/tipsforcricketbetting.com\/pl\/wp-json\/wp\/v2\/users\/1"}],"replies":[{"embeddable":true,"href":"https:\/\/tipsforcricketbetting.com\/pl\/wp-json\/wp\/v2\/comments?post=16"}],"version-history":[{"count":16,"href":"https:\/\/tipsforcricketbetting.com\/pl\/wp-json\/wp\/v2\/pages\/16\/revisions"}],"predecessor-version":[{"id":114,"href":"https:\/\/tipsforcricketbetting.com\/pl\/wp-json\/wp\/v2\/pages\/16\/revisions\/114"}],"wp:attachment":[{"href":"https:\/\/tipsforcricketbetting.com\/pl\/wp-json\/wp\/v2\/media?parent=16"}],"curies":[{"name":"wp","href":"https:\/\/api.w.org\/{rel}","templated":true}]}}