{"id":14,"date":"2024-02-18T20:54:43","date_gmt":"2024-02-18T20:54:43","guid":{"rendered":"https:\/\/tipsforcricketbetting.com\/?page_id=14"},"modified":"2024-02-28T15:16:51","modified_gmt":"2024-02-28T15:16:51","slug":"bonus-in-the-game-cricket-crash","status":"publish","type":"page","link":"https:\/\/tipsforcricketbetting.com\/pl\/bonus-in-the-game-cricket-crash\/","title":{"rendered":"\u0411\u043e\u043d\u0443\u0441 \u0432 \u0438\u0433\u0440\u0435 Cricket Crash"},"content":{"rendered":"<p>W grze Cricket Crash lot pi\u0142ki krykietowej przez bonusowy portal zwi\u0119ksza wsp\u00f3\u0142czynnik mno\u017cnika. Po tym, jak pi\u0142ka krykietowa pomy\u015blnie przejdzie przez bonusowy portal, wsp\u00f3\u0142czynnik mno\u017cnika, kt\u00f3ry by\u0142 przed tym lotem, zwi\u0119ksza si\u0119 o procent przydzielony na taki bonusowy portal (10%, 30% lub 50%).<\/p>\n<p>Na przyk\u0142ad, je\u015bli wsp\u00f3\u0142czynnik mno\u017cnika na ekranie wynosi\u0142 7.77 przed lotem pi\u0142ki krykietowej przez bonusowy portal, po tym, jak pi\u0142ka krykietowa pomy\u015blnie przejdzie przez bonusowy portal z bonusem 30%, wsp\u00f3\u0142czynnik mno\u017cnika wyniesie 10.10.<\/p>\n<p>Prosz\u0119 zwr\u00f3ci\u0107 uwag\u0119, \u017ce bonus jest naliczany tylko po pomy\u015blnym zako\u0144czeniu lotu pi\u0142ki krykietowej przez bonusowy portal, tj. gdy pi\u0142ka przechodzi bez wybuchu. W przypadku zako\u0144czenia lotu pi\u0142ki krykietowej przez bonusowy portal Krasz, bonus nie zostanie naliczony.<\/p>\n<h2><strong>Nagroda Maharad\u017cy:<\/strong><\/h2>\n<p>W grze Cricket Crash dost\u0119pna jest Nagroda Maharad\u017cy. Ta nagroda jest dost\u0119pna tylko w tej grze i nie ma zwi\u0105zku z \u017cadnymi innymi grami. Wielko\u015b\u0107 Nagrody Maharad\u017cy jest tworzona poprzez wp\u0142acenie 2% z ka\u017cdej stawki. Obecna wielko\u015b\u0107 Nagrody Maharad\u017cy jest wy\u015bwietlana na ekranie gry. Po wygraniu Nagrody Maharad\u017cy wszyscy zwyci\u0119zcy otrzymuj\u0105 powiadomienie, a wielko\u015b\u0107 Nagrody Maharad\u017cy jest resetowana do pocz\u0105tkowej warto\u015bci.<\/p>\n<p>Dok\u0142adna sesja gry i moment wygrania Nagrody Maharad\u017cy s\u0105 okre\u015blone przez generator liczb losowych. Cricket Crash to gra wieloosobowa, wi\u0119c Nagrod\u0119 Maharad\u017cy mog\u0105 zdoby\u0107 wszyscy gracze, kt\u00f3rzy podczas odpowiedniej sesji gry nie ko\u0144cz\u0105 swojej rundy gry, tj. nie \u017c\u0105daj\u0105 wygranej do momentu wygrania Nagrody Maharad\u017cy.<\/p>\n<p>Nagroda Maharad\u017cy b\u0119dzie rozdzielana i wyp\u0142acana zgodnie z nast\u0119puj\u0105cym wzorem:<\/p>\n<ul>\n<li>wielko\u015b\u0107 Nagrody Maharad\u017cy jest dzielona na cz\u0119\u015bci mi\u0119dzy zwyci\u0119zc\u00f3w zgodnie z udzia\u0142em stawki\/stawek takiego zwyci\u0119zcy w sumie stawek wszystkich zwyci\u0119zc\u00f3w. Na przyk\u0142ad, je\u015bli postawi\u0142e\u015b zak\u0142ad r\u00f3wny 5 FUN, a suma zak\u0142ad\u00f3w wszystkich zwyci\u0119zc\u00f3w (wliczaj\u0105c ciebie) wynosi 100 FUN, otrzymasz 5% Nagrody Maharad\u017cy;<\/li>\n<li>w przypadku, gdy jest tylko jeden zwyci\u0119zca, taki zwyci\u0119zca zabiera ca\u0142\u0105 Nagrod\u0119 Maharad\u017cy.<\/li>\n<\/ul>\n<p>Rozdzielenie Nagrody Maharad\u017cy odbywa si\u0119 na podstawie wielko\u015bci Nagrody Maharad\u017cy zgodnie z informacjami z serwer\u00f3w. Je\u015bli utracone zostanie po\u0142\u0105czenie mi\u0119dzy platform\u0105 a serwerami przechowuj\u0105cymi informacje o Nagrodzie Maharad\u017cy, gra staje si\u0119 niedost\u0119pna, a wielko\u015b\u0107 Nagrody Maharad\u017cy pozostaje niezmieniona do momentu przywr\u00f3cenia po\u0142\u0105czenia. Przed przywr\u00f3ceniem niezb\u0119dnego po\u0142\u0105czenia nie odbywa si\u0119 losowanie Nagrody Maharad\u017cy, jak r\u00f3wnie\u017c wp\u0142aty. Wygrane i rozdzielanie Nagrody Maharad\u017cy podlegaj\u0105 weryfikacji przez platform\u0119 i dostawc\u0119 gry.<\/p>\n","protected":false},"excerpt":{"rendered":"<p>W grze Cricket Crash lot pi\u0142ki krykietowej przez bonusowy portal zwi\u0119ksza wsp\u00f3\u0142czynnik mno\u017cnika. Po tym, jak pi\u0142ka krykietowa pomy\u015blnie przejdzie przez bonusowy portal, wsp\u00f3\u0142czynnik mno\u017cnika, kt\u00f3ry by\u0142 przed tym lotem, zwi\u0119ksza si\u0119 o procent przydzielony na taki bonusowy portal (10%, 30% lub 50%). Na przyk\u0142ad, je\u015bli wsp\u00f3\u0142czynnik mno\u017cnika na ekranie wynosi\u0142 7.77 przed lotem pi\u0142ki [&hellip;]<\/p>\n","protected":false},"author":1,"featured_media":0,"parent":0,"menu_order":0,"comment_status":"closed","ping_status":"closed","template":"","meta":{"footnotes":""},"class_list":["post-14","page","type-page","status-publish","hentry"],"yoast_head":"<!-- This site is optimized with the Yoast SEO plugin v27.2 - https:\/\/yoast.com\/product\/yoast-seo-wordpress\/ -->\n<title>\u0411\u043e\u043d\u0443\u0441\u0438 \u0438 \u043d\u0430\u0433\u0440\u0430\u0434\u0430 \u041c\u0430\u0445\u0430\u0440\u0430\u0434\u0436\u0430 \u0443 \u043e\u043d\u043b\u0438\u043d\u0435 \u0438\u0433\u0440\u0438 Cricket Crash<\/title>\n<meta name=\"description\" content=\"Bonusy i Nagroda Maharad\u017cy w grze zderzeniowej Cricket Crash w kasynie online. Zagraj za darmo w gr\u0119 online Cricket Crash.\" \/>\n<meta name=\"robots\" content=\"index, follow, max-snippet:-1, max-image-preview:large, max-video-preview:-1\" \/>\n<link rel=\"canonical\" href=\"https:\/\/tipsforcricketbetting.com\/pl\/bonus-in-the-game-cricket-crash\/\" \/>\n<meta property=\"og:locale\" content=\"pl_PL\" \/>\n<meta property=\"og:locale:alternate\" content=\"ru_RU\" \/>\n<meta property=\"og:locale:alternate\" content=\"en_US\" \/>\n<meta property=\"og:locale:alternate\" content=\"pt_PT\" \/>\n<meta property=\"og:locale:alternate\" content=\"es_ES\" \/>\n<meta property=\"og:locale:alternate\" content=\"ro_RO\" \/>\n<meta property=\"og:locale:alternate\" content=\"sr_RS\" \/>\n<meta property=\"og:locale:alternate\" content=\"bg_BG\" \/>\n<meta property=\"og:locale:alternate\" content=\"it_IT\" \/>\n<meta property=\"og:locale:alternate\" content=\"fr_FR\" \/>\n<meta property=\"og:type\" content=\"article\" \/>\n<meta property=\"og:title\" content=\"\u0411\u043e\u043d\u0443\u0441\u0438 \u0438 \u043d\u0430\u0433\u0440\u0430\u0434\u0430 \u041c\u0430\u0445\u0430\u0440\u0430\u0434\u0436\u0430 \u0443 \u043e\u043d\u043b\u0438\u043d\u0435 \u0438\u0433\u0440\u0438 Cricket Crash\" \/>\n<meta property=\"og:description\" content=\"\u0411\u043e\u043d\u0443\u0441\u0438 \u0438 \u043d\u0430\u0433\u0440\u0430\u0434\u0430 \u041c\u0430\u0445\u0430\u0440\u0430\u0434\u0436\u0430 \u0443 \u0438\u0433\u0440\u0438 Cricket Crash \u0443 \u043e\u043d\u043b\u0430\u0458\u043d \u043a\u0430\u0437\u0438\u043d\u0443. \u0418\u0433\u0440\u0430\u0458\u0442\u0435 \u0431\u0435\u0441\u043f\u043b\u0430\u0442\u043d\u043e \u0443 \u043e\u043d\u043b\u0430\u0458\u043d \u0438\u0433\u0440\u0438 Cricket Crash.\" \/>\n<meta property=\"og:url\" content=\"https:\/\/tipsforcricketbetting.com\/pl\/bonus-in-the-game-cricket-crash\/\" \/>\n<meta property=\"og:site_name\" content=\"Cricket\" \/>\n<meta property=\"article:modified_time\" content=\"2024-02-28T15:16:51+00:00\" \/>\n<meta name=\"twitter:card\" content=\"summary_large_image\" \/>\n<meta name=\"twitter:label1\" content=\"Szacowany czas czytania\" \/>\n\t<meta name=\"twitter:data1\" content=\"18 minut\" \/>\n<script type=\"application\/ld+json\" class=\"yoast-schema-graph\">{\"@context\":\"https:\/\/schema.org\",\"@graph\":[{\"@type\":\"WebPage\",\"@id\":\"https:\/\/tipsforcricketbetting.com\/sr\/bonus-in-the-game-cricket-crash\/\",\"url\":\"https:\/\/tipsforcricketbetting.com\/sr\/bonus-in-the-game-cricket-crash\/\",\"name\":\"\u0411\u043e\u043d\u0443\u0441\u0438 \u0438 \u043d\u0430\u0433\u0440\u0430\u0434\u0430 \u041c\u0430\u0445\u0430\u0440\u0430\u0434\u0436\u0430 \u0443 \u043e\u043d\u043b\u0438\u043d\u0435 \u0438\u0433\u0440\u0438 Cricket Crash\",\"isPartOf\":{\"@id\":\"https:\/\/tipsforcricketbetting.com\/#website\"},\"datePublished\":\"2024-02-18T20:54:43+00:00\",\"dateModified\":\"2024-02-28T15:16:51+00:00\",\"description\":\"\u0411\u043e\u043d\u0443\u0441\u0438 \u0438 \u043d\u0430\u0433\u0440\u0430\u0434\u0430 \u041c\u0430\u0445\u0430\u0440\u0430\u0434\u0436\u0430 \u0443 \u0438\u0433\u0440\u0438 Cricket Crash \u0443 \u043e\u043d\u043b\u0430\u0458\u043d \u043a\u0430\u0437\u0438\u043d\u0443. \u0418\u0433\u0440\u0430\u0458\u0442\u0435 \u0431\u0435\u0441\u043f\u043b\u0430\u0442\u043d\u043e \u0443 \u043e\u043d\u043b\u0430\u0458\u043d \u0438\u0433\u0440\u0438 Cricket Crash.\",\"breadcrumb\":{\"@id\":\"https:\/\/tipsforcricketbetting.com\/sr\/bonus-in-the-game-cricket-crash\/#breadcrumb\"},\"inLanguage\":\"pl-PL\",\"potentialAction\":[{\"@type\":\"ReadAction\",\"target\":[\"https:\/\/tipsforcricketbetting.com\/sr\/bonus-in-the-game-cricket-crash\/\"]}]},{\"@type\":\"BreadcrumbList\",\"@id\":\"https:\/\/tipsforcricketbetting.com\/sr\/bonus-in-the-game-cricket-crash\/#breadcrumb\",\"itemListElement\":[{\"@type\":\"ListItem\",\"position\":1,\"name\":\"Home\",\"item\":\"https:\/\/tipsforcricketbetting.com\/\"},{\"@type\":\"ListItem\",\"position\":2,\"name\":\"\u0411\u043e\u043d\u0443\u0441 \u0432 \u0438\u0433\u0440\u0435 Cricket Crash\"}]},{\"@type\":\"WebSite\",\"@id\":\"https:\/\/tipsforcricketbetting.com\/#website\",\"url\":\"https:\/\/tipsforcricketbetting.com\/\",\"name\":\"Cricket\",\"description\":\"Just another WordPress site\",\"potentialAction\":[{\"@type\":\"SearchAction\",\"target\":{\"@type\":\"EntryPoint\",\"urlTemplate\":\"https:\/\/tipsforcricketbetting.com\/?s={search_term_string}\"},\"query-input\":{\"@type\":\"PropertyValueSpecification\",\"valueRequired\":true,\"valueName\":\"search_term_string\"}}],\"inLanguage\":\"pl-PL\"}]}<\/script>\n<!-- \/ Yoast SEO plugin. -->","yoast_head_json":{"title":"\u0411\u043e\u043d\u0443\u0441\u0438 \u0438 \u043d\u0430\u0433\u0440\u0430\u0434\u0430 \u041c\u0430\u0445\u0430\u0440\u0430\u0434\u0436\u0430 \u0443 \u043e\u043d\u043b\u0438\u043d\u0435 \u0438\u0433\u0440\u0438 Cricket Crash","description":"Bonusy i Nagroda Maharad\u017cy w grze zderzeniowej Cricket Crash w kasynie online. Zagraj za darmo w gr\u0119 online Cricket Crash.","robots":{"index":"index","follow":"follow","max-snippet":"max-snippet:-1","max-image-preview":"max-image-preview:large","max-video-preview":"max-video-preview:-1"},"canonical":"https:\/\/tipsforcricketbetting.com\/pl\/bonus-in-the-game-cricket-crash\/","og_locale":"pl_PL","og_type":"article","og_title":"\u0411\u043e\u043d\u0443\u0441\u0438 \u0438 \u043d\u0430\u0433\u0440\u0430\u0434\u0430 \u041c\u0430\u0445\u0430\u0440\u0430\u0434\u0436\u0430 \u0443 \u043e\u043d\u043b\u0438\u043d\u0435 \u0438\u0433\u0440\u0438 Cricket Crash","og_description":"\u0411\u043e\u043d\u0443\u0441\u0438 \u0438 \u043d\u0430\u0433\u0440\u0430\u0434\u0430 \u041c\u0430\u0445\u0430\u0440\u0430\u0434\u0436\u0430 \u0443 \u0438\u0433\u0440\u0438 Cricket Crash \u0443 \u043e\u043d\u043b\u0430\u0458\u043d \u043a\u0430\u0437\u0438\u043d\u0443. \u0418\u0433\u0440\u0430\u0458\u0442\u0435 \u0431\u0435\u0441\u043f\u043b\u0430\u0442\u043d\u043e \u0443 \u043e\u043d\u043b\u0430\u0458\u043d \u0438\u0433\u0440\u0438 Cricket Crash.","og_url":"https:\/\/tipsforcricketbetting.com\/pl\/bonus-in-the-game-cricket-crash\/","og_site_name":"Cricket","article_modified_time":"2024-02-28T15:16:51+00:00","twitter_card":"summary_large_image","twitter_misc":{"Szacowany czas czytania":"18 minut"},"schema":{"@context":"https:\/\/schema.org","@graph":[{"@type":"WebPage","@id":"https:\/\/tipsforcricketbetting.com\/sr\/bonus-in-the-game-cricket-crash\/","url":"https:\/\/tipsforcricketbetting.com\/sr\/bonus-in-the-game-cricket-crash\/","name":"\u0411\u043e\u043d\u0443\u0441\u0438 \u0438 \u043d\u0430\u0433\u0440\u0430\u0434\u0430 \u041c\u0430\u0445\u0430\u0440\u0430\u0434\u0436\u0430 \u0443 \u043e\u043d\u043b\u0438\u043d\u0435 \u0438\u0433\u0440\u0438 Cricket Crash","isPartOf":{"@id":"https:\/\/tipsforcricketbetting.com\/#website"},"datePublished":"2024-02-18T20:54:43+00:00","dateModified":"2024-02-28T15:16:51+00:00","description":"\u0411\u043e\u043d\u0443\u0441\u0438 \u0438 \u043d\u0430\u0433\u0440\u0430\u0434\u0430 \u041c\u0430\u0445\u0430\u0440\u0430\u0434\u0436\u0430 \u0443 \u0438\u0433\u0440\u0438 Cricket Crash \u0443 \u043e\u043d\u043b\u0430\u0458\u043d \u043a\u0430\u0437\u0438\u043d\u0443. \u0418\u0433\u0440\u0430\u0458\u0442\u0435 \u0431\u0435\u0441\u043f\u043b\u0430\u0442\u043d\u043e \u0443 \u043e\u043d\u043b\u0430\u0458\u043d \u0438\u0433\u0440\u0438 Cricket Crash.","breadcrumb":{"@id":"https:\/\/tipsforcricketbetting.com\/sr\/bonus-in-the-game-cricket-crash\/#breadcrumb"},"inLanguage":"pl-PL","potentialAction":[{"@type":"ReadAction","target":["https:\/\/tipsforcricketbetting.com\/sr\/bonus-in-the-game-cricket-crash\/"]}]},{"@type":"BreadcrumbList","@id":"https:\/\/tipsforcricketbetting.com\/sr\/bonus-in-the-game-cricket-crash\/#breadcrumb","itemListElement":[{"@type":"ListItem","position":1,"name":"Home","item":"https:\/\/tipsforcricketbetting.com\/"},{"@type":"ListItem","position":2,"name":"\u0411\u043e\u043d\u0443\u0441 \u0432 \u0438\u0433\u0440\u0435 Cricket Crash"}]},{"@type":"WebSite","@id":"https:\/\/tipsforcricketbetting.com\/#website","url":"https:\/\/tipsforcricketbetting.com\/","name":"Cricket","description":"Just another WordPress site","potentialAction":[{"@type":"SearchAction","target":{"@type":"EntryPoint","urlTemplate":"https:\/\/tipsforcricketbetting.com\/?s={search_term_string}"},"query-input":{"@type":"PropertyValueSpecification","valueRequired":true,"valueName":"search_term_string"}}],"inLanguage":"pl-PL"}]}},"_links":{"self":[{"href":"https:\/\/tipsforcricketbetting.com\/pl\/wp-json\/wp\/v2\/pages\/14","targetHints":{"allow":["GET"]}}],"collection":[{"href":"https:\/\/tipsforcricketbetting.com\/pl\/wp-json\/wp\/v2\/pages"}],"about":[{"href":"https:\/\/tipsforcricketbetting.com\/pl\/wp-json\/wp\/v2\/types\/page"}],"author":[{"embeddable":true,"href":"https:\/\/tipsforcricketbetting.com\/pl\/wp-json\/wp\/v2\/users\/1"}],"replies":[{"embeddable":true,"href":"https:\/\/tipsforcricketbetting.com\/pl\/wp-json\/wp\/v2\/comments?post=14"}],"version-history":[{"count":18,"href":"https:\/\/tipsforcricketbetting.com\/pl\/wp-json\/wp\/v2\/pages\/14\/revisions"}],"predecessor-version":[{"id":115,"href":"https:\/\/tipsforcricketbetting.com\/pl\/wp-json\/wp\/v2\/pages\/14\/revisions\/115"}],"wp:attachment":[{"href":"https:\/\/tipsforcricketbetting.com\/pl\/wp-json\/wp\/v2\/media?parent=14"}],"curies":[{"name":"wp","href":"https:\/\/api.w.org\/{rel}","templated":true}]}}