{"id":12,"date":"2024-02-18T20:52:50","date_gmt":"2024-02-18T20:52:50","guid":{"rendered":"https:\/\/tipsforcricketbetting.com\/?page_id=12"},"modified":"2024-02-28T15:19:51","modified_gmt":"2024-02-28T15:19:51","slug":"how-to-claim-winnings","status":"publish","type":"page","link":"https:\/\/tipsforcricketbetting.com\/pl\/how-to-claim-winnings\/","title":{"rendered":"\u041a\u0430\u043a \u043f\u043e\u043b\u0443\u0447\u0438\u0442\u044c \u0432\u044b\u0438\u0433\u0440\u044b\u0448?"},"content":{"rendered":"<p>W przypadku wygranej, twoja stawka jest mno\u017cona przez wsp\u00f3\u0142czynnik mno\u017cenia w momencie naci\u015bni\u0119cia przycisku &#8222;CLAIM&#8221; (wsp\u00f3\u0142czynnik mno\u017cenia jest podany na ekranie). Wygrana jest wskazana na przycisku &#8222;CLAIM&#8221;.<\/p>\n<p>Aby odebra\u0107 wygran\u0105, musisz nacisn\u0105\u0107 przycisk &#8222;CLAIM&#8221; w odpowiednim polu przed kraks\u0105. Je\u015bli postawi\u0142e\u015b 2 zak\u0142ady na rund\u0119 gry, masz mo\u017cliwo\u015b\u0107 odebrania 2 wygranych.<\/p>\n<p>Runda gry automatycznie ko\u0144czy si\u0119 po naci\u015bni\u0119ciu przycisku &#8222;CLAIM&#8221; (ostatni aktywny przycisk &#8222;CLAIM&#8221; &#8211; w przypadku postawienia 2 zak\u0142ad\u00f3w) lub w wyniku kraksy, w zale\u017cno\u015bci od tego, co nast\u0105pi wcze\u015bniej. Oznacza to:<\/p>\n<ul>\n<li>Je\u015bli postawi\u0142e\u015b pojedynczy zak\u0142ad, runda gry automatycznie zako\u0144czy si\u0119 po naci\u015bni\u0119ciu przycisku &#8222;CLAIM&#8221;.<\/li>\n<li>W przypadku 2 zak\u0142ad\u00f3w na rund\u0119 gry, naci\u015bni\u0119cie przycisku &#8222;CLAIM&#8221; w dowolnym polu zak\u0142adu skutkuje wyp\u0142at\u0105 wygranej wskazanej na naci\u015bni\u0119tym przycisku &#8222;CLAIM&#8221;, a nadal masz mo\u017cliwo\u015b\u0107 odebrania drugiej wygranej przed kraks\u0105, naciskaj\u0105c drugi przycisk &#8222;CLAIM&#8221;.<\/li>\n<\/ul>\n<p>Je\u015bli dojdzie do kraksy przed naci\u015bni\u0119ciem przycisku &#8222;CLAIM&#8221; (lub przycisk\u00f3w), tracisz sw\u00f3j zak\u0142ad (lub zak\u0142ady &#8211; w przypadku gdy w momencie kraksy by\u0142y aktywne 2 przyciski &#8222;CLAIM&#8221;).<\/p>\n<h2><strong>Zasady wyp\u0142aty:<\/strong><\/h2>\n<p>W tej grze nie ma wygrywaj\u0105cych linii. Wyp\u0142ata wygranych nast\u0119puje automatycznie po naci\u015bni\u0119ciu przycisku &#8222;CLAIM&#8221;.<\/p>\n<p>Nale\u017cy pami\u0119ta\u0107, \u017ce kwota wygranej uzyskanej w wyniku pojedynczego zak\u0142adu jest ograniczona maksymaln\u0105 kwot\u0105 wygranej za pojedynczy zak\u0142ad, je\u015bli taka istnieje, w celach wyp\u0142aty. Wyp\u0142ata b\u0119dzie ograniczona zgodnie z maksymaln\u0105 kwot\u0105 wygranej za pojedynczy zak\u0142ad. Maksymalna kwota wygranej za pojedynczy zak\u0142ad jest okre\u015blona w sekcji Limit\u00f3w Gry.<\/p>\n","protected":false},"excerpt":{"rendered":"<p>W przypadku wygranej, twoja stawka jest mno\u017cona przez wsp\u00f3\u0142czynnik mno\u017cenia w momencie naci\u015bni\u0119cia przycisku &#8222;CLAIM&#8221; (wsp\u00f3\u0142czynnik mno\u017cenia jest podany na ekranie). Wygrana jest wskazana na przycisku &#8222;CLAIM&#8221;. Aby odebra\u0107 wygran\u0105, musisz nacisn\u0105\u0107 przycisk &#8222;CLAIM&#8221; w odpowiednim polu przed kraks\u0105. Je\u015bli postawi\u0142e\u015b 2 zak\u0142ady na rund\u0119 gry, masz mo\u017cliwo\u015b\u0107 odebrania 2 wygranych. Runda gry automatycznie ko\u0144czy [&hellip;]<\/p>\n","protected":false},"author":1,"featured_media":0,"parent":0,"menu_order":0,"comment_status":"closed","ping_status":"closed","template":"","meta":{"footnotes":""},"class_list":["post-12","page","type-page","status-publish","hentry"],"yoast_head":"<!-- This site is optimized with the Yoast SEO plugin v27.2 - https:\/\/yoast.com\/product\/yoast-seo-wordpress\/ -->\n<title>\u041a\u0430\u043a \u043f\u043e\u043b\u0443\u0447\u0438\u0442\u044c \u0432\u044b\u0438\u0433\u0440\u044b\u0448 \u0432 \u0438\u0433\u0440\u0435 Cricket Crash<\/title>\n<meta name=\"description\" content=\"Jak zg\u0142osi\u0107 wygrane i zasady wyp\u0142aty w grze online Cricket Crash.\" \/>\n<meta name=\"robots\" content=\"index, follow, max-snippet:-1, max-image-preview:large, max-video-preview:-1\" \/>\n<link rel=\"canonical\" href=\"https:\/\/tipsforcricketbetting.com\/pl\/how-to-claim-winnings\/\" \/>\n<meta property=\"og:locale\" content=\"pl_PL\" \/>\n<meta property=\"og:locale:alternate\" content=\"ru_RU\" \/>\n<meta property=\"og:locale:alternate\" content=\"en_US\" \/>\n<meta property=\"og:locale:alternate\" content=\"pt_PT\" \/>\n<meta property=\"og:locale:alternate\" content=\"es_ES\" \/>\n<meta property=\"og:locale:alternate\" content=\"ro_RO\" \/>\n<meta property=\"og:locale:alternate\" content=\"sr_RS\" \/>\n<meta property=\"og:locale:alternate\" content=\"bg_BG\" \/>\n<meta property=\"og:locale:alternate\" content=\"it_IT\" \/>\n<meta property=\"og:locale:alternate\" content=\"fr_FR\" \/>\n<meta property=\"og:type\" content=\"article\" \/>\n<meta property=\"og:title\" content=\"\u041a\u0430\u043a \u043f\u043e\u043b\u0443\u0447\u0438\u0442\u044c \u0432\u044b\u0438\u0433\u0440\u044b\u0448 \u0432 \u0438\u0433\u0440\u0435 Cricket Crash\" \/>\n<meta property=\"og:description\" content=\"\u041a\u0430\u043a \u043f\u043e\u043b\u0443\u0447\u0438\u0442\u044c \u0432\u044b\u0438\u0433\u0440\u044b\u0448 \u0438 \u043f\u0440\u0430\u0432\u0438\u043b\u0430 \u0432\u044b\u043f\u043b\u0430\u0442 \u0432 \u043e\u043d\u043b\u0430\u0439\u043d \u0438\u0433\u0440\u0435 Cricket Crash\" \/>\n<meta property=\"og:url\" content=\"https:\/\/tipsforcricketbetting.com\/pl\/how-to-claim-winnings\/\" \/>\n<meta property=\"og:site_name\" content=\"Cricket\" \/>\n<meta property=\"article:modified_time\" content=\"2024-02-28T15:19:51+00:00\" \/>\n<meta name=\"twitter:card\" content=\"summary_large_image\" \/>\n<meta name=\"twitter:label1\" content=\"Szacowany czas czytania\" \/>\n\t<meta name=\"twitter:data1\" content=\"11 minut\" \/>\n<script type=\"application\/ld+json\" class=\"yoast-schema-graph\">{\"@context\":\"https:\/\/schema.org\",\"@graph\":[{\"@type\":\"WebPage\",\"@id\":\"https:\/\/tipsforcricketbetting.com\/how-to-claim-winnings\/\",\"url\":\"https:\/\/tipsforcricketbetting.com\/how-to-claim-winnings\/\",\"name\":\"\u041a\u0430\u043a \u043f\u043e\u043b\u0443\u0447\u0438\u0442\u044c \u0432\u044b\u0438\u0433\u0440\u044b\u0448 \u0432 \u0438\u0433\u0440\u0435 Cricket Crash\",\"isPartOf\":{\"@id\":\"https:\/\/tipsforcricketbetting.com\/#website\"},\"datePublished\":\"2024-02-18T20:52:50+00:00\",\"dateModified\":\"2024-02-28T15:19:51+00:00\",\"description\":\"\u041a\u0430\u043a \u043f\u043e\u043b\u0443\u0447\u0438\u0442\u044c \u0432\u044b\u0438\u0433\u0440\u044b\u0448 \u0438 \u043f\u0440\u0430\u0432\u0438\u043b\u0430 \u0432\u044b\u043f\u043b\u0430\u0442 \u0432 \u043e\u043d\u043b\u0430\u0439\u043d \u0438\u0433\u0440\u0435 Cricket Crash\",\"breadcrumb\":{\"@id\":\"https:\/\/tipsforcricketbetting.com\/how-to-claim-winnings\/#breadcrumb\"},\"inLanguage\":\"pl-PL\",\"potentialAction\":[{\"@type\":\"ReadAction\",\"target\":[\"https:\/\/tipsforcricketbetting.com\/how-to-claim-winnings\/\"]}]},{\"@type\":\"BreadcrumbList\",\"@id\":\"https:\/\/tipsforcricketbetting.com\/how-to-claim-winnings\/#breadcrumb\",\"itemListElement\":[{\"@type\":\"ListItem\",\"position\":1,\"name\":\"Home\",\"item\":\"https:\/\/tipsforcricketbetting.com\/\"},{\"@type\":\"ListItem\",\"position\":2,\"name\":\"\u041a\u0430\u043a \u043f\u043e\u043b\u0443\u0447\u0438\u0442\u044c \u0432\u044b\u0438\u0433\u0440\u044b\u0448?\"}]},{\"@type\":\"WebSite\",\"@id\":\"https:\/\/tipsforcricketbetting.com\/#website\",\"url\":\"https:\/\/tipsforcricketbetting.com\/\",\"name\":\"Cricket\",\"description\":\"Just another WordPress site\",\"potentialAction\":[{\"@type\":\"SearchAction\",\"target\":{\"@type\":\"EntryPoint\",\"urlTemplate\":\"https:\/\/tipsforcricketbetting.com\/?s={search_term_string}\"},\"query-input\":{\"@type\":\"PropertyValueSpecification\",\"valueRequired\":true,\"valueName\":\"search_term_string\"}}],\"inLanguage\":\"pl-PL\"}]}<\/script>\n<!-- \/ Yoast SEO plugin. -->","yoast_head_json":{"title":"\u041a\u0430\u043a \u043f\u043e\u043b\u0443\u0447\u0438\u0442\u044c \u0432\u044b\u0438\u0433\u0440\u044b\u0448 \u0432 \u0438\u0433\u0440\u0435 Cricket Crash","description":"Jak zg\u0142osi\u0107 wygrane i zasady wyp\u0142aty w grze online Cricket Crash.","robots":{"index":"index","follow":"follow","max-snippet":"max-snippet:-1","max-image-preview":"max-image-preview:large","max-video-preview":"max-video-preview:-1"},"canonical":"https:\/\/tipsforcricketbetting.com\/pl\/how-to-claim-winnings\/","og_locale":"pl_PL","og_type":"article","og_title":"\u041a\u0430\u043a \u043f\u043e\u043b\u0443\u0447\u0438\u0442\u044c \u0432\u044b\u0438\u0433\u0440\u044b\u0448 \u0432 \u0438\u0433\u0440\u0435 Cricket Crash","og_description":"\u041a\u0430\u043a \u043f\u043e\u043b\u0443\u0447\u0438\u0442\u044c \u0432\u044b\u0438\u0433\u0440\u044b\u0448 \u0438 \u043f\u0440\u0430\u0432\u0438\u043b\u0430 \u0432\u044b\u043f\u043b\u0430\u0442 \u0432 \u043e\u043d\u043b\u0430\u0439\u043d \u0438\u0433\u0440\u0435 Cricket Crash","og_url":"https:\/\/tipsforcricketbetting.com\/pl\/how-to-claim-winnings\/","og_site_name":"Cricket","article_modified_time":"2024-02-28T15:19:51+00:00","twitter_card":"summary_large_image","twitter_misc":{"Szacowany czas czytania":"11 minut"},"schema":{"@context":"https:\/\/schema.org","@graph":[{"@type":"WebPage","@id":"https:\/\/tipsforcricketbetting.com\/how-to-claim-winnings\/","url":"https:\/\/tipsforcricketbetting.com\/how-to-claim-winnings\/","name":"\u041a\u0430\u043a \u043f\u043e\u043b\u0443\u0447\u0438\u0442\u044c \u0432\u044b\u0438\u0433\u0440\u044b\u0448 \u0432 \u0438\u0433\u0440\u0435 Cricket Crash","isPartOf":{"@id":"https:\/\/tipsforcricketbetting.com\/#website"},"datePublished":"2024-02-18T20:52:50+00:00","dateModified":"2024-02-28T15:19:51+00:00","description":"\u041a\u0430\u043a \u043f\u043e\u043b\u0443\u0447\u0438\u0442\u044c \u0432\u044b\u0438\u0433\u0440\u044b\u0448 \u0438 \u043f\u0440\u0430\u0432\u0438\u043b\u0430 \u0432\u044b\u043f\u043b\u0430\u0442 \u0432 \u043e\u043d\u043b\u0430\u0439\u043d \u0438\u0433\u0440\u0435 Cricket Crash","breadcrumb":{"@id":"https:\/\/tipsforcricketbetting.com\/how-to-claim-winnings\/#breadcrumb"},"inLanguage":"pl-PL","potentialAction":[{"@type":"ReadAction","target":["https:\/\/tipsforcricketbetting.com\/how-to-claim-winnings\/"]}]},{"@type":"BreadcrumbList","@id":"https:\/\/tipsforcricketbetting.com\/how-to-claim-winnings\/#breadcrumb","itemListElement":[{"@type":"ListItem","position":1,"name":"Home","item":"https:\/\/tipsforcricketbetting.com\/"},{"@type":"ListItem","position":2,"name":"\u041a\u0430\u043a \u043f\u043e\u043b\u0443\u0447\u0438\u0442\u044c \u0432\u044b\u0438\u0433\u0440\u044b\u0448?"}]},{"@type":"WebSite","@id":"https:\/\/tipsforcricketbetting.com\/#website","url":"https:\/\/tipsforcricketbetting.com\/","name":"Cricket","description":"Just another WordPress site","potentialAction":[{"@type":"SearchAction","target":{"@type":"EntryPoint","urlTemplate":"https:\/\/tipsforcricketbetting.com\/?s={search_term_string}"},"query-input":{"@type":"PropertyValueSpecification","valueRequired":true,"valueName":"search_term_string"}}],"inLanguage":"pl-PL"}]}},"_links":{"self":[{"href":"https:\/\/tipsforcricketbetting.com\/pl\/wp-json\/wp\/v2\/pages\/12","targetHints":{"allow":["GET"]}}],"collection":[{"href":"https:\/\/tipsforcricketbetting.com\/pl\/wp-json\/wp\/v2\/pages"}],"about":[{"href":"https:\/\/tipsforcricketbetting.com\/pl\/wp-json\/wp\/v2\/types\/page"}],"author":[{"embeddable":true,"href":"https:\/\/tipsforcricketbetting.com\/pl\/wp-json\/wp\/v2\/users\/1"}],"replies":[{"embeddable":true,"href":"https:\/\/tipsforcricketbetting.com\/pl\/wp-json\/wp\/v2\/comments?post=12"}],"version-history":[{"count":17,"href":"https:\/\/tipsforcricketbetting.com\/pl\/wp-json\/wp\/v2\/pages\/12\/revisions"}],"predecessor-version":[{"id":117,"href":"https:\/\/tipsforcricketbetting.com\/pl\/wp-json\/wp\/v2\/pages\/12\/revisions\/117"}],"wp:attachment":[{"href":"https:\/\/tipsforcricketbetting.com\/pl\/wp-json\/wp\/v2\/media?parent=12"}],"curies":[{"name":"wp","href":"https:\/\/api.w.org\/{rel}","templated":true}]}}