{"id":10,"date":"2024-02-18T20:51:21","date_gmt":"2024-02-18T20:51:21","guid":{"rendered":"https:\/\/tipsforcricketbetting.com\/?page_id=10"},"modified":"2024-02-28T15:18:10","modified_gmt":"2024-02-28T15:18:10","slug":"additional-features","status":"publish","type":"page","link":"https:\/\/tipsforcricketbetting.com\/pl\/additional-features\/","title":{"rendered":"\u0414\u043e\u043f\u043e\u043b\u043d\u0438\u0442\u0435\u043b\u044c\u043d\u044b\u0435 \u0432\u043e\u0437\u043c\u043e\u0436\u043d\u043e\u0441\u0442\u0438"},"content":{"rendered":"<p>W tej grze mo\u017cesz zobaczy\u0107 wyniki Twoich ostatnich rund gry, klikaj\u0105c przycisk MOJE ZAK\u0141ADY, a tak\u017ce wyniki innych graczy, klikaj\u0105c przycisk GRACZE. Nale\u017cy pami\u0119ta\u0107, \u017ce graj\u0105c w t\u0119 gr\u0119, zgadzasz si\u0119 i wyra\u017casz bezpo\u015bredni\u0105 i jasn\u0105 zgod\u0119 na wy\u015bwietlanie Twojego pseudonimu, wygranych, a tak\u017ce wielko\u015bci Twojego zak\u0142adu i mno\u017cnika, przy kt\u00f3rym wygrane zosta\u0142y odebrane.<\/p>\n<p>Mo\u017cesz tak\u017ce wyrazi\u0107 swoje uczucia i emocje zwi\u0105zane z sesj\u0105 gry, klikaj\u0105c na dowolnego z emotikon\u00f3w. Wybrane emotikony s\u0105 widoczne dla wszystkich graczy, dlatego prosimy o grzeczno\u015b\u0107 i uprzejmo\u015b\u0107.<\/p>\n<h2><strong>Dodatkowe informacje:<\/strong><\/h2>\n<p>Nast\u0119puj\u0105ce aspekty i ustawienia mog\u0105 by\u0107 regulowane przez warunki platformy, na kt\u00f3rej grasz:<\/p>\n<ul>\n<li>Procedury zarz\u0105dzania niewyko\u0144czonymi grami;<\/li>\n<li>Czas, po kt\u00f3rym nieaktywne sesje gier s\u0105 automatycznie zako\u0144czone.<\/li>\n<\/ul>\n<p>Aby uzyska\u0107 dodatkowe informacje, odwied\u017a witryn\u0119 platformy, na kt\u00f3rej grasz.<\/p>\n<p>Prosimy zauwa\u017cy\u0107, \u017ce na niekt\u00f3rych urz\u0105dzeniach klikni\u0119cie w pobli\u017cu jakiegokolwiek symbolu, elementu lub przycisku jest r\u00f3wnowa\u017cne klikni\u0119ciu na odpowiadaj\u0105cy przycisk.<\/p>\n<p>W przypadku awarii oprogramowania do gier wszystkie dotkni\u0119te zak\u0142ady s\u0105 anulowane i zwracane. Anulowanie zak\u0142ad\u00f3w oznacza, \u017ce wszelkie wygrane, w tym dystrybucje Jackpota, a tak\u017ce wszelkie inne bonusy utworzone lub przyznane z, do lub na anulowany zak\u0142ad, staj\u0105 si\u0119 niewa\u017cne i musz\u0105 zosta\u0107 anulowane.<\/p>\n<p>Nale\u017cy pami\u0119ta\u0107, \u017ce pr\u0119dko\u015b\u0107 po\u0142\u0105czenia internetowego mo\u017ce wp\u0142ywa\u0107 na przebieg gry.<\/p>\n<h2><strong>RTP (Zwrot do Gracza):<\/strong><\/h2>\n<p>RTP wynosi 95%.<\/p>\n<p>RTP oznacza teoretyczny procentowy udzia\u0142 ca\u0142kowitej kwoty zak\u0142ad\u00f3w w grze, kt\u00f3ry jest wyp\u0142acany jako wygrane przez okre\u015blony okres.<\/p>\n","protected":false},"excerpt":{"rendered":"<p>W tej grze mo\u017cesz zobaczy\u0107 wyniki Twoich ostatnich rund gry, klikaj\u0105c przycisk MOJE ZAK\u0141ADY, a tak\u017ce wyniki innych graczy, klikaj\u0105c przycisk GRACZE. Nale\u017cy pami\u0119ta\u0107, \u017ce graj\u0105c w t\u0119 gr\u0119, zgadzasz si\u0119 i wyra\u017casz bezpo\u015bredni\u0105 i jasn\u0105 zgod\u0119 na wy\u015bwietlanie Twojego pseudonimu, wygranych, a tak\u017ce wielko\u015bci Twojego zak\u0142adu i mno\u017cnika, przy kt\u00f3rym wygrane zosta\u0142y odebrane. Mo\u017cesz [&hellip;]<\/p>\n","protected":false},"author":1,"featured_media":0,"parent":0,"menu_order":0,"comment_status":"closed","ping_status":"closed","template":"","meta":{"footnotes":""},"class_list":["post-10","page","type-page","status-publish","hentry"],"yoast_head":"<!-- This site is optimized with the Yoast SEO plugin v27.2 - https:\/\/yoast.com\/product\/yoast-seo-wordpress\/ -->\n<title>\u0414\u043e\u0434\u0430\u0442\u043d\u0435 \u0438\u043d\u0444\u043e\u0440\u043c\u0430\u0446\u0438\u0458\u0435 \u043e \u0438\u0433\u0440\u0438 Cricket Crash<\/title>\n<meta name=\"description\" content=\"Dodatkowe funkcje gry Cricket Crash w kasynie online.\" \/>\n<meta name=\"robots\" content=\"index, follow, max-snippet:-1, max-image-preview:large, max-video-preview:-1\" \/>\n<link rel=\"canonical\" href=\"https:\/\/tipsforcricketbetting.com\/pl\/additional-features\/\" \/>\n<meta property=\"og:locale\" content=\"pl_PL\" \/>\n<meta property=\"og:locale:alternate\" content=\"ru_RU\" \/>\n<meta property=\"og:locale:alternate\" content=\"en_US\" \/>\n<meta property=\"og:locale:alternate\" content=\"pt_PT\" \/>\n<meta property=\"og:locale:alternate\" content=\"es_ES\" \/>\n<meta property=\"og:locale:alternate\" content=\"ro_RO\" \/>\n<meta property=\"og:locale:alternate\" content=\"sr_RS\" \/>\n<meta property=\"og:locale:alternate\" content=\"bg_BG\" \/>\n<meta property=\"og:locale:alternate\" content=\"it_IT\" \/>\n<meta property=\"og:locale:alternate\" content=\"fr_FR\" \/>\n<meta property=\"og:type\" content=\"article\" \/>\n<meta property=\"og:title\" content=\"\u0414\u043e\u0434\u0430\u0442\u043d\u0435 \u0438\u043d\u0444\u043e\u0440\u043c\u0430\u0446\u0438\u0458\u0435 \u043e \u0438\u0433\u0440\u0438 Cricket Crash\" \/>\n<meta property=\"og:description\" content=\"\u0414\u043e\u0434\u0430\u0442\u043d\u0435 \u0444\u0443\u043d\u043a\u0446\u0438\u0458\u0435 \u043e \u0438\u0433\u0440\u0438 Cricket Crash \u0443 \u043e\u043d\u043b\u0430\u0458\u043d \u043a\u0430\u0437\u0438\u043d\u0443.\" \/>\n<meta property=\"og:url\" content=\"https:\/\/tipsforcricketbetting.com\/pl\/additional-features\/\" \/>\n<meta property=\"og:site_name\" content=\"Cricket\" \/>\n<meta property=\"article:modified_time\" content=\"2024-02-28T15:18:10+00:00\" \/>\n<meta name=\"twitter:card\" content=\"summary_large_image\" \/>\n<meta name=\"twitter:label1\" content=\"Szacowany czas czytania\" \/>\n\t<meta name=\"twitter:data1\" content=\"10 minut\" \/>\n<script type=\"application\/ld+json\" class=\"yoast-schema-graph\">{\"@context\":\"https:\/\/schema.org\",\"@graph\":[{\"@type\":\"WebPage\",\"@id\":\"https:\/\/tipsforcricketbetting.com\/sr\/additional-features\/\",\"url\":\"https:\/\/tipsforcricketbetting.com\/sr\/additional-features\/\",\"name\":\"\u0414\u043e\u0434\u0430\u0442\u043d\u0435 \u0438\u043d\u0444\u043e\u0440\u043c\u0430\u0446\u0438\u0458\u0435 \u043e \u0438\u0433\u0440\u0438 Cricket Crash\",\"isPartOf\":{\"@id\":\"https:\/\/tipsforcricketbetting.com\/#website\"},\"datePublished\":\"2024-02-18T20:51:21+00:00\",\"dateModified\":\"2024-02-28T15:18:10+00:00\",\"description\":\"\u0414\u043e\u0434\u0430\u0442\u043d\u0435 \u0444\u0443\u043d\u043a\u0446\u0438\u0458\u0435 \u043e \u0438\u0433\u0440\u0438 Cricket Crash \u0443 \u043e\u043d\u043b\u0430\u0458\u043d \u043a\u0430\u0437\u0438\u043d\u0443.\",\"breadcrumb\":{\"@id\":\"https:\/\/tipsforcricketbetting.com\/sr\/additional-features\/#breadcrumb\"},\"inLanguage\":\"pl-PL\",\"potentialAction\":[{\"@type\":\"ReadAction\",\"target\":[\"https:\/\/tipsforcricketbetting.com\/sr\/additional-features\/\"]}]},{\"@type\":\"BreadcrumbList\",\"@id\":\"https:\/\/tipsforcricketbetting.com\/sr\/additional-features\/#breadcrumb\",\"itemListElement\":[{\"@type\":\"ListItem\",\"position\":1,\"name\":\"Home\",\"item\":\"https:\/\/tipsforcricketbetting.com\/\"},{\"@type\":\"ListItem\",\"position\":2,\"name\":\"\u0414\u043e\u043f\u043e\u043b\u043d\u0438\u0442\u0435\u043b\u044c\u043d\u044b\u0435 \u0432\u043e\u0437\u043c\u043e\u0436\u043d\u043e\u0441\u0442\u0438\"}]},{\"@type\":\"WebSite\",\"@id\":\"https:\/\/tipsforcricketbetting.com\/#website\",\"url\":\"https:\/\/tipsforcricketbetting.com\/\",\"name\":\"Cricket\",\"description\":\"Just another WordPress site\",\"potentialAction\":[{\"@type\":\"SearchAction\",\"target\":{\"@type\":\"EntryPoint\",\"urlTemplate\":\"https:\/\/tipsforcricketbetting.com\/?s={search_term_string}\"},\"query-input\":{\"@type\":\"PropertyValueSpecification\",\"valueRequired\":true,\"valueName\":\"search_term_string\"}}],\"inLanguage\":\"pl-PL\"}]}<\/script>\n<!-- \/ Yoast SEO plugin. -->","yoast_head_json":{"title":"\u0414\u043e\u0434\u0430\u0442\u043d\u0435 \u0438\u043d\u0444\u043e\u0440\u043c\u0430\u0446\u0438\u0458\u0435 \u043e \u0438\u0433\u0440\u0438 Cricket Crash","description":"Dodatkowe funkcje gry Cricket Crash w kasynie online.","robots":{"index":"index","follow":"follow","max-snippet":"max-snippet:-1","max-image-preview":"max-image-preview:large","max-video-preview":"max-video-preview:-1"},"canonical":"https:\/\/tipsforcricketbetting.com\/pl\/additional-features\/","og_locale":"pl_PL","og_type":"article","og_title":"\u0414\u043e\u0434\u0430\u0442\u043d\u0435 \u0438\u043d\u0444\u043e\u0440\u043c\u0430\u0446\u0438\u0458\u0435 \u043e \u0438\u0433\u0440\u0438 Cricket Crash","og_description":"\u0414\u043e\u0434\u0430\u0442\u043d\u0435 \u0444\u0443\u043d\u043a\u0446\u0438\u0458\u0435 \u043e \u0438\u0433\u0440\u0438 Cricket Crash \u0443 \u043e\u043d\u043b\u0430\u0458\u043d \u043a\u0430\u0437\u0438\u043d\u0443.","og_url":"https:\/\/tipsforcricketbetting.com\/pl\/additional-features\/","og_site_name":"Cricket","article_modified_time":"2024-02-28T15:18:10+00:00","twitter_card":"summary_large_image","twitter_misc":{"Szacowany czas czytania":"10 minut"},"schema":{"@context":"https:\/\/schema.org","@graph":[{"@type":"WebPage","@id":"https:\/\/tipsforcricketbetting.com\/sr\/additional-features\/","url":"https:\/\/tipsforcricketbetting.com\/sr\/additional-features\/","name":"\u0414\u043e\u0434\u0430\u0442\u043d\u0435 \u0438\u043d\u0444\u043e\u0440\u043c\u0430\u0446\u0438\u0458\u0435 \u043e \u0438\u0433\u0440\u0438 Cricket Crash","isPartOf":{"@id":"https:\/\/tipsforcricketbetting.com\/#website"},"datePublished":"2024-02-18T20:51:21+00:00","dateModified":"2024-02-28T15:18:10+00:00","description":"\u0414\u043e\u0434\u0430\u0442\u043d\u0435 \u0444\u0443\u043d\u043a\u0446\u0438\u0458\u0435 \u043e \u0438\u0433\u0440\u0438 Cricket Crash \u0443 \u043e\u043d\u043b\u0430\u0458\u043d \u043a\u0430\u0437\u0438\u043d\u0443.","breadcrumb":{"@id":"https:\/\/tipsforcricketbetting.com\/sr\/additional-features\/#breadcrumb"},"inLanguage":"pl-PL","potentialAction":[{"@type":"ReadAction","target":["https:\/\/tipsforcricketbetting.com\/sr\/additional-features\/"]}]},{"@type":"BreadcrumbList","@id":"https:\/\/tipsforcricketbetting.com\/sr\/additional-features\/#breadcrumb","itemListElement":[{"@type":"ListItem","position":1,"name":"Home","item":"https:\/\/tipsforcricketbetting.com\/"},{"@type":"ListItem","position":2,"name":"\u0414\u043e\u043f\u043e\u043b\u043d\u0438\u0442\u0435\u043b\u044c\u043d\u044b\u0435 \u0432\u043e\u0437\u043c\u043e\u0436\u043d\u043e\u0441\u0442\u0438"}]},{"@type":"WebSite","@id":"https:\/\/tipsforcricketbetting.com\/#website","url":"https:\/\/tipsforcricketbetting.com\/","name":"Cricket","description":"Just another WordPress site","potentialAction":[{"@type":"SearchAction","target":{"@type":"EntryPoint","urlTemplate":"https:\/\/tipsforcricketbetting.com\/?s={search_term_string}"},"query-input":{"@type":"PropertyValueSpecification","valueRequired":true,"valueName":"search_term_string"}}],"inLanguage":"pl-PL"}]}},"_links":{"self":[{"href":"https:\/\/tipsforcricketbetting.com\/pl\/wp-json\/wp\/v2\/pages\/10","targetHints":{"allow":["GET"]}}],"collection":[{"href":"https:\/\/tipsforcricketbetting.com\/pl\/wp-json\/wp\/v2\/pages"}],"about":[{"href":"https:\/\/tipsforcricketbetting.com\/pl\/wp-json\/wp\/v2\/types\/page"}],"author":[{"embeddable":true,"href":"https:\/\/tipsforcricketbetting.com\/pl\/wp-json\/wp\/v2\/users\/1"}],"replies":[{"embeddable":true,"href":"https:\/\/tipsforcricketbetting.com\/pl\/wp-json\/wp\/v2\/comments?post=10"}],"version-history":[{"count":20,"href":"https:\/\/tipsforcricketbetting.com\/pl\/wp-json\/wp\/v2\/pages\/10\/revisions"}],"predecessor-version":[{"id":116,"href":"https:\/\/tipsforcricketbetting.com\/pl\/wp-json\/wp\/v2\/pages\/10\/revisions\/116"}],"wp:attachment":[{"href":"https:\/\/tipsforcricketbetting.com\/pl\/wp-json\/wp\/v2\/media?parent=10"}],"curies":[{"name":"wp","href":"https:\/\/api.w.org\/{rel}","templated":true}]}}