{"id":6,"date":"2024-02-18T20:48:45","date_gmt":"2024-02-18T20:48:45","guid":{"rendered":"https:\/\/tipsforcricketbetting.com\/?page_id=6"},"modified":"2024-02-28T15:20:54","modified_gmt":"2024-02-28T15:20:54","slug":"what-is-cricket-crash","status":"publish","type":"page","link":"https:\/\/tipsforcricketbetting.com\/it\/","title":{"rendered":"Che cos&#8217;\u00e8 Cricket Crash?"},"content":{"rendered":"<p>Cricket Crash \u00e8 un gioco di tipo torneo di cricket. Si tratta di un gioco multiplayer. In questo gioco, il coefficiente moltiplicatore aumenta costantemente dall&#8217;inizio della sessione di gioco fino a quando la palla di cricket esplode (Crash).<\/p>\n<p>L&#8217;obiettivo di Cricket Crash \u00e8 reclamare vincite con il coefficiente moltiplicatore pi\u00f9 alto possibile prima del Crash. Le vincite corrispondono alla scommessa del giocatore moltiplicata per il coefficiente moltiplicatore al momento in cui il giocatore preme il pulsante RICHIEDI (il coefficiente moltiplicatore \u00e8 indicato sullo schermo).<\/p>\n<h2><strong>Come avviare un turno di gioco?<\/strong><\/h2>\n<p>Cricket Crash \u00e8 un gioco multiplayer in cui pi\u00f9 giocatori giocano contemporaneamente.<\/p>\n<p>La sessione di gioco inizia indipendentemente dal fatto che tu abbia avviato un turno di gioco. La sessione di gioco continua indipendentemente dalle tue azioni (avviare e completare un turno di gioco). Ci\u00f2 significa che puoi vedere la palla di cricket volare, cos\u00ec come altre animazioni di gioco e i risultati degli altri giocatori, senza avviare un turno di gioco o averlo gi\u00e0 completato.<\/p>\n<p>La sessione di gioco inizia dal momento in cui compare il primo coefficiente moltiplicatore sullo schermo e dura fino al Crash. Un turno di gioco \u00e8 una sessione di gioco rispetto alla quale hai effettuato una scommessa (una o pi\u00f9 scommesse sono state effettuate su questo turno di gioco prima che iniziasse).<\/p>\n<p>Inizi un turno di gioco solo dopo aver effettuato una scommessa prima che inizi, cio\u00e8 prima dell&#8217;inizio di una nuova sessione di gioco. Il turno di gioco inizia con l&#8217;inizio della sessione di gioco. Il turno di gioco dura dal momento in cui appare il primo coefficiente moltiplicatore sullo schermo fino al momento del Crash o fino a quando non premi il pulsante RICHIEDI (il tuo ultimo premere del pulsante RICHIEDI &#8211; nel caso in cui siano state effettuate 2 scommesse sul turno di gioco), a seconda di ci\u00f2 che accade prima.<\/p>\n<p>Per avviare un turno di gioco (nel modo di gioco standard), \u00e8 necessario premere il pulsante POSIZIONA SCOMMESSA.<\/p>\n<h2><strong>Come effettuare una scommessa<\/strong><\/h2>\n<p>Una scommessa pu\u00f2 essere effettuata solo prima dell&#8217;inizio di un turno di gioco, cio\u00e8 durante il tempo stabilito per effettuare le scommesse o dopo la fine di un turno di gioco &#8211; solo per il turno di gioco successivo.<\/p>\n<h2><strong>Tempo stabilito per effettuare le scommesse<\/strong><\/h2>\n<p>Ogni turno di gioco \u00e8 soggetto a una scommessa. La dimensione della tua scommessa \u00e8 indicata nel campo &#8220;SCOMMESSA&#8221;. La dimensione della scommessa pu\u00f2 essere impostata con i pulsanti &#8220;+&#8221; e &#8220;-&#8221; corrispondenti o selezionando un pulsante con una dimensione di scommessa predefinita. La dimensione della scommessa \u00e8 specificata nella valuta con cui giochi sulla piattaforma. Ogni turno di gioco costa la scommessa specificata nel campo &#8220;SCOMMESSA&#8221;.<\/p>\n<p>Nel modo di gioco standard, effettui una scommessa premendo il pulsante POSIZIONA SCOMMESSA, e l&#8217;importo della scommessa viene dedotto dal tuo saldo simultaneamente con l&#8217;inizio del turno di gioco. Su alcuni dispositivi, premere il tasto spazio sulla tastiera equivale a premere il pulsante POSIZIONA SCOMMESSA e avvia il turno di gioco, implicando la collocazione di una scommessa specificata nel campo &#8220;SCOMMESSA&#8221;.<\/p>\n<p>Nel modo di autoplay, il turno di gioco parte automaticamente senza premere il pulsante POSIZIONA SCOMMESSA, e l&#8217;importo della scommessa viene dedotto dal tuo saldo simultaneamente con l&#8217;inizio del turno di gioco.<\/p>\n<h2><strong>Pi\u00f9 di una scommessa<\/strong><\/h2>\n<p>In Cricket Crash, c&#8217;\u00e8 una funzione che consente di effettuare 2 scommesse contemporaneamente su un turno di gioco. Per abilitare questa funzione, \u00e8 necessario premere il pulsante POSIZIONA SCOMMESSA in un altro campo &#8220;SCOMMESSA&#8221;.<\/p>\n<p>Per effettuare una seconda scommessa, \u00e8 necessario eseguire tutte le azioni, come per la prima scommessa nel secondo campo scommessa, ovvero, impostare la dimensione della scommessa e premere il pulsante POSIZIONA SCOMMESSA corrispondente alla seconda scommessa.<\/p>\n<p>I campi scommessa non sono collegati, \u00e8 possibile impostare scommesse diverse e anche effettuare una sola scommessa.<\/p>\n","protected":false},"excerpt":{"rendered":"<p>Cricket Crash \u00e8 un gioco di tipo torneo di cricket. Si tratta di un gioco multiplayer. In questo gioco, il coefficiente moltiplicatore aumenta costantemente dall&#8217;inizio della sessione di gioco fino a quando la palla di cricket esplode (Crash). L&#8217;obiettivo di Cricket Crash \u00e8 reclamare vincite con il coefficiente moltiplicatore pi\u00f9 alto possibile prima del Crash. [&hellip;]<\/p>\n","protected":false},"author":1,"featured_media":0,"parent":0,"menu_order":0,"comment_status":"closed","ping_status":"closed","template":"","meta":{"footnotes":""},"class_list":["post-6","page","type-page","status-publish","hentry"],"yoast_head":"<!-- This site is optimized with the Yoast SEO plugin v27.2 - https:\/\/yoast.com\/product\/yoast-seo-wordpress\/ -->\n<title>\u0418\u0433\u0440\u0430\u0442\u044c \u0432 \u043e\u043d\u043b\u0430\u0439\u043d \u0438\u0433\u0440\u0443 Cricket Crash<\/title>\n<meta name=\"description\" content=\"Come giocare a Cricket Crash. Come avviare una sessione di gioco e come piazzare una scommessa in una sessione di Cricket Crash. Scommesse automatiche e nuove scommesse\" \/>\n<meta name=\"robots\" content=\"index, follow, max-snippet:-1, max-image-preview:large, max-video-preview:-1\" \/>\n<link rel=\"canonical\" href=\"https:\/\/tipsforcricketbetting.com\/it\/\" \/>\n<meta property=\"og:locale\" content=\"it_IT\" \/>\n<meta property=\"og:locale:alternate\" content=\"ru_RU\" \/>\n<meta property=\"og:locale:alternate\" content=\"en_US\" \/>\n<meta property=\"og:locale:alternate\" content=\"pt_PT\" \/>\n<meta property=\"og:locale:alternate\" content=\"es_ES\" \/>\n<meta property=\"og:locale:alternate\" content=\"ro_RO\" \/>\n<meta property=\"og:locale:alternate\" content=\"sr_RS\" \/>\n<meta property=\"og:locale:alternate\" content=\"bg_BG\" \/>\n<meta property=\"og:locale:alternate\" content=\"pl_PL\" \/>\n<meta property=\"og:locale:alternate\" content=\"fr_FR\" \/>\n<meta property=\"og:type\" content=\"article\" \/>\n<meta property=\"og:title\" content=\"\u0418\u0433\u0440\u0430\u0442\u044c \u0432 \u043e\u043d\u043b\u0430\u0439\u043d \u0438\u0433\u0440\u0443 Cricket Crash\" \/>\n<meta property=\"og:description\" content=\"\u041a\u0430\u043a \u0438\u0433\u0440\u0430\u0442\u044c \u0432 Cricket Crash. \u041a\u0430\u043a \u043d\u0430\u0447\u0430\u0442\u044c \u0438\u0433\u0440\u043e\u0432\u043e\u0439 \u0440\u0430\u0443\u043d\u0434 \u0438 \u043a\u0430\u043a \u0441\u0434\u0435\u043b\u0430\u0442\u044c \u0441\u0442\u0430\u0432\u043a\u0443 \u0432 \u0440\u0430\u0443\u043d\u0434\u0435 Cricket Crash. \u0410\u0432\u0442\u043e\u043c\u0430\u0442\u0438\u0447\u0435\u0441\u043a\u0430\u044f \u0441\u0442\u0430\u0432\u043a\u0430 \u0438 \u043d\u043e\u0432\u044b\u0435 \u0441\u0442\u0430\u0432\u043a\u0438\" \/>\n<meta property=\"og:url\" content=\"https:\/\/tipsforcricketbetting.com\/it\/\" \/>\n<meta property=\"og:site_name\" content=\"Cricket\" \/>\n<meta property=\"article:modified_time\" content=\"2024-02-28T15:20:54+00:00\" \/>\n<meta name=\"twitter:card\" content=\"summary_large_image\" \/>\n<meta name=\"twitter:label1\" content=\"Tempo di lettura stimato\" \/>\n\t<meta name=\"twitter:data1\" content=\"23 minuti\" \/>\n<script type=\"application\/ld+json\" class=\"yoast-schema-graph\">{\"@context\":\"https:\/\/schema.org\",\"@graph\":[{\"@type\":\"WebPage\",\"@id\":\"https:\/\/tipsforcricketbetting.com\/\",\"url\":\"https:\/\/tipsforcricketbetting.com\/\",\"name\":\"\u0418\u0433\u0440\u0430\u0442\u044c \u0432 \u043e\u043d\u043b\u0430\u0439\u043d \u0438\u0433\u0440\u0443 Cricket Crash\",\"isPartOf\":{\"@id\":\"https:\/\/tipsforcricketbetting.com\/#website\"},\"datePublished\":\"2024-02-18T20:48:45+00:00\",\"dateModified\":\"2024-02-28T15:20:54+00:00\",\"description\":\"\u041a\u0430\u043a \u0438\u0433\u0440\u0430\u0442\u044c \u0432 Cricket Crash. \u041a\u0430\u043a \u043d\u0430\u0447\u0430\u0442\u044c \u0438\u0433\u0440\u043e\u0432\u043e\u0439 \u0440\u0430\u0443\u043d\u0434 \u0438 \u043a\u0430\u043a \u0441\u0434\u0435\u043b\u0430\u0442\u044c \u0441\u0442\u0430\u0432\u043a\u0443 \u0432 \u0440\u0430\u0443\u043d\u0434\u0435 Cricket Crash. \u0410\u0432\u0442\u043e\u043c\u0430\u0442\u0438\u0447\u0435\u0441\u043a\u0430\u044f \u0441\u0442\u0430\u0432\u043a\u0430 \u0438 \u043d\u043e\u0432\u044b\u0435 \u0441\u0442\u0430\u0432\u043a\u0438\",\"breadcrumb\":{\"@id\":\"https:\/\/tipsforcricketbetting.com\/#breadcrumb\"},\"inLanguage\":\"it-IT\",\"potentialAction\":[{\"@type\":\"ReadAction\",\"target\":[\"https:\/\/tipsforcricketbetting.com\/\"]}]},{\"@type\":\"BreadcrumbList\",\"@id\":\"https:\/\/tipsforcricketbetting.com\/#breadcrumb\",\"itemListElement\":[{\"@type\":\"ListItem\",\"position\":1,\"name\":\"Home\",\"item\":\"https:\/\/tipsforcricketbetting.com\/\"},{\"@type\":\"ListItem\",\"position\":2,\"name\":\"\u0427\u0442\u043e \u0442\u0430\u043a\u043e\u0435 Cricket Crash?\"}]},{\"@type\":\"WebSite\",\"@id\":\"https:\/\/tipsforcricketbetting.com\/#website\",\"url\":\"https:\/\/tipsforcricketbetting.com\/\",\"name\":\"Cricket\",\"description\":\"Just another WordPress site\",\"potentialAction\":[{\"@type\":\"SearchAction\",\"target\":{\"@type\":\"EntryPoint\",\"urlTemplate\":\"https:\/\/tipsforcricketbetting.com\/?s={search_term_string}\"},\"query-input\":{\"@type\":\"PropertyValueSpecification\",\"valueRequired\":true,\"valueName\":\"search_term_string\"}}],\"inLanguage\":\"it-IT\"}]}<\/script>\n<!-- \/ Yoast SEO plugin. -->","yoast_head_json":{"title":"\u0418\u0433\u0440\u0430\u0442\u044c \u0432 \u043e\u043d\u043b\u0430\u0439\u043d \u0438\u0433\u0440\u0443 Cricket Crash","description":"Come giocare a Cricket Crash. Come avviare una sessione di gioco e come piazzare una scommessa in una sessione di Cricket Crash. Scommesse automatiche e nuove scommesse","robots":{"index":"index","follow":"follow","max-snippet":"max-snippet:-1","max-image-preview":"max-image-preview:large","max-video-preview":"max-video-preview:-1"},"canonical":"https:\/\/tipsforcricketbetting.com\/it\/","og_locale":"it_IT","og_type":"article","og_title":"\u0418\u0433\u0440\u0430\u0442\u044c \u0432 \u043e\u043d\u043b\u0430\u0439\u043d \u0438\u0433\u0440\u0443 Cricket Crash","og_description":"\u041a\u0430\u043a \u0438\u0433\u0440\u0430\u0442\u044c \u0432 Cricket Crash. \u041a\u0430\u043a \u043d\u0430\u0447\u0430\u0442\u044c \u0438\u0433\u0440\u043e\u0432\u043e\u0439 \u0440\u0430\u0443\u043d\u0434 \u0438 \u043a\u0430\u043a \u0441\u0434\u0435\u043b\u0430\u0442\u044c \u0441\u0442\u0430\u0432\u043a\u0443 \u0432 \u0440\u0430\u0443\u043d\u0434\u0435 Cricket Crash. \u0410\u0432\u0442\u043e\u043c\u0430\u0442\u0438\u0447\u0435\u0441\u043a\u0430\u044f \u0441\u0442\u0430\u0432\u043a\u0430 \u0438 \u043d\u043e\u0432\u044b\u0435 \u0441\u0442\u0430\u0432\u043a\u0438","og_url":"https:\/\/tipsforcricketbetting.com\/it\/","og_site_name":"Cricket","article_modified_time":"2024-02-28T15:20:54+00:00","twitter_card":"summary_large_image","twitter_misc":{"Tempo di lettura stimato":"23 minuti"},"schema":{"@context":"https:\/\/schema.org","@graph":[{"@type":"WebPage","@id":"https:\/\/tipsforcricketbetting.com\/","url":"https:\/\/tipsforcricketbetting.com\/","name":"\u0418\u0433\u0440\u0430\u0442\u044c \u0432 \u043e\u043d\u043b\u0430\u0439\u043d \u0438\u0433\u0440\u0443 Cricket Crash","isPartOf":{"@id":"https:\/\/tipsforcricketbetting.com\/#website"},"datePublished":"2024-02-18T20:48:45+00:00","dateModified":"2024-02-28T15:20:54+00:00","description":"\u041a\u0430\u043a \u0438\u0433\u0440\u0430\u0442\u044c \u0432 Cricket Crash. \u041a\u0430\u043a \u043d\u0430\u0447\u0430\u0442\u044c \u0438\u0433\u0440\u043e\u0432\u043e\u0439 \u0440\u0430\u0443\u043d\u0434 \u0438 \u043a\u0430\u043a \u0441\u0434\u0435\u043b\u0430\u0442\u044c \u0441\u0442\u0430\u0432\u043a\u0443 \u0432 \u0440\u0430\u0443\u043d\u0434\u0435 Cricket Crash. \u0410\u0432\u0442\u043e\u043c\u0430\u0442\u0438\u0447\u0435\u0441\u043a\u0430\u044f \u0441\u0442\u0430\u0432\u043a\u0430 \u0438 \u043d\u043e\u0432\u044b\u0435 \u0441\u0442\u0430\u0432\u043a\u0438","breadcrumb":{"@id":"https:\/\/tipsforcricketbetting.com\/#breadcrumb"},"inLanguage":"it-IT","potentialAction":[{"@type":"ReadAction","target":["https:\/\/tipsforcricketbetting.com\/"]}]},{"@type":"BreadcrumbList","@id":"https:\/\/tipsforcricketbetting.com\/#breadcrumb","itemListElement":[{"@type":"ListItem","position":1,"name":"Home","item":"https:\/\/tipsforcricketbetting.com\/"},{"@type":"ListItem","position":2,"name":"\u0427\u0442\u043e \u0442\u0430\u043a\u043e\u0435 Cricket Crash?"}]},{"@type":"WebSite","@id":"https:\/\/tipsforcricketbetting.com\/#website","url":"https:\/\/tipsforcricketbetting.com\/","name":"Cricket","description":"Just another WordPress site","potentialAction":[{"@type":"SearchAction","target":{"@type":"EntryPoint","urlTemplate":"https:\/\/tipsforcricketbetting.com\/?s={search_term_string}"},"query-input":{"@type":"PropertyValueSpecification","valueRequired":true,"valueName":"search_term_string"}}],"inLanguage":"it-IT"}]}},"_links":{"self":[{"href":"https:\/\/tipsforcricketbetting.com\/it\/wp-json\/wp\/v2\/pages\/6","targetHints":{"allow":["GET"]}}],"collection":[{"href":"https:\/\/tipsforcricketbetting.com\/it\/wp-json\/wp\/v2\/pages"}],"about":[{"href":"https:\/\/tipsforcricketbetting.com\/it\/wp-json\/wp\/v2\/types\/page"}],"author":[{"embeddable":true,"href":"https:\/\/tipsforcricketbetting.com\/it\/wp-json\/wp\/v2\/users\/1"}],"replies":[{"embeddable":true,"href":"https:\/\/tipsforcricketbetting.com\/it\/wp-json\/wp\/v2\/comments?post=6"}],"version-history":[{"count":18,"href":"https:\/\/tipsforcricketbetting.com\/it\/wp-json\/wp\/v2\/pages\/6\/revisions"}],"predecessor-version":[{"id":118,"href":"https:\/\/tipsforcricketbetting.com\/it\/wp-json\/wp\/v2\/pages\/6\/revisions\/118"}],"wp:attachment":[{"href":"https:\/\/tipsforcricketbetting.com\/it\/wp-json\/wp\/v2\/media?parent=6"}],"curies":[{"name":"wp","href":"https:\/\/api.w.org\/{rel}","templated":true}]}}