{"id":16,"date":"2024-02-18T20:56:24","date_gmt":"2024-02-18T20:56:24","guid":{"rendered":"https:\/\/tipsforcricketbetting.com\/?page_id=16"},"modified":"2024-02-28T15:15:48","modified_gmt":"2024-02-28T15:15:48","slug":"automatic-mode-autoplay","status":"publish","type":"page","link":"https:\/\/tipsforcricketbetting.com\/it\/automatic-mode-autoplay\/","title":{"rendered":"Modalit\u00e0 automatica"},"content":{"rendered":"<p>In questo gioco, puoi piazzare scommesse per ciascuna successiva sessione di gioco e ricevere automaticamente le vincite in ogni sessione di gioco, senza premere i pulsanti corrispondenti, grazie alla modalit\u00e0 automatica abilitata.<\/p>\n<h2><strong>AUTO BET &#8211; Scommessa automatica<\/strong><\/h2>\n<p>Per attivare la scommessa automatica, cio\u00e8 fare la scommessa automaticamente per ogni sessione di gioco (Auto Bet), \u00e8 necessario impostare l&#8217;importo della scommessa e attivare il cursore Auto Bet nel campo corrispondente, cio\u00e8 renderlo attivo, cio\u00e8 blu (i pulsanti attivi sono blu). La sessione di scommesse automatiche partir\u00e0 automaticamente. La modalit\u00e0 automatica inizia con l&#8217;inizio di una nuova sessione ed \u00e8 valida per ogni sessione successiva finch\u00e9 la modalit\u00e0 di scommessa automatica (Auto Bet) non viene interrotta.<\/p>\n<p>Per ciascun settore e scommessa corrispondente, tale modalit\u00e0 automatica viene attivata separatamente.<\/p>\n<p>Attivando il cursore Auto Bet in modalit\u00e0 attiva, si avvia la modalit\u00e0 di scommessa automatica con le opzioni impostate sullo schermo, cio\u00e8 con l&#8217;importo della scommessa indicato nel campo corrispondente. L&#8217;importo della scommessa non pu\u00f2 essere modificato durante la modalit\u00e0 di scommessa automatica attiva.<\/p>\n<p>Durante la modalit\u00e0 di scommessa automatica attiva (Auto Bet), le scommesse vengono effettuate automaticamente immediatamente dopo la fine della sessione di gioco precedente. La modalit\u00e0 di scommessa automatica sar\u00e0 attiva e durer\u00e0 finch\u00e9 non verr\u00e0 interrotto il cursore Auto Bet nel campo corrispondente, cio\u00e8 renderlo inattivo, cio\u00e8 grigio (i pulsanti inattivi sono grigi). La modalit\u00e0 automatica si interrompe quando l&#8217;importo della scommessa impostato dal giocatore supera il saldo del giocatore.<\/p>\n<h2><strong>AUTO TAKE &#8211; Reclamo automatico<\/strong><\/h2>\n<p>Per attivare la funzione in cui le tue vincite vengono reclamate automaticamente quando compare sullo schermo il coefficiente moltiplicativo che hai specificato &#8211; la modalit\u00e0 Auto Take, \u00e8 necessario impostare il coefficiente moltiplicativo e attivare il cursore Auto Take nel campo corrispondente, cio\u00e8 renderlo attivo, cio\u00e8 blu (i pulsanti attivi sono blu). Puoi impostare un tale coefficiente moltiplicativo utilizzando i pulsanti &#8220;+&#8221; e &#8220;-&#8220;.<\/p>\n<p>Per ciascun settore e scommessa corrispondente, tale modalit\u00e0 automatica viene attivata separatamente.<\/p>\n<p>Attivando il cursore Auto Take in modalit\u00e0 attiva, si avvia la modalit\u00e0 di scommessa automatica con le opzioni impostate sullo schermo, cio\u00e8 con il coefficiente moltiplicativo indicato nel campo corrispondente. Le dimensioni del coefficiente moltiplicativo non possono essere modificate durante la modalit\u00e0 Auto Take attiva.<\/p>\n<p>Durante la modalit\u00e0 Auto Take attiva, puoi reclamare le tue vincite prima che compaia il coefficiente moltiplicativo specificato per Auto Take premendo il pulsante CLAIM corrispondente. Premendo il pulsante CLAIM, la modalit\u00e0 Auto Take non si interrompe. La modalit\u00e0 Auto Take sar\u00e0 attiva e durer\u00e0 finch\u00e9 non verr\u00e0 interrotto il cursore Auto Take nel campo corrispondente, cio\u00e8 renderlo inattivo, cio\u00e8 grigio (i pulsanti inattivi sono grigi). La modalit\u00e0 automatica si interrompe quando l&#8217;importo della scommessa impostato dal giocatore supera il saldo del giocatore.<\/p>\n<p>Si prega di notare che in caso di interruzione della connessione Internet, le modalit\u00e0 automatiche vengono interrotte automaticamente.<\/p>\n<p>Si prega di notare che le tue vincite in modalit\u00e0 Auto Take possono essere reclamate (considerate reclamate) solo dopo il completamento del volo della palla da cricket attraverso il portale bonus. Ad esempio, se la tua scommessa \u00e8 di FUN 1 e il tuo coefficiente moltiplicativo Auto Take \u00e8 di 7,00, e il volo della palla da cricket attraverso il portale bonus (con un bonus del 30%) \u00e8 iniziato con un coefficiente di 6,90 e si \u00e8 concluso con un coefficiente di 8,97, le tue vincite &#8211; FUN 7 (scommessa moltiplicata per il tuo coefficiente Auto Take) verranno reclamate automaticamente dopo il completamento riuscito del volo della palla da cricket attraverso il portale bonus. E nel caso in cui il volo della palla da cricket attraverso il portale bonus termini con un Crash &#8211; la sessione di gioco viene considerata completata con un coefficiente di 6,90 e in questo caso, perdi la scommessa e le vincite non ti verranno accreditate.<\/p>\n","protected":false},"excerpt":{"rendered":"<p>In questo gioco, puoi piazzare scommesse per ciascuna successiva sessione di gioco e ricevere automaticamente le vincite in ogni sessione di gioco, senza premere i pulsanti corrispondenti, grazie alla modalit\u00e0 automatica abilitata. AUTO BET &#8211; Scommessa automatica Per attivare la scommessa automatica, cio\u00e8 fare la scommessa automaticamente per ogni sessione di gioco (Auto Bet), \u00e8 [&hellip;]<\/p>\n","protected":false},"author":1,"featured_media":0,"parent":0,"menu_order":0,"comment_status":"closed","ping_status":"closed","template":"","meta":{"footnotes":""},"class_list":["post-16","page","type-page","status-publish","hentry"],"yoast_head":"<!-- This site is optimized with the Yoast SEO plugin v27.2 - https:\/\/yoast.com\/product\/yoast-seo-wordpress\/ -->\n<title>\u0410\u0443\u0442\u043e\u043c\u0430\u0442\u0441\u043a\u0438 \u0440\u0435\u0436\u0438\u043c \u0443 Cricket Crash<\/title>\n<meta name=\"description\" content=\"Scommesse automatiche e reclamo automatico delle vincite in Cricket Crash\" \/>\n<meta name=\"robots\" content=\"index, follow, max-snippet:-1, max-image-preview:large, max-video-preview:-1\" \/>\n<link rel=\"canonical\" href=\"https:\/\/tipsforcricketbetting.com\/it\/automatic-mode-autoplay\/\" \/>\n<meta property=\"og:locale\" content=\"it_IT\" \/>\n<meta property=\"og:locale:alternate\" content=\"ru_RU\" \/>\n<meta property=\"og:locale:alternate\" content=\"en_US\" \/>\n<meta property=\"og:locale:alternate\" content=\"pt_PT\" \/>\n<meta property=\"og:locale:alternate\" content=\"es_ES\" \/>\n<meta property=\"og:locale:alternate\" content=\"ro_RO\" \/>\n<meta property=\"og:locale:alternate\" content=\"sr_RS\" \/>\n<meta property=\"og:locale:alternate\" content=\"bg_BG\" \/>\n<meta property=\"og:locale:alternate\" content=\"pl_PL\" \/>\n<meta property=\"og:locale:alternate\" content=\"fr_FR\" \/>\n<meta property=\"og:type\" content=\"article\" \/>\n<meta property=\"og:title\" content=\"\u0410\u0443\u0442\u043e\u043c\u0430\u0442\u0441\u043a\u0438 \u0440\u0435\u0436\u0438\u043c \u0443 Cricket Crash\" \/>\n<meta property=\"og:description\" content=\"\u0410\u0443\u0442\u043e\u043c\u0430\u0442\u0441\u043a\u043e \u043a\u043b\u0430\u0452\u0435\u045a\u0435 \u0438 \u0430\u0443\u0442\u043e\u043c\u0430\u0442\u0441\u043a\u043e \u0437\u0430\u0445\u0442\u0435\u0432\u0430\u045a\u0435 \u0434\u043e\u0431\u0438\u0442\u0430\u043a\u0430 \u0443 Cricket Crash\" \/>\n<meta property=\"og:url\" content=\"https:\/\/tipsforcricketbetting.com\/it\/automatic-mode-autoplay\/\" \/>\n<meta property=\"og:site_name\" content=\"Cricket\" \/>\n<meta property=\"article:modified_time\" content=\"2024-02-28T15:15:48+00:00\" \/>\n<meta name=\"twitter:card\" content=\"summary_large_image\" \/>\n<meta name=\"twitter:label1\" content=\"Tempo di lettura stimato\" \/>\n\t<meta name=\"twitter:data1\" content=\"24 minuti\" \/>\n<script type=\"application\/ld+json\" class=\"yoast-schema-graph\">{\"@context\":\"https:\/\/schema.org\",\"@graph\":[{\"@type\":\"WebPage\",\"@id\":\"https:\/\/tipsforcricketbetting.com\/sr\/automatic-mode-autoplay\/\",\"url\":\"https:\/\/tipsforcricketbetting.com\/sr\/automatic-mode-autoplay\/\",\"name\":\"\u0410\u0443\u0442\u043e\u043c\u0430\u0442\u0441\u043a\u0438 \u0440\u0435\u0436\u0438\u043c \u0443 Cricket Crash\",\"isPartOf\":{\"@id\":\"https:\/\/tipsforcricketbetting.com\/#website\"},\"datePublished\":\"2024-02-18T20:56:24+00:00\",\"dateModified\":\"2024-02-28T15:15:48+00:00\",\"description\":\"\u0410\u0443\u0442\u043e\u043c\u0430\u0442\u0441\u043a\u043e \u043a\u043b\u0430\u0452\u0435\u045a\u0435 \u0438 \u0430\u0443\u0442\u043e\u043c\u0430\u0442\u0441\u043a\u043e \u0437\u0430\u0445\u0442\u0435\u0432\u0430\u045a\u0435 \u0434\u043e\u0431\u0438\u0442\u0430\u043a\u0430 \u0443 Cricket Crash\",\"breadcrumb\":{\"@id\":\"https:\/\/tipsforcricketbetting.com\/sr\/automatic-mode-autoplay\/#breadcrumb\"},\"inLanguage\":\"it-IT\",\"potentialAction\":[{\"@type\":\"ReadAction\",\"target\":[\"https:\/\/tipsforcricketbetting.com\/sr\/automatic-mode-autoplay\/\"]}]},{\"@type\":\"BreadcrumbList\",\"@id\":\"https:\/\/tipsforcricketbetting.com\/sr\/automatic-mode-autoplay\/#breadcrumb\",\"itemListElement\":[{\"@type\":\"ListItem\",\"position\":1,\"name\":\"Home\",\"item\":\"https:\/\/tipsforcricketbetting.com\/\"},{\"@type\":\"ListItem\",\"position\":2,\"name\":\"\u0410\u0432\u0442\u043e\u043c\u0430\u0442\u0438\u0447\u0435\u0441\u043a\u0438\u0438\u0306 \u0440\u0435\u0436\u0438\u043c (\u0430\u0432\u0442\u043e\u043f\u043b\u0435\u0438\u0306)\"}]},{\"@type\":\"WebSite\",\"@id\":\"https:\/\/tipsforcricketbetting.com\/#website\",\"url\":\"https:\/\/tipsforcricketbetting.com\/\",\"name\":\"Cricket\",\"description\":\"Just another WordPress site\",\"potentialAction\":[{\"@type\":\"SearchAction\",\"target\":{\"@type\":\"EntryPoint\",\"urlTemplate\":\"https:\/\/tipsforcricketbetting.com\/?s={search_term_string}\"},\"query-input\":{\"@type\":\"PropertyValueSpecification\",\"valueRequired\":true,\"valueName\":\"search_term_string\"}}],\"inLanguage\":\"it-IT\"}]}<\/script>\n<!-- \/ Yoast SEO plugin. -->","yoast_head_json":{"title":"\u0410\u0443\u0442\u043e\u043c\u0430\u0442\u0441\u043a\u0438 \u0440\u0435\u0436\u0438\u043c \u0443 Cricket Crash","description":"Scommesse automatiche e reclamo automatico delle vincite in Cricket Crash","robots":{"index":"index","follow":"follow","max-snippet":"max-snippet:-1","max-image-preview":"max-image-preview:large","max-video-preview":"max-video-preview:-1"},"canonical":"https:\/\/tipsforcricketbetting.com\/it\/automatic-mode-autoplay\/","og_locale":"it_IT","og_type":"article","og_title":"\u0410\u0443\u0442\u043e\u043c\u0430\u0442\u0441\u043a\u0438 \u0440\u0435\u0436\u0438\u043c \u0443 Cricket Crash","og_description":"\u0410\u0443\u0442\u043e\u043c\u0430\u0442\u0441\u043a\u043e \u043a\u043b\u0430\u0452\u0435\u045a\u0435 \u0438 \u0430\u0443\u0442\u043e\u043c\u0430\u0442\u0441\u043a\u043e \u0437\u0430\u0445\u0442\u0435\u0432\u0430\u045a\u0435 \u0434\u043e\u0431\u0438\u0442\u0430\u043a\u0430 \u0443 Cricket Crash","og_url":"https:\/\/tipsforcricketbetting.com\/it\/automatic-mode-autoplay\/","og_site_name":"Cricket","article_modified_time":"2024-02-28T15:15:48+00:00","twitter_card":"summary_large_image","twitter_misc":{"Tempo di lettura stimato":"24 minuti"},"schema":{"@context":"https:\/\/schema.org","@graph":[{"@type":"WebPage","@id":"https:\/\/tipsforcricketbetting.com\/sr\/automatic-mode-autoplay\/","url":"https:\/\/tipsforcricketbetting.com\/sr\/automatic-mode-autoplay\/","name":"\u0410\u0443\u0442\u043e\u043c\u0430\u0442\u0441\u043a\u0438 \u0440\u0435\u0436\u0438\u043c \u0443 Cricket Crash","isPartOf":{"@id":"https:\/\/tipsforcricketbetting.com\/#website"},"datePublished":"2024-02-18T20:56:24+00:00","dateModified":"2024-02-28T15:15:48+00:00","description":"\u0410\u0443\u0442\u043e\u043c\u0430\u0442\u0441\u043a\u043e \u043a\u043b\u0430\u0452\u0435\u045a\u0435 \u0438 \u0430\u0443\u0442\u043e\u043c\u0430\u0442\u0441\u043a\u043e \u0437\u0430\u0445\u0442\u0435\u0432\u0430\u045a\u0435 \u0434\u043e\u0431\u0438\u0442\u0430\u043a\u0430 \u0443 Cricket Crash","breadcrumb":{"@id":"https:\/\/tipsforcricketbetting.com\/sr\/automatic-mode-autoplay\/#breadcrumb"},"inLanguage":"it-IT","potentialAction":[{"@type":"ReadAction","target":["https:\/\/tipsforcricketbetting.com\/sr\/automatic-mode-autoplay\/"]}]},{"@type":"BreadcrumbList","@id":"https:\/\/tipsforcricketbetting.com\/sr\/automatic-mode-autoplay\/#breadcrumb","itemListElement":[{"@type":"ListItem","position":1,"name":"Home","item":"https:\/\/tipsforcricketbetting.com\/"},{"@type":"ListItem","position":2,"name":"\u0410\u0432\u0442\u043e\u043c\u0430\u0442\u0438\u0447\u0435\u0441\u043a\u0438\u0438\u0306 \u0440\u0435\u0436\u0438\u043c (\u0430\u0432\u0442\u043e\u043f\u043b\u0435\u0438\u0306)"}]},{"@type":"WebSite","@id":"https:\/\/tipsforcricketbetting.com\/#website","url":"https:\/\/tipsforcricketbetting.com\/","name":"Cricket","description":"Just another WordPress site","potentialAction":[{"@type":"SearchAction","target":{"@type":"EntryPoint","urlTemplate":"https:\/\/tipsforcricketbetting.com\/?s={search_term_string}"},"query-input":{"@type":"PropertyValueSpecification","valueRequired":true,"valueName":"search_term_string"}}],"inLanguage":"it-IT"}]}},"_links":{"self":[{"href":"https:\/\/tipsforcricketbetting.com\/it\/wp-json\/wp\/v2\/pages\/16","targetHints":{"allow":["GET"]}}],"collection":[{"href":"https:\/\/tipsforcricketbetting.com\/it\/wp-json\/wp\/v2\/pages"}],"about":[{"href":"https:\/\/tipsforcricketbetting.com\/it\/wp-json\/wp\/v2\/types\/page"}],"author":[{"embeddable":true,"href":"https:\/\/tipsforcricketbetting.com\/it\/wp-json\/wp\/v2\/users\/1"}],"replies":[{"embeddable":true,"href":"https:\/\/tipsforcricketbetting.com\/it\/wp-json\/wp\/v2\/comments?post=16"}],"version-history":[{"count":16,"href":"https:\/\/tipsforcricketbetting.com\/it\/wp-json\/wp\/v2\/pages\/16\/revisions"}],"predecessor-version":[{"id":114,"href":"https:\/\/tipsforcricketbetting.com\/it\/wp-json\/wp\/v2\/pages\/16\/revisions\/114"}],"wp:attachment":[{"href":"https:\/\/tipsforcricketbetting.com\/it\/wp-json\/wp\/v2\/media?parent=16"}],"curies":[{"name":"wp","href":"https:\/\/api.w.org\/{rel}","templated":true}]}}