{"id":14,"date":"2024-02-18T20:54:43","date_gmt":"2024-02-18T20:54:43","guid":{"rendered":"https:\/\/tipsforcricketbetting.com\/?page_id=14"},"modified":"2024-02-28T15:16:51","modified_gmt":"2024-02-28T15:16:51","slug":"bonus-in-the-game-cricket-crash","status":"publish","type":"page","link":"https:\/\/tipsforcricketbetting.com\/it\/bonus-in-the-game-cricket-crash\/","title":{"rendered":"Bonus nel gioco Cricket Crash"},"content":{"rendered":"<p>In Cricket Crash, il volo della palla da cricket attraverso il portale bonus aumenta il coefficiente moltiplicatore. Dopo che la palla da cricket passa con successo attraverso il portale bonus, il coefficiente moltiplicatore, che era prima di questo volo, aumenta del percentuale assegnato per tale portale bonus (10%, 30% o 50%).<\/p>\n<p>Ad esempio, se il coefficiente moltiplicatore sullo schermo era 7.77 prima del volo della palla da cricket attraverso il portale bonus, dopo che la palla da cricket passa con successo attraverso il portale bonus con un bonus del 30%, il coefficiente moltiplicatore sar\u00e0 10.10.<\/p>\n<p>Si noti che il bonus viene accreditato solo dopo il completamento con successo del volo della palla da cricket attraverso il portale bonus, cio\u00e8 quando la palla passa senza esplodere. Nel caso in cui il volo della palla da cricket attraverso il portale bonus termini con un Crash, il bonus non verr\u00e0 accreditato.<\/p>\n<h2><strong>Ricompensa del Maharaja:<\/strong><\/h2>\n<p>In Cricket Crash, \u00e8 disponibile la Ricompensa del Maharaja. Questa ricompensa \u00e8 disponibile solo in questo gioco e non \u00e8 correlata ad altri giochi. La dimensione della Ricompensa del Maharaja \u00e8 formata contribuendo con il 2% da ogni scommessa. La dimensione attuale della Ricompensa del Maharaja \u00e8 visualizzata sullo schermo di gioco. Quando viene vinta la Ricompensa del Maharaja, tutti i vincitori ricevono una notifica, e la dimensione della Ricompensa del Maharaja viene reimpostata al valore iniziale.<\/p>\n<p>La sessione di gioco esatta e il momento della vincita della Ricompensa del Maharaja sono determinati dal generatore di numeri casuali. Cricket Crash \u00e8 un gioco multiplayer, quindi la Ricompensa del Maharaja pu\u00f2 essere vinta da tutti i giocatori che durante la sessione di gioco corrispondente non terminano il loro turno di gioco, cio\u00e8 non reclamano le vincite fino al momento in cui viene vinta la Ricompensa del Maharaja.<\/p>\n<p>La Ricompensa del Maharaja verr\u00e0 distribuita e pagata secondo la seguente formula:<\/p>\n<ul>\n<li>la dimensione della Ricompensa del Maharaja viene divisa in parti tra i vincitori in base alla quota della scommessa\/scommesse di tale vincitore rispetto alla somma delle scommesse di tutti i vincitori. Ad esempio, se hai piazzato una scommessa pari a 5 FUN, e la somma delle scommesse di tutti i vincitori (compreso te) \u00e8 pari a 100 FUN, riceverai il 5% della Ricompensa del Maharaja;<\/li>\n<li>nel caso in cui ci sia solo un vincitore, tale vincitore prende tutta la Ricompensa del Maharaja.<\/li>\n<\/ul>\n<p>La distribuzione della Ricompensa del Maharaja \u00e8 effettuata sulla base della dimensione della Ricompensa del Maharaja secondo le informazioni dai server. Se la connessione tra la piattaforma e i server che memorizzano le informazioni sulla Ricompensa del Maharaja viene persa, il gioco diventa non disponibile, e la dimensione della Ricompensa del Maharaja rimane invariata fino al ripristino della connessione. Prima che venga ripristinata la connessione necessaria, il sorteggio della Ricompensa del Maharaja, cos\u00ec come i contributi, non vengono effettuati. Le vincite e la distribuzione della Ricompensa del Maharaja sono soggette a verifica da parte della piattaforma e del provider di gioco.<\/p>\n","protected":false},"excerpt":{"rendered":"<p>In Cricket Crash, il volo della palla da cricket attraverso il portale bonus aumenta il coefficiente moltiplicatore. Dopo che la palla da cricket passa con successo attraverso il portale bonus, il coefficiente moltiplicatore, che era prima di questo volo, aumenta del percentuale assegnato per tale portale bonus (10%, 30% o 50%). Ad esempio, se il [&hellip;]<\/p>\n","protected":false},"author":1,"featured_media":0,"parent":0,"menu_order":0,"comment_status":"closed","ping_status":"closed","template":"","meta":{"footnotes":""},"class_list":["post-14","page","type-page","status-publish","hentry"],"yoast_head":"<!-- This site is optimized with the Yoast SEO plugin v27.2 - https:\/\/yoast.com\/product\/yoast-seo-wordpress\/ -->\n<title>\u0411\u043e\u043d\u0443\u0441\u0438 \u0438 \u043d\u0430\u0433\u0440\u0430\u0434\u0430 \u041c\u0430\u0445\u0430\u0440\u0430\u0434\u0436\u0430 \u0443 \u043e\u043d\u043b\u0438\u043d\u0435 \u0438\u0433\u0440\u0438 Cricket Crash<\/title>\n<meta name=\"description\" content=\"Bonus e Ricompensa Maharaja nel gioco di crash Cricket Crash presso il casin\u00f2 online. Gioca gratuitamente nel gioco online Cricket Crash.\" \/>\n<meta name=\"robots\" content=\"index, follow, max-snippet:-1, max-image-preview:large, max-video-preview:-1\" \/>\n<link rel=\"canonical\" href=\"https:\/\/tipsforcricketbetting.com\/it\/bonus-in-the-game-cricket-crash\/\" \/>\n<meta property=\"og:locale\" content=\"it_IT\" \/>\n<meta property=\"og:locale:alternate\" content=\"ru_RU\" \/>\n<meta property=\"og:locale:alternate\" content=\"en_US\" \/>\n<meta property=\"og:locale:alternate\" content=\"pt_PT\" \/>\n<meta property=\"og:locale:alternate\" content=\"es_ES\" \/>\n<meta property=\"og:locale:alternate\" content=\"ro_RO\" \/>\n<meta property=\"og:locale:alternate\" content=\"sr_RS\" \/>\n<meta property=\"og:locale:alternate\" content=\"bg_BG\" \/>\n<meta property=\"og:locale:alternate\" content=\"pl_PL\" \/>\n<meta property=\"og:locale:alternate\" content=\"fr_FR\" \/>\n<meta property=\"og:type\" content=\"article\" \/>\n<meta property=\"og:title\" content=\"\u0411\u043e\u043d\u0443\u0441\u0438 \u0438 \u043d\u0430\u0433\u0440\u0430\u0434\u0430 \u041c\u0430\u0445\u0430\u0440\u0430\u0434\u0436\u0430 \u0443 \u043e\u043d\u043b\u0438\u043d\u0435 \u0438\u0433\u0440\u0438 Cricket Crash\" \/>\n<meta property=\"og:description\" content=\"\u0411\u043e\u043d\u0443\u0441\u0438 \u0438 \u043d\u0430\u0433\u0440\u0430\u0434\u0430 \u041c\u0430\u0445\u0430\u0440\u0430\u0434\u0436\u0430 \u0443 \u0438\u0433\u0440\u0438 Cricket Crash \u0443 \u043e\u043d\u043b\u0430\u0458\u043d \u043a\u0430\u0437\u0438\u043d\u0443. \u0418\u0433\u0440\u0430\u0458\u0442\u0435 \u0431\u0435\u0441\u043f\u043b\u0430\u0442\u043d\u043e \u0443 \u043e\u043d\u043b\u0430\u0458\u043d \u0438\u0433\u0440\u0438 Cricket Crash.\" \/>\n<meta property=\"og:url\" content=\"https:\/\/tipsforcricketbetting.com\/it\/bonus-in-the-game-cricket-crash\/\" \/>\n<meta property=\"og:site_name\" content=\"Cricket\" \/>\n<meta property=\"article:modified_time\" content=\"2024-02-28T15:16:51+00:00\" \/>\n<meta name=\"twitter:card\" content=\"summary_large_image\" \/>\n<meta name=\"twitter:label1\" content=\"Tempo di lettura stimato\" \/>\n\t<meta name=\"twitter:data1\" content=\"18 minuti\" \/>\n<script type=\"application\/ld+json\" class=\"yoast-schema-graph\">{\"@context\":\"https:\/\/schema.org\",\"@graph\":[{\"@type\":\"WebPage\",\"@id\":\"https:\/\/tipsforcricketbetting.com\/sr\/bonus-in-the-game-cricket-crash\/\",\"url\":\"https:\/\/tipsforcricketbetting.com\/sr\/bonus-in-the-game-cricket-crash\/\",\"name\":\"\u0411\u043e\u043d\u0443\u0441\u0438 \u0438 \u043d\u0430\u0433\u0440\u0430\u0434\u0430 \u041c\u0430\u0445\u0430\u0440\u0430\u0434\u0436\u0430 \u0443 \u043e\u043d\u043b\u0438\u043d\u0435 \u0438\u0433\u0440\u0438 Cricket Crash\",\"isPartOf\":{\"@id\":\"https:\/\/tipsforcricketbetting.com\/#website\"},\"datePublished\":\"2024-02-18T20:54:43+00:00\",\"dateModified\":\"2024-02-28T15:16:51+00:00\",\"description\":\"\u0411\u043e\u043d\u0443\u0441\u0438 \u0438 \u043d\u0430\u0433\u0440\u0430\u0434\u0430 \u041c\u0430\u0445\u0430\u0440\u0430\u0434\u0436\u0430 \u0443 \u0438\u0433\u0440\u0438 Cricket Crash \u0443 \u043e\u043d\u043b\u0430\u0458\u043d \u043a\u0430\u0437\u0438\u043d\u0443. \u0418\u0433\u0440\u0430\u0458\u0442\u0435 \u0431\u0435\u0441\u043f\u043b\u0430\u0442\u043d\u043e \u0443 \u043e\u043d\u043b\u0430\u0458\u043d \u0438\u0433\u0440\u0438 Cricket Crash.\",\"breadcrumb\":{\"@id\":\"https:\/\/tipsforcricketbetting.com\/sr\/bonus-in-the-game-cricket-crash\/#breadcrumb\"},\"inLanguage\":\"it-IT\",\"potentialAction\":[{\"@type\":\"ReadAction\",\"target\":[\"https:\/\/tipsforcricketbetting.com\/sr\/bonus-in-the-game-cricket-crash\/\"]}]},{\"@type\":\"BreadcrumbList\",\"@id\":\"https:\/\/tipsforcricketbetting.com\/sr\/bonus-in-the-game-cricket-crash\/#breadcrumb\",\"itemListElement\":[{\"@type\":\"ListItem\",\"position\":1,\"name\":\"Home\",\"item\":\"https:\/\/tipsforcricketbetting.com\/\"},{\"@type\":\"ListItem\",\"position\":2,\"name\":\"\u0411\u043e\u043d\u0443\u0441 \u0432 \u0438\u0433\u0440\u0435 Cricket Crash\"}]},{\"@type\":\"WebSite\",\"@id\":\"https:\/\/tipsforcricketbetting.com\/#website\",\"url\":\"https:\/\/tipsforcricketbetting.com\/\",\"name\":\"Cricket\",\"description\":\"Just another WordPress site\",\"potentialAction\":[{\"@type\":\"SearchAction\",\"target\":{\"@type\":\"EntryPoint\",\"urlTemplate\":\"https:\/\/tipsforcricketbetting.com\/?s={search_term_string}\"},\"query-input\":{\"@type\":\"PropertyValueSpecification\",\"valueRequired\":true,\"valueName\":\"search_term_string\"}}],\"inLanguage\":\"it-IT\"}]}<\/script>\n<!-- \/ Yoast SEO plugin. -->","yoast_head_json":{"title":"\u0411\u043e\u043d\u0443\u0441\u0438 \u0438 \u043d\u0430\u0433\u0440\u0430\u0434\u0430 \u041c\u0430\u0445\u0430\u0440\u0430\u0434\u0436\u0430 \u0443 \u043e\u043d\u043b\u0438\u043d\u0435 \u0438\u0433\u0440\u0438 Cricket Crash","description":"Bonus e Ricompensa Maharaja nel gioco di crash Cricket Crash presso il casin\u00f2 online. Gioca gratuitamente nel gioco online Cricket Crash.","robots":{"index":"index","follow":"follow","max-snippet":"max-snippet:-1","max-image-preview":"max-image-preview:large","max-video-preview":"max-video-preview:-1"},"canonical":"https:\/\/tipsforcricketbetting.com\/it\/bonus-in-the-game-cricket-crash\/","og_locale":"it_IT","og_type":"article","og_title":"\u0411\u043e\u043d\u0443\u0441\u0438 \u0438 \u043d\u0430\u0433\u0440\u0430\u0434\u0430 \u041c\u0430\u0445\u0430\u0440\u0430\u0434\u0436\u0430 \u0443 \u043e\u043d\u043b\u0438\u043d\u0435 \u0438\u0433\u0440\u0438 Cricket Crash","og_description":"\u0411\u043e\u043d\u0443\u0441\u0438 \u0438 \u043d\u0430\u0433\u0440\u0430\u0434\u0430 \u041c\u0430\u0445\u0430\u0440\u0430\u0434\u0436\u0430 \u0443 \u0438\u0433\u0440\u0438 Cricket Crash \u0443 \u043e\u043d\u043b\u0430\u0458\u043d \u043a\u0430\u0437\u0438\u043d\u0443. \u0418\u0433\u0440\u0430\u0458\u0442\u0435 \u0431\u0435\u0441\u043f\u043b\u0430\u0442\u043d\u043e \u0443 \u043e\u043d\u043b\u0430\u0458\u043d \u0438\u0433\u0440\u0438 Cricket Crash.","og_url":"https:\/\/tipsforcricketbetting.com\/it\/bonus-in-the-game-cricket-crash\/","og_site_name":"Cricket","article_modified_time":"2024-02-28T15:16:51+00:00","twitter_card":"summary_large_image","twitter_misc":{"Tempo di lettura stimato":"18 minuti"},"schema":{"@context":"https:\/\/schema.org","@graph":[{"@type":"WebPage","@id":"https:\/\/tipsforcricketbetting.com\/sr\/bonus-in-the-game-cricket-crash\/","url":"https:\/\/tipsforcricketbetting.com\/sr\/bonus-in-the-game-cricket-crash\/","name":"\u0411\u043e\u043d\u0443\u0441\u0438 \u0438 \u043d\u0430\u0433\u0440\u0430\u0434\u0430 \u041c\u0430\u0445\u0430\u0440\u0430\u0434\u0436\u0430 \u0443 \u043e\u043d\u043b\u0438\u043d\u0435 \u0438\u0433\u0440\u0438 Cricket Crash","isPartOf":{"@id":"https:\/\/tipsforcricketbetting.com\/#website"},"datePublished":"2024-02-18T20:54:43+00:00","dateModified":"2024-02-28T15:16:51+00:00","description":"\u0411\u043e\u043d\u0443\u0441\u0438 \u0438 \u043d\u0430\u0433\u0440\u0430\u0434\u0430 \u041c\u0430\u0445\u0430\u0440\u0430\u0434\u0436\u0430 \u0443 \u0438\u0433\u0440\u0438 Cricket Crash \u0443 \u043e\u043d\u043b\u0430\u0458\u043d \u043a\u0430\u0437\u0438\u043d\u0443. \u0418\u0433\u0440\u0430\u0458\u0442\u0435 \u0431\u0435\u0441\u043f\u043b\u0430\u0442\u043d\u043e \u0443 \u043e\u043d\u043b\u0430\u0458\u043d \u0438\u0433\u0440\u0438 Cricket Crash.","breadcrumb":{"@id":"https:\/\/tipsforcricketbetting.com\/sr\/bonus-in-the-game-cricket-crash\/#breadcrumb"},"inLanguage":"it-IT","potentialAction":[{"@type":"ReadAction","target":["https:\/\/tipsforcricketbetting.com\/sr\/bonus-in-the-game-cricket-crash\/"]}]},{"@type":"BreadcrumbList","@id":"https:\/\/tipsforcricketbetting.com\/sr\/bonus-in-the-game-cricket-crash\/#breadcrumb","itemListElement":[{"@type":"ListItem","position":1,"name":"Home","item":"https:\/\/tipsforcricketbetting.com\/"},{"@type":"ListItem","position":2,"name":"\u0411\u043e\u043d\u0443\u0441 \u0432 \u0438\u0433\u0440\u0435 Cricket Crash"}]},{"@type":"WebSite","@id":"https:\/\/tipsforcricketbetting.com\/#website","url":"https:\/\/tipsforcricketbetting.com\/","name":"Cricket","description":"Just another WordPress site","potentialAction":[{"@type":"SearchAction","target":{"@type":"EntryPoint","urlTemplate":"https:\/\/tipsforcricketbetting.com\/?s={search_term_string}"},"query-input":{"@type":"PropertyValueSpecification","valueRequired":true,"valueName":"search_term_string"}}],"inLanguage":"it-IT"}]}},"_links":{"self":[{"href":"https:\/\/tipsforcricketbetting.com\/it\/wp-json\/wp\/v2\/pages\/14","targetHints":{"allow":["GET"]}}],"collection":[{"href":"https:\/\/tipsforcricketbetting.com\/it\/wp-json\/wp\/v2\/pages"}],"about":[{"href":"https:\/\/tipsforcricketbetting.com\/it\/wp-json\/wp\/v2\/types\/page"}],"author":[{"embeddable":true,"href":"https:\/\/tipsforcricketbetting.com\/it\/wp-json\/wp\/v2\/users\/1"}],"replies":[{"embeddable":true,"href":"https:\/\/tipsforcricketbetting.com\/it\/wp-json\/wp\/v2\/comments?post=14"}],"version-history":[{"count":18,"href":"https:\/\/tipsforcricketbetting.com\/it\/wp-json\/wp\/v2\/pages\/14\/revisions"}],"predecessor-version":[{"id":115,"href":"https:\/\/tipsforcricketbetting.com\/it\/wp-json\/wp\/v2\/pages\/14\/revisions\/115"}],"wp:attachment":[{"href":"https:\/\/tipsforcricketbetting.com\/it\/wp-json\/wp\/v2\/media?parent=14"}],"curies":[{"name":"wp","href":"https:\/\/api.w.org\/{rel}","templated":true}]}}