{"id":6,"date":"2024-02-18T20:48:45","date_gmt":"2024-02-18T20:48:45","guid":{"rendered":"https:\/\/tipsforcricketbetting.com\/?page_id=6"},"modified":"2024-02-28T15:20:54","modified_gmt":"2024-02-28T15:20:54","slug":"what-is-cricket-crash","status":"publish","type":"page","link":"https:\/\/tipsforcricketbetting.com\/fr\/","title":{"rendered":"Qu&rsquo;est-ce que Cricket Crash ?"},"content":{"rendered":"<p>Cricket Crash est un jeu de type tournoi de cricket. C&rsquo;est un jeu multijoueur. Dans ce jeu, le coefficient multiplicateur augmente constamment depuis le d\u00e9but de la session de jeu jusqu&rsquo;\u00e0 ce que la balle de cricket explose (Crash).<\/p>\n<p>L&rsquo;objectif de Cricket Crash est de r\u00e9clamer des gains avec le coefficient multiplicateur le plus \u00e9lev\u00e9 possible avant le Crash. Les gains sont le pari du joueur multipli\u00e9 par le coefficient multiplicateur au moment o\u00f9 le joueur appuie sur le bouton R\u00c9CLAMER (le coefficient multiplicateur est indiqu\u00e9 \u00e0 l&rsquo;\u00e9cran).<\/p>\n<h2><strong>Comment commencer un tour de jeu?<\/strong><\/h2>\n<p>Cricket Crash est un jeu multijoueur dans lequel plusieurs joueurs jouent simultan\u00e9ment.<\/p>\n<p>La session de jeu d\u00e9marre ind\u00e9pendamment du fait que vous ayez lanc\u00e9 un tour de jeu. La session de jeu se poursuit ind\u00e9pendamment de vos actions (d\u00e9marrage et fin d&rsquo;un tour de jeu). Cela signifie que vous pouvez voir la balle de cricket voler, ainsi que d&rsquo;autres animations de jeu et les r\u00e9sultats des autres joueurs, sans d\u00e9marrer un tour de jeu ou l&rsquo;avoir d\u00e9j\u00e0 termin\u00e9.<\/p>\n<p>La session de jeu commence \u00e0 partir du moment o\u00f9 le premier coefficient multiplicateur appara\u00eet \u00e0 l&rsquo;\u00e9cran et dure jusqu&rsquo;au Crash. Un tour de jeu est une session de jeu par rapport \u00e0 laquelle vous avez plac\u00e9 un pari (un ou plusieurs paris ont \u00e9t\u00e9 plac\u00e9s sur ce tour de jeu avant qu&rsquo;il ne commence).<\/p>\n<p>Vous commencez un tour de jeu uniquement apr\u00e8s avoir plac\u00e9 un pari avant son d\u00e9marrage, c&rsquo;est-\u00e0-dire avant le d\u00e9but d&rsquo;une nouvelle session de jeu. Le tour de jeu d\u00e9marre avec le d\u00e9but de la session de jeu. Le tour de jeu dure \u00e0 partir du moment o\u00f9 le premier coefficient multiplicateur appara\u00eet \u00e0 l&rsquo;\u00e9cran jusqu&rsquo;au moment du Crash ou jusqu&rsquo;\u00e0 ce que vous appuyiez sur le bouton R\u00c9CLAMER (votre dernier appui sur le bouton R\u00c9CLAMER &#8211; dans le cas o\u00f9 2 paris ont \u00e9t\u00e9 plac\u00e9s sur le tour de jeu), en fonction de ce qui se produit en premier.<\/p>\n<p>Pour commencer un tour de jeu (en mode jeu standard), vous devez appuyer sur le bouton PLACER UN PARI.<\/p>\n<h2><strong>Comment placer un pari<\/strong><\/h2>\n<p>Un pari ne peut \u00eatre plac\u00e9 qu&rsquo;avant le d\u00e9but d&rsquo;un tour de jeu, notamment pendant le temps imparti pour placer les paris ou apr\u00e8s la fin d&rsquo;un tour de jeu &#8211; uniquement pour le tour de jeu suivant.<\/p>\n<h2><strong>Temps imparti pour placer les paris<\/strong><\/h2>\n<p>Chaque tour de jeu est soumis \u00e0 un pari. La taille de votre pari est indiqu\u00e9e dans le champ \u00ab\u00a0PARI\u00a0\u00bb. La taille du pari peut \u00eatre d\u00e9finie avec les boutons \u00ab\u00a0+\u00a0\u00bb et \u00ab\u00a0&#8211;\u00a0\u00bb correspondants ou en s\u00e9lectionnant un bouton avec une taille de pari pr\u00e9d\u00e9termin\u00e9e. La taille du pari est sp\u00e9cifi\u00e9e dans la devise sur laquelle vous jouez sur la plateforme. Chaque tour de jeu co\u00fbte le pari sp\u00e9cifi\u00e9 dans le champ \u00ab\u00a0PARI\u00a0\u00bb.<\/p>\n<p>En mode jeu standard, vous placez un pari en appuyant sur le bouton PLACER UN PARI, et le montant du pari est d\u00e9duit de votre solde simultan\u00e9ment avec le d\u00e9marrage du tour de jeu. Sur certains appareils, appuyer sur la barre d&rsquo;espace du clavier \u00e9quivaut \u00e0 appuyer sur le bouton PLACER UN PARI et d\u00e9marre le tour de jeu, impliquant de placer un pari sp\u00e9cifi\u00e9 dans le champ \u00ab\u00a0PARI\u00a0\u00bb.<\/p>\n<p>En mode lecture automatique, le tour de jeu d\u00e9marre automatiquement sans appuyer sur le bouton PLACER UN PARI, et le montant du pari est d\u00e9duit de votre solde simultan\u00e9ment avec le d\u00e9marrage du tour de jeu.<\/p>\n<h2><strong>Plus d&rsquo;un pari<\/strong><\/h2>\n<p>Dans Cricket Crash, il existe une fonction qui vous permet de placer 2 paris simultan\u00e9ment sur un tour de jeu. Pour activer cette fonction, vous devez appuyer sur le bouton PLACER UN PARI dans un autre champ \u00ab\u00a0PARI\u00a0\u00bb.<\/p>\n<p>Pour placer un deuxi\u00e8me pari, vous devez effectuer toutes les actions, comme pour le premier pari dans le deuxi\u00e8me champ de pari, c&rsquo;est-\u00e0-dire, d\u00e9finir la taille du pari et appuyer sur le bouton PLACER UN PARI correspondant au deuxi\u00e8me pari.<\/p>\n<p>Les champs de pari ne sont pas li\u00e9s, vous pouvez d\u00e9finir des paris diff\u00e9rents et ne placer qu&rsquo;un seul pari.<\/p>\n","protected":false},"excerpt":{"rendered":"<p>Cricket Crash est un jeu de type tournoi de cricket. C&rsquo;est un jeu multijoueur. Dans ce jeu, le coefficient multiplicateur augmente constamment depuis le d\u00e9but de la session de jeu jusqu&rsquo;\u00e0 ce que la balle de cricket explose (Crash). L&rsquo;objectif de Cricket Crash est de r\u00e9clamer des gains avec le coefficient multiplicateur le plus \u00e9lev\u00e9 [&hellip;]<\/p>\n","protected":false},"author":1,"featured_media":0,"parent":0,"menu_order":0,"comment_status":"closed","ping_status":"closed","template":"","meta":{"footnotes":""},"class_list":["post-6","page","type-page","status-publish","hentry"],"yoast_head":"<!-- This site is optimized with the Yoast SEO plugin v27.2 - https:\/\/yoast.com\/product\/yoast-seo-wordpress\/ -->\n<title>\u0418\u0433\u0440\u0430\u0442\u044c \u0432 \u043e\u043d\u043b\u0430\u0439\u043d \u0438\u0433\u0440\u0443 Cricket Crash<\/title>\n<meta name=\"description\" content=\"Comment jouer \u00e0 Cricket Crash. Comment d\u00e9marrer une partie et placer une mise dans une partie de Cricket Crash. Mises automatiques et nouvelles mises\" \/>\n<meta name=\"robots\" content=\"index, follow, max-snippet:-1, max-image-preview:large, max-video-preview:-1\" \/>\n<link rel=\"canonical\" href=\"https:\/\/tipsforcricketbetting.com\/fr\/\" \/>\n<meta property=\"og:locale\" content=\"fr_FR\" \/>\n<meta property=\"og:locale:alternate\" content=\"ru_RU\" \/>\n<meta property=\"og:locale:alternate\" content=\"en_US\" \/>\n<meta property=\"og:locale:alternate\" content=\"pt_PT\" \/>\n<meta property=\"og:locale:alternate\" content=\"es_ES\" \/>\n<meta property=\"og:locale:alternate\" content=\"ro_RO\" \/>\n<meta property=\"og:locale:alternate\" content=\"sr_RS\" \/>\n<meta property=\"og:locale:alternate\" content=\"bg_BG\" \/>\n<meta property=\"og:locale:alternate\" content=\"pl_PL\" \/>\n<meta property=\"og:locale:alternate\" content=\"it_IT\" \/>\n<meta property=\"og:type\" content=\"article\" \/>\n<meta property=\"og:title\" content=\"\u0418\u0433\u0440\u0430\u0442\u044c \u0432 \u043e\u043d\u043b\u0430\u0439\u043d \u0438\u0433\u0440\u0443 Cricket Crash\" \/>\n<meta property=\"og:description\" content=\"\u041a\u0430\u043a \u0438\u0433\u0440\u0430\u0442\u044c \u0432 Cricket Crash. \u041a\u0430\u043a \u043d\u0430\u0447\u0430\u0442\u044c \u0438\u0433\u0440\u043e\u0432\u043e\u0439 \u0440\u0430\u0443\u043d\u0434 \u0438 \u043a\u0430\u043a \u0441\u0434\u0435\u043b\u0430\u0442\u044c \u0441\u0442\u0430\u0432\u043a\u0443 \u0432 \u0440\u0430\u0443\u043d\u0434\u0435 Cricket Crash. \u0410\u0432\u0442\u043e\u043c\u0430\u0442\u0438\u0447\u0435\u0441\u043a\u0430\u044f \u0441\u0442\u0430\u0432\u043a\u0430 \u0438 \u043d\u043e\u0432\u044b\u0435 \u0441\u0442\u0430\u0432\u043a\u0438\" \/>\n<meta property=\"og:url\" content=\"https:\/\/tipsforcricketbetting.com\/fr\/\" \/>\n<meta property=\"og:site_name\" content=\"Cricket\" \/>\n<meta property=\"article:modified_time\" content=\"2024-02-28T15:20:54+00:00\" \/>\n<meta name=\"twitter:card\" content=\"summary_large_image\" \/>\n<meta name=\"twitter:label1\" content=\"Dur\u00e9e de lecture estim\u00e9e\" \/>\n\t<meta name=\"twitter:data1\" content=\"23 minutes\" \/>\n<script type=\"application\/ld+json\" class=\"yoast-schema-graph\">{\"@context\":\"https:\/\/schema.org\",\"@graph\":[{\"@type\":\"WebPage\",\"@id\":\"https:\/\/tipsforcricketbetting.com\/\",\"url\":\"https:\/\/tipsforcricketbetting.com\/\",\"name\":\"\u0418\u0433\u0440\u0430\u0442\u044c \u0432 \u043e\u043d\u043b\u0430\u0439\u043d \u0438\u0433\u0440\u0443 Cricket Crash\",\"isPartOf\":{\"@id\":\"https:\/\/tipsforcricketbetting.com\/#website\"},\"datePublished\":\"2024-02-18T20:48:45+00:00\",\"dateModified\":\"2024-02-28T15:20:54+00:00\",\"description\":\"\u041a\u0430\u043a \u0438\u0433\u0440\u0430\u0442\u044c \u0432 Cricket Crash. \u041a\u0430\u043a \u043d\u0430\u0447\u0430\u0442\u044c \u0438\u0433\u0440\u043e\u0432\u043e\u0439 \u0440\u0430\u0443\u043d\u0434 \u0438 \u043a\u0430\u043a \u0441\u0434\u0435\u043b\u0430\u0442\u044c \u0441\u0442\u0430\u0432\u043a\u0443 \u0432 \u0440\u0430\u0443\u043d\u0434\u0435 Cricket Crash. \u0410\u0432\u0442\u043e\u043c\u0430\u0442\u0438\u0447\u0435\u0441\u043a\u0430\u044f \u0441\u0442\u0430\u0432\u043a\u0430 \u0438 \u043d\u043e\u0432\u044b\u0435 \u0441\u0442\u0430\u0432\u043a\u0438\",\"breadcrumb\":{\"@id\":\"https:\/\/tipsforcricketbetting.com\/#breadcrumb\"},\"inLanguage\":\"fr-FR\",\"potentialAction\":[{\"@type\":\"ReadAction\",\"target\":[\"https:\/\/tipsforcricketbetting.com\/\"]}]},{\"@type\":\"BreadcrumbList\",\"@id\":\"https:\/\/tipsforcricketbetting.com\/#breadcrumb\",\"itemListElement\":[{\"@type\":\"ListItem\",\"position\":1,\"name\":\"Home\",\"item\":\"https:\/\/tipsforcricketbetting.com\/\"},{\"@type\":\"ListItem\",\"position\":2,\"name\":\"\u0427\u0442\u043e \u0442\u0430\u043a\u043e\u0435 Cricket Crash?\"}]},{\"@type\":\"WebSite\",\"@id\":\"https:\/\/tipsforcricketbetting.com\/#website\",\"url\":\"https:\/\/tipsforcricketbetting.com\/\",\"name\":\"Cricket\",\"description\":\"Just another WordPress site\",\"potentialAction\":[{\"@type\":\"SearchAction\",\"target\":{\"@type\":\"EntryPoint\",\"urlTemplate\":\"https:\/\/tipsforcricketbetting.com\/?s={search_term_string}\"},\"query-input\":{\"@type\":\"PropertyValueSpecification\",\"valueRequired\":true,\"valueName\":\"search_term_string\"}}],\"inLanguage\":\"fr-FR\"}]}<\/script>\n<!-- \/ Yoast SEO plugin. -->","yoast_head_json":{"title":"\u0418\u0433\u0440\u0430\u0442\u044c \u0432 \u043e\u043d\u043b\u0430\u0439\u043d \u0438\u0433\u0440\u0443 Cricket Crash","description":"Comment jouer \u00e0 Cricket Crash. Comment d\u00e9marrer une partie et placer une mise dans une partie de Cricket Crash. Mises automatiques et nouvelles mises","robots":{"index":"index","follow":"follow","max-snippet":"max-snippet:-1","max-image-preview":"max-image-preview:large","max-video-preview":"max-video-preview:-1"},"canonical":"https:\/\/tipsforcricketbetting.com\/fr\/","og_locale":"fr_FR","og_type":"article","og_title":"\u0418\u0433\u0440\u0430\u0442\u044c \u0432 \u043e\u043d\u043b\u0430\u0439\u043d \u0438\u0433\u0440\u0443 Cricket Crash","og_description":"\u041a\u0430\u043a \u0438\u0433\u0440\u0430\u0442\u044c \u0432 Cricket Crash. \u041a\u0430\u043a \u043d\u0430\u0447\u0430\u0442\u044c \u0438\u0433\u0440\u043e\u0432\u043e\u0439 \u0440\u0430\u0443\u043d\u0434 \u0438 \u043a\u0430\u043a \u0441\u0434\u0435\u043b\u0430\u0442\u044c \u0441\u0442\u0430\u0432\u043a\u0443 \u0432 \u0440\u0430\u0443\u043d\u0434\u0435 Cricket Crash. \u0410\u0432\u0442\u043e\u043c\u0430\u0442\u0438\u0447\u0435\u0441\u043a\u0430\u044f \u0441\u0442\u0430\u0432\u043a\u0430 \u0438 \u043d\u043e\u0432\u044b\u0435 \u0441\u0442\u0430\u0432\u043a\u0438","og_url":"https:\/\/tipsforcricketbetting.com\/fr\/","og_site_name":"Cricket","article_modified_time":"2024-02-28T15:20:54+00:00","twitter_card":"summary_large_image","twitter_misc":{"Dur\u00e9e de lecture estim\u00e9e":"23 minutes"},"schema":{"@context":"https:\/\/schema.org","@graph":[{"@type":"WebPage","@id":"https:\/\/tipsforcricketbetting.com\/","url":"https:\/\/tipsforcricketbetting.com\/","name":"\u0418\u0433\u0440\u0430\u0442\u044c \u0432 \u043e\u043d\u043b\u0430\u0439\u043d \u0438\u0433\u0440\u0443 Cricket Crash","isPartOf":{"@id":"https:\/\/tipsforcricketbetting.com\/#website"},"datePublished":"2024-02-18T20:48:45+00:00","dateModified":"2024-02-28T15:20:54+00:00","description":"\u041a\u0430\u043a \u0438\u0433\u0440\u0430\u0442\u044c \u0432 Cricket Crash. \u041a\u0430\u043a \u043d\u0430\u0447\u0430\u0442\u044c \u0438\u0433\u0440\u043e\u0432\u043e\u0439 \u0440\u0430\u0443\u043d\u0434 \u0438 \u043a\u0430\u043a \u0441\u0434\u0435\u043b\u0430\u0442\u044c \u0441\u0442\u0430\u0432\u043a\u0443 \u0432 \u0440\u0430\u0443\u043d\u0434\u0435 Cricket Crash. \u0410\u0432\u0442\u043e\u043c\u0430\u0442\u0438\u0447\u0435\u0441\u043a\u0430\u044f \u0441\u0442\u0430\u0432\u043a\u0430 \u0438 \u043d\u043e\u0432\u044b\u0435 \u0441\u0442\u0430\u0432\u043a\u0438","breadcrumb":{"@id":"https:\/\/tipsforcricketbetting.com\/#breadcrumb"},"inLanguage":"fr-FR","potentialAction":[{"@type":"ReadAction","target":["https:\/\/tipsforcricketbetting.com\/"]}]},{"@type":"BreadcrumbList","@id":"https:\/\/tipsforcricketbetting.com\/#breadcrumb","itemListElement":[{"@type":"ListItem","position":1,"name":"Home","item":"https:\/\/tipsforcricketbetting.com\/"},{"@type":"ListItem","position":2,"name":"\u0427\u0442\u043e \u0442\u0430\u043a\u043e\u0435 Cricket Crash?"}]},{"@type":"WebSite","@id":"https:\/\/tipsforcricketbetting.com\/#website","url":"https:\/\/tipsforcricketbetting.com\/","name":"Cricket","description":"Just another WordPress site","potentialAction":[{"@type":"SearchAction","target":{"@type":"EntryPoint","urlTemplate":"https:\/\/tipsforcricketbetting.com\/?s={search_term_string}"},"query-input":{"@type":"PropertyValueSpecification","valueRequired":true,"valueName":"search_term_string"}}],"inLanguage":"fr-FR"}]}},"_links":{"self":[{"href":"https:\/\/tipsforcricketbetting.com\/fr\/wp-json\/wp\/v2\/pages\/6","targetHints":{"allow":["GET"]}}],"collection":[{"href":"https:\/\/tipsforcricketbetting.com\/fr\/wp-json\/wp\/v2\/pages"}],"about":[{"href":"https:\/\/tipsforcricketbetting.com\/fr\/wp-json\/wp\/v2\/types\/page"}],"author":[{"embeddable":true,"href":"https:\/\/tipsforcricketbetting.com\/fr\/wp-json\/wp\/v2\/users\/1"}],"replies":[{"embeddable":true,"href":"https:\/\/tipsforcricketbetting.com\/fr\/wp-json\/wp\/v2\/comments?post=6"}],"version-history":[{"count":18,"href":"https:\/\/tipsforcricketbetting.com\/fr\/wp-json\/wp\/v2\/pages\/6\/revisions"}],"predecessor-version":[{"id":118,"href":"https:\/\/tipsforcricketbetting.com\/fr\/wp-json\/wp\/v2\/pages\/6\/revisions\/118"}],"wp:attachment":[{"href":"https:\/\/tipsforcricketbetting.com\/fr\/wp-json\/wp\/v2\/media?parent=6"}],"curies":[{"name":"wp","href":"https:\/\/api.w.org\/{rel}","templated":true}]}}