{"id":16,"date":"2024-02-18T20:56:24","date_gmt":"2024-02-18T20:56:24","guid":{"rendered":"https:\/\/tipsforcricketbetting.com\/?page_id=16"},"modified":"2024-02-28T15:15:48","modified_gmt":"2024-02-28T15:15:48","slug":"automatic-mode-autoplay","status":"publish","type":"page","link":"https:\/\/tipsforcricketbetting.com\/fr\/automatic-mode-autoplay\/","title":{"rendered":"Mode automatique"},"content":{"rendered":"<p>Dans ce jeu, vous pouvez placer des paris pour chaque tour de jeu suivant et \u00e9galement recevoir automatiquement des gains \u00e0 chaque tour de jeu, sans appuyer sur les boutons correspondants, gr\u00e2ce au mode automatique activ\u00e9.<\/p>\n<h2><strong>AUTO BET &#8211; Mise automatique<\/strong><\/h2>\n<p>Pour activer les paris automatiques, c&rsquo;est-\u00e0-dire pour effectuer automatiquement la mise pour chaque tour de jeu (Auto Bet), vous devez d\u00e9finir la taille de la mise et basculer le curseur Auto Bet dans le champ correspondant en mode actif, c&rsquo;est-\u00e0-dire le rendre bleu (les boutons actifs sont bleus). La session de paris automatiques d\u00e9marrera automatiquement. Le mode automatique d\u00e9marre avec le d\u00e9but d&rsquo;une nouvelle session et est valide pour chaque session suivante jusqu&rsquo;\u00e0 ce que le mode de paris automatiques (Auto Bet) soit arr\u00eat\u00e9.<\/p>\n<p>Pour chaque secteur et pari correspondant, un tel mode automatique est activ\u00e9 s\u00e9par\u00e9ment.<\/p>\n<p>En basculant le curseur Auto Bet en mode actif, vous lancez le mode de paris automatiques avec les options d\u00e9finies \u00e0 l&rsquo;\u00e9cran, \u00e0 savoir avec la taille de mise indiqu\u00e9e dans le champ correspondant. La taille de la mise ne peut pas \u00eatre modifi\u00e9e pendant le mode de paris automatiques actif.<\/p>\n<p>Pendant le mode de paris automatiques actif (Auto Bet), les paris sont effectu\u00e9s automatiquement imm\u00e9diatement apr\u00e8s la fin du tour de jeu pr\u00e9c\u00e9dent. Le mode de paris automatiques restera actif et durera jusqu&rsquo;\u00e0 ce que vous basculiez le curseur Auto Bet dans le champ correspondant en mode inactif, c&rsquo;est-\u00e0-dire le rendre gris (les boutons inactifs sont gris). Le mode automatique s&rsquo;arr\u00eate lorsque la taille de mise d\u00e9finie par le joueur d\u00e9passe le solde du joueur.<\/p>\n<h2><strong>AUTO TAKE &#8211; R\u00e9clamation automatique<\/strong><\/h2>\n<p>Pour activer la fonction o\u00f9 vos gains sont automatiquement r\u00e9clam\u00e9s lorsque le coefficient multiplicateur que vous avez sp\u00e9cifi\u00e9 appara\u00eet \u00e0 l&rsquo;\u00e9cran &#8211; le mode Auto Take, vous devez d\u00e9finir le coefficient multiplicateur et basculer le curseur Auto Take dans le champ correspondant en mode actif, c&rsquo;est-\u00e0-dire le rendre bleu (les boutons actifs sont bleus). Vous pouvez d\u00e9finir un tel coefficient multiplicateur \u00e0 l&rsquo;aide des boutons \u00ab\u00a0+\u00a0\u00bb et \u00ab\u00a0&#8211;\u00a0\u00bb correspondants.<\/p>\n<p>Pour chaque secteur et pari correspondant, un tel mode automatique est activ\u00e9 s\u00e9par\u00e9ment.<\/p>\n<p>En basculant le curseur Auto Take en mode actif, vous lancez le mode de paris automatiques avec les options d\u00e9finies \u00e0 l&rsquo;\u00e9cran, \u00e0 savoir avec le coefficient multiplicateur indiqu\u00e9 dans le champ correspondant. La taille du coefficient multiplicateur ne peut pas \u00eatre modifi\u00e9e pendant le mode Auto Take actif.<\/p>\n<p>Pendant le mode Auto Take actif, vous pouvez r\u00e9clamer vos gains avant que le coefficient multiplicateur que vous avez sp\u00e9cifi\u00e9 pour Auto Take n&rsquo;apparaisse en appuyant sur le bouton CLAIM correspondant. Appuyer sur le bouton CLAIM ne met pas fin au mode Auto Take. Le mode Auto Take restera actif et durera jusqu&rsquo;\u00e0 ce que vous basculiez le curseur Auto Take dans le champ correspondant en mode inactif, c&rsquo;est-\u00e0-dire le rendre gris (les boutons inactifs sont gris). Le mode automatique s&rsquo;arr\u00eate lorsque la taille de mise d\u00e9finie par le joueur d\u00e9passe le solde du joueur.<\/p>\n<p>Veuillez noter qu&rsquo;en cas de d\u00e9connexion Internet interrompue, les modes automatiques s&rsquo;arr\u00eatent automatiquement.<\/p>\n<p>Veuillez noter que vos gains en mode Auto Take ne peuvent \u00eatre r\u00e9clam\u00e9s (consid\u00e9r\u00e9s comme r\u00e9clam\u00e9s) qu&rsquo;apr\u00e8s que le vol de la balle de cricket \u00e0 travers le portail bonus est termin\u00e9. Par exemple, si votre mise est FUN 1, et que votre coefficient multiplicateur Auto Take est de 7,00, et que le vol de la balle de cricket \u00e0 travers le portail bonus (avec un bonus de 30%) a commenc\u00e9 \u00e0 un coefficient de 6,90 et s&rsquo;est termin\u00e9 \u00e0 un coefficient de 8,97, vos gains &#8211; FUN 7 (mise multipli\u00e9e par votre coefficient Auto Take) seront automatiquement r\u00e9clam\u00e9s apr\u00e8s l&rsquo;ach\u00e8vement r\u00e9ussi du vol de la balle de cricket \u00e0 travers le portail bonus. Et dans le cas o\u00f9 le vol de la balle de cricket \u00e0 travers le portail bonus se termine par un Crash &#8211; le tour de jeu est consid\u00e9r\u00e9 comme termin\u00e9 avec un coefficient de 6,90, et dans ce cas, vous perdez la mise et les gains ne vous seront pas cr\u00e9dit\u00e9s.<\/p>\n","protected":false},"excerpt":{"rendered":"<p>Dans ce jeu, vous pouvez placer des paris pour chaque tour de jeu suivant et \u00e9galement recevoir automatiquement des gains \u00e0 chaque tour de jeu, sans appuyer sur les boutons correspondants, gr\u00e2ce au mode automatique activ\u00e9. AUTO BET &#8211; Mise automatique Pour activer les paris automatiques, c&rsquo;est-\u00e0-dire pour effectuer automatiquement la mise pour chaque tour [&hellip;]<\/p>\n","protected":false},"author":1,"featured_media":0,"parent":0,"menu_order":0,"comment_status":"closed","ping_status":"closed","template":"","meta":{"footnotes":""},"class_list":["post-16","page","type-page","status-publish","hentry"],"yoast_head":"<!-- This site is optimized with the Yoast SEO plugin v27.2 - https:\/\/yoast.com\/product\/yoast-seo-wordpress\/ -->\n<title>\u0410\u0443\u0442\u043e\u043c\u0430\u0442\u0441\u043a\u0438 \u0440\u0435\u0436\u0438\u043c \u0443 Cricket Crash<\/title>\n<meta name=\"description\" content=\"Paris automatiques et r\u00e9clamation automatique des gains dans Cricket Crash\" \/>\n<meta name=\"robots\" content=\"index, follow, max-snippet:-1, max-image-preview:large, max-video-preview:-1\" \/>\n<link rel=\"canonical\" href=\"https:\/\/tipsforcricketbetting.com\/fr\/automatic-mode-autoplay\/\" \/>\n<meta property=\"og:locale\" content=\"fr_FR\" \/>\n<meta property=\"og:locale:alternate\" content=\"ru_RU\" \/>\n<meta property=\"og:locale:alternate\" content=\"en_US\" \/>\n<meta property=\"og:locale:alternate\" content=\"pt_PT\" \/>\n<meta property=\"og:locale:alternate\" content=\"es_ES\" \/>\n<meta property=\"og:locale:alternate\" content=\"ro_RO\" \/>\n<meta property=\"og:locale:alternate\" content=\"sr_RS\" \/>\n<meta property=\"og:locale:alternate\" content=\"bg_BG\" \/>\n<meta property=\"og:locale:alternate\" content=\"pl_PL\" \/>\n<meta property=\"og:locale:alternate\" content=\"it_IT\" \/>\n<meta property=\"og:type\" content=\"article\" \/>\n<meta property=\"og:title\" content=\"\u0410\u0443\u0442\u043e\u043c\u0430\u0442\u0441\u043a\u0438 \u0440\u0435\u0436\u0438\u043c \u0443 Cricket Crash\" \/>\n<meta property=\"og:description\" content=\"\u0410\u0443\u0442\u043e\u043c\u0430\u0442\u0441\u043a\u043e \u043a\u043b\u0430\u0452\u0435\u045a\u0435 \u0438 \u0430\u0443\u0442\u043e\u043c\u0430\u0442\u0441\u043a\u043e \u0437\u0430\u0445\u0442\u0435\u0432\u0430\u045a\u0435 \u0434\u043e\u0431\u0438\u0442\u0430\u043a\u0430 \u0443 Cricket Crash\" \/>\n<meta property=\"og:url\" content=\"https:\/\/tipsforcricketbetting.com\/fr\/automatic-mode-autoplay\/\" \/>\n<meta property=\"og:site_name\" content=\"Cricket\" \/>\n<meta property=\"article:modified_time\" content=\"2024-02-28T15:15:48+00:00\" \/>\n<meta name=\"twitter:card\" content=\"summary_large_image\" \/>\n<meta name=\"twitter:label1\" content=\"Dur\u00e9e de lecture estim\u00e9e\" \/>\n\t<meta name=\"twitter:data1\" content=\"24 minutes\" \/>\n<script type=\"application\/ld+json\" class=\"yoast-schema-graph\">{\"@context\":\"https:\/\/schema.org\",\"@graph\":[{\"@type\":\"WebPage\",\"@id\":\"https:\/\/tipsforcricketbetting.com\/sr\/automatic-mode-autoplay\/\",\"url\":\"https:\/\/tipsforcricketbetting.com\/sr\/automatic-mode-autoplay\/\",\"name\":\"\u0410\u0443\u0442\u043e\u043c\u0430\u0442\u0441\u043a\u0438 \u0440\u0435\u0436\u0438\u043c \u0443 Cricket Crash\",\"isPartOf\":{\"@id\":\"https:\/\/tipsforcricketbetting.com\/#website\"},\"datePublished\":\"2024-02-18T20:56:24+00:00\",\"dateModified\":\"2024-02-28T15:15:48+00:00\",\"description\":\"\u0410\u0443\u0442\u043e\u043c\u0430\u0442\u0441\u043a\u043e \u043a\u043b\u0430\u0452\u0435\u045a\u0435 \u0438 \u0430\u0443\u0442\u043e\u043c\u0430\u0442\u0441\u043a\u043e \u0437\u0430\u0445\u0442\u0435\u0432\u0430\u045a\u0435 \u0434\u043e\u0431\u0438\u0442\u0430\u043a\u0430 \u0443 Cricket Crash\",\"breadcrumb\":{\"@id\":\"https:\/\/tipsforcricketbetting.com\/sr\/automatic-mode-autoplay\/#breadcrumb\"},\"inLanguage\":\"fr-FR\",\"potentialAction\":[{\"@type\":\"ReadAction\",\"target\":[\"https:\/\/tipsforcricketbetting.com\/sr\/automatic-mode-autoplay\/\"]}]},{\"@type\":\"BreadcrumbList\",\"@id\":\"https:\/\/tipsforcricketbetting.com\/sr\/automatic-mode-autoplay\/#breadcrumb\",\"itemListElement\":[{\"@type\":\"ListItem\",\"position\":1,\"name\":\"Home\",\"item\":\"https:\/\/tipsforcricketbetting.com\/\"},{\"@type\":\"ListItem\",\"position\":2,\"name\":\"\u0410\u0432\u0442\u043e\u043c\u0430\u0442\u0438\u0447\u0435\u0441\u043a\u0438\u0438\u0306 \u0440\u0435\u0436\u0438\u043c (\u0430\u0432\u0442\u043e\u043f\u043b\u0435\u0438\u0306)\"}]},{\"@type\":\"WebSite\",\"@id\":\"https:\/\/tipsforcricketbetting.com\/#website\",\"url\":\"https:\/\/tipsforcricketbetting.com\/\",\"name\":\"Cricket\",\"description\":\"Just another WordPress site\",\"potentialAction\":[{\"@type\":\"SearchAction\",\"target\":{\"@type\":\"EntryPoint\",\"urlTemplate\":\"https:\/\/tipsforcricketbetting.com\/?s={search_term_string}\"},\"query-input\":{\"@type\":\"PropertyValueSpecification\",\"valueRequired\":true,\"valueName\":\"search_term_string\"}}],\"inLanguage\":\"fr-FR\"}]}<\/script>\n<!-- \/ Yoast SEO plugin. -->","yoast_head_json":{"title":"\u0410\u0443\u0442\u043e\u043c\u0430\u0442\u0441\u043a\u0438 \u0440\u0435\u0436\u0438\u043c \u0443 Cricket Crash","description":"Paris automatiques et r\u00e9clamation automatique des gains dans Cricket Crash","robots":{"index":"index","follow":"follow","max-snippet":"max-snippet:-1","max-image-preview":"max-image-preview:large","max-video-preview":"max-video-preview:-1"},"canonical":"https:\/\/tipsforcricketbetting.com\/fr\/automatic-mode-autoplay\/","og_locale":"fr_FR","og_type":"article","og_title":"\u0410\u0443\u0442\u043e\u043c\u0430\u0442\u0441\u043a\u0438 \u0440\u0435\u0436\u0438\u043c \u0443 Cricket Crash","og_description":"\u0410\u0443\u0442\u043e\u043c\u0430\u0442\u0441\u043a\u043e \u043a\u043b\u0430\u0452\u0435\u045a\u0435 \u0438 \u0430\u0443\u0442\u043e\u043c\u0430\u0442\u0441\u043a\u043e \u0437\u0430\u0445\u0442\u0435\u0432\u0430\u045a\u0435 \u0434\u043e\u0431\u0438\u0442\u0430\u043a\u0430 \u0443 Cricket Crash","og_url":"https:\/\/tipsforcricketbetting.com\/fr\/automatic-mode-autoplay\/","og_site_name":"Cricket","article_modified_time":"2024-02-28T15:15:48+00:00","twitter_card":"summary_large_image","twitter_misc":{"Dur\u00e9e de lecture estim\u00e9e":"24 minutes"},"schema":{"@context":"https:\/\/schema.org","@graph":[{"@type":"WebPage","@id":"https:\/\/tipsforcricketbetting.com\/sr\/automatic-mode-autoplay\/","url":"https:\/\/tipsforcricketbetting.com\/sr\/automatic-mode-autoplay\/","name":"\u0410\u0443\u0442\u043e\u043c\u0430\u0442\u0441\u043a\u0438 \u0440\u0435\u0436\u0438\u043c \u0443 Cricket Crash","isPartOf":{"@id":"https:\/\/tipsforcricketbetting.com\/#website"},"datePublished":"2024-02-18T20:56:24+00:00","dateModified":"2024-02-28T15:15:48+00:00","description":"\u0410\u0443\u0442\u043e\u043c\u0430\u0442\u0441\u043a\u043e \u043a\u043b\u0430\u0452\u0435\u045a\u0435 \u0438 \u0430\u0443\u0442\u043e\u043c\u0430\u0442\u0441\u043a\u043e \u0437\u0430\u0445\u0442\u0435\u0432\u0430\u045a\u0435 \u0434\u043e\u0431\u0438\u0442\u0430\u043a\u0430 \u0443 Cricket Crash","breadcrumb":{"@id":"https:\/\/tipsforcricketbetting.com\/sr\/automatic-mode-autoplay\/#breadcrumb"},"inLanguage":"fr-FR","potentialAction":[{"@type":"ReadAction","target":["https:\/\/tipsforcricketbetting.com\/sr\/automatic-mode-autoplay\/"]}]},{"@type":"BreadcrumbList","@id":"https:\/\/tipsforcricketbetting.com\/sr\/automatic-mode-autoplay\/#breadcrumb","itemListElement":[{"@type":"ListItem","position":1,"name":"Home","item":"https:\/\/tipsforcricketbetting.com\/"},{"@type":"ListItem","position":2,"name":"\u0410\u0432\u0442\u043e\u043c\u0430\u0442\u0438\u0447\u0435\u0441\u043a\u0438\u0438\u0306 \u0440\u0435\u0436\u0438\u043c (\u0430\u0432\u0442\u043e\u043f\u043b\u0435\u0438\u0306)"}]},{"@type":"WebSite","@id":"https:\/\/tipsforcricketbetting.com\/#website","url":"https:\/\/tipsforcricketbetting.com\/","name":"Cricket","description":"Just another WordPress site","potentialAction":[{"@type":"SearchAction","target":{"@type":"EntryPoint","urlTemplate":"https:\/\/tipsforcricketbetting.com\/?s={search_term_string}"},"query-input":{"@type":"PropertyValueSpecification","valueRequired":true,"valueName":"search_term_string"}}],"inLanguage":"fr-FR"}]}},"_links":{"self":[{"href":"https:\/\/tipsforcricketbetting.com\/fr\/wp-json\/wp\/v2\/pages\/16","targetHints":{"allow":["GET"]}}],"collection":[{"href":"https:\/\/tipsforcricketbetting.com\/fr\/wp-json\/wp\/v2\/pages"}],"about":[{"href":"https:\/\/tipsforcricketbetting.com\/fr\/wp-json\/wp\/v2\/types\/page"}],"author":[{"embeddable":true,"href":"https:\/\/tipsforcricketbetting.com\/fr\/wp-json\/wp\/v2\/users\/1"}],"replies":[{"embeddable":true,"href":"https:\/\/tipsforcricketbetting.com\/fr\/wp-json\/wp\/v2\/comments?post=16"}],"version-history":[{"count":16,"href":"https:\/\/tipsforcricketbetting.com\/fr\/wp-json\/wp\/v2\/pages\/16\/revisions"}],"predecessor-version":[{"id":114,"href":"https:\/\/tipsforcricketbetting.com\/fr\/wp-json\/wp\/v2\/pages\/16\/revisions\/114"}],"wp:attachment":[{"href":"https:\/\/tipsforcricketbetting.com\/fr\/wp-json\/wp\/v2\/media?parent=16"}],"curies":[{"name":"wp","href":"https:\/\/api.w.org\/{rel}","templated":true}]}}