{"id":14,"date":"2024-02-18T20:54:43","date_gmt":"2024-02-18T20:54:43","guid":{"rendered":"https:\/\/tipsforcricketbetting.com\/?page_id=14"},"modified":"2024-02-28T15:16:51","modified_gmt":"2024-02-28T15:16:51","slug":"bonus-in-the-game-cricket-crash","status":"publish","type":"page","link":"https:\/\/tipsforcricketbetting.com\/fr\/bonus-in-the-game-cricket-crash\/","title":{"rendered":"Bonus dans le jeu Cricket Crash"},"content":{"rendered":"<p>Dans Cricket Crash, le vol de la balle de cricket \u00e0 travers le portail bonus augmente le coefficient multiplicateur. Apr\u00e8s que la balle de cricket a r\u00e9ussi \u00e0 passer \u00e0 travers le portail bonus, le coefficient multiplicateur, qui \u00e9tait avant ce vol, augmente du pourcentage attribu\u00e9 \u00e0 ce portail bonus (10 %, 30 % ou 50 %).<\/p>\n<p>Par exemple, si le coefficient multiplicateur \u00e0 l&rsquo;\u00e9cran \u00e9tait de 7,77 avant le vol de la balle de cricket \u00e0 travers le portail bonus, apr\u00e8s que la balle de cricket ait r\u00e9ussi \u00e0 passer \u00e0 travers le portail bonus avec un bonus de 30 %, le coefficient multiplicateur sera de 10,10.<\/p>\n<p>Veuillez noter que le bonus n&rsquo;est cr\u00e9dit\u00e9 qu&rsquo;apr\u00e8s l&rsquo;ach\u00e8vement r\u00e9ussi du vol de la balle de cricket \u00e0 travers le portail bonus, c&rsquo;est-\u00e0-dire lorsque la balle passe sans exploser. Dans le cas o\u00f9 le vol de la balle de cricket \u00e0 travers le portail bonus se termine par un Crash, le bonus ne sera pas cr\u00e9dit\u00e9.<\/p>\n<h2>R\u00e9compense du Maharaja :<\/h2>\n<p>Dans Cricket Crash, la R\u00e9compense du Maharaja est disponible. Cette r\u00e9compense est disponible uniquement dans ce jeu et n&rsquo;est pas li\u00e9e \u00e0 d&rsquo;autres jeux. La taille de la R\u00e9compense du Maharaja est form\u00e9e en contribuant \u00e0 hauteur de 2 % de chaque mise. La taille actuelle de la R\u00e9compense du Maharaja est affich\u00e9e sur l&rsquo;\u00e9cran de jeu. Lorsque la R\u00e9compense du Maharaja est remport\u00e9e, tous les gagnants re\u00e7oivent une notification, et la taille de la R\u00e9compense du Maharaja est r\u00e9initialis\u00e9e \u00e0 sa valeur initiale.<\/p>\n<p>La session de jeu exacte et le moment de remporter la R\u00e9compense du Maharaja sont d\u00e9termin\u00e9s par le g\u00e9n\u00e9rateur de nombres al\u00e9atoires. Cricket Crash est un jeu multijoueur, donc la R\u00e9compense du Maharaja peut \u00eatre remport\u00e9e par tous les joueurs qui, pendant la session de jeu correspondante, ne terminent pas leur tour de jeu, c&rsquo;est-\u00e0-dire ne r\u00e9clament pas les gains jusqu&rsquo;au moment o\u00f9 la R\u00e9compense du Maharaja est remport\u00e9e.<\/p>\n<p>La R\u00e9compense du Maharaja sera distribu\u00e9e et pay\u00e9e selon la formule suivante :<\/p>\n<ul>\n<li>la taille de la R\u00e9compense du Maharaja est divis\u00e9e en parties entre les gagnants en fonction de la part de la mise\/mises de chaque gagnant par rapport \u00e0 la somme des mises de tous les gagnants. Par exemple, si vous avez plac\u00e9 une mise \u00e9gale \u00e0 5 FUN, et que la somme des mises de tous les gagnants (y compris vous) est \u00e9gale \u00e0 100 FUN, vous recevrez 5 % de la R\u00e9compense du Maharaja ;<\/li>\n<li>dans le cas o\u00f9 il n&rsquo;y a qu&rsquo;un seul gagnant, ce dernier remporte toute la R\u00e9compense du Maharaja.<\/li>\n<\/ul>\n<p>La distribution de la R\u00e9compense du Maharaja est faite en fonction de la taille de la R\u00e9compense du Maharaja selon les informations provenant des serveurs. Si la connexion entre la plateforme et les serveurs stockant les informations sur la R\u00e9compense du Maharaja est perdue, le jeu devient indisponible, et la taille de la R\u00e9compense du Maharaja reste inchang\u00e9e jusqu&rsquo;\u00e0 ce que la connexion soit r\u00e9tablie. Avant que la connexion n\u00e9cessaire soit r\u00e9tablie, le tirage de la R\u00e9compense du Maharaja, ainsi que les contributions, ne sont pas effectu\u00e9s. Les gains et la distribution de la R\u00e9compense du Maharaja sont soumis \u00e0 v\u00e9rification par la plateforme et le fournisseur de jeu.<\/p>\n","protected":false},"excerpt":{"rendered":"<p>Dans Cricket Crash, le vol de la balle de cricket \u00e0 travers le portail bonus augmente le coefficient multiplicateur. Apr\u00e8s que la balle de cricket a r\u00e9ussi \u00e0 passer \u00e0 travers le portail bonus, le coefficient multiplicateur, qui \u00e9tait avant ce vol, augmente du pourcentage attribu\u00e9 \u00e0 ce portail bonus (10 %, 30 % ou [&hellip;]<\/p>\n","protected":false},"author":1,"featured_media":0,"parent":0,"menu_order":0,"comment_status":"closed","ping_status":"closed","template":"","meta":{"footnotes":""},"class_list":["post-14","page","type-page","status-publish","hentry"],"yoast_head":"<!-- This site is optimized with the Yoast SEO plugin v27.2 - https:\/\/yoast.com\/product\/yoast-seo-wordpress\/ -->\n<title>\u0411\u043e\u043d\u0443\u0441\u0438 \u0438 \u043d\u0430\u0433\u0440\u0430\u0434\u0430 \u041c\u0430\u0445\u0430\u0440\u0430\u0434\u0436\u0430 \u0443 \u043e\u043d\u043b\u0438\u043d\u0435 \u0438\u0433\u0440\u0438 Cricket Crash<\/title>\n<meta name=\"description\" content=\"Bonus et R\u00e9compense Maharaja dans le jeu de crash Cricket Crash au casino en ligne. Jouez gratuitement au jeu en ligne Cricket Crash.\" \/>\n<meta name=\"robots\" content=\"index, follow, max-snippet:-1, max-image-preview:large, max-video-preview:-1\" \/>\n<link rel=\"canonical\" href=\"https:\/\/tipsforcricketbetting.com\/fr\/bonus-in-the-game-cricket-crash\/\" \/>\n<meta property=\"og:locale\" content=\"fr_FR\" \/>\n<meta property=\"og:locale:alternate\" content=\"ru_RU\" \/>\n<meta property=\"og:locale:alternate\" content=\"en_US\" \/>\n<meta property=\"og:locale:alternate\" content=\"pt_PT\" \/>\n<meta property=\"og:locale:alternate\" content=\"es_ES\" \/>\n<meta property=\"og:locale:alternate\" content=\"ro_RO\" \/>\n<meta property=\"og:locale:alternate\" content=\"sr_RS\" \/>\n<meta property=\"og:locale:alternate\" content=\"bg_BG\" \/>\n<meta property=\"og:locale:alternate\" content=\"pl_PL\" \/>\n<meta property=\"og:locale:alternate\" content=\"it_IT\" \/>\n<meta property=\"og:type\" content=\"article\" \/>\n<meta property=\"og:title\" content=\"\u0411\u043e\u043d\u0443\u0441\u0438 \u0438 \u043d\u0430\u0433\u0440\u0430\u0434\u0430 \u041c\u0430\u0445\u0430\u0440\u0430\u0434\u0436\u0430 \u0443 \u043e\u043d\u043b\u0438\u043d\u0435 \u0438\u0433\u0440\u0438 Cricket Crash\" \/>\n<meta property=\"og:description\" content=\"\u0411\u043e\u043d\u0443\u0441\u0438 \u0438 \u043d\u0430\u0433\u0440\u0430\u0434\u0430 \u041c\u0430\u0445\u0430\u0440\u0430\u0434\u0436\u0430 \u0443 \u0438\u0433\u0440\u0438 Cricket Crash \u0443 \u043e\u043d\u043b\u0430\u0458\u043d \u043a\u0430\u0437\u0438\u043d\u0443. \u0418\u0433\u0440\u0430\u0458\u0442\u0435 \u0431\u0435\u0441\u043f\u043b\u0430\u0442\u043d\u043e \u0443 \u043e\u043d\u043b\u0430\u0458\u043d \u0438\u0433\u0440\u0438 Cricket Crash.\" \/>\n<meta property=\"og:url\" content=\"https:\/\/tipsforcricketbetting.com\/fr\/bonus-in-the-game-cricket-crash\/\" \/>\n<meta property=\"og:site_name\" content=\"Cricket\" \/>\n<meta property=\"article:modified_time\" content=\"2024-02-28T15:16:51+00:00\" \/>\n<meta name=\"twitter:card\" content=\"summary_large_image\" \/>\n<meta name=\"twitter:label1\" content=\"Dur\u00e9e de lecture estim\u00e9e\" \/>\n\t<meta name=\"twitter:data1\" content=\"18 minutes\" \/>\n<script type=\"application\/ld+json\" class=\"yoast-schema-graph\">{\"@context\":\"https:\/\/schema.org\",\"@graph\":[{\"@type\":\"WebPage\",\"@id\":\"https:\/\/tipsforcricketbetting.com\/sr\/bonus-in-the-game-cricket-crash\/\",\"url\":\"https:\/\/tipsforcricketbetting.com\/sr\/bonus-in-the-game-cricket-crash\/\",\"name\":\"\u0411\u043e\u043d\u0443\u0441\u0438 \u0438 \u043d\u0430\u0433\u0440\u0430\u0434\u0430 \u041c\u0430\u0445\u0430\u0440\u0430\u0434\u0436\u0430 \u0443 \u043e\u043d\u043b\u0438\u043d\u0435 \u0438\u0433\u0440\u0438 Cricket Crash\",\"isPartOf\":{\"@id\":\"https:\/\/tipsforcricketbetting.com\/#website\"},\"datePublished\":\"2024-02-18T20:54:43+00:00\",\"dateModified\":\"2024-02-28T15:16:51+00:00\",\"description\":\"\u0411\u043e\u043d\u0443\u0441\u0438 \u0438 \u043d\u0430\u0433\u0440\u0430\u0434\u0430 \u041c\u0430\u0445\u0430\u0440\u0430\u0434\u0436\u0430 \u0443 \u0438\u0433\u0440\u0438 Cricket Crash \u0443 \u043e\u043d\u043b\u0430\u0458\u043d \u043a\u0430\u0437\u0438\u043d\u0443. \u0418\u0433\u0440\u0430\u0458\u0442\u0435 \u0431\u0435\u0441\u043f\u043b\u0430\u0442\u043d\u043e \u0443 \u043e\u043d\u043b\u0430\u0458\u043d \u0438\u0433\u0440\u0438 Cricket Crash.\",\"breadcrumb\":{\"@id\":\"https:\/\/tipsforcricketbetting.com\/sr\/bonus-in-the-game-cricket-crash\/#breadcrumb\"},\"inLanguage\":\"fr-FR\",\"potentialAction\":[{\"@type\":\"ReadAction\",\"target\":[\"https:\/\/tipsforcricketbetting.com\/sr\/bonus-in-the-game-cricket-crash\/\"]}]},{\"@type\":\"BreadcrumbList\",\"@id\":\"https:\/\/tipsforcricketbetting.com\/sr\/bonus-in-the-game-cricket-crash\/#breadcrumb\",\"itemListElement\":[{\"@type\":\"ListItem\",\"position\":1,\"name\":\"Home\",\"item\":\"https:\/\/tipsforcricketbetting.com\/\"},{\"@type\":\"ListItem\",\"position\":2,\"name\":\"\u0411\u043e\u043d\u0443\u0441 \u0432 \u0438\u0433\u0440\u0435 Cricket Crash\"}]},{\"@type\":\"WebSite\",\"@id\":\"https:\/\/tipsforcricketbetting.com\/#website\",\"url\":\"https:\/\/tipsforcricketbetting.com\/\",\"name\":\"Cricket\",\"description\":\"Just another WordPress site\",\"potentialAction\":[{\"@type\":\"SearchAction\",\"target\":{\"@type\":\"EntryPoint\",\"urlTemplate\":\"https:\/\/tipsforcricketbetting.com\/?s={search_term_string}\"},\"query-input\":{\"@type\":\"PropertyValueSpecification\",\"valueRequired\":true,\"valueName\":\"search_term_string\"}}],\"inLanguage\":\"fr-FR\"}]}<\/script>\n<!-- \/ Yoast SEO plugin. -->","yoast_head_json":{"title":"\u0411\u043e\u043d\u0443\u0441\u0438 \u0438 \u043d\u0430\u0433\u0440\u0430\u0434\u0430 \u041c\u0430\u0445\u0430\u0440\u0430\u0434\u0436\u0430 \u0443 \u043e\u043d\u043b\u0438\u043d\u0435 \u0438\u0433\u0440\u0438 Cricket Crash","description":"Bonus et R\u00e9compense Maharaja dans le jeu de crash Cricket Crash au casino en ligne. Jouez gratuitement au jeu en ligne Cricket Crash.","robots":{"index":"index","follow":"follow","max-snippet":"max-snippet:-1","max-image-preview":"max-image-preview:large","max-video-preview":"max-video-preview:-1"},"canonical":"https:\/\/tipsforcricketbetting.com\/fr\/bonus-in-the-game-cricket-crash\/","og_locale":"fr_FR","og_type":"article","og_title":"\u0411\u043e\u043d\u0443\u0441\u0438 \u0438 \u043d\u0430\u0433\u0440\u0430\u0434\u0430 \u041c\u0430\u0445\u0430\u0440\u0430\u0434\u0436\u0430 \u0443 \u043e\u043d\u043b\u0438\u043d\u0435 \u0438\u0433\u0440\u0438 Cricket Crash","og_description":"\u0411\u043e\u043d\u0443\u0441\u0438 \u0438 \u043d\u0430\u0433\u0440\u0430\u0434\u0430 \u041c\u0430\u0445\u0430\u0440\u0430\u0434\u0436\u0430 \u0443 \u0438\u0433\u0440\u0438 Cricket Crash \u0443 \u043e\u043d\u043b\u0430\u0458\u043d \u043a\u0430\u0437\u0438\u043d\u0443. \u0418\u0433\u0440\u0430\u0458\u0442\u0435 \u0431\u0435\u0441\u043f\u043b\u0430\u0442\u043d\u043e \u0443 \u043e\u043d\u043b\u0430\u0458\u043d \u0438\u0433\u0440\u0438 Cricket Crash.","og_url":"https:\/\/tipsforcricketbetting.com\/fr\/bonus-in-the-game-cricket-crash\/","og_site_name":"Cricket","article_modified_time":"2024-02-28T15:16:51+00:00","twitter_card":"summary_large_image","twitter_misc":{"Dur\u00e9e de lecture estim\u00e9e":"18 minutes"},"schema":{"@context":"https:\/\/schema.org","@graph":[{"@type":"WebPage","@id":"https:\/\/tipsforcricketbetting.com\/sr\/bonus-in-the-game-cricket-crash\/","url":"https:\/\/tipsforcricketbetting.com\/sr\/bonus-in-the-game-cricket-crash\/","name":"\u0411\u043e\u043d\u0443\u0441\u0438 \u0438 \u043d\u0430\u0433\u0440\u0430\u0434\u0430 \u041c\u0430\u0445\u0430\u0440\u0430\u0434\u0436\u0430 \u0443 \u043e\u043d\u043b\u0438\u043d\u0435 \u0438\u0433\u0440\u0438 Cricket Crash","isPartOf":{"@id":"https:\/\/tipsforcricketbetting.com\/#website"},"datePublished":"2024-02-18T20:54:43+00:00","dateModified":"2024-02-28T15:16:51+00:00","description":"\u0411\u043e\u043d\u0443\u0441\u0438 \u0438 \u043d\u0430\u0433\u0440\u0430\u0434\u0430 \u041c\u0430\u0445\u0430\u0440\u0430\u0434\u0436\u0430 \u0443 \u0438\u0433\u0440\u0438 Cricket Crash \u0443 \u043e\u043d\u043b\u0430\u0458\u043d \u043a\u0430\u0437\u0438\u043d\u0443. \u0418\u0433\u0440\u0430\u0458\u0442\u0435 \u0431\u0435\u0441\u043f\u043b\u0430\u0442\u043d\u043e \u0443 \u043e\u043d\u043b\u0430\u0458\u043d \u0438\u0433\u0440\u0438 Cricket Crash.","breadcrumb":{"@id":"https:\/\/tipsforcricketbetting.com\/sr\/bonus-in-the-game-cricket-crash\/#breadcrumb"},"inLanguage":"fr-FR","potentialAction":[{"@type":"ReadAction","target":["https:\/\/tipsforcricketbetting.com\/sr\/bonus-in-the-game-cricket-crash\/"]}]},{"@type":"BreadcrumbList","@id":"https:\/\/tipsforcricketbetting.com\/sr\/bonus-in-the-game-cricket-crash\/#breadcrumb","itemListElement":[{"@type":"ListItem","position":1,"name":"Home","item":"https:\/\/tipsforcricketbetting.com\/"},{"@type":"ListItem","position":2,"name":"\u0411\u043e\u043d\u0443\u0441 \u0432 \u0438\u0433\u0440\u0435 Cricket Crash"}]},{"@type":"WebSite","@id":"https:\/\/tipsforcricketbetting.com\/#website","url":"https:\/\/tipsforcricketbetting.com\/","name":"Cricket","description":"Just another WordPress site","potentialAction":[{"@type":"SearchAction","target":{"@type":"EntryPoint","urlTemplate":"https:\/\/tipsforcricketbetting.com\/?s={search_term_string}"},"query-input":{"@type":"PropertyValueSpecification","valueRequired":true,"valueName":"search_term_string"}}],"inLanguage":"fr-FR"}]}},"_links":{"self":[{"href":"https:\/\/tipsforcricketbetting.com\/fr\/wp-json\/wp\/v2\/pages\/14","targetHints":{"allow":["GET"]}}],"collection":[{"href":"https:\/\/tipsforcricketbetting.com\/fr\/wp-json\/wp\/v2\/pages"}],"about":[{"href":"https:\/\/tipsforcricketbetting.com\/fr\/wp-json\/wp\/v2\/types\/page"}],"author":[{"embeddable":true,"href":"https:\/\/tipsforcricketbetting.com\/fr\/wp-json\/wp\/v2\/users\/1"}],"replies":[{"embeddable":true,"href":"https:\/\/tipsforcricketbetting.com\/fr\/wp-json\/wp\/v2\/comments?post=14"}],"version-history":[{"count":18,"href":"https:\/\/tipsforcricketbetting.com\/fr\/wp-json\/wp\/v2\/pages\/14\/revisions"}],"predecessor-version":[{"id":115,"href":"https:\/\/tipsforcricketbetting.com\/fr\/wp-json\/wp\/v2\/pages\/14\/revisions\/115"}],"wp:attachment":[{"href":"https:\/\/tipsforcricketbetting.com\/fr\/wp-json\/wp\/v2\/media?parent=14"}],"curies":[{"name":"wp","href":"https:\/\/api.w.org\/{rel}","templated":true}]}}