{"id":12,"date":"2024-02-18T20:52:50","date_gmt":"2024-02-18T20:52:50","guid":{"rendered":"https:\/\/tipsforcricketbetting.com\/?page_id=12"},"modified":"2024-02-28T15:19:51","modified_gmt":"2024-02-28T15:19:51","slug":"how-to-claim-winnings","status":"publish","type":"page","link":"https:\/\/tipsforcricketbetting.com\/fr\/how-to-claim-winnings\/","title":{"rendered":"Comment r\u00e9clamer les gains ?"},"content":{"rendered":"<p>Les gains sont votre mise multipli\u00e9e par le coefficient multiplicateur au moment o\u00f9 vous appuyez sur le bouton R\u00c9CLAMER (le coefficient multiplicateur est indiqu\u00e9 \u00e0 l&rsquo;\u00e9cran). Les gains sont indiqu\u00e9s sur le bouton R\u00c9CLAMER.<\/p>\n<p>Pour r\u00e9clamer vos gains, vous devez appuyer sur le bouton R\u00c9CLAMER dans le champ correspondant avant le Crash. Si vous avez effectu\u00e9 2 paris pour le tour de jeu, vous avez la possibilit\u00e9 de r\u00e9clamer 2 gains.<\/p>\n<p>Le tour de jeu se termine automatiquement apr\u00e8s avoir appuy\u00e9 sur le bouton R\u00c9CLAMER (le dernier bouton R\u00c9CLAMER actif &#8211; dans le cas o\u00f9 2 paris ont \u00e9t\u00e9 plac\u00e9s) ou suite au Crash, selon ce qui se produit en premier. Cela signifie :<\/p>\n<ul>\n<li>Si vous avez plac\u00e9 un seul pari, le tour de jeu se terminera automatiquement apr\u00e8s avoir appuy\u00e9 sur le bouton R\u00c9CLAMER.<\/li>\n<li>Dans le cas de 2 paris sur le tour de jeu, appuyer sur le bouton R\u00c9CLAMER dans n&rsquo;importe quel champ de pari entra\u00eene le paiement des gains indiqu\u00e9s sur le bouton R\u00c9CLAMER press\u00e9, et vous avez encore la possibilit\u00e9 de r\u00e9clamer les seconds gains avant le Crash en appuyant sur le deuxi\u00e8me bouton R\u00c9CLAMER.<\/li>\n<\/ul>\n<p>Si le Crash se produit avant que vous n&rsquo;appuyiez sur le bouton R\u00c9CLAMER (ou les boutons), vous perdez votre mise (ou vos mises &#8211; dans le cas o\u00f9 il y avait 2 boutons R\u00c9CLAMER actifs au moment du Crash).<\/p>\n<h2><strong>R\u00e8gles de paiement :<\/strong><\/h2>\n<p>Dans ce jeu, il n&rsquo;y a pas de lignes de gain. Le paiement des gains est effectu\u00e9 automatiquement apr\u00e8s avoir appuy\u00e9 sur le bouton R\u00c9CLAMER.<\/p>\n<p>Veuillez noter que le montant des gains obtenus \u00e0 la suite d&rsquo;un seul pari est limit\u00e9 \u00e0 l&rsquo;importo maximum des gains pour un seul pari, le cas \u00e9ch\u00e9ant, \u00e0 des fins de paiement. Le paiement sera limit\u00e9 selon l&rsquo;importo maximum des gains pour un seul pari. L&rsquo;importo maximum des gains pour un seul pari est sp\u00e9cifi\u00e9 dans la section Limites de Jeu.<\/p>\n","protected":false},"excerpt":{"rendered":"<p>Les gains sont votre mise multipli\u00e9e par le coefficient multiplicateur au moment o\u00f9 vous appuyez sur le bouton R\u00c9CLAMER (le coefficient multiplicateur est indiqu\u00e9 \u00e0 l&rsquo;\u00e9cran). Les gains sont indiqu\u00e9s sur le bouton R\u00c9CLAMER. Pour r\u00e9clamer vos gains, vous devez appuyer sur le bouton R\u00c9CLAMER dans le champ correspondant avant le Crash. Si vous avez [&hellip;]<\/p>\n","protected":false},"author":1,"featured_media":0,"parent":0,"menu_order":0,"comment_status":"closed","ping_status":"closed","template":"","meta":{"footnotes":""},"class_list":["post-12","page","type-page","status-publish","hentry"],"yoast_head":"<!-- This site is optimized with the Yoast SEO plugin v27.2 - https:\/\/yoast.com\/product\/yoast-seo-wordpress\/ -->\n<title>\u041a\u0430\u043a \u043f\u043e\u043b\u0443\u0447\u0438\u0442\u044c \u0432\u044b\u0438\u0433\u0440\u044b\u0448 \u0432 \u0438\u0433\u0440\u0435 Cricket Crash<\/title>\n<meta name=\"description\" content=\"Comment r\u00e9clamer les gains et les r\u00e8gles de paiement dans le jeu en ligne Cricket Crash\" \/>\n<meta name=\"robots\" content=\"index, follow, max-snippet:-1, max-image-preview:large, max-video-preview:-1\" \/>\n<link rel=\"canonical\" href=\"https:\/\/tipsforcricketbetting.com\/fr\/how-to-claim-winnings\/\" \/>\n<meta property=\"og:locale\" content=\"fr_FR\" \/>\n<meta property=\"og:locale:alternate\" content=\"ru_RU\" \/>\n<meta property=\"og:locale:alternate\" content=\"en_US\" \/>\n<meta property=\"og:locale:alternate\" content=\"pt_PT\" \/>\n<meta property=\"og:locale:alternate\" content=\"es_ES\" \/>\n<meta property=\"og:locale:alternate\" content=\"ro_RO\" \/>\n<meta property=\"og:locale:alternate\" content=\"sr_RS\" \/>\n<meta property=\"og:locale:alternate\" content=\"bg_BG\" \/>\n<meta property=\"og:locale:alternate\" content=\"pl_PL\" \/>\n<meta property=\"og:locale:alternate\" content=\"it_IT\" \/>\n<meta property=\"og:type\" content=\"article\" \/>\n<meta property=\"og:title\" content=\"\u041a\u0430\u043a \u043f\u043e\u043b\u0443\u0447\u0438\u0442\u044c \u0432\u044b\u0438\u0433\u0440\u044b\u0448 \u0432 \u0438\u0433\u0440\u0435 Cricket Crash\" \/>\n<meta property=\"og:description\" content=\"\u041a\u0430\u043a \u043f\u043e\u043b\u0443\u0447\u0438\u0442\u044c \u0432\u044b\u0438\u0433\u0440\u044b\u0448 \u0438 \u043f\u0440\u0430\u0432\u0438\u043b\u0430 \u0432\u044b\u043f\u043b\u0430\u0442 \u0432 \u043e\u043d\u043b\u0430\u0439\u043d \u0438\u0433\u0440\u0435 Cricket Crash\" \/>\n<meta property=\"og:url\" content=\"https:\/\/tipsforcricketbetting.com\/fr\/how-to-claim-winnings\/\" \/>\n<meta property=\"og:site_name\" content=\"Cricket\" \/>\n<meta property=\"article:modified_time\" content=\"2024-02-28T15:19:51+00:00\" \/>\n<meta name=\"twitter:card\" content=\"summary_large_image\" \/>\n<meta name=\"twitter:label1\" content=\"Dur\u00e9e de lecture estim\u00e9e\" \/>\n\t<meta name=\"twitter:data1\" content=\"11 minutes\" \/>\n<script type=\"application\/ld+json\" class=\"yoast-schema-graph\">{\"@context\":\"https:\/\/schema.org\",\"@graph\":[{\"@type\":\"WebPage\",\"@id\":\"https:\/\/tipsforcricketbetting.com\/how-to-claim-winnings\/\",\"url\":\"https:\/\/tipsforcricketbetting.com\/how-to-claim-winnings\/\",\"name\":\"\u041a\u0430\u043a \u043f\u043e\u043b\u0443\u0447\u0438\u0442\u044c \u0432\u044b\u0438\u0433\u0440\u044b\u0448 \u0432 \u0438\u0433\u0440\u0435 Cricket Crash\",\"isPartOf\":{\"@id\":\"https:\/\/tipsforcricketbetting.com\/#website\"},\"datePublished\":\"2024-02-18T20:52:50+00:00\",\"dateModified\":\"2024-02-28T15:19:51+00:00\",\"description\":\"\u041a\u0430\u043a \u043f\u043e\u043b\u0443\u0447\u0438\u0442\u044c \u0432\u044b\u0438\u0433\u0440\u044b\u0448 \u0438 \u043f\u0440\u0430\u0432\u0438\u043b\u0430 \u0432\u044b\u043f\u043b\u0430\u0442 \u0432 \u043e\u043d\u043b\u0430\u0439\u043d \u0438\u0433\u0440\u0435 Cricket Crash\",\"breadcrumb\":{\"@id\":\"https:\/\/tipsforcricketbetting.com\/how-to-claim-winnings\/#breadcrumb\"},\"inLanguage\":\"fr-FR\",\"potentialAction\":[{\"@type\":\"ReadAction\",\"target\":[\"https:\/\/tipsforcricketbetting.com\/how-to-claim-winnings\/\"]}]},{\"@type\":\"BreadcrumbList\",\"@id\":\"https:\/\/tipsforcricketbetting.com\/how-to-claim-winnings\/#breadcrumb\",\"itemListElement\":[{\"@type\":\"ListItem\",\"position\":1,\"name\":\"Home\",\"item\":\"https:\/\/tipsforcricketbetting.com\/\"},{\"@type\":\"ListItem\",\"position\":2,\"name\":\"\u041a\u0430\u043a \u043f\u043e\u043b\u0443\u0447\u0438\u0442\u044c \u0432\u044b\u0438\u0433\u0440\u044b\u0448?\"}]},{\"@type\":\"WebSite\",\"@id\":\"https:\/\/tipsforcricketbetting.com\/#website\",\"url\":\"https:\/\/tipsforcricketbetting.com\/\",\"name\":\"Cricket\",\"description\":\"Just another WordPress site\",\"potentialAction\":[{\"@type\":\"SearchAction\",\"target\":{\"@type\":\"EntryPoint\",\"urlTemplate\":\"https:\/\/tipsforcricketbetting.com\/?s={search_term_string}\"},\"query-input\":{\"@type\":\"PropertyValueSpecification\",\"valueRequired\":true,\"valueName\":\"search_term_string\"}}],\"inLanguage\":\"fr-FR\"}]}<\/script>\n<!-- \/ Yoast SEO plugin. -->","yoast_head_json":{"title":"\u041a\u0430\u043a \u043f\u043e\u043b\u0443\u0447\u0438\u0442\u044c \u0432\u044b\u0438\u0433\u0440\u044b\u0448 \u0432 \u0438\u0433\u0440\u0435 Cricket Crash","description":"Comment r\u00e9clamer les gains et les r\u00e8gles de paiement dans le jeu en ligne Cricket Crash","robots":{"index":"index","follow":"follow","max-snippet":"max-snippet:-1","max-image-preview":"max-image-preview:large","max-video-preview":"max-video-preview:-1"},"canonical":"https:\/\/tipsforcricketbetting.com\/fr\/how-to-claim-winnings\/","og_locale":"fr_FR","og_type":"article","og_title":"\u041a\u0430\u043a \u043f\u043e\u043b\u0443\u0447\u0438\u0442\u044c \u0432\u044b\u0438\u0433\u0440\u044b\u0448 \u0432 \u0438\u0433\u0440\u0435 Cricket Crash","og_description":"\u041a\u0430\u043a \u043f\u043e\u043b\u0443\u0447\u0438\u0442\u044c \u0432\u044b\u0438\u0433\u0440\u044b\u0448 \u0438 \u043f\u0440\u0430\u0432\u0438\u043b\u0430 \u0432\u044b\u043f\u043b\u0430\u0442 \u0432 \u043e\u043d\u043b\u0430\u0439\u043d \u0438\u0433\u0440\u0435 Cricket Crash","og_url":"https:\/\/tipsforcricketbetting.com\/fr\/how-to-claim-winnings\/","og_site_name":"Cricket","article_modified_time":"2024-02-28T15:19:51+00:00","twitter_card":"summary_large_image","twitter_misc":{"Dur\u00e9e de lecture estim\u00e9e":"11 minutes"},"schema":{"@context":"https:\/\/schema.org","@graph":[{"@type":"WebPage","@id":"https:\/\/tipsforcricketbetting.com\/how-to-claim-winnings\/","url":"https:\/\/tipsforcricketbetting.com\/how-to-claim-winnings\/","name":"\u041a\u0430\u043a \u043f\u043e\u043b\u0443\u0447\u0438\u0442\u044c \u0432\u044b\u0438\u0433\u0440\u044b\u0448 \u0432 \u0438\u0433\u0440\u0435 Cricket Crash","isPartOf":{"@id":"https:\/\/tipsforcricketbetting.com\/#website"},"datePublished":"2024-02-18T20:52:50+00:00","dateModified":"2024-02-28T15:19:51+00:00","description":"\u041a\u0430\u043a \u043f\u043e\u043b\u0443\u0447\u0438\u0442\u044c \u0432\u044b\u0438\u0433\u0440\u044b\u0448 \u0438 \u043f\u0440\u0430\u0432\u0438\u043b\u0430 \u0432\u044b\u043f\u043b\u0430\u0442 \u0432 \u043e\u043d\u043b\u0430\u0439\u043d \u0438\u0433\u0440\u0435 Cricket Crash","breadcrumb":{"@id":"https:\/\/tipsforcricketbetting.com\/how-to-claim-winnings\/#breadcrumb"},"inLanguage":"fr-FR","potentialAction":[{"@type":"ReadAction","target":["https:\/\/tipsforcricketbetting.com\/how-to-claim-winnings\/"]}]},{"@type":"BreadcrumbList","@id":"https:\/\/tipsforcricketbetting.com\/how-to-claim-winnings\/#breadcrumb","itemListElement":[{"@type":"ListItem","position":1,"name":"Home","item":"https:\/\/tipsforcricketbetting.com\/"},{"@type":"ListItem","position":2,"name":"\u041a\u0430\u043a \u043f\u043e\u043b\u0443\u0447\u0438\u0442\u044c \u0432\u044b\u0438\u0433\u0440\u044b\u0448?"}]},{"@type":"WebSite","@id":"https:\/\/tipsforcricketbetting.com\/#website","url":"https:\/\/tipsforcricketbetting.com\/","name":"Cricket","description":"Just another WordPress site","potentialAction":[{"@type":"SearchAction","target":{"@type":"EntryPoint","urlTemplate":"https:\/\/tipsforcricketbetting.com\/?s={search_term_string}"},"query-input":{"@type":"PropertyValueSpecification","valueRequired":true,"valueName":"search_term_string"}}],"inLanguage":"fr-FR"}]}},"_links":{"self":[{"href":"https:\/\/tipsforcricketbetting.com\/fr\/wp-json\/wp\/v2\/pages\/12","targetHints":{"allow":["GET"]}}],"collection":[{"href":"https:\/\/tipsforcricketbetting.com\/fr\/wp-json\/wp\/v2\/pages"}],"about":[{"href":"https:\/\/tipsforcricketbetting.com\/fr\/wp-json\/wp\/v2\/types\/page"}],"author":[{"embeddable":true,"href":"https:\/\/tipsforcricketbetting.com\/fr\/wp-json\/wp\/v2\/users\/1"}],"replies":[{"embeddable":true,"href":"https:\/\/tipsforcricketbetting.com\/fr\/wp-json\/wp\/v2\/comments?post=12"}],"version-history":[{"count":17,"href":"https:\/\/tipsforcricketbetting.com\/fr\/wp-json\/wp\/v2\/pages\/12\/revisions"}],"predecessor-version":[{"id":117,"href":"https:\/\/tipsforcricketbetting.com\/fr\/wp-json\/wp\/v2\/pages\/12\/revisions\/117"}],"wp:attachment":[{"href":"https:\/\/tipsforcricketbetting.com\/fr\/wp-json\/wp\/v2\/media?parent=12"}],"curies":[{"name":"wp","href":"https:\/\/api.w.org\/{rel}","templated":true}]}}