{"id":10,"date":"2024-02-18T20:51:21","date_gmt":"2024-02-18T20:51:21","guid":{"rendered":"https:\/\/tipsforcricketbetting.com\/?page_id=10"},"modified":"2024-02-28T15:18:10","modified_gmt":"2024-02-28T15:18:10","slug":"additional-features","status":"publish","type":"page","link":"https:\/\/tipsforcricketbetting.com\/fr\/additional-features\/","title":{"rendered":"Fonctionnalit\u00e9s suppl\u00e9mentaires"},"content":{"rendered":"<p>Dans ce jeu, vous pouvez consulter vos r\u00e9sultats pour les derni\u00e8res manches en cliquant sur le bouton MES PARIS, ainsi que les r\u00e9sultats des autres joueurs en cliquant sur le bouton JOUEURS. Veuillez noter qu&rsquo;en jouant \u00e0 ce jeu, vous acceptez et donnez votre consentement direct et clair pour afficher votre pseudonyme, vos gains, ainsi que la taille de votre mise et le multiplicateur auquel vous avez r\u00e9clam\u00e9 vos gains.<\/p>\n<p>Vous pouvez \u00e9galement exprimer vos sentiments et \u00e9motions concernant la session de jeu en cliquant sur l&rsquo;un des emojis. Les emojis s\u00e9lectionn\u00e9s sont visibles par tous les joueurs, alors veuillez \u00eatre poli et courtois.<\/p>\n<h2><strong>Informations suppl\u00e9mentaires :<\/strong><\/h2>\n<p>Les aspects et param\u00e8tres suivants peuvent \u00eatre r\u00e9glement\u00e9s par les conditions de la plateforme sur laquelle vous jouez :<\/p>\n<ul>\n<li>Proc\u00e9dures utilis\u00e9es pour g\u00e9rer les jeux inachev\u00e9s ;<\/li>\n<li>D\u00e9lai apr\u00e8s lequel les sessions de jeu inactives sont automatiquement r\u00e9sili\u00e9es.<\/li>\n<\/ul>\n<p>Pour des informations suppl\u00e9mentaires, visitez le site Web de la plateforme sur laquelle vous jouez.<\/p>\n<p>Veuillez noter que sur certains appareils, cliquer pr\u00e8s de tout symbole, \u00e9l\u00e9ment ou bouton est \u00e9quivalent \u00e0 cliquer sur le bouton correspondant.<\/p>\n<p>En cas de dysfonctionnement du logiciel de jeu, tous les paris de jeu affect\u00e9s sont annul\u00e9s et rembours\u00e9s. L&rsquo;annulation des paris signifie que tous les gains, y compris les distributions de jackpot, ainsi que tous les autres bonus form\u00e9s ou cr\u00e9dit\u00e9s \u00e0 partir, vers ou sur le pari annul\u00e9, deviennent invalides et doivent \u00eatre annul\u00e9s.<\/p>\n<p>Veuillez noter que la vitesse de la connexion Internet peut affecter le processus de jeu.<\/p>\n<h2><strong>Taux de retour au joueur (TRJ) :<\/strong><\/h2>\n<p>Le TRJ est de 95 %.<\/p>\n<p>Le TRJ repr\u00e9sente le pourcentage statistique th\u00e9orique du montant total des paris dans le jeu qui est pay\u00e9 en gains sur une certaine p\u00e9riode.<\/p>\n","protected":false},"excerpt":{"rendered":"<p>Dans ce jeu, vous pouvez consulter vos r\u00e9sultats pour les derni\u00e8res manches en cliquant sur le bouton MES PARIS, ainsi que les r\u00e9sultats des autres joueurs en cliquant sur le bouton JOUEURS. Veuillez noter qu&rsquo;en jouant \u00e0 ce jeu, vous acceptez et donnez votre consentement direct et clair pour afficher votre pseudonyme, vos gains, ainsi [&hellip;]<\/p>\n","protected":false},"author":1,"featured_media":0,"parent":0,"menu_order":0,"comment_status":"closed","ping_status":"closed","template":"","meta":{"footnotes":""},"class_list":["post-10","page","type-page","status-publish","hentry"],"yoast_head":"<!-- This site is optimized with the Yoast SEO plugin v27.2 - https:\/\/yoast.com\/product\/yoast-seo-wordpress\/ -->\n<title>\u0414\u043e\u0434\u0430\u0442\u043d\u0435 \u0438\u043d\u0444\u043e\u0440\u043c\u0430\u0446\u0438\u0458\u0435 \u043e \u0438\u0433\u0440\u0438 Cricket Crash<\/title>\n<meta name=\"description\" content=\"Fonctionnalit\u00e9s suppl\u00e9mentaires du jeu Cricket Crash dans le casino en ligne\" \/>\n<meta name=\"robots\" content=\"index, follow, max-snippet:-1, max-image-preview:large, max-video-preview:-1\" \/>\n<link rel=\"canonical\" href=\"https:\/\/tipsforcricketbetting.com\/fr\/additional-features\/\" \/>\n<meta property=\"og:locale\" content=\"fr_FR\" \/>\n<meta property=\"og:locale:alternate\" content=\"ru_RU\" \/>\n<meta property=\"og:locale:alternate\" content=\"en_US\" \/>\n<meta property=\"og:locale:alternate\" content=\"pt_PT\" \/>\n<meta property=\"og:locale:alternate\" content=\"es_ES\" \/>\n<meta property=\"og:locale:alternate\" content=\"ro_RO\" \/>\n<meta property=\"og:locale:alternate\" content=\"sr_RS\" \/>\n<meta property=\"og:locale:alternate\" content=\"bg_BG\" \/>\n<meta property=\"og:locale:alternate\" content=\"pl_PL\" \/>\n<meta property=\"og:locale:alternate\" content=\"it_IT\" \/>\n<meta property=\"og:type\" content=\"article\" \/>\n<meta property=\"og:title\" content=\"\u0414\u043e\u0434\u0430\u0442\u043d\u0435 \u0438\u043d\u0444\u043e\u0440\u043c\u0430\u0446\u0438\u0458\u0435 \u043e \u0438\u0433\u0440\u0438 Cricket Crash\" \/>\n<meta property=\"og:description\" content=\"\u0414\u043e\u0434\u0430\u0442\u043d\u0435 \u0444\u0443\u043d\u043a\u0446\u0438\u0458\u0435 \u043e \u0438\u0433\u0440\u0438 Cricket Crash \u0443 \u043e\u043d\u043b\u0430\u0458\u043d \u043a\u0430\u0437\u0438\u043d\u0443.\" \/>\n<meta property=\"og:url\" content=\"https:\/\/tipsforcricketbetting.com\/fr\/additional-features\/\" \/>\n<meta property=\"og:site_name\" content=\"Cricket\" \/>\n<meta property=\"article:modified_time\" content=\"2024-02-28T15:18:10+00:00\" \/>\n<meta name=\"twitter:card\" content=\"summary_large_image\" \/>\n<meta name=\"twitter:label1\" content=\"Dur\u00e9e de lecture estim\u00e9e\" \/>\n\t<meta name=\"twitter:data1\" content=\"10 minutes\" \/>\n<script type=\"application\/ld+json\" class=\"yoast-schema-graph\">{\"@context\":\"https:\/\/schema.org\",\"@graph\":[{\"@type\":\"WebPage\",\"@id\":\"https:\/\/tipsforcricketbetting.com\/sr\/additional-features\/\",\"url\":\"https:\/\/tipsforcricketbetting.com\/sr\/additional-features\/\",\"name\":\"\u0414\u043e\u0434\u0430\u0442\u043d\u0435 \u0438\u043d\u0444\u043e\u0440\u043c\u0430\u0446\u0438\u0458\u0435 \u043e \u0438\u0433\u0440\u0438 Cricket Crash\",\"isPartOf\":{\"@id\":\"https:\/\/tipsforcricketbetting.com\/#website\"},\"datePublished\":\"2024-02-18T20:51:21+00:00\",\"dateModified\":\"2024-02-28T15:18:10+00:00\",\"description\":\"\u0414\u043e\u0434\u0430\u0442\u043d\u0435 \u0444\u0443\u043d\u043a\u0446\u0438\u0458\u0435 \u043e \u0438\u0433\u0440\u0438 Cricket Crash \u0443 \u043e\u043d\u043b\u0430\u0458\u043d \u043a\u0430\u0437\u0438\u043d\u0443.\",\"breadcrumb\":{\"@id\":\"https:\/\/tipsforcricketbetting.com\/sr\/additional-features\/#breadcrumb\"},\"inLanguage\":\"fr-FR\",\"potentialAction\":[{\"@type\":\"ReadAction\",\"target\":[\"https:\/\/tipsforcricketbetting.com\/sr\/additional-features\/\"]}]},{\"@type\":\"BreadcrumbList\",\"@id\":\"https:\/\/tipsforcricketbetting.com\/sr\/additional-features\/#breadcrumb\",\"itemListElement\":[{\"@type\":\"ListItem\",\"position\":1,\"name\":\"Home\",\"item\":\"https:\/\/tipsforcricketbetting.com\/\"},{\"@type\":\"ListItem\",\"position\":2,\"name\":\"\u0414\u043e\u043f\u043e\u043b\u043d\u0438\u0442\u0435\u043b\u044c\u043d\u044b\u0435 \u0432\u043e\u0437\u043c\u043e\u0436\u043d\u043e\u0441\u0442\u0438\"}]},{\"@type\":\"WebSite\",\"@id\":\"https:\/\/tipsforcricketbetting.com\/#website\",\"url\":\"https:\/\/tipsforcricketbetting.com\/\",\"name\":\"Cricket\",\"description\":\"Just another WordPress site\",\"potentialAction\":[{\"@type\":\"SearchAction\",\"target\":{\"@type\":\"EntryPoint\",\"urlTemplate\":\"https:\/\/tipsforcricketbetting.com\/?s={search_term_string}\"},\"query-input\":{\"@type\":\"PropertyValueSpecification\",\"valueRequired\":true,\"valueName\":\"search_term_string\"}}],\"inLanguage\":\"fr-FR\"}]}<\/script>\n<!-- \/ Yoast SEO plugin. -->","yoast_head_json":{"title":"\u0414\u043e\u0434\u0430\u0442\u043d\u0435 \u0438\u043d\u0444\u043e\u0440\u043c\u0430\u0446\u0438\u0458\u0435 \u043e \u0438\u0433\u0440\u0438 Cricket Crash","description":"Fonctionnalit\u00e9s suppl\u00e9mentaires du jeu Cricket Crash dans le casino en ligne","robots":{"index":"index","follow":"follow","max-snippet":"max-snippet:-1","max-image-preview":"max-image-preview:large","max-video-preview":"max-video-preview:-1"},"canonical":"https:\/\/tipsforcricketbetting.com\/fr\/additional-features\/","og_locale":"fr_FR","og_type":"article","og_title":"\u0414\u043e\u0434\u0430\u0442\u043d\u0435 \u0438\u043d\u0444\u043e\u0440\u043c\u0430\u0446\u0438\u0458\u0435 \u043e \u0438\u0433\u0440\u0438 Cricket Crash","og_description":"\u0414\u043e\u0434\u0430\u0442\u043d\u0435 \u0444\u0443\u043d\u043a\u0446\u0438\u0458\u0435 \u043e \u0438\u0433\u0440\u0438 Cricket Crash \u0443 \u043e\u043d\u043b\u0430\u0458\u043d \u043a\u0430\u0437\u0438\u043d\u0443.","og_url":"https:\/\/tipsforcricketbetting.com\/fr\/additional-features\/","og_site_name":"Cricket","article_modified_time":"2024-02-28T15:18:10+00:00","twitter_card":"summary_large_image","twitter_misc":{"Dur\u00e9e de lecture estim\u00e9e":"10 minutes"},"schema":{"@context":"https:\/\/schema.org","@graph":[{"@type":"WebPage","@id":"https:\/\/tipsforcricketbetting.com\/sr\/additional-features\/","url":"https:\/\/tipsforcricketbetting.com\/sr\/additional-features\/","name":"\u0414\u043e\u0434\u0430\u0442\u043d\u0435 \u0438\u043d\u0444\u043e\u0440\u043c\u0430\u0446\u0438\u0458\u0435 \u043e \u0438\u0433\u0440\u0438 Cricket Crash","isPartOf":{"@id":"https:\/\/tipsforcricketbetting.com\/#website"},"datePublished":"2024-02-18T20:51:21+00:00","dateModified":"2024-02-28T15:18:10+00:00","description":"\u0414\u043e\u0434\u0430\u0442\u043d\u0435 \u0444\u0443\u043d\u043a\u0446\u0438\u0458\u0435 \u043e \u0438\u0433\u0440\u0438 Cricket Crash \u0443 \u043e\u043d\u043b\u0430\u0458\u043d \u043a\u0430\u0437\u0438\u043d\u0443.","breadcrumb":{"@id":"https:\/\/tipsforcricketbetting.com\/sr\/additional-features\/#breadcrumb"},"inLanguage":"fr-FR","potentialAction":[{"@type":"ReadAction","target":["https:\/\/tipsforcricketbetting.com\/sr\/additional-features\/"]}]},{"@type":"BreadcrumbList","@id":"https:\/\/tipsforcricketbetting.com\/sr\/additional-features\/#breadcrumb","itemListElement":[{"@type":"ListItem","position":1,"name":"Home","item":"https:\/\/tipsforcricketbetting.com\/"},{"@type":"ListItem","position":2,"name":"\u0414\u043e\u043f\u043e\u043b\u043d\u0438\u0442\u0435\u043b\u044c\u043d\u044b\u0435 \u0432\u043e\u0437\u043c\u043e\u0436\u043d\u043e\u0441\u0442\u0438"}]},{"@type":"WebSite","@id":"https:\/\/tipsforcricketbetting.com\/#website","url":"https:\/\/tipsforcricketbetting.com\/","name":"Cricket","description":"Just another WordPress site","potentialAction":[{"@type":"SearchAction","target":{"@type":"EntryPoint","urlTemplate":"https:\/\/tipsforcricketbetting.com\/?s={search_term_string}"},"query-input":{"@type":"PropertyValueSpecification","valueRequired":true,"valueName":"search_term_string"}}],"inLanguage":"fr-FR"}]}},"_links":{"self":[{"href":"https:\/\/tipsforcricketbetting.com\/fr\/wp-json\/wp\/v2\/pages\/10","targetHints":{"allow":["GET"]}}],"collection":[{"href":"https:\/\/tipsforcricketbetting.com\/fr\/wp-json\/wp\/v2\/pages"}],"about":[{"href":"https:\/\/tipsforcricketbetting.com\/fr\/wp-json\/wp\/v2\/types\/page"}],"author":[{"embeddable":true,"href":"https:\/\/tipsforcricketbetting.com\/fr\/wp-json\/wp\/v2\/users\/1"}],"replies":[{"embeddable":true,"href":"https:\/\/tipsforcricketbetting.com\/fr\/wp-json\/wp\/v2\/comments?post=10"}],"version-history":[{"count":20,"href":"https:\/\/tipsforcricketbetting.com\/fr\/wp-json\/wp\/v2\/pages\/10\/revisions"}],"predecessor-version":[{"id":116,"href":"https:\/\/tipsforcricketbetting.com\/fr\/wp-json\/wp\/v2\/pages\/10\/revisions\/116"}],"wp:attachment":[{"href":"https:\/\/tipsforcricketbetting.com\/fr\/wp-json\/wp\/v2\/media?parent=10"}],"curies":[{"name":"wp","href":"https:\/\/api.w.org\/{rel}","templated":true}]}}