{"id":6,"date":"2024-02-18T20:48:45","date_gmt":"2024-02-18T20:48:45","guid":{"rendered":"https:\/\/tipsforcricketbetting.com\/?page_id=6"},"modified":"2024-02-28T15:20:54","modified_gmt":"2024-02-28T15:20:54","slug":"what-is-cricket-crash","status":"publish","type":"page","link":"https:\/\/tipsforcricketbetting.com\/es\/","title":{"rendered":"\u00bfQu\u00e9 es Cricket Crash?"},"content":{"rendered":"<p>Cricket Crash es un juego de colisi\u00f3n de estilo de torneo de cricket. Es un juego multijugador. En este juego, el coeficiente multiplicador aumenta constantemente desde el comienzo de la sesi\u00f3n de juego hasta que la pelota de cricket explota (Crash).<\/p>\n<p>El objetivo de Cricket Crash es reclamar ganancias con el coeficiente multiplicador m\u00e1s alto posible antes del Crash. Las ganancias son la apuesta del jugador multiplicada por el coeficiente multiplicador en el momento en que el jugador presiona el bot\u00f3n RECLAMAR (el coeficiente multiplicador se indica en la pantalla).<\/p>\n<h2><strong>\u00bfC\u00f3mo empezar una ronda de juego?<\/strong><\/h2>\n<p>Cricket Crash es un juego multijugador en el que varios jugadores juegan simult\u00e1neamente.<\/p>\n<p>La sesi\u00f3n de juego comienza independientemente de si has empezado una ronda de juego. La sesi\u00f3n de juego contin\u00faa independientemente de tus acciones (comenzar y terminar una ronda de juego). Esto significa que puedes ver la pelota de cricket volando, as\u00ed como otras animaciones del juego y los resultados de otros jugadores, sin comenzar una ronda de juego o ya habi\u00e9ndola completado.<\/p>\n<p>La sesi\u00f3n de juego comienza desde el momento en que aparece el primer coeficiente multiplicador en la pantalla y dura hasta el Crash. Una ronda de juego es una sesi\u00f3n de juego en relaci\u00f3n con la cual hiciste una apuesta (se realizaron una o m\u00e1s apuestas en esta ronda de juego antes de que comenzara).<\/p>\n<p>Comienzas una ronda de juego solo despu\u00e9s de realizar una apuesta antes de que comience, es decir, antes del inicio de una nueva sesi\u00f3n de juego. La ronda de juego comienza con el comienzo de la sesi\u00f3n de juego. La ronda de juego dura desde el momento en que aparece el primer coeficiente multiplicador en la pantalla hasta el momento del Crash o hasta que presionas el bot\u00f3n RECLAMAR (tu \u00faltima presi\u00f3n del bot\u00f3n RECLAMAR &#8211; en caso de que se hicieran 2 apuestas en la ronda de juego), dependiendo de lo que suceda primero.<\/p>\n<p>Para empezar una ronda de juego (en modo de juego est\u00e1ndar), debes presionar el bot\u00f3n REALIZAR APUESTA.<\/p>\n<h2><strong>\u00bfC\u00f3mo realizar una apuesta?<\/strong><\/h2>\n<p>Una apuesta solo se puede realizar antes del inicio de una ronda de juego, es decir, durante el tiempo establecido para realizar apuestas o despu\u00e9s del final de una ronda de juego, solo para la pr\u00f3xima ronda de juego.<\/p>\n<h2><strong>Tiempo establecido para realizar apuestas<\/strong><\/h2>\n<p>Cada ronda de juego est\u00e1 sujeta a una apuesta. El tama\u00f1o de tu apuesta se indica en el campo \u00abAPUESTA\u00bb. El tama\u00f1o de la apuesta se puede establecer con los botones correspondientes \u00ab+\u00bb y \u00ab-\u00bb o seleccionando un bot\u00f3n con un tama\u00f1o de apuesta predeterminado. El tama\u00f1o de la apuesta se especifica en la moneda en la que juegas en la plataforma. Cada ronda de juego cuesta la apuesta especificada en el campo \u00abAPUESTA\u00bb.<\/p>\n<p>En el modo de juego est\u00e1ndar, realizas una apuesta presionando el bot\u00f3n REALIZAR APUESTA, y el monto de la apuesta se descuenta de tu saldo simult\u00e1neamente con el inicio de la ronda de juego. En algunos dispositivos, presionar la barra espaciadora en el teclado es equivalente a presionar el bot\u00f3n REALIZAR APUESTA y comienza la ronda de juego, lo que implica realizar una apuesta especificada en el campo \u00abAPUESTA\u00bb.<\/p>\n<p>En el modo de juego autom\u00e1tico, la ronda de juego comienza autom\u00e1ticamente sin presionar el bot\u00f3n REALIZAR APUESTA, y el monto de la apuesta se descuenta de tu saldo simult\u00e1neamente con el inicio de la ronda de juego.<\/p>\n<h2><strong>M\u00e1s de una apuesta<\/strong><\/h2>\n<p>En Cricket Crash, hay una funci\u00f3n que te permite realizar 2 apuestas simult\u00e1neas en una sola ronda de juego. Para habilitar esta funci\u00f3n, debes presionar el bot\u00f3n REALIZAR APUESTA en otro campo \u00abAPUESTA\u00bb.<\/p>\n<p>Para realizar una segunda apuesta, debes realizar todas las acciones, como para la primera apuesta en el campo de la segunda apuesta, es decir, establecer el tama\u00f1o de la apuesta y presionar el bot\u00f3n REALIZAR APUESTA correspondiente a la segunda apuesta.<\/p>\n<p>Los campos de apuestas no est\u00e1n vinculados, puedes establecer apuestas diferentes y tambi\u00e9n realizar solo una apuesta.<\/p>\n","protected":false},"excerpt":{"rendered":"<p>Cricket Crash es un juego de colisi\u00f3n de estilo de torneo de cricket. Es un juego multijugador. En este juego, el coeficiente multiplicador aumenta constantemente desde el comienzo de la sesi\u00f3n de juego hasta que la pelota de cricket explota (Crash). El objetivo de Cricket Crash es reclamar ganancias con el coeficiente multiplicador m\u00e1s alto [&hellip;]<\/p>\n","protected":false},"author":1,"featured_media":0,"parent":0,"menu_order":0,"comment_status":"closed","ping_status":"closed","template":"","meta":{"footnotes":""},"class_list":["post-6","page","type-page","status-publish","hentry"],"yoast_head":"<!-- This site is optimized with the Yoast SEO plugin v27.2 - https:\/\/yoast.com\/product\/yoast-seo-wordpress\/ -->\n<title>\u0418\u0433\u0440\u0430\u0442\u044c \u0432 \u043e\u043d\u043b\u0430\u0439\u043d \u0438\u0433\u0440\u0443 Cricket Crash<\/title>\n<meta name=\"description\" content=\"C\u00f3mo jugar a Cricket Crash. C\u00f3mo comenzar una ronda de juego y c\u00f3mo hacer una apuesta en Cricket Crash. Apuestas autom\u00e1ticas y nuevas apuestas\" \/>\n<meta name=\"robots\" content=\"index, follow, max-snippet:-1, max-image-preview:large, max-video-preview:-1\" \/>\n<link rel=\"canonical\" href=\"https:\/\/tipsforcricketbetting.com\/es\/\" \/>\n<meta property=\"og:locale\" content=\"es_ES\" \/>\n<meta property=\"og:locale:alternate\" content=\"ru_RU\" \/>\n<meta property=\"og:locale:alternate\" content=\"en_US\" \/>\n<meta property=\"og:locale:alternate\" content=\"pt_PT\" \/>\n<meta property=\"og:locale:alternate\" content=\"ro_RO\" \/>\n<meta property=\"og:locale:alternate\" content=\"sr_RS\" \/>\n<meta property=\"og:locale:alternate\" content=\"bg_BG\" \/>\n<meta property=\"og:locale:alternate\" content=\"pl_PL\" \/>\n<meta property=\"og:locale:alternate\" content=\"it_IT\" \/>\n<meta property=\"og:locale:alternate\" content=\"fr_FR\" \/>\n<meta property=\"og:type\" content=\"article\" \/>\n<meta property=\"og:title\" content=\"\u0418\u0433\u0440\u0430\u0442\u044c \u0432 \u043e\u043d\u043b\u0430\u0439\u043d \u0438\u0433\u0440\u0443 Cricket Crash\" \/>\n<meta property=\"og:description\" content=\"\u041a\u0430\u043a \u0438\u0433\u0440\u0430\u0442\u044c \u0432 Cricket Crash. \u041a\u0430\u043a \u043d\u0430\u0447\u0430\u0442\u044c \u0438\u0433\u0440\u043e\u0432\u043e\u0439 \u0440\u0430\u0443\u043d\u0434 \u0438 \u043a\u0430\u043a \u0441\u0434\u0435\u043b\u0430\u0442\u044c \u0441\u0442\u0430\u0432\u043a\u0443 \u0432 \u0440\u0430\u0443\u043d\u0434\u0435 Cricket Crash. \u0410\u0432\u0442\u043e\u043c\u0430\u0442\u0438\u0447\u0435\u0441\u043a\u0430\u044f \u0441\u0442\u0430\u0432\u043a\u0430 \u0438 \u043d\u043e\u0432\u044b\u0435 \u0441\u0442\u0430\u0432\u043a\u0438\" \/>\n<meta property=\"og:url\" content=\"https:\/\/tipsforcricketbetting.com\/es\/\" \/>\n<meta property=\"og:site_name\" content=\"Cricket\" \/>\n<meta property=\"article:modified_time\" content=\"2024-02-28T15:20:54+00:00\" \/>\n<meta name=\"twitter:card\" content=\"summary_large_image\" \/>\n<meta name=\"twitter:label1\" content=\"Tiempo de lectura\" \/>\n\t<meta name=\"twitter:data1\" content=\"23 minutos\" \/>\n<script type=\"application\/ld+json\" class=\"yoast-schema-graph\">{\"@context\":\"https:\/\/schema.org\",\"@graph\":[{\"@type\":\"WebPage\",\"@id\":\"https:\/\/tipsforcricketbetting.com\/\",\"url\":\"https:\/\/tipsforcricketbetting.com\/\",\"name\":\"\u0418\u0433\u0440\u0430\u0442\u044c \u0432 \u043e\u043d\u043b\u0430\u0439\u043d \u0438\u0433\u0440\u0443 Cricket Crash\",\"isPartOf\":{\"@id\":\"https:\/\/tipsforcricketbetting.com\/#website\"},\"datePublished\":\"2024-02-18T20:48:45+00:00\",\"dateModified\":\"2024-02-28T15:20:54+00:00\",\"description\":\"\u041a\u0430\u043a \u0438\u0433\u0440\u0430\u0442\u044c \u0432 Cricket Crash. \u041a\u0430\u043a \u043d\u0430\u0447\u0430\u0442\u044c \u0438\u0433\u0440\u043e\u0432\u043e\u0439 \u0440\u0430\u0443\u043d\u0434 \u0438 \u043a\u0430\u043a \u0441\u0434\u0435\u043b\u0430\u0442\u044c \u0441\u0442\u0430\u0432\u043a\u0443 \u0432 \u0440\u0430\u0443\u043d\u0434\u0435 Cricket Crash. \u0410\u0432\u0442\u043e\u043c\u0430\u0442\u0438\u0447\u0435\u0441\u043a\u0430\u044f \u0441\u0442\u0430\u0432\u043a\u0430 \u0438 \u043d\u043e\u0432\u044b\u0435 \u0441\u0442\u0430\u0432\u043a\u0438\",\"breadcrumb\":{\"@id\":\"https:\/\/tipsforcricketbetting.com\/#breadcrumb\"},\"inLanguage\":\"es-ES\",\"potentialAction\":[{\"@type\":\"ReadAction\",\"target\":[\"https:\/\/tipsforcricketbetting.com\/\"]}]},{\"@type\":\"BreadcrumbList\",\"@id\":\"https:\/\/tipsforcricketbetting.com\/#breadcrumb\",\"itemListElement\":[{\"@type\":\"ListItem\",\"position\":1,\"name\":\"Home\",\"item\":\"https:\/\/tipsforcricketbetting.com\/\"},{\"@type\":\"ListItem\",\"position\":2,\"name\":\"\u0427\u0442\u043e \u0442\u0430\u043a\u043e\u0435 Cricket Crash?\"}]},{\"@type\":\"WebSite\",\"@id\":\"https:\/\/tipsforcricketbetting.com\/#website\",\"url\":\"https:\/\/tipsforcricketbetting.com\/\",\"name\":\"Cricket\",\"description\":\"Just another WordPress site\",\"potentialAction\":[{\"@type\":\"SearchAction\",\"target\":{\"@type\":\"EntryPoint\",\"urlTemplate\":\"https:\/\/tipsforcricketbetting.com\/?s={search_term_string}\"},\"query-input\":{\"@type\":\"PropertyValueSpecification\",\"valueRequired\":true,\"valueName\":\"search_term_string\"}}],\"inLanguage\":\"es-ES\"}]}<\/script>\n<!-- \/ Yoast SEO plugin. -->","yoast_head_json":{"title":"\u0418\u0433\u0440\u0430\u0442\u044c \u0432 \u043e\u043d\u043b\u0430\u0439\u043d \u0438\u0433\u0440\u0443 Cricket Crash","description":"C\u00f3mo jugar a Cricket Crash. C\u00f3mo comenzar una ronda de juego y c\u00f3mo hacer una apuesta en Cricket Crash. Apuestas autom\u00e1ticas y nuevas apuestas","robots":{"index":"index","follow":"follow","max-snippet":"max-snippet:-1","max-image-preview":"max-image-preview:large","max-video-preview":"max-video-preview:-1"},"canonical":"https:\/\/tipsforcricketbetting.com\/es\/","og_locale":"es_ES","og_type":"article","og_title":"\u0418\u0433\u0440\u0430\u0442\u044c \u0432 \u043e\u043d\u043b\u0430\u0439\u043d \u0438\u0433\u0440\u0443 Cricket Crash","og_description":"\u041a\u0430\u043a \u0438\u0433\u0440\u0430\u0442\u044c \u0432 Cricket Crash. \u041a\u0430\u043a \u043d\u0430\u0447\u0430\u0442\u044c \u0438\u0433\u0440\u043e\u0432\u043e\u0439 \u0440\u0430\u0443\u043d\u0434 \u0438 \u043a\u0430\u043a \u0441\u0434\u0435\u043b\u0430\u0442\u044c \u0441\u0442\u0430\u0432\u043a\u0443 \u0432 \u0440\u0430\u0443\u043d\u0434\u0435 Cricket Crash. \u0410\u0432\u0442\u043e\u043c\u0430\u0442\u0438\u0447\u0435\u0441\u043a\u0430\u044f \u0441\u0442\u0430\u0432\u043a\u0430 \u0438 \u043d\u043e\u0432\u044b\u0435 \u0441\u0442\u0430\u0432\u043a\u0438","og_url":"https:\/\/tipsforcricketbetting.com\/es\/","og_site_name":"Cricket","article_modified_time":"2024-02-28T15:20:54+00:00","twitter_card":"summary_large_image","twitter_misc":{"Tiempo de lectura":"23 minutos"},"schema":{"@context":"https:\/\/schema.org","@graph":[{"@type":"WebPage","@id":"https:\/\/tipsforcricketbetting.com\/","url":"https:\/\/tipsforcricketbetting.com\/","name":"\u0418\u0433\u0440\u0430\u0442\u044c \u0432 \u043e\u043d\u043b\u0430\u0439\u043d \u0438\u0433\u0440\u0443 Cricket Crash","isPartOf":{"@id":"https:\/\/tipsforcricketbetting.com\/#website"},"datePublished":"2024-02-18T20:48:45+00:00","dateModified":"2024-02-28T15:20:54+00:00","description":"\u041a\u0430\u043a \u0438\u0433\u0440\u0430\u0442\u044c \u0432 Cricket Crash. \u041a\u0430\u043a \u043d\u0430\u0447\u0430\u0442\u044c \u0438\u0433\u0440\u043e\u0432\u043e\u0439 \u0440\u0430\u0443\u043d\u0434 \u0438 \u043a\u0430\u043a \u0441\u0434\u0435\u043b\u0430\u0442\u044c \u0441\u0442\u0430\u0432\u043a\u0443 \u0432 \u0440\u0430\u0443\u043d\u0434\u0435 Cricket Crash. \u0410\u0432\u0442\u043e\u043c\u0430\u0442\u0438\u0447\u0435\u0441\u043a\u0430\u044f \u0441\u0442\u0430\u0432\u043a\u0430 \u0438 \u043d\u043e\u0432\u044b\u0435 \u0441\u0442\u0430\u0432\u043a\u0438","breadcrumb":{"@id":"https:\/\/tipsforcricketbetting.com\/#breadcrumb"},"inLanguage":"es-ES","potentialAction":[{"@type":"ReadAction","target":["https:\/\/tipsforcricketbetting.com\/"]}]},{"@type":"BreadcrumbList","@id":"https:\/\/tipsforcricketbetting.com\/#breadcrumb","itemListElement":[{"@type":"ListItem","position":1,"name":"Home","item":"https:\/\/tipsforcricketbetting.com\/"},{"@type":"ListItem","position":2,"name":"\u0427\u0442\u043e \u0442\u0430\u043a\u043e\u0435 Cricket Crash?"}]},{"@type":"WebSite","@id":"https:\/\/tipsforcricketbetting.com\/#website","url":"https:\/\/tipsforcricketbetting.com\/","name":"Cricket","description":"Just another WordPress site","potentialAction":[{"@type":"SearchAction","target":{"@type":"EntryPoint","urlTemplate":"https:\/\/tipsforcricketbetting.com\/?s={search_term_string}"},"query-input":{"@type":"PropertyValueSpecification","valueRequired":true,"valueName":"search_term_string"}}],"inLanguage":"es-ES"}]}},"_links":{"self":[{"href":"https:\/\/tipsforcricketbetting.com\/es\/wp-json\/wp\/v2\/pages\/6","targetHints":{"allow":["GET"]}}],"collection":[{"href":"https:\/\/tipsforcricketbetting.com\/es\/wp-json\/wp\/v2\/pages"}],"about":[{"href":"https:\/\/tipsforcricketbetting.com\/es\/wp-json\/wp\/v2\/types\/page"}],"author":[{"embeddable":true,"href":"https:\/\/tipsforcricketbetting.com\/es\/wp-json\/wp\/v2\/users\/1"}],"replies":[{"embeddable":true,"href":"https:\/\/tipsforcricketbetting.com\/es\/wp-json\/wp\/v2\/comments?post=6"}],"version-history":[{"count":18,"href":"https:\/\/tipsforcricketbetting.com\/es\/wp-json\/wp\/v2\/pages\/6\/revisions"}],"predecessor-version":[{"id":118,"href":"https:\/\/tipsforcricketbetting.com\/es\/wp-json\/wp\/v2\/pages\/6\/revisions\/118"}],"wp:attachment":[{"href":"https:\/\/tipsforcricketbetting.com\/es\/wp-json\/wp\/v2\/media?parent=6"}],"curies":[{"name":"wp","href":"https:\/\/api.w.org\/{rel}","templated":true}]}}