{"id":16,"date":"2024-02-18T20:56:24","date_gmt":"2024-02-18T20:56:24","guid":{"rendered":"https:\/\/tipsforcricketbetting.com\/?page_id=16"},"modified":"2024-02-28T15:15:48","modified_gmt":"2024-02-28T15:15:48","slug":"automatic-mode-autoplay","status":"publish","type":"page","link":"https:\/\/tipsforcricketbetting.com\/es\/automatic-mode-autoplay\/","title":{"rendered":"Modo autom\u00e1tico (autoplay)"},"content":{"rendered":"<p>En este juego, puedes realizar apuestas para cada ronda de juego siguiente y tambi\u00e9n recibir ganancias en cada ronda de juego autom\u00e1ticamente, sin necesidad de presionar los botones correspondientes, gracias al modo autom\u00e1tico activado.<\/p>\n<h2><strong>AUTO BET &#8211; Apuesta Autom\u00e1tica<\/strong><\/h2>\n<p>Para activar la apuesta autom\u00e1tica, es decir, realizar la apuesta autom\u00e1ticamente para cada ronda de juego (Auto Bet), debes establecer el tama\u00f1o de la apuesta y cambiar el deslizador de Auto Bet en el campo correspondiente al modo activo, es decir, para que se vuelva azul (los botones activos son azules). La sesi\u00f3n de apuestas autom\u00e1ticas comenzar\u00e1 autom\u00e1ticamente. El modo autom\u00e1tico comienza con el inicio de una nueva sesi\u00f3n y es v\u00e1lido para cada sesi\u00f3n posterior hasta que se detenga el modo de apuesta autom\u00e1tica (Auto Bet).<\/p>\n<p>Para cada sector y apuesta correspondiente, este modo autom\u00e1tico se activa por separado.<\/p>\n<p>Al cambiar el deslizador de Auto Bet al modo activo, inicias el modo de apuesta autom\u00e1tica con las opciones establecidas en la pantalla, es decir, con el tama\u00f1o de la apuesta indicado en el campo correspondiente. El tama\u00f1o de la apuesta no se puede cambiar durante el modo de apuesta autom\u00e1tica activo.<\/p>\n<p>Durante el modo de apuesta autom\u00e1tica activo (Auto Bet), las apuestas se realizan autom\u00e1ticamente inmediatamente despu\u00e9s de finalizar la ronda de juego anterior. El modo de apuesta autom\u00e1tica estar\u00e1 activo y durar\u00e1 hasta que cambies el deslizador de Auto Bet en el campo correspondiente al modo inactivo, es decir, para que se vuelva gris (los botones inactivos son grises). El modo autom\u00e1tico se detiene cuando el tama\u00f1o de la apuesta establecido por el jugador supera el saldo del jugador.<\/p>\n<h2><strong>AUTO TAKE &#8211; Reclamo Autom\u00e1tico<\/strong><\/h2>\n<p>Para activar la funci\u00f3n donde tus ganancias se reclaman autom\u00e1ticamente cuando aparece en la pantalla el coeficiente multiplicador que especificaste, es decir, el modo Auto Take, debes establecer el coeficiente multiplicador y cambiar el deslizador de Auto Take en el campo correspondiente al modo activo, es decir, para que se vuelva azul (los botones activos son azules). Puedes establecer dicho coeficiente multiplicador utilizando los botones correspondientes \u00ab+\u00bb y \u00ab-\u00ab.<\/p>\n<p>Para cada sector y apuesta correspondiente, este modo autom\u00e1tico se activa por separado.<\/p>\n<p>Al cambiar el deslizador de Auto Take al modo activo, inicias el modo de apuesta autom\u00e1tica con las opciones establecidas en la pantalla, es decir, con el coeficiente multiplicador indicado en el campo correspondiente. El tama\u00f1o del coeficiente multiplicador no se puede cambiar durante el modo Auto Take activo.<\/p>\n<p>Durante el modo Auto Take activo, puedes reclamar tus ganancias antes de que aparezca el coeficiente multiplicador que especificaste para Auto Take presionando el bot\u00f3n CLAIM correspondiente. Presionar el bot\u00f3n CLAIM no detiene el modo Auto Take. El modo Auto Take estar\u00e1 activo y durar\u00e1 hasta que cambies el deslizador de Auto Take en el campo correspondiente al modo inactivo, es decir, para que se vuelva gris (los botones inactivos son grises). El modo autom\u00e1tico se detiene cuando el tama\u00f1o de la apuesta establecido por el jugador supera el saldo del jugador.<\/p>\n<p>Ten en cuenta que en caso de una interrupci\u00f3n en la conexi\u00f3n a Internet, los modos autom\u00e1ticos se detienen autom\u00e1ticamente.<\/p>\n<p>Ten en cuenta que tus ganancias en el modo Auto Take solo pueden reclamarse (considerarse reclamadas) despu\u00e9s de que se complete el vuelo de la pelota de cricket a trav\u00e9s del portal de bonificaci\u00f3n. Por ejemplo, si tu apuesta es FUN 1, y tu coeficiente multiplicador Auto Take es 7.00, y el vuelo de la pelota de cricket a trav\u00e9s del portal de bonificaci\u00f3n (con un 30% de bonificaci\u00f3n) comenz\u00f3 con un coeficiente de 6.90 y termin\u00f3 con un coeficiente de 8.97, tus ganancias &#8211; FUN 7 (apuesta multiplicada por tu coeficiente Auto Take) se reclamar\u00e1n autom\u00e1ticamente despu\u00e9s de la finalizaci\u00f3n exitosa del vuelo de la pelota de cricket a trav\u00e9s del portal de bonificaci\u00f3n. Y en caso de que el vuelo de la pelota de cricket a trav\u00e9s del portal de bonificaci\u00f3n termine con un Crash &#8211; se considera que la ronda de juego est\u00e1 completada con un coeficiente de 6.90, y en este caso, pierdes la apuesta y las ganancias no se te acreditar\u00e1n.<\/p>\n","protected":false},"excerpt":{"rendered":"<p>En este juego, puedes realizar apuestas para cada ronda de juego siguiente y tambi\u00e9n recibir ganancias en cada ronda de juego autom\u00e1ticamente, sin necesidad de presionar los botones correspondientes, gracias al modo autom\u00e1tico activado. AUTO BET &#8211; Apuesta Autom\u00e1tica Para activar la apuesta autom\u00e1tica, es decir, realizar la apuesta autom\u00e1ticamente para cada ronda de juego [&hellip;]<\/p>\n","protected":false},"author":1,"featured_media":0,"parent":0,"menu_order":0,"comment_status":"closed","ping_status":"closed","template":"","meta":{"footnotes":""},"class_list":["post-16","page","type-page","status-publish","hentry"],"yoast_head":"<!-- This site is optimized with the Yoast SEO plugin v27.2 - https:\/\/yoast.com\/product\/yoast-seo-wordpress\/ -->\n<title>\u0410\u0443\u0442\u043e\u043c\u0430\u0442\u0441\u043a\u0438 \u0440\u0435\u0436\u0438\u043c \u0443 Cricket Crash<\/title>\n<meta name=\"description\" content=\"Apuesta autom\u00e1tica y reclamar ganancias autom\u00e1ticamente en Cricket Crash\" \/>\n<meta name=\"robots\" content=\"index, follow, max-snippet:-1, max-image-preview:large, max-video-preview:-1\" \/>\n<link rel=\"canonical\" href=\"https:\/\/tipsforcricketbetting.com\/es\/automatic-mode-autoplay\/\" \/>\n<meta property=\"og:locale\" content=\"es_ES\" \/>\n<meta property=\"og:locale:alternate\" content=\"ru_RU\" \/>\n<meta property=\"og:locale:alternate\" content=\"en_US\" \/>\n<meta property=\"og:locale:alternate\" content=\"pt_PT\" \/>\n<meta property=\"og:locale:alternate\" content=\"ro_RO\" \/>\n<meta property=\"og:locale:alternate\" content=\"sr_RS\" \/>\n<meta property=\"og:locale:alternate\" content=\"bg_BG\" \/>\n<meta property=\"og:locale:alternate\" content=\"pl_PL\" \/>\n<meta property=\"og:locale:alternate\" content=\"it_IT\" \/>\n<meta property=\"og:locale:alternate\" content=\"fr_FR\" \/>\n<meta property=\"og:type\" content=\"article\" \/>\n<meta property=\"og:title\" content=\"\u0410\u0443\u0442\u043e\u043c\u0430\u0442\u0441\u043a\u0438 \u0440\u0435\u0436\u0438\u043c \u0443 Cricket Crash\" \/>\n<meta property=\"og:description\" content=\"\u0410\u0443\u0442\u043e\u043c\u0430\u0442\u0441\u043a\u043e \u043a\u043b\u0430\u0452\u0435\u045a\u0435 \u0438 \u0430\u0443\u0442\u043e\u043c\u0430\u0442\u0441\u043a\u043e \u0437\u0430\u0445\u0442\u0435\u0432\u0430\u045a\u0435 \u0434\u043e\u0431\u0438\u0442\u0430\u043a\u0430 \u0443 Cricket Crash\" \/>\n<meta property=\"og:url\" content=\"https:\/\/tipsforcricketbetting.com\/es\/automatic-mode-autoplay\/\" \/>\n<meta property=\"og:site_name\" content=\"Cricket\" \/>\n<meta property=\"article:modified_time\" content=\"2024-02-28T15:15:48+00:00\" \/>\n<meta name=\"twitter:card\" content=\"summary_large_image\" \/>\n<meta name=\"twitter:label1\" content=\"Tiempo de lectura\" \/>\n\t<meta name=\"twitter:data1\" content=\"24 minutos\" \/>\n<script type=\"application\/ld+json\" class=\"yoast-schema-graph\">{\"@context\":\"https:\/\/schema.org\",\"@graph\":[{\"@type\":\"WebPage\",\"@id\":\"https:\/\/tipsforcricketbetting.com\/sr\/automatic-mode-autoplay\/\",\"url\":\"https:\/\/tipsforcricketbetting.com\/sr\/automatic-mode-autoplay\/\",\"name\":\"\u0410\u0443\u0442\u043e\u043c\u0430\u0442\u0441\u043a\u0438 \u0440\u0435\u0436\u0438\u043c \u0443 Cricket Crash\",\"isPartOf\":{\"@id\":\"https:\/\/tipsforcricketbetting.com\/#website\"},\"datePublished\":\"2024-02-18T20:56:24+00:00\",\"dateModified\":\"2024-02-28T15:15:48+00:00\",\"description\":\"\u0410\u0443\u0442\u043e\u043c\u0430\u0442\u0441\u043a\u043e \u043a\u043b\u0430\u0452\u0435\u045a\u0435 \u0438 \u0430\u0443\u0442\u043e\u043c\u0430\u0442\u0441\u043a\u043e \u0437\u0430\u0445\u0442\u0435\u0432\u0430\u045a\u0435 \u0434\u043e\u0431\u0438\u0442\u0430\u043a\u0430 \u0443 Cricket Crash\",\"breadcrumb\":{\"@id\":\"https:\/\/tipsforcricketbetting.com\/sr\/automatic-mode-autoplay\/#breadcrumb\"},\"inLanguage\":\"es-ES\",\"potentialAction\":[{\"@type\":\"ReadAction\",\"target\":[\"https:\/\/tipsforcricketbetting.com\/sr\/automatic-mode-autoplay\/\"]}]},{\"@type\":\"BreadcrumbList\",\"@id\":\"https:\/\/tipsforcricketbetting.com\/sr\/automatic-mode-autoplay\/#breadcrumb\",\"itemListElement\":[{\"@type\":\"ListItem\",\"position\":1,\"name\":\"Home\",\"item\":\"https:\/\/tipsforcricketbetting.com\/\"},{\"@type\":\"ListItem\",\"position\":2,\"name\":\"\u0410\u0432\u0442\u043e\u043c\u0430\u0442\u0438\u0447\u0435\u0441\u043a\u0438\u0438\u0306 \u0440\u0435\u0436\u0438\u043c (\u0430\u0432\u0442\u043e\u043f\u043b\u0435\u0438\u0306)\"}]},{\"@type\":\"WebSite\",\"@id\":\"https:\/\/tipsforcricketbetting.com\/#website\",\"url\":\"https:\/\/tipsforcricketbetting.com\/\",\"name\":\"Cricket\",\"description\":\"Just another WordPress site\",\"potentialAction\":[{\"@type\":\"SearchAction\",\"target\":{\"@type\":\"EntryPoint\",\"urlTemplate\":\"https:\/\/tipsforcricketbetting.com\/?s={search_term_string}\"},\"query-input\":{\"@type\":\"PropertyValueSpecification\",\"valueRequired\":true,\"valueName\":\"search_term_string\"}}],\"inLanguage\":\"es-ES\"}]}<\/script>\n<!-- \/ Yoast SEO plugin. -->","yoast_head_json":{"title":"\u0410\u0443\u0442\u043e\u043c\u0430\u0442\u0441\u043a\u0438 \u0440\u0435\u0436\u0438\u043c \u0443 Cricket Crash","description":"Apuesta autom\u00e1tica y reclamar ganancias autom\u00e1ticamente en Cricket Crash","robots":{"index":"index","follow":"follow","max-snippet":"max-snippet:-1","max-image-preview":"max-image-preview:large","max-video-preview":"max-video-preview:-1"},"canonical":"https:\/\/tipsforcricketbetting.com\/es\/automatic-mode-autoplay\/","og_locale":"es_ES","og_type":"article","og_title":"\u0410\u0443\u0442\u043e\u043c\u0430\u0442\u0441\u043a\u0438 \u0440\u0435\u0436\u0438\u043c \u0443 Cricket Crash","og_description":"\u0410\u0443\u0442\u043e\u043c\u0430\u0442\u0441\u043a\u043e \u043a\u043b\u0430\u0452\u0435\u045a\u0435 \u0438 \u0430\u0443\u0442\u043e\u043c\u0430\u0442\u0441\u043a\u043e \u0437\u0430\u0445\u0442\u0435\u0432\u0430\u045a\u0435 \u0434\u043e\u0431\u0438\u0442\u0430\u043a\u0430 \u0443 Cricket Crash","og_url":"https:\/\/tipsforcricketbetting.com\/es\/automatic-mode-autoplay\/","og_site_name":"Cricket","article_modified_time":"2024-02-28T15:15:48+00:00","twitter_card":"summary_large_image","twitter_misc":{"Tiempo de lectura":"24 minutos"},"schema":{"@context":"https:\/\/schema.org","@graph":[{"@type":"WebPage","@id":"https:\/\/tipsforcricketbetting.com\/sr\/automatic-mode-autoplay\/","url":"https:\/\/tipsforcricketbetting.com\/sr\/automatic-mode-autoplay\/","name":"\u0410\u0443\u0442\u043e\u043c\u0430\u0442\u0441\u043a\u0438 \u0440\u0435\u0436\u0438\u043c \u0443 Cricket Crash","isPartOf":{"@id":"https:\/\/tipsforcricketbetting.com\/#website"},"datePublished":"2024-02-18T20:56:24+00:00","dateModified":"2024-02-28T15:15:48+00:00","description":"\u0410\u0443\u0442\u043e\u043c\u0430\u0442\u0441\u043a\u043e \u043a\u043b\u0430\u0452\u0435\u045a\u0435 \u0438 \u0430\u0443\u0442\u043e\u043c\u0430\u0442\u0441\u043a\u043e \u0437\u0430\u0445\u0442\u0435\u0432\u0430\u045a\u0435 \u0434\u043e\u0431\u0438\u0442\u0430\u043a\u0430 \u0443 Cricket Crash","breadcrumb":{"@id":"https:\/\/tipsforcricketbetting.com\/sr\/automatic-mode-autoplay\/#breadcrumb"},"inLanguage":"es-ES","potentialAction":[{"@type":"ReadAction","target":["https:\/\/tipsforcricketbetting.com\/sr\/automatic-mode-autoplay\/"]}]},{"@type":"BreadcrumbList","@id":"https:\/\/tipsforcricketbetting.com\/sr\/automatic-mode-autoplay\/#breadcrumb","itemListElement":[{"@type":"ListItem","position":1,"name":"Home","item":"https:\/\/tipsforcricketbetting.com\/"},{"@type":"ListItem","position":2,"name":"\u0410\u0432\u0442\u043e\u043c\u0430\u0442\u0438\u0447\u0435\u0441\u043a\u0438\u0438\u0306 \u0440\u0435\u0436\u0438\u043c (\u0430\u0432\u0442\u043e\u043f\u043b\u0435\u0438\u0306)"}]},{"@type":"WebSite","@id":"https:\/\/tipsforcricketbetting.com\/#website","url":"https:\/\/tipsforcricketbetting.com\/","name":"Cricket","description":"Just another WordPress site","potentialAction":[{"@type":"SearchAction","target":{"@type":"EntryPoint","urlTemplate":"https:\/\/tipsforcricketbetting.com\/?s={search_term_string}"},"query-input":{"@type":"PropertyValueSpecification","valueRequired":true,"valueName":"search_term_string"}}],"inLanguage":"es-ES"}]}},"_links":{"self":[{"href":"https:\/\/tipsforcricketbetting.com\/es\/wp-json\/wp\/v2\/pages\/16","targetHints":{"allow":["GET"]}}],"collection":[{"href":"https:\/\/tipsforcricketbetting.com\/es\/wp-json\/wp\/v2\/pages"}],"about":[{"href":"https:\/\/tipsforcricketbetting.com\/es\/wp-json\/wp\/v2\/types\/page"}],"author":[{"embeddable":true,"href":"https:\/\/tipsforcricketbetting.com\/es\/wp-json\/wp\/v2\/users\/1"}],"replies":[{"embeddable":true,"href":"https:\/\/tipsforcricketbetting.com\/es\/wp-json\/wp\/v2\/comments?post=16"}],"version-history":[{"count":16,"href":"https:\/\/tipsforcricketbetting.com\/es\/wp-json\/wp\/v2\/pages\/16\/revisions"}],"predecessor-version":[{"id":114,"href":"https:\/\/tipsforcricketbetting.com\/es\/wp-json\/wp\/v2\/pages\/16\/revisions\/114"}],"wp:attachment":[{"href":"https:\/\/tipsforcricketbetting.com\/es\/wp-json\/wp\/v2\/media?parent=16"}],"curies":[{"name":"wp","href":"https:\/\/api.w.org\/{rel}","templated":true}]}}