{"id":14,"date":"2024-02-18T20:54:43","date_gmt":"2024-02-18T20:54:43","guid":{"rendered":"https:\/\/tipsforcricketbetting.com\/?page_id=14"},"modified":"2024-02-28T15:16:51","modified_gmt":"2024-02-28T15:16:51","slug":"bonus-in-the-game-cricket-crash","status":"publish","type":"page","link":"https:\/\/tipsforcricketbetting.com\/es\/bonus-in-the-game-cricket-crash\/","title":{"rendered":"Bono en el juego Cricket Crash"},"content":{"rendered":"<p>En Cricket Crash, el vuelo de la pelota de cricket a trav\u00e9s del portal de bonificaci\u00f3n aumenta el coeficiente multiplicador. Despu\u00e9s de que la pelota de cricket pase con \u00e9xito por el portal de bonificaci\u00f3n, el coeficiente multiplicador, que estaba antes de este vuelo, aumenta en el porcentaje asignado para dicho portal de bonificaci\u00f3n (10%, 30% o 50%).<\/p>\n<p>Por ejemplo, si el coeficiente multiplicador en la pantalla era de 7.77 antes del vuelo de la pelota de cricket a trav\u00e9s del portal de bonificaci\u00f3n, despu\u00e9s de que la pelota de cricket pase con \u00e9xito por el portal de bonificaci\u00f3n con un bono del 30%, el coeficiente multiplicador ser\u00e1 de 10.10.<\/p>\n<p>Ten en cuenta que el bono se acredita solo despu\u00e9s de la finalizaci\u00f3n exitosa del vuelo de la pelota de cricket a trav\u00e9s del portal de bonificaci\u00f3n, es decir, cuando la pelota pasa sin explotar. En caso de que el vuelo de la pelota de cricket a trav\u00e9s del portal de bonificaci\u00f3n termine con un Crash, el bono no se acreditar\u00e1.<\/p>\n<h2><strong>Recompensa Maharaja:<\/strong><\/h2>\n<p>En Cricket Crash, est\u00e1 disponible la Recompensa Maharaja. Esta recompensa est\u00e1 disponible solo en este juego y no est\u00e1 relacionada con ning\u00fan otro juego. El tama\u00f1o de la Recompensa Maharaja se forma contribuyendo con el 2% de cada apuesta. El tama\u00f1o actual de la Recompensa Maharaja se muestra en la pantalla del juego. Cuando se gana la Recompensa Maharaja, todos los ganadores reciben una notificaci\u00f3n, y el tama\u00f1o de la Recompensa Maharaja se restablece al valor inicial.<\/p>\n<p>La sesi\u00f3n de juego exacta y el momento de ganar la Recompensa Maharaja son determinados por el generador de n\u00fameros aleatorios. Cricket Crash es un juego multijugador, por lo que la Recompensa Maharaja puede ser ganada por todos los jugadores que durante la sesi\u00f3n de juego correspondiente no finalicen su ronda de juego, es decir, no reclamen las ganancias hasta el momento en que se gane la Recompensa Maharaja.<\/p>\n<p>La Recompensa Maharaja se distribuir\u00e1 y pagar\u00e1 seg\u00fan la siguiente f\u00f3rmula:<\/p>\n<ul>\n<li>el tama\u00f1o de la Recompensa Maharaja se divide en partes entre los ganadores de acuerdo con la proporci\u00f3n de la apuesta\/apuestas de dicho ganador a la suma de las apuestas de todos los ganadores. Por ejemplo, si realizaste una apuesta igual a 5 FUN, y la suma de las apuestas de todos los ganadores (incluy\u00e9ndote a ti) es igual a 100 FUN, recibir\u00e1s el 5% de la Recompensa Maharaja;<\/li>\n<li>en el caso de que solo haya un ganador, dicho ganador se lleva toda la Recompensa Maharaja.<\/li>\n<\/ul>\n<p>La distribuci\u00f3n de la Recompensa Maharaja se realiza en funci\u00f3n del tama\u00f1o de la Recompensa Maharaja seg\u00fan la informaci\u00f3n de los servidores. Si se pierde la conexi\u00f3n entre la plataforma y los servidores que almacenan informaci\u00f3n sobre la Recompensa Maharaja, el juego no estar\u00e1 disponible, y el tama\u00f1o de la Recompensa Maharaja permanecer\u00e1 sin cambios hasta que se restaure la conexi\u00f3n. Antes de que se restablezca la conexi\u00f3n necesaria, no se lleva a cabo el sorteo de la Recompensa Maharaja, as\u00ed como las contribuciones. Las ganancias y la distribuci\u00f3n de la Recompensa Maharaja est\u00e1n sujetas a verificaci\u00f3n por parte de la plataforma y el proveedor del juego.<\/p>\n","protected":false},"excerpt":{"rendered":"<p>En Cricket Crash, el vuelo de la pelota de cricket a trav\u00e9s del portal de bonificaci\u00f3n aumenta el coeficiente multiplicador. Despu\u00e9s de que la pelota de cricket pase con \u00e9xito por el portal de bonificaci\u00f3n, el coeficiente multiplicador, que estaba antes de este vuelo, aumenta en el porcentaje asignado para dicho portal de bonificaci\u00f3n (10%, [&hellip;]<\/p>\n","protected":false},"author":1,"featured_media":0,"parent":0,"menu_order":0,"comment_status":"closed","ping_status":"closed","template":"","meta":{"footnotes":""},"class_list":["post-14","page","type-page","status-publish","hentry"],"yoast_head":"<!-- This site is optimized with the Yoast SEO plugin v27.2 - https:\/\/yoast.com\/product\/yoast-seo-wordpress\/ -->\n<title>\u0411\u043e\u043d\u0443\u0441\u0438 \u0438 \u043d\u0430\u0433\u0440\u0430\u0434\u0430 \u041c\u0430\u0445\u0430\u0440\u0430\u0434\u0436\u0430 \u0443 \u043e\u043d\u043b\u0438\u043d\u0435 \u0438\u0433\u0440\u0438 Cricket Crash<\/title>\n<meta name=\"description\" content=\"Bonos y Recompensa Maharaja en el juego de crash Cricket Crash en el casino en l\u00ednea. Juega gratis en el juego en l\u00ednea Cricket Crash.\" \/>\n<meta name=\"robots\" content=\"index, follow, max-snippet:-1, max-image-preview:large, max-video-preview:-1\" \/>\n<link rel=\"canonical\" href=\"https:\/\/tipsforcricketbetting.com\/es\/bonus-in-the-game-cricket-crash\/\" \/>\n<meta property=\"og:locale\" content=\"es_ES\" \/>\n<meta property=\"og:locale:alternate\" content=\"ru_RU\" \/>\n<meta property=\"og:locale:alternate\" content=\"en_US\" \/>\n<meta property=\"og:locale:alternate\" content=\"pt_PT\" \/>\n<meta property=\"og:locale:alternate\" content=\"ro_RO\" \/>\n<meta property=\"og:locale:alternate\" content=\"sr_RS\" \/>\n<meta property=\"og:locale:alternate\" content=\"bg_BG\" \/>\n<meta property=\"og:locale:alternate\" content=\"pl_PL\" \/>\n<meta property=\"og:locale:alternate\" content=\"it_IT\" \/>\n<meta property=\"og:locale:alternate\" content=\"fr_FR\" \/>\n<meta property=\"og:type\" content=\"article\" \/>\n<meta property=\"og:title\" content=\"\u0411\u043e\u043d\u0443\u0441\u0438 \u0438 \u043d\u0430\u0433\u0440\u0430\u0434\u0430 \u041c\u0430\u0445\u0430\u0440\u0430\u0434\u0436\u0430 \u0443 \u043e\u043d\u043b\u0438\u043d\u0435 \u0438\u0433\u0440\u0438 Cricket Crash\" \/>\n<meta property=\"og:description\" content=\"\u0411\u043e\u043d\u0443\u0441\u0438 \u0438 \u043d\u0430\u0433\u0440\u0430\u0434\u0430 \u041c\u0430\u0445\u0430\u0440\u0430\u0434\u0436\u0430 \u0443 \u0438\u0433\u0440\u0438 Cricket Crash \u0443 \u043e\u043d\u043b\u0430\u0458\u043d \u043a\u0430\u0437\u0438\u043d\u0443. \u0418\u0433\u0440\u0430\u0458\u0442\u0435 \u0431\u0435\u0441\u043f\u043b\u0430\u0442\u043d\u043e \u0443 \u043e\u043d\u043b\u0430\u0458\u043d \u0438\u0433\u0440\u0438 Cricket Crash.\" \/>\n<meta property=\"og:url\" content=\"https:\/\/tipsforcricketbetting.com\/es\/bonus-in-the-game-cricket-crash\/\" \/>\n<meta property=\"og:site_name\" content=\"Cricket\" \/>\n<meta property=\"article:modified_time\" content=\"2024-02-28T15:16:51+00:00\" \/>\n<meta name=\"twitter:card\" content=\"summary_large_image\" \/>\n<meta name=\"twitter:label1\" content=\"Tiempo de lectura\" \/>\n\t<meta name=\"twitter:data1\" content=\"18 minutos\" \/>\n<script type=\"application\/ld+json\" class=\"yoast-schema-graph\">{\"@context\":\"https:\/\/schema.org\",\"@graph\":[{\"@type\":\"WebPage\",\"@id\":\"https:\/\/tipsforcricketbetting.com\/sr\/bonus-in-the-game-cricket-crash\/\",\"url\":\"https:\/\/tipsforcricketbetting.com\/sr\/bonus-in-the-game-cricket-crash\/\",\"name\":\"\u0411\u043e\u043d\u0443\u0441\u0438 \u0438 \u043d\u0430\u0433\u0440\u0430\u0434\u0430 \u041c\u0430\u0445\u0430\u0440\u0430\u0434\u0436\u0430 \u0443 \u043e\u043d\u043b\u0438\u043d\u0435 \u0438\u0433\u0440\u0438 Cricket Crash\",\"isPartOf\":{\"@id\":\"https:\/\/tipsforcricketbetting.com\/#website\"},\"datePublished\":\"2024-02-18T20:54:43+00:00\",\"dateModified\":\"2024-02-28T15:16:51+00:00\",\"description\":\"\u0411\u043e\u043d\u0443\u0441\u0438 \u0438 \u043d\u0430\u0433\u0440\u0430\u0434\u0430 \u041c\u0430\u0445\u0430\u0440\u0430\u0434\u0436\u0430 \u0443 \u0438\u0433\u0440\u0438 Cricket Crash \u0443 \u043e\u043d\u043b\u0430\u0458\u043d \u043a\u0430\u0437\u0438\u043d\u0443. \u0418\u0433\u0440\u0430\u0458\u0442\u0435 \u0431\u0435\u0441\u043f\u043b\u0430\u0442\u043d\u043e \u0443 \u043e\u043d\u043b\u0430\u0458\u043d \u0438\u0433\u0440\u0438 Cricket Crash.\",\"breadcrumb\":{\"@id\":\"https:\/\/tipsforcricketbetting.com\/sr\/bonus-in-the-game-cricket-crash\/#breadcrumb\"},\"inLanguage\":\"es-ES\",\"potentialAction\":[{\"@type\":\"ReadAction\",\"target\":[\"https:\/\/tipsforcricketbetting.com\/sr\/bonus-in-the-game-cricket-crash\/\"]}]},{\"@type\":\"BreadcrumbList\",\"@id\":\"https:\/\/tipsforcricketbetting.com\/sr\/bonus-in-the-game-cricket-crash\/#breadcrumb\",\"itemListElement\":[{\"@type\":\"ListItem\",\"position\":1,\"name\":\"Home\",\"item\":\"https:\/\/tipsforcricketbetting.com\/\"},{\"@type\":\"ListItem\",\"position\":2,\"name\":\"\u0411\u043e\u043d\u0443\u0441 \u0432 \u0438\u0433\u0440\u0435 Cricket Crash\"}]},{\"@type\":\"WebSite\",\"@id\":\"https:\/\/tipsforcricketbetting.com\/#website\",\"url\":\"https:\/\/tipsforcricketbetting.com\/\",\"name\":\"Cricket\",\"description\":\"Just another WordPress site\",\"potentialAction\":[{\"@type\":\"SearchAction\",\"target\":{\"@type\":\"EntryPoint\",\"urlTemplate\":\"https:\/\/tipsforcricketbetting.com\/?s={search_term_string}\"},\"query-input\":{\"@type\":\"PropertyValueSpecification\",\"valueRequired\":true,\"valueName\":\"search_term_string\"}}],\"inLanguage\":\"es-ES\"}]}<\/script>\n<!-- \/ Yoast SEO plugin. -->","yoast_head_json":{"title":"\u0411\u043e\u043d\u0443\u0441\u0438 \u0438 \u043d\u0430\u0433\u0440\u0430\u0434\u0430 \u041c\u0430\u0445\u0430\u0440\u0430\u0434\u0436\u0430 \u0443 \u043e\u043d\u043b\u0438\u043d\u0435 \u0438\u0433\u0440\u0438 Cricket Crash","description":"Bonos y Recompensa Maharaja en el juego de crash Cricket Crash en el casino en l\u00ednea. Juega gratis en el juego en l\u00ednea Cricket Crash.","robots":{"index":"index","follow":"follow","max-snippet":"max-snippet:-1","max-image-preview":"max-image-preview:large","max-video-preview":"max-video-preview:-1"},"canonical":"https:\/\/tipsforcricketbetting.com\/es\/bonus-in-the-game-cricket-crash\/","og_locale":"es_ES","og_type":"article","og_title":"\u0411\u043e\u043d\u0443\u0441\u0438 \u0438 \u043d\u0430\u0433\u0440\u0430\u0434\u0430 \u041c\u0430\u0445\u0430\u0440\u0430\u0434\u0436\u0430 \u0443 \u043e\u043d\u043b\u0438\u043d\u0435 \u0438\u0433\u0440\u0438 Cricket Crash","og_description":"\u0411\u043e\u043d\u0443\u0441\u0438 \u0438 \u043d\u0430\u0433\u0440\u0430\u0434\u0430 \u041c\u0430\u0445\u0430\u0440\u0430\u0434\u0436\u0430 \u0443 \u0438\u0433\u0440\u0438 Cricket Crash \u0443 \u043e\u043d\u043b\u0430\u0458\u043d \u043a\u0430\u0437\u0438\u043d\u0443. \u0418\u0433\u0440\u0430\u0458\u0442\u0435 \u0431\u0435\u0441\u043f\u043b\u0430\u0442\u043d\u043e \u0443 \u043e\u043d\u043b\u0430\u0458\u043d \u0438\u0433\u0440\u0438 Cricket Crash.","og_url":"https:\/\/tipsforcricketbetting.com\/es\/bonus-in-the-game-cricket-crash\/","og_site_name":"Cricket","article_modified_time":"2024-02-28T15:16:51+00:00","twitter_card":"summary_large_image","twitter_misc":{"Tiempo de lectura":"18 minutos"},"schema":{"@context":"https:\/\/schema.org","@graph":[{"@type":"WebPage","@id":"https:\/\/tipsforcricketbetting.com\/sr\/bonus-in-the-game-cricket-crash\/","url":"https:\/\/tipsforcricketbetting.com\/sr\/bonus-in-the-game-cricket-crash\/","name":"\u0411\u043e\u043d\u0443\u0441\u0438 \u0438 \u043d\u0430\u0433\u0440\u0430\u0434\u0430 \u041c\u0430\u0445\u0430\u0440\u0430\u0434\u0436\u0430 \u0443 \u043e\u043d\u043b\u0438\u043d\u0435 \u0438\u0433\u0440\u0438 Cricket Crash","isPartOf":{"@id":"https:\/\/tipsforcricketbetting.com\/#website"},"datePublished":"2024-02-18T20:54:43+00:00","dateModified":"2024-02-28T15:16:51+00:00","description":"\u0411\u043e\u043d\u0443\u0441\u0438 \u0438 \u043d\u0430\u0433\u0440\u0430\u0434\u0430 \u041c\u0430\u0445\u0430\u0440\u0430\u0434\u0436\u0430 \u0443 \u0438\u0433\u0440\u0438 Cricket Crash \u0443 \u043e\u043d\u043b\u0430\u0458\u043d \u043a\u0430\u0437\u0438\u043d\u0443. \u0418\u0433\u0440\u0430\u0458\u0442\u0435 \u0431\u0435\u0441\u043f\u043b\u0430\u0442\u043d\u043e \u0443 \u043e\u043d\u043b\u0430\u0458\u043d \u0438\u0433\u0440\u0438 Cricket Crash.","breadcrumb":{"@id":"https:\/\/tipsforcricketbetting.com\/sr\/bonus-in-the-game-cricket-crash\/#breadcrumb"},"inLanguage":"es-ES","potentialAction":[{"@type":"ReadAction","target":["https:\/\/tipsforcricketbetting.com\/sr\/bonus-in-the-game-cricket-crash\/"]}]},{"@type":"BreadcrumbList","@id":"https:\/\/tipsforcricketbetting.com\/sr\/bonus-in-the-game-cricket-crash\/#breadcrumb","itemListElement":[{"@type":"ListItem","position":1,"name":"Home","item":"https:\/\/tipsforcricketbetting.com\/"},{"@type":"ListItem","position":2,"name":"\u0411\u043e\u043d\u0443\u0441 \u0432 \u0438\u0433\u0440\u0435 Cricket Crash"}]},{"@type":"WebSite","@id":"https:\/\/tipsforcricketbetting.com\/#website","url":"https:\/\/tipsforcricketbetting.com\/","name":"Cricket","description":"Just another WordPress site","potentialAction":[{"@type":"SearchAction","target":{"@type":"EntryPoint","urlTemplate":"https:\/\/tipsforcricketbetting.com\/?s={search_term_string}"},"query-input":{"@type":"PropertyValueSpecification","valueRequired":true,"valueName":"search_term_string"}}],"inLanguage":"es-ES"}]}},"_links":{"self":[{"href":"https:\/\/tipsforcricketbetting.com\/es\/wp-json\/wp\/v2\/pages\/14","targetHints":{"allow":["GET"]}}],"collection":[{"href":"https:\/\/tipsforcricketbetting.com\/es\/wp-json\/wp\/v2\/pages"}],"about":[{"href":"https:\/\/tipsforcricketbetting.com\/es\/wp-json\/wp\/v2\/types\/page"}],"author":[{"embeddable":true,"href":"https:\/\/tipsforcricketbetting.com\/es\/wp-json\/wp\/v2\/users\/1"}],"replies":[{"embeddable":true,"href":"https:\/\/tipsforcricketbetting.com\/es\/wp-json\/wp\/v2\/comments?post=14"}],"version-history":[{"count":18,"href":"https:\/\/tipsforcricketbetting.com\/es\/wp-json\/wp\/v2\/pages\/14\/revisions"}],"predecessor-version":[{"id":115,"href":"https:\/\/tipsforcricketbetting.com\/es\/wp-json\/wp\/v2\/pages\/14\/revisions\/115"}],"wp:attachment":[{"href":"https:\/\/tipsforcricketbetting.com\/es\/wp-json\/wp\/v2\/media?parent=14"}],"curies":[{"name":"wp","href":"https:\/\/api.w.org\/{rel}","templated":true}]}}