{"id":12,"date":"2024-02-18T20:52:50","date_gmt":"2024-02-18T20:52:50","guid":{"rendered":"https:\/\/tipsforcricketbetting.com\/?page_id=12"},"modified":"2024-02-28T15:19:51","modified_gmt":"2024-02-28T15:19:51","slug":"how-to-claim-winnings","status":"publish","type":"page","link":"https:\/\/tipsforcricketbetting.com\/es\/how-to-claim-winnings\/","title":{"rendered":"\u00bfC\u00f3mo reclamar las ganancias?"},"content":{"rendered":"<p>Las ganancias son tu apuesta multiplicada por el coeficiente multiplicador en el momento en que presionas el bot\u00f3n RECLAMAR (el coeficiente multiplicador est\u00e1 indicado en la pantalla). Las ganancias est\u00e1n indicadas en el bot\u00f3n RECLAMAR.<\/p>\n<p>Para reclamar tus ganancias, debes presionar el bot\u00f3n RECLAMAR en el campo correspondiente antes del Crash. Si hiciste 2 apuestas para la ronda de juego, tienes la oportunidad de reclamar 2 ganancias.<\/p>\n<p>La ronda de juego termina autom\u00e1ticamente despu\u00e9s de presionar el bot\u00f3n RECLAMAR (el \u00faltimo bot\u00f3n RECLAMAR activo &#8211; en el caso de que se hayan realizado 2 apuestas) o como resultado del Crash, dependiendo de lo que suceda primero. Esto significa:<\/p>\n<ul>\n<li>Si realizaste una sola apuesta, la ronda de juego terminar\u00e1 autom\u00e1ticamente despu\u00e9s de que presiones el bot\u00f3n RECLAMAR.<\/li>\n<li>En el caso de 2 apuestas en la ronda de juego, presionar el bot\u00f3n RECLAMAR en cualquier campo de apuesta resulta en el pago de las ganancias indicadas en el bot\u00f3n RECLAMAR presionado, y a\u00fan tienes la oportunidad de reclamar las segundas ganancias antes del Crash presionando el segundo bot\u00f3n RECLAMAR.<\/li>\n<\/ul>\n<p>Si el Crash ocurre antes de que presiones el bot\u00f3n RECLAMAR (o botones), pierdes tu apuesta (o apuestas &#8211; en el caso de que haya 2 botones RECLAMAR activos en el momento del Crash).<\/p>\n<h2><strong>Reglas de pago:<\/strong><\/h2>\n<p>En este juego, no hay l\u00edneas de pago. El pago de las ganancias se realiza autom\u00e1ticamente despu\u00e9s de presionar el bot\u00f3n RECLAMAR.<\/p>\n<p>Ten en cuenta que la cantidad de ganancias obtenidas como resultado de una sola apuesta est\u00e1 limitada al monto m\u00e1ximo de ganancia por una sola apuesta, si corresponde, para fines de pago. El pago se limitar\u00e1 seg\u00fan el monto m\u00e1ximo de ganancia por una sola apuesta. El monto m\u00e1ximo de ganancia por una sola apuesta est\u00e1 especificado en la secci\u00f3n de L\u00edmites del Juego.<\/p>\n","protected":false},"excerpt":{"rendered":"<p>Las ganancias son tu apuesta multiplicada por el coeficiente multiplicador en el momento en que presionas el bot\u00f3n RECLAMAR (el coeficiente multiplicador est\u00e1 indicado en la pantalla). Las ganancias est\u00e1n indicadas en el bot\u00f3n RECLAMAR. Para reclamar tus ganancias, debes presionar el bot\u00f3n RECLAMAR en el campo correspondiente antes del Crash. Si hiciste 2 apuestas [&hellip;]<\/p>\n","protected":false},"author":1,"featured_media":0,"parent":0,"menu_order":0,"comment_status":"closed","ping_status":"closed","template":"","meta":{"footnotes":""},"class_list":["post-12","page","type-page","status-publish","hentry"],"yoast_head":"<!-- This site is optimized with the Yoast SEO plugin v27.2 - https:\/\/yoast.com\/product\/yoast-seo-wordpress\/ -->\n<title>\u041a\u0430\u043a \u043f\u043e\u043b\u0443\u0447\u0438\u0442\u044c \u0432\u044b\u0438\u0433\u0440\u044b\u0448 \u0432 \u0438\u0433\u0440\u0435 Cricket Crash<\/title>\n<meta name=\"description\" content=\"C\u00f3mo reclamar ganancias y reglas de pago en el juego en l\u00ednea Cricket Crash\" \/>\n<meta name=\"robots\" content=\"index, follow, max-snippet:-1, max-image-preview:large, max-video-preview:-1\" \/>\n<link rel=\"canonical\" href=\"https:\/\/tipsforcricketbetting.com\/es\/how-to-claim-winnings\/\" \/>\n<meta property=\"og:locale\" content=\"es_ES\" \/>\n<meta property=\"og:locale:alternate\" content=\"ru_RU\" \/>\n<meta property=\"og:locale:alternate\" content=\"en_US\" \/>\n<meta property=\"og:locale:alternate\" content=\"pt_PT\" \/>\n<meta property=\"og:locale:alternate\" content=\"ro_RO\" \/>\n<meta property=\"og:locale:alternate\" content=\"sr_RS\" \/>\n<meta property=\"og:locale:alternate\" content=\"bg_BG\" \/>\n<meta property=\"og:locale:alternate\" content=\"pl_PL\" \/>\n<meta property=\"og:locale:alternate\" content=\"it_IT\" \/>\n<meta property=\"og:locale:alternate\" content=\"fr_FR\" \/>\n<meta property=\"og:type\" content=\"article\" \/>\n<meta property=\"og:title\" content=\"\u041a\u0430\u043a \u043f\u043e\u043b\u0443\u0447\u0438\u0442\u044c \u0432\u044b\u0438\u0433\u0440\u044b\u0448 \u0432 \u0438\u0433\u0440\u0435 Cricket Crash\" \/>\n<meta property=\"og:description\" content=\"\u041a\u0430\u043a \u043f\u043e\u043b\u0443\u0447\u0438\u0442\u044c \u0432\u044b\u0438\u0433\u0440\u044b\u0448 \u0438 \u043f\u0440\u0430\u0432\u0438\u043b\u0430 \u0432\u044b\u043f\u043b\u0430\u0442 \u0432 \u043e\u043d\u043b\u0430\u0439\u043d \u0438\u0433\u0440\u0435 Cricket Crash\" \/>\n<meta property=\"og:url\" content=\"https:\/\/tipsforcricketbetting.com\/es\/how-to-claim-winnings\/\" \/>\n<meta property=\"og:site_name\" content=\"Cricket\" \/>\n<meta property=\"article:modified_time\" content=\"2024-02-28T15:19:51+00:00\" \/>\n<meta name=\"twitter:card\" content=\"summary_large_image\" \/>\n<meta name=\"twitter:label1\" content=\"Tiempo de lectura\" \/>\n\t<meta name=\"twitter:data1\" content=\"11 minutos\" \/>\n<script type=\"application\/ld+json\" class=\"yoast-schema-graph\">{\"@context\":\"https:\/\/schema.org\",\"@graph\":[{\"@type\":\"WebPage\",\"@id\":\"https:\/\/tipsforcricketbetting.com\/how-to-claim-winnings\/\",\"url\":\"https:\/\/tipsforcricketbetting.com\/how-to-claim-winnings\/\",\"name\":\"\u041a\u0430\u043a \u043f\u043e\u043b\u0443\u0447\u0438\u0442\u044c \u0432\u044b\u0438\u0433\u0440\u044b\u0448 \u0432 \u0438\u0433\u0440\u0435 Cricket Crash\",\"isPartOf\":{\"@id\":\"https:\/\/tipsforcricketbetting.com\/#website\"},\"datePublished\":\"2024-02-18T20:52:50+00:00\",\"dateModified\":\"2024-02-28T15:19:51+00:00\",\"description\":\"\u041a\u0430\u043a \u043f\u043e\u043b\u0443\u0447\u0438\u0442\u044c \u0432\u044b\u0438\u0433\u0440\u044b\u0448 \u0438 \u043f\u0440\u0430\u0432\u0438\u043b\u0430 \u0432\u044b\u043f\u043b\u0430\u0442 \u0432 \u043e\u043d\u043b\u0430\u0439\u043d \u0438\u0433\u0440\u0435 Cricket Crash\",\"breadcrumb\":{\"@id\":\"https:\/\/tipsforcricketbetting.com\/how-to-claim-winnings\/#breadcrumb\"},\"inLanguage\":\"es-ES\",\"potentialAction\":[{\"@type\":\"ReadAction\",\"target\":[\"https:\/\/tipsforcricketbetting.com\/how-to-claim-winnings\/\"]}]},{\"@type\":\"BreadcrumbList\",\"@id\":\"https:\/\/tipsforcricketbetting.com\/how-to-claim-winnings\/#breadcrumb\",\"itemListElement\":[{\"@type\":\"ListItem\",\"position\":1,\"name\":\"Home\",\"item\":\"https:\/\/tipsforcricketbetting.com\/\"},{\"@type\":\"ListItem\",\"position\":2,\"name\":\"\u041a\u0430\u043a \u043f\u043e\u043b\u0443\u0447\u0438\u0442\u044c \u0432\u044b\u0438\u0433\u0440\u044b\u0448?\"}]},{\"@type\":\"WebSite\",\"@id\":\"https:\/\/tipsforcricketbetting.com\/#website\",\"url\":\"https:\/\/tipsforcricketbetting.com\/\",\"name\":\"Cricket\",\"description\":\"Just another WordPress site\",\"potentialAction\":[{\"@type\":\"SearchAction\",\"target\":{\"@type\":\"EntryPoint\",\"urlTemplate\":\"https:\/\/tipsforcricketbetting.com\/?s={search_term_string}\"},\"query-input\":{\"@type\":\"PropertyValueSpecification\",\"valueRequired\":true,\"valueName\":\"search_term_string\"}}],\"inLanguage\":\"es-ES\"}]}<\/script>\n<!-- \/ Yoast SEO plugin. -->","yoast_head_json":{"title":"\u041a\u0430\u043a \u043f\u043e\u043b\u0443\u0447\u0438\u0442\u044c \u0432\u044b\u0438\u0433\u0440\u044b\u0448 \u0432 \u0438\u0433\u0440\u0435 Cricket Crash","description":"C\u00f3mo reclamar ganancias y reglas de pago en el juego en l\u00ednea Cricket Crash","robots":{"index":"index","follow":"follow","max-snippet":"max-snippet:-1","max-image-preview":"max-image-preview:large","max-video-preview":"max-video-preview:-1"},"canonical":"https:\/\/tipsforcricketbetting.com\/es\/how-to-claim-winnings\/","og_locale":"es_ES","og_type":"article","og_title":"\u041a\u0430\u043a \u043f\u043e\u043b\u0443\u0447\u0438\u0442\u044c \u0432\u044b\u0438\u0433\u0440\u044b\u0448 \u0432 \u0438\u0433\u0440\u0435 Cricket Crash","og_description":"\u041a\u0430\u043a \u043f\u043e\u043b\u0443\u0447\u0438\u0442\u044c \u0432\u044b\u0438\u0433\u0440\u044b\u0448 \u0438 \u043f\u0440\u0430\u0432\u0438\u043b\u0430 \u0432\u044b\u043f\u043b\u0430\u0442 \u0432 \u043e\u043d\u043b\u0430\u0439\u043d \u0438\u0433\u0440\u0435 Cricket Crash","og_url":"https:\/\/tipsforcricketbetting.com\/es\/how-to-claim-winnings\/","og_site_name":"Cricket","article_modified_time":"2024-02-28T15:19:51+00:00","twitter_card":"summary_large_image","twitter_misc":{"Tiempo de lectura":"11 minutos"},"schema":{"@context":"https:\/\/schema.org","@graph":[{"@type":"WebPage","@id":"https:\/\/tipsforcricketbetting.com\/how-to-claim-winnings\/","url":"https:\/\/tipsforcricketbetting.com\/how-to-claim-winnings\/","name":"\u041a\u0430\u043a \u043f\u043e\u043b\u0443\u0447\u0438\u0442\u044c \u0432\u044b\u0438\u0433\u0440\u044b\u0448 \u0432 \u0438\u0433\u0440\u0435 Cricket Crash","isPartOf":{"@id":"https:\/\/tipsforcricketbetting.com\/#website"},"datePublished":"2024-02-18T20:52:50+00:00","dateModified":"2024-02-28T15:19:51+00:00","description":"\u041a\u0430\u043a \u043f\u043e\u043b\u0443\u0447\u0438\u0442\u044c \u0432\u044b\u0438\u0433\u0440\u044b\u0448 \u0438 \u043f\u0440\u0430\u0432\u0438\u043b\u0430 \u0432\u044b\u043f\u043b\u0430\u0442 \u0432 \u043e\u043d\u043b\u0430\u0439\u043d \u0438\u0433\u0440\u0435 Cricket Crash","breadcrumb":{"@id":"https:\/\/tipsforcricketbetting.com\/how-to-claim-winnings\/#breadcrumb"},"inLanguage":"es-ES","potentialAction":[{"@type":"ReadAction","target":["https:\/\/tipsforcricketbetting.com\/how-to-claim-winnings\/"]}]},{"@type":"BreadcrumbList","@id":"https:\/\/tipsforcricketbetting.com\/how-to-claim-winnings\/#breadcrumb","itemListElement":[{"@type":"ListItem","position":1,"name":"Home","item":"https:\/\/tipsforcricketbetting.com\/"},{"@type":"ListItem","position":2,"name":"\u041a\u0430\u043a \u043f\u043e\u043b\u0443\u0447\u0438\u0442\u044c \u0432\u044b\u0438\u0433\u0440\u044b\u0448?"}]},{"@type":"WebSite","@id":"https:\/\/tipsforcricketbetting.com\/#website","url":"https:\/\/tipsforcricketbetting.com\/","name":"Cricket","description":"Just another WordPress site","potentialAction":[{"@type":"SearchAction","target":{"@type":"EntryPoint","urlTemplate":"https:\/\/tipsforcricketbetting.com\/?s={search_term_string}"},"query-input":{"@type":"PropertyValueSpecification","valueRequired":true,"valueName":"search_term_string"}}],"inLanguage":"es-ES"}]}},"_links":{"self":[{"href":"https:\/\/tipsforcricketbetting.com\/es\/wp-json\/wp\/v2\/pages\/12","targetHints":{"allow":["GET"]}}],"collection":[{"href":"https:\/\/tipsforcricketbetting.com\/es\/wp-json\/wp\/v2\/pages"}],"about":[{"href":"https:\/\/tipsforcricketbetting.com\/es\/wp-json\/wp\/v2\/types\/page"}],"author":[{"embeddable":true,"href":"https:\/\/tipsforcricketbetting.com\/es\/wp-json\/wp\/v2\/users\/1"}],"replies":[{"embeddable":true,"href":"https:\/\/tipsforcricketbetting.com\/es\/wp-json\/wp\/v2\/comments?post=12"}],"version-history":[{"count":17,"href":"https:\/\/tipsforcricketbetting.com\/es\/wp-json\/wp\/v2\/pages\/12\/revisions"}],"predecessor-version":[{"id":117,"href":"https:\/\/tipsforcricketbetting.com\/es\/wp-json\/wp\/v2\/pages\/12\/revisions\/117"}],"wp:attachment":[{"href":"https:\/\/tipsforcricketbetting.com\/es\/wp-json\/wp\/v2\/media?parent=12"}],"curies":[{"name":"wp","href":"https:\/\/api.w.org\/{rel}","templated":true}]}}