{"id":10,"date":"2024-02-18T20:51:21","date_gmt":"2024-02-18T20:51:21","guid":{"rendered":"https:\/\/tipsforcricketbetting.com\/?page_id=10"},"modified":"2024-02-28T15:18:10","modified_gmt":"2024-02-28T15:18:10","slug":"additional-features","status":"publish","type":"page","link":"https:\/\/tipsforcricketbetting.com\/es\/additional-features\/","title":{"rendered":"Funciones adicionales"},"content":{"rendered":"<p>En este juego, puedes ver tus resultados de las \u00faltimas rondas de juego haciendo clic en el bot\u00f3n MIS APUESTAS, as\u00ed como los resultados de otros jugadores haciendo clic en el bot\u00f3n JUGADORES. Ten en cuenta que al jugar este juego, aceptas y das tu consentimiento directo y claro para mostrar tu apodo, ganancias, as\u00ed como el tama\u00f1o de tu apuesta y el multiplicador con el que reclamaste tus ganancias.<\/p>\n<p>Tambi\u00e9n puedes expresar tus sentimientos y emociones sobre la sesi\u00f3n de juego haciendo clic en cualquiera de los emojis. Los emojis seleccionados son visibles para todos los jugadores, as\u00ed que por favor, s\u00e9 educado y cort\u00e9s.<\/p>\n<h2><strong>Informaci\u00f3n Adicional:<\/strong><\/h2>\n<p>Los siguientes aspectos y ajustes pueden ser regulados por los t\u00e9rminos de la plataforma en la que est\u00e1s jugando:<\/p>\n<ul>\n<li>Procedimientos utilizados para gestionar juegos no terminados;<\/li>\n<li>Tiempo despu\u00e9s del cual las sesiones de juego inactivas se terminan autom\u00e1ticamente.<\/li>\n<\/ul>\n<p>Para obtener informaci\u00f3n adicional, visita el sitio web de la plataforma en la que est\u00e1s jugando.<\/p>\n<p>Ten en cuenta que en algunos dispositivos, hacer clic cerca de cualquier s\u00edmbolo, elemento o bot\u00f3n es equivalente a hacer clic en el bot\u00f3n correspondiente.<\/p>\n<p>En caso de mal funcionamiento del software de juego, todas las apuestas de juego afectadas se cancelan y se reembolsan. La cancelaci\u00f3n de apuestas significa que cualquier ganancia, incluidas las distribuciones de Jackpot, as\u00ed como cualquier otro bono formado o acreditado desde, hacia o en la apuesta cancelada, se vuelve inv\u00e1lido y debe ser cancelado.<\/p>\n<p>Ten en cuenta que la velocidad de la conexi\u00f3n a internet puede afectar el proceso de juego.<\/p>\n<h2><strong>RTP (Retorno al Jugador):<\/strong><\/h2>\n<p>El RTP es del 95%.<\/p>\n<p>RTP significa el porcentaje estad\u00edstico te\u00f3rico del monto total de apuestas en el juego que se paga como ganancias durante un cierto per\u00edodo.<\/p>\n","protected":false},"excerpt":{"rendered":"<p>En este juego, puedes ver tus resultados de las \u00faltimas rondas de juego haciendo clic en el bot\u00f3n MIS APUESTAS, as\u00ed como los resultados de otros jugadores haciendo clic en el bot\u00f3n JUGADORES. Ten en cuenta que al jugar este juego, aceptas y das tu consentimiento directo y claro para mostrar tu apodo, ganancias, as\u00ed [&hellip;]<\/p>\n","protected":false},"author":1,"featured_media":0,"parent":0,"menu_order":0,"comment_status":"closed","ping_status":"closed","template":"","meta":{"footnotes":""},"class_list":["post-10","page","type-page","status-publish","hentry"],"yoast_head":"<!-- This site is optimized with the Yoast SEO plugin v27.2 - https:\/\/yoast.com\/product\/yoast-seo-wordpress\/ -->\n<title>\u0414\u043e\u0434\u0430\u0442\u043d\u0435 \u0438\u043d\u0444\u043e\u0440\u043c\u0430\u0446\u0438\u0458\u0435 \u043e \u0438\u0433\u0440\u0438 Cricket Crash<\/title>\n<meta name=\"description\" content=\"Caracter\u00edsticas adicionales sobre el juego Cricket Crash en el casino en l\u00ednea\" \/>\n<meta name=\"robots\" content=\"index, follow, max-snippet:-1, max-image-preview:large, max-video-preview:-1\" \/>\n<link rel=\"canonical\" href=\"https:\/\/tipsforcricketbetting.com\/es\/additional-features\/\" \/>\n<meta property=\"og:locale\" content=\"es_ES\" \/>\n<meta property=\"og:locale:alternate\" content=\"ru_RU\" \/>\n<meta property=\"og:locale:alternate\" content=\"en_US\" \/>\n<meta property=\"og:locale:alternate\" content=\"pt_PT\" \/>\n<meta property=\"og:locale:alternate\" content=\"ro_RO\" \/>\n<meta property=\"og:locale:alternate\" content=\"sr_RS\" \/>\n<meta property=\"og:locale:alternate\" content=\"bg_BG\" \/>\n<meta property=\"og:locale:alternate\" content=\"pl_PL\" \/>\n<meta property=\"og:locale:alternate\" content=\"it_IT\" \/>\n<meta property=\"og:locale:alternate\" content=\"fr_FR\" \/>\n<meta property=\"og:type\" content=\"article\" \/>\n<meta property=\"og:title\" content=\"\u0414\u043e\u0434\u0430\u0442\u043d\u0435 \u0438\u043d\u0444\u043e\u0440\u043c\u0430\u0446\u0438\u0458\u0435 \u043e \u0438\u0433\u0440\u0438 Cricket Crash\" \/>\n<meta property=\"og:description\" content=\"\u0414\u043e\u0434\u0430\u0442\u043d\u0435 \u0444\u0443\u043d\u043a\u0446\u0438\u0458\u0435 \u043e \u0438\u0433\u0440\u0438 Cricket Crash \u0443 \u043e\u043d\u043b\u0430\u0458\u043d \u043a\u0430\u0437\u0438\u043d\u0443.\" \/>\n<meta property=\"og:url\" content=\"https:\/\/tipsforcricketbetting.com\/es\/additional-features\/\" \/>\n<meta property=\"og:site_name\" content=\"Cricket\" \/>\n<meta property=\"article:modified_time\" content=\"2024-02-28T15:18:10+00:00\" \/>\n<meta name=\"twitter:card\" content=\"summary_large_image\" \/>\n<meta name=\"twitter:label1\" content=\"Tiempo de lectura\" \/>\n\t<meta name=\"twitter:data1\" content=\"10 minutos\" \/>\n<script type=\"application\/ld+json\" class=\"yoast-schema-graph\">{\"@context\":\"https:\/\/schema.org\",\"@graph\":[{\"@type\":\"WebPage\",\"@id\":\"https:\/\/tipsforcricketbetting.com\/sr\/additional-features\/\",\"url\":\"https:\/\/tipsforcricketbetting.com\/sr\/additional-features\/\",\"name\":\"\u0414\u043e\u0434\u0430\u0442\u043d\u0435 \u0438\u043d\u0444\u043e\u0440\u043c\u0430\u0446\u0438\u0458\u0435 \u043e \u0438\u0433\u0440\u0438 Cricket Crash\",\"isPartOf\":{\"@id\":\"https:\/\/tipsforcricketbetting.com\/#website\"},\"datePublished\":\"2024-02-18T20:51:21+00:00\",\"dateModified\":\"2024-02-28T15:18:10+00:00\",\"description\":\"\u0414\u043e\u0434\u0430\u0442\u043d\u0435 \u0444\u0443\u043d\u043a\u0446\u0438\u0458\u0435 \u043e \u0438\u0433\u0440\u0438 Cricket Crash \u0443 \u043e\u043d\u043b\u0430\u0458\u043d \u043a\u0430\u0437\u0438\u043d\u0443.\",\"breadcrumb\":{\"@id\":\"https:\/\/tipsforcricketbetting.com\/sr\/additional-features\/#breadcrumb\"},\"inLanguage\":\"es-ES\",\"potentialAction\":[{\"@type\":\"ReadAction\",\"target\":[\"https:\/\/tipsforcricketbetting.com\/sr\/additional-features\/\"]}]},{\"@type\":\"BreadcrumbList\",\"@id\":\"https:\/\/tipsforcricketbetting.com\/sr\/additional-features\/#breadcrumb\",\"itemListElement\":[{\"@type\":\"ListItem\",\"position\":1,\"name\":\"Home\",\"item\":\"https:\/\/tipsforcricketbetting.com\/\"},{\"@type\":\"ListItem\",\"position\":2,\"name\":\"\u0414\u043e\u043f\u043e\u043b\u043d\u0438\u0442\u0435\u043b\u044c\u043d\u044b\u0435 \u0432\u043e\u0437\u043c\u043e\u0436\u043d\u043e\u0441\u0442\u0438\"}]},{\"@type\":\"WebSite\",\"@id\":\"https:\/\/tipsforcricketbetting.com\/#website\",\"url\":\"https:\/\/tipsforcricketbetting.com\/\",\"name\":\"Cricket\",\"description\":\"Just another WordPress site\",\"potentialAction\":[{\"@type\":\"SearchAction\",\"target\":{\"@type\":\"EntryPoint\",\"urlTemplate\":\"https:\/\/tipsforcricketbetting.com\/?s={search_term_string}\"},\"query-input\":{\"@type\":\"PropertyValueSpecification\",\"valueRequired\":true,\"valueName\":\"search_term_string\"}}],\"inLanguage\":\"es-ES\"}]}<\/script>\n<!-- \/ Yoast SEO plugin. -->","yoast_head_json":{"title":"\u0414\u043e\u0434\u0430\u0442\u043d\u0435 \u0438\u043d\u0444\u043e\u0440\u043c\u0430\u0446\u0438\u0458\u0435 \u043e \u0438\u0433\u0440\u0438 Cricket Crash","description":"Caracter\u00edsticas adicionales sobre el juego Cricket Crash en el casino en l\u00ednea","robots":{"index":"index","follow":"follow","max-snippet":"max-snippet:-1","max-image-preview":"max-image-preview:large","max-video-preview":"max-video-preview:-1"},"canonical":"https:\/\/tipsforcricketbetting.com\/es\/additional-features\/","og_locale":"es_ES","og_type":"article","og_title":"\u0414\u043e\u0434\u0430\u0442\u043d\u0435 \u0438\u043d\u0444\u043e\u0440\u043c\u0430\u0446\u0438\u0458\u0435 \u043e \u0438\u0433\u0440\u0438 Cricket Crash","og_description":"\u0414\u043e\u0434\u0430\u0442\u043d\u0435 \u0444\u0443\u043d\u043a\u0446\u0438\u0458\u0435 \u043e \u0438\u0433\u0440\u0438 Cricket Crash \u0443 \u043e\u043d\u043b\u0430\u0458\u043d \u043a\u0430\u0437\u0438\u043d\u0443.","og_url":"https:\/\/tipsforcricketbetting.com\/es\/additional-features\/","og_site_name":"Cricket","article_modified_time":"2024-02-28T15:18:10+00:00","twitter_card":"summary_large_image","twitter_misc":{"Tiempo de lectura":"10 minutos"},"schema":{"@context":"https:\/\/schema.org","@graph":[{"@type":"WebPage","@id":"https:\/\/tipsforcricketbetting.com\/sr\/additional-features\/","url":"https:\/\/tipsforcricketbetting.com\/sr\/additional-features\/","name":"\u0414\u043e\u0434\u0430\u0442\u043d\u0435 \u0438\u043d\u0444\u043e\u0440\u043c\u0430\u0446\u0438\u0458\u0435 \u043e \u0438\u0433\u0440\u0438 Cricket Crash","isPartOf":{"@id":"https:\/\/tipsforcricketbetting.com\/#website"},"datePublished":"2024-02-18T20:51:21+00:00","dateModified":"2024-02-28T15:18:10+00:00","description":"\u0414\u043e\u0434\u0430\u0442\u043d\u0435 \u0444\u0443\u043d\u043a\u0446\u0438\u0458\u0435 \u043e \u0438\u0433\u0440\u0438 Cricket Crash \u0443 \u043e\u043d\u043b\u0430\u0458\u043d \u043a\u0430\u0437\u0438\u043d\u0443.","breadcrumb":{"@id":"https:\/\/tipsforcricketbetting.com\/sr\/additional-features\/#breadcrumb"},"inLanguage":"es-ES","potentialAction":[{"@type":"ReadAction","target":["https:\/\/tipsforcricketbetting.com\/sr\/additional-features\/"]}]},{"@type":"BreadcrumbList","@id":"https:\/\/tipsforcricketbetting.com\/sr\/additional-features\/#breadcrumb","itemListElement":[{"@type":"ListItem","position":1,"name":"Home","item":"https:\/\/tipsforcricketbetting.com\/"},{"@type":"ListItem","position":2,"name":"\u0414\u043e\u043f\u043e\u043b\u043d\u0438\u0442\u0435\u043b\u044c\u043d\u044b\u0435 \u0432\u043e\u0437\u043c\u043e\u0436\u043d\u043e\u0441\u0442\u0438"}]},{"@type":"WebSite","@id":"https:\/\/tipsforcricketbetting.com\/#website","url":"https:\/\/tipsforcricketbetting.com\/","name":"Cricket","description":"Just another WordPress site","potentialAction":[{"@type":"SearchAction","target":{"@type":"EntryPoint","urlTemplate":"https:\/\/tipsforcricketbetting.com\/?s={search_term_string}"},"query-input":{"@type":"PropertyValueSpecification","valueRequired":true,"valueName":"search_term_string"}}],"inLanguage":"es-ES"}]}},"_links":{"self":[{"href":"https:\/\/tipsforcricketbetting.com\/es\/wp-json\/wp\/v2\/pages\/10","targetHints":{"allow":["GET"]}}],"collection":[{"href":"https:\/\/tipsforcricketbetting.com\/es\/wp-json\/wp\/v2\/pages"}],"about":[{"href":"https:\/\/tipsforcricketbetting.com\/es\/wp-json\/wp\/v2\/types\/page"}],"author":[{"embeddable":true,"href":"https:\/\/tipsforcricketbetting.com\/es\/wp-json\/wp\/v2\/users\/1"}],"replies":[{"embeddable":true,"href":"https:\/\/tipsforcricketbetting.com\/es\/wp-json\/wp\/v2\/comments?post=10"}],"version-history":[{"count":20,"href":"https:\/\/tipsforcricketbetting.com\/es\/wp-json\/wp\/v2\/pages\/10\/revisions"}],"predecessor-version":[{"id":116,"href":"https:\/\/tipsforcricketbetting.com\/es\/wp-json\/wp\/v2\/pages\/10\/revisions\/116"}],"wp:attachment":[{"href":"https:\/\/tipsforcricketbetting.com\/es\/wp-json\/wp\/v2\/media?parent=10"}],"curies":[{"name":"wp","href":"https:\/\/api.w.org\/{rel}","templated":true}]}}